{"id":6418,"date":"2019-09-26T16:17:11","date_gmt":"2019-09-26T14:17:11","guid":{"rendered":"https:\/\/erbolinea.com\/?post_type=product&#038;p=6418"},"modified":"2026-03-15T15:34:15","modified_gmt":"2026-03-15T14:34:15","slug":"tessere-profumate","status":"publish","type":"product","link":"https:\/\/erbolinea.com\/fr\/produit\/tessere-profumate\/","title":{"rendered":"Tuiles Parfum\u00e9es"},"content":{"rendered":"<div class=\"column\">Bo\u00eete de trois tuiles parfum\u00e9es en mati\u00e8re thermoplastique non toxique. Polyvalent et adapt\u00e9 pour parfumer et donner de la personnalit\u00e9 \u00e0 vos petites pi\u00e8ces. Dans la maison (chambre, armoires et tiroirs), au bureau ou en voyage (sacs et valises) et partout o\u00f9 vous souhaitez diffuser un parfum agr\u00e9able. Disponible en 3 couleurs\/fragrances: un beige classique aux notes fra\u00eeches, un blanc intemporel aux senteurs florales et un noir \u00e9l\u00e9gant aux senteurs ambr\u00e9es.<\/div>","protected":false},"excerpt":{"rendered":"<p>Bo\u00eete de trois tuiles parfum\u00e9es en mati\u00e8re thermoplastique non toxique. Polyvalent et adapt\u00e9 pour parfumer et donner de la personnalit\u00e9 \u00e0 vos petites pi\u00e8ces. Dans la maison (chambre, armoires et tiroirs), au bureau ou en voyage (sacs et valises) et partout o\u00f9 vous souhaitez diffuser un parfum agr\u00e9able. Disponible en 3 couleurs\/fragrances : un beige classique aux notes fra\u00eeches, [...].","protected":false},"featured_media":6426,"template":"","meta":[],"product_brand":[],"product_cat":[],"product_tag":[],"class_list":{"0":"post-6418","1":"product","2":"type-product","3":"status-publish","4":"has-post-thumbnail","7":"first","8":"instock","9":"shipping-taxable","10":"purchasable","11":"product-type-variable"},"yoast_head":"<!-- This site is optimized with the Yoast SEO Premium plugin v26.2 (Yoast SEO v26.4) - https:\/\/yoast.com\/wordpress\/plugins\/seo\/ -->\n<title>Tessere Profumate | Scented Cards | Erbolinea shop online<\/title>\n<meta name=\"description\" content=\"Scopri le scented cards di erbolinea store online. Nel nostro shop potrai trovare tessere profumate, ideali per stanze, armadi e cassetti.\" \/>\n<meta name=\"robots\" content=\"index, follow, max-snippet:-1, max-image-preview:large, max-video-preview:-1\" \/>\n<link rel=\"canonical\" href=\"https:\/\/erbolinea.com\/fr\/produit\/tessere-profumate\/\" \/>\n<meta property=\"og:locale\" content=\"fr_FR\" \/>\n<meta property=\"og:type\" content=\"article\" \/>\n<meta property=\"og:title\" content=\"Tessere Profumate\" \/>\n<meta property=\"og:description\" content=\"Scopri le scented cards di erbolinea store online. Nel nostro shop potrai trovare tessere profumate, ideali per stanze, armadi e cassetti.\" \/>\n<meta property=\"og:url\" content=\"https:\/\/erbolinea.com\/fr\/produit\/tessere-profumate\/\" \/>\n<meta property=\"og:site_name\" content=\"Erbolinea - Store Fragrances\" \/>\n<meta property=\"article:publisher\" content=\"https:\/\/www.facebook.com\/erbolinea\" \/>\n<meta property=\"article:modified_time\" content=\"2026-03-15T14:34:15+00:00\" \/>\n<meta property=\"og:image\" content=\"https:\/\/erbolinea.com\/wp-content\/uploads\/2019\/09\/copertina-scented-cards-1.jpg\" \/>\n\t<meta property=\"og:image:width\" content=\"1900\" \/>\n\t<meta property=\"og:image:height\" content=\"1425\" \/>\n\t<meta property=\"og:image:type\" content=\"image\/jpeg\" \/>\n<meta name=\"twitter:card\" content=\"summary_large_image\" \/>\n<meta name=\"twitter:label1\" content=\"Disponibilit\u00e9\" \/>\n\t<meta name=\"twitter:data1\" content=\"En stock\" \/>\n<script type=\"application\/ld+json\" class=\"yoast-schema-graph\">{\"@context\":\"https:\/\/schema.org\",\"@graph\":[{\"@type\":\"WebPage\",\"@id\":\"https:\/\/erbolinea.com\/prodotto\/tessere-profumate\/\",\"url\":\"https:\/\/erbolinea.com\/prodotto\/tessere-profumate\/\",\"name\":\"Tessere Profumate | Scented Cards | Erbolinea shop online\",\"isPartOf\":{\"@id\":\"https:\/\/erbolinea.com\/#website\"},\"primaryImageOfPage\":{\"@id\":\"https:\/\/erbolinea.com\/prodotto\/tessere-profumate\/#primaryimage\"},\"image\":{\"@id\":\"https:\/\/erbolinea.com\/prodotto\/tessere-profumate\/#primaryimage\"},\"thumbnailUrl\":\"https:\/\/erbolinea.com\/wp-content\/uploads\/2019\/09\/copertina-scented-cards-1.jpg\",\"datePublished\":\"2019-09-26T14:17:11+00:00\",\"dateModified\":\"2026-03-15T14:34:15+00:00\",\"description\":\"Scopri le scented cards di erbolinea store online. Nel nostro shop potrai trovare tessere profumate, ideali per stanze, armadi e cassetti.\",\"breadcrumb\":{\"@id\":\"https:\/\/erbolinea.com\/prodotto\/tessere-profumate\/#breadcrumb\"},\"inLanguage\":\"fr-FR\",\"potentialAction\":[{\"@type\":\"ReadAction\",\"target\":[\"https:\/\/erbolinea.com\/prodotto\/tessere-profumate\/\"]}]},{\"@type\":\"ImageObject\",\"inLanguage\":\"fr-FR\",\"@id\":\"https:\/\/erbolinea.com\/prodotto\/tessere-profumate\/#primaryimage\",\"url\":\"https:\/\/erbolinea.com\/wp-content\/uploads\/2019\/09\/copertina-scented-cards-1.jpg\",\"contentUrl\":\"https:\/\/erbolinea.com\/wp-content\/uploads\/2019\/09\/copertina-scented-cards-1.jpg\",\"width\":1900,\"height\":1425,\"caption\":\"tessere profumate\"},{\"@type\":\"BreadcrumbList\",\"@id\":\"https:\/\/erbolinea.com\/prodotto\/tessere-profumate\/#breadcrumb\",\"itemListElement\":[{\"@type\":\"ListItem\",\"position\":1,\"name\":\"Home\",\"item\":\"https:\/\/erbolinea.com\/\"},{\"@type\":\"ListItem\",\"position\":2,\"name\":\"Shop\",\"item\":\"https:\/\/erbolinea.com\/shop\/\"},{\"@type\":\"ListItem\",\"position\":3,\"name\":\"Tessere Profumate\"}]},{\"@type\":\"WebSite\",\"@id\":\"https:\/\/erbolinea.com\/#website\",\"url\":\"https:\/\/erbolinea.com\/\",\"name\":\"Erbolinea - Store Fragrances\",\"description\":\"Vendita diffusori di ambiente\",\"publisher\":{\"@id\":\"https:\/\/erbolinea.com\/#organization\"},\"alternateName\":\"Erbolinea\",\"potentialAction\":[{\"@type\":\"SearchAction\",\"target\":{\"@type\":\"EntryPoint\",\"urlTemplate\":\"https:\/\/erbolinea.com\/?s={search_term_string}\"},\"query-input\":{\"@type\":\"PropertyValueSpecification\",\"valueRequired\":true,\"valueName\":\"search_term_string\"}}],\"inLanguage\":\"fr-FR\"},{\"@type\":\"Organization\",\"@id\":\"https:\/\/erbolinea.com\/#organization\",\"name\":\"Erbolinea\",\"url\":\"https:\/\/erbolinea.com\/\",\"logo\":{\"@type\":\"ImageObject\",\"inLanguage\":\"fr-FR\",\"@id\":\"https:\/\/erbolinea.com\/#\/schema\/logo\/image\/\",\"url\":\"https:\/\/erbolinea.com\/wp-content\/uploads\/2020\/04\/logo-400x83_new.png\",\"contentUrl\":\"https:\/\/erbolinea.com\/wp-content\/uploads\/2020\/04\/logo-400x83_new.png\",\"width\":400,\"height\":103,\"caption\":\"Erbolinea\"},\"image\":{\"@id\":\"https:\/\/erbolinea.com\/#\/schema\/logo\/image\/\"},\"sameAs\":[\"https:\/\/www.facebook.com\/erbolinea\",\"https:\/\/www.instagram.com\/erbolinea_fragranze_srl\/\",\"https:\/\/www.youtube.com\/channel\/UCREXSGcI2lrYs6eT9VapG3w\"]}]}<\/script>\n<meta property=\"product:brand\" content=\"Erbolinea\" \/>\n<meta property=\"og:availability\" content=\"instock\" \/>\n<meta property=\"product:availability\" content=\"instock\" \/>\n<meta property=\"product:condition\" content=\"new\" \/>\n<!-- \/ Yoast SEO Premium plugin. -->","yoast_head_json":{"title":"Cartes parfum\u00e9es | Erbolinea boutique en ligne","description":"D\u00e9couvrez les cartes parfum\u00e9es de la boutique en ligne erbolinea. Dans notre boutique, vous trouverez des cartes parfum\u00e9es, id\u00e9ales pour les chambres, les armoires et les tiroirs.","robots":{"index":"index","follow":"follow","max-snippet":"max-snippet:-1","max-image-preview":"max-image-preview:large","max-video-preview":"max-video-preview:-1"},"canonical":"https:\/\/erbolinea.com\/fr\/produit\/tessere-profumate\/","og_locale":"fr_FR","og_type":"article","og_title":"Tessere Profumate","og_description":"Scopri le scented cards di erbolinea store online. Nel nostro shop potrai trovare tessere profumate, ideali per stanze, armadi e cassetti.","og_url":"https:\/\/erbolinea.com\/fr\/produit\/tessere-profumate\/","og_site_name":"Erbolinea - Store Fragrances","article_publisher":"https:\/\/www.facebook.com\/erbolinea","article_modified_time":"2026-03-15T14:34:15+00:00","og_image":[{"width":1900,"height":1425,"url":"https:\/\/erbolinea.com\/wp-content\/uploads\/2019\/09\/copertina-scented-cards-1.jpg","type":"image\/jpeg"}],"twitter_card":"summary_large_image","twitter_misc":{"Disponibilit\u00e9":"En stock"},"schema":{"@context":"https:\/\/schema.org","@graph":[{"@type":"WebPage","@id":"https:\/\/erbolinea.com\/prodotto\/tessere-profumate\/","url":"https:\/\/erbolinea.com\/prodotto\/tessere-profumate\/","name":"Cartes parfum\u00e9es | Erbolinea boutique en ligne","isPartOf":{"@id":"https:\/\/erbolinea.com\/#website"},"primaryImageOfPage":{"@id":"https:\/\/erbolinea.com\/prodotto\/tessere-profumate\/#primaryimage"},"image":{"@id":"https:\/\/erbolinea.com\/prodotto\/tessere-profumate\/#primaryimage"},"thumbnailUrl":"https:\/\/erbolinea.com\/wp-content\/uploads\/2019\/09\/copertina-scented-cards-1.jpg","datePublished":"2019-09-26T14:17:11+00:00","dateModified":"2026-03-15T14:34:15+00:00","description":"D\u00e9couvrez les cartes parfum\u00e9es de la boutique en ligne erbolinea. Dans notre boutique, vous trouverez des cartes parfum\u00e9es, id\u00e9ales pour les chambres, les armoires et les tiroirs.","breadcrumb":{"@id":"https:\/\/erbolinea.com\/prodotto\/tessere-profumate\/#breadcrumb"},"inLanguage":"fr-FR","potentialAction":[{"@type":"ReadAction","target":["https:\/\/erbolinea.com\/prodotto\/tessere-profumate\/"]}]},{"@type":"ImageObject","inLanguage":"fr-FR","@id":"https:\/\/erbolinea.com\/prodotto\/tessere-profumate\/#primaryimage","url":"https:\/\/erbolinea.com\/wp-content\/uploads\/2019\/09\/copertina-scented-cards-1.jpg","contentUrl":"https:\/\/erbolinea.com\/wp-content\/uploads\/2019\/09\/copertina-scented-cards-1.jpg","width":1900,"height":1425,"caption":"tessere profumate"},{"@type":"BreadcrumbList","@id":"https:\/\/erbolinea.com\/prodotto\/tessere-profumate\/#breadcrumb","itemListElement":[{"@type":"ListItem","position":1,"name":"Home","item":"https:\/\/erbolinea.com\/"},{"@type":"ListItem","position":2,"name":"Shop","item":"https:\/\/erbolinea.com\/shop\/"},{"@type":"ListItem","position":3,"name":"Tessere Profumate"}]},{"@type":"WebSite","@id":"https:\/\/erbolinea.com\/#website","url":"https:\/\/erbolinea.com\/","name":"Erbolinea - Parfums de magasins","description":"Diffuseurs d'ambiance \u00e0 vendre","publisher":{"@id":"https:\/\/erbolinea.com\/#organization"},"alternateName":"Erbolinea","potentialAction":[{"@type":"SearchAction","target":{"@type":"EntryPoint","urlTemplate":"https:\/\/erbolinea.com\/?s={search_term_string}"},"query-input":{"@type":"PropertyValueSpecification","valueRequired":true,"valueName":"search_term_string"}}],"inLanguage":"fr-FR"},{"@type":"Organization","@id":"https:\/\/erbolinea.com\/#organization","name":"Erbolinea","url":"https:\/\/erbolinea.com\/","logo":{"@type":"ImageObject","inLanguage":"fr-FR","@id":"https:\/\/erbolinea.com\/#\/schema\/logo\/image\/","url":"https:\/\/erbolinea.com\/wp-content\/uploads\/2020\/04\/logo-400x83_new.png","contentUrl":"https:\/\/erbolinea.com\/wp-content\/uploads\/2020\/04\/logo-400x83_new.png","width":400,"height":103,"caption":"Erbolinea"},"image":{"@id":"https:\/\/erbolinea.com\/#\/schema\/logo\/image\/"},"sameAs":["https:\/\/www.facebook.com\/erbolinea","https:\/\/www.instagram.com\/erbolinea_fragranze_srl\/","https:\/\/www.youtube.com\/channel\/UCREXSGcI2lrYs6eT9VapG3w"]}]},"product_brand":"Erbolinea","og_availability":"instock","product_availability":"instock","product_condition":"new"},"_links":{"self":[{"href":"https:\/\/erbolinea.com\/fr\/wp-json\/wp\/v2\/product\/6418","targetHints":{"allow":["GET"]}}],"collection":[{"href":"https:\/\/erbolinea.com\/fr\/wp-json\/wp\/v2\/product"}],"about":[{"href":"https:\/\/erbolinea.com\/fr\/wp-json\/wp\/v2\/types\/product"}],"wp:featuredmedia":[{"embeddable":true,"href":"https:\/\/erbolinea.com\/fr\/wp-json\/wp\/v2\/media\/6426"}],"wp:attachment":[{"href":"https:\/\/erbolinea.com\/fr\/wp-json\/wp\/v2\/media?parent=6418"}],"wp:term":[{"taxonomy":"product_brand","embeddable":true,"href":"https:\/\/erbolinea.com\/fr\/wp-json\/wp\/v2\/product_brand?post=6418"},{"taxonomy":"product_cat","embeddable":true,"href":"https:\/\/erbolinea.com\/fr\/wp-json\/wp\/v2\/product_cat?post=6418"},{"taxonomy":"product_tag","embeddable":true,"href":"https:\/\/erbolinea.com\/fr\/wp-json\/wp\/v2\/product_tag?post=6418"}],"curies":[{"name":"wp","href":"https:\/\/api.w.org\/{rel}","templated":true}]}}