{"id":534,"date":"2018-11-06T19:13:15","date_gmt":"2018-11-06T18:13:15","guid":{"rendered":"https:\/\/erbolinea.com\/?post_type=product&#038;p=534"},"modified":"2026-02-18T07:57:50","modified_gmt":"2026-02-18T06:57:50","slug":"diffusore-ad-ultrasuoni-filly","status":"publish","type":"product","link":"https:\/\/erbolinea.com\/fr\/produit\/diffusore-ad-ultrasuoni-filly\/","title":{"rendered":"DIFFUSEUR ULTRASONIQUE EN VERRE POUR CHROME ET AROMATH\u00c9RAPIE FILLY"},"content":{"rendered":"<p>Le <a href=\"https:\/\/erbolinea.com\/fr\/produit\/diffusore-ad-ultrasuoni-filly\/\">vaporisateur<\/a> utilise la technologie des ultrasons pour produire une n\u00e9bulisation d'eau et d'extraits de parfum compos\u00e9s de milliards de microparticules qui se diffusent dans l'environnement en lib\u00e9rant toutes leurs propri\u00e9t\u00e9s. Le parfum est combin\u00e9 aux effets de la chromoth\u00e9rapie et de l'ionisation; le diffuseur varie en couleur (bleu, vert, violet, rouge) et atomise l'eau en produisant des ions n\u00e9gatifs qui s'opposent aux effets nocifs de la pollution, du smog et de la fum\u00e9e. Il peut fonctionner selon trois modes diff\u00e9rents:<\/p>\n<ol>\n<li>n\u00e9bulisation avec couleurs tournantes<\/li>\n<li>n\u00e9bulisation avec une seule couleur au choix<\/li>\n<li>n\u00e9bulisation seule sans couleur<\/li>\n<\/ol>\n<h5><\/h5>","protected":false},"excerpt":{"rendered":"<p>Le vaporisateur utilise la technologie des ultrasons pour produire une n\u00e9bulisation d'eau et d'extraits de parfum compos\u00e9s de milliards de microparticules qui se diffusent dans l'environnement en lib\u00e9rant toutes ses propri\u00e9t\u00e9s, le parfum est combin\u00e9 aux effets de la chromoth\u00e9rapie et de l'ionisation, le diffuseur varie en effet en diff\u00e9rentes couleurs (bleu, vert, violet, rouge) et atomise l'eau [...].","protected":false},"featured_media":5483,"template":"","meta":[],"product_brand":[],"product_cat":[],"product_tag":[],"class_list":{"0":"post-534","1":"product","2":"type-product","3":"status-publish","4":"has-post-thumbnail","7":"first","8":"instock","9":"shipping-taxable","10":"purchasable","11":"product-type-variable"},"yoast_head":"<!-- This site is optimized with the Yoast SEO Premium plugin v26.2 (Yoast SEO v26.4) - https:\/\/yoast.com\/wordpress\/plugins\/seo\/ -->\n<title>Diffusore ad ultrasuoni per ambienti | Erbolinea online shop<\/title>\n<meta name=\"description\" content=\"Nebulizza il tuo ambiente con diffusore ad ultrasuoni.Il vaporizzatore per ambiente grazie alla sua tecnologia produce un profumo duraturo.\" \/>\n<meta name=\"robots\" content=\"index, follow, max-snippet:-1, max-image-preview:large, max-video-preview:-1\" \/>\n<link rel=\"canonical\" href=\"https:\/\/erbolinea.com\/fr\/produit\/diffusore-ad-ultrasuoni-filly\/\" \/>\n<meta property=\"og:locale\" content=\"fr_FR\" \/>\n<meta property=\"og:type\" content=\"article\" \/>\n<meta property=\"og:title\" content=\"DIFFUSORE ULTRASUONI IN VETRO PER CROMO E AROMATERAPIA FILLY\" \/>\n<meta property=\"og:description\" content=\"Nebulizza il tuo ambiente con diffusore ad ultrasuoni.Il vaporizzatore per ambiente grazie alla sua tecnologia produce un profumo duraturo.\" \/>\n<meta property=\"og:url\" content=\"https:\/\/erbolinea.com\/fr\/produit\/diffusore-ad-ultrasuoni-filly\/\" \/>\n<meta property=\"og:site_name\" content=\"Erbolinea - Store Fragrances\" \/>\n<meta property=\"article:publisher\" content=\"https:\/\/www.facebook.com\/erbolinea\" \/>\n<meta property=\"article:modified_time\" content=\"2026-02-18T06:57:50+00:00\" \/>\n<meta property=\"og:image\" content=\"https:\/\/erbolinea.com\/wp-content\/uploads\/2018\/11\/cop_diffusore.jpg\" \/>\n\t<meta property=\"og:image:width\" content=\"1900\" \/>\n\t<meta property=\"og:image:height\" content=\"1425\" \/>\n\t<meta property=\"og:image:type\" content=\"image\/jpeg\" \/>\n<meta name=\"twitter:card\" content=\"summary_large_image\" \/>\n<meta name=\"twitter:label1\" content=\"Disponibilit\u00e9\" \/>\n\t<meta name=\"twitter:data1\" content=\"En stock\" \/>\n<script type=\"application\/ld+json\" class=\"yoast-schema-graph\">{\"@context\":\"https:\/\/schema.org\",\"@graph\":[{\"@type\":\"WebPage\",\"@id\":\"https:\/\/erbolinea.com\/prodotto\/diffusore-ad-ultrasuoni-filly\/\",\"url\":\"https:\/\/erbolinea.com\/prodotto\/diffusore-ad-ultrasuoni-filly\/\",\"name\":\"Diffusore ad ultrasuoni per ambienti | Erbolinea online shop\",\"isPartOf\":{\"@id\":\"https:\/\/erbolinea.com\/#website\"},\"primaryImageOfPage\":{\"@id\":\"https:\/\/erbolinea.com\/prodotto\/diffusore-ad-ultrasuoni-filly\/#primaryimage\"},\"image\":{\"@id\":\"https:\/\/erbolinea.com\/prodotto\/diffusore-ad-ultrasuoni-filly\/#primaryimage\"},\"thumbnailUrl\":\"https:\/\/erbolinea.com\/wp-content\/uploads\/2018\/11\/cop_diffusore.jpg\",\"datePublished\":\"2018-11-06T18:13:15+00:00\",\"dateModified\":\"2026-02-18T06:57:50+00:00\",\"description\":\"Nebulizza il tuo ambiente con diffusore ad ultrasuoni.Il vaporizzatore per ambiente grazie alla sua tecnologia produce un profumo duraturo.\",\"breadcrumb\":{\"@id\":\"https:\/\/erbolinea.com\/prodotto\/diffusore-ad-ultrasuoni-filly\/#breadcrumb\"},\"inLanguage\":\"fr-FR\",\"potentialAction\":[{\"@type\":\"ReadAction\",\"target\":[\"https:\/\/erbolinea.com\/prodotto\/diffusore-ad-ultrasuoni-filly\/\"]}]},{\"@type\":\"ImageObject\",\"inLanguage\":\"fr-FR\",\"@id\":\"https:\/\/erbolinea.com\/prodotto\/diffusore-ad-ultrasuoni-filly\/#primaryimage\",\"url\":\"https:\/\/erbolinea.com\/wp-content\/uploads\/2018\/11\/cop_diffusore.jpg\",\"contentUrl\":\"https:\/\/erbolinea.com\/wp-content\/uploads\/2018\/11\/cop_diffusore.jpg\",\"width\":1900,\"height\":1425,\"caption\":\"Diffusore ad Ultrasuoni\"},{\"@type\":\"BreadcrumbList\",\"@id\":\"https:\/\/erbolinea.com\/prodotto\/diffusore-ad-ultrasuoni-filly\/#breadcrumb\",\"itemListElement\":[{\"@type\":\"ListItem\",\"position\":1,\"name\":\"Home\",\"item\":\"https:\/\/erbolinea.com\/\"},{\"@type\":\"ListItem\",\"position\":2,\"name\":\"Shop\",\"item\":\"https:\/\/erbolinea.com\/shop\/\"},{\"@type\":\"ListItem\",\"position\":3,\"name\":\"DIFFUSORE ULTRASUONI IN VETRO PER CROMO E AROMATERAPIA FILLY\"}]},{\"@type\":\"WebSite\",\"@id\":\"https:\/\/erbolinea.com\/#website\",\"url\":\"https:\/\/erbolinea.com\/\",\"name\":\"Erbolinea - Store Fragrances\",\"description\":\"Vendita diffusori di ambiente\",\"publisher\":{\"@id\":\"https:\/\/erbolinea.com\/#organization\"},\"alternateName\":\"Erbolinea\",\"potentialAction\":[{\"@type\":\"SearchAction\",\"target\":{\"@type\":\"EntryPoint\",\"urlTemplate\":\"https:\/\/erbolinea.com\/?s={search_term_string}\"},\"query-input\":{\"@type\":\"PropertyValueSpecification\",\"valueRequired\":true,\"valueName\":\"search_term_string\"}}],\"inLanguage\":\"fr-FR\"},{\"@type\":\"Organization\",\"@id\":\"https:\/\/erbolinea.com\/#organization\",\"name\":\"Erbolinea\",\"url\":\"https:\/\/erbolinea.com\/\",\"logo\":{\"@type\":\"ImageObject\",\"inLanguage\":\"fr-FR\",\"@id\":\"https:\/\/erbolinea.com\/#\/schema\/logo\/image\/\",\"url\":\"https:\/\/erbolinea.com\/wp-content\/uploads\/2020\/04\/logo-400x83_new.png\",\"contentUrl\":\"https:\/\/erbolinea.com\/wp-content\/uploads\/2020\/04\/logo-400x83_new.png\",\"width\":400,\"height\":103,\"caption\":\"Erbolinea\"},\"image\":{\"@id\":\"https:\/\/erbolinea.com\/#\/schema\/logo\/image\/\"},\"sameAs\":[\"https:\/\/www.facebook.com\/erbolinea\",\"https:\/\/www.instagram.com\/erbolinea_fragranze_srl\/\",\"https:\/\/www.youtube.com\/channel\/UCREXSGcI2lrYs6eT9VapG3w\"]}]}<\/script>\n<meta property=\"product:brand\" content=\"Erbolinea\" \/>\n<meta property=\"og:availability\" content=\"instock\" \/>\n<meta property=\"product:availability\" content=\"instock\" \/>\n<meta property=\"product:retailer_item_id\" content=\"8033837379478\" \/>\n<meta property=\"product:condition\" content=\"new\" \/>\n<!-- \/ Yoast SEO Premium plugin. -->","yoast_head_json":{"title":"Diffuseur d'ambiance ultrasonique | Erbolinea boutique en ligne","description":"N\u00e9bulisez votre environnement avec un diffuseur ultrasonique. Gr\u00e2ce \u00e0 sa technologie, le diffuseur d'ambiance produit un parfum de longue dur\u00e9e.","robots":{"index":"index","follow":"follow","max-snippet":"max-snippet:-1","max-image-preview":"max-image-preview:large","max-video-preview":"max-video-preview:-1"},"canonical":"https:\/\/erbolinea.com\/fr\/produit\/diffusore-ad-ultrasuoni-filly\/","og_locale":"fr_FR","og_type":"article","og_title":"DIFFUSORE ULTRASUONI IN VETRO PER CROMO E AROMATERAPIA FILLY","og_description":"Nebulizza il tuo ambiente con diffusore ad ultrasuoni.Il vaporizzatore per ambiente grazie alla sua tecnologia produce un profumo duraturo.","og_url":"https:\/\/erbolinea.com\/fr\/produit\/diffusore-ad-ultrasuoni-filly\/","og_site_name":"Erbolinea - Store Fragrances","article_publisher":"https:\/\/www.facebook.com\/erbolinea","article_modified_time":"2026-02-18T06:57:50+00:00","og_image":[{"width":1900,"height":1425,"url":"https:\/\/erbolinea.com\/wp-content\/uploads\/2018\/11\/cop_diffusore.jpg","type":"image\/jpeg"}],"twitter_card":"summary_large_image","twitter_misc":{"Disponibilit\u00e9":"En stock"},"schema":{"@context":"https:\/\/schema.org","@graph":[{"@type":"WebPage","@id":"https:\/\/erbolinea.com\/prodotto\/diffusore-ad-ultrasuoni-filly\/","url":"https:\/\/erbolinea.com\/prodotto\/diffusore-ad-ultrasuoni-filly\/","name":"Diffuseur d'ambiance ultrasonique | Erbolinea boutique en ligne","isPartOf":{"@id":"https:\/\/erbolinea.com\/#website"},"primaryImageOfPage":{"@id":"https:\/\/erbolinea.com\/prodotto\/diffusore-ad-ultrasuoni-filly\/#primaryimage"},"image":{"@id":"https:\/\/erbolinea.com\/prodotto\/diffusore-ad-ultrasuoni-filly\/#primaryimage"},"thumbnailUrl":"https:\/\/erbolinea.com\/wp-content\/uploads\/2018\/11\/cop_diffusore.jpg","datePublished":"2018-11-06T18:13:15+00:00","dateModified":"2026-02-18T06:57:50+00:00","description":"N\u00e9bulisez votre environnement avec un diffuseur ultrasonique. Gr\u00e2ce \u00e0 sa technologie, le diffuseur d'ambiance produit un parfum de longue dur\u00e9e.","breadcrumb":{"@id":"https:\/\/erbolinea.com\/prodotto\/diffusore-ad-ultrasuoni-filly\/#breadcrumb"},"inLanguage":"fr-FR","potentialAction":[{"@type":"ReadAction","target":["https:\/\/erbolinea.com\/prodotto\/diffusore-ad-ultrasuoni-filly\/"]}]},{"@type":"ImageObject","inLanguage":"fr-FR","@id":"https:\/\/erbolinea.com\/prodotto\/diffusore-ad-ultrasuoni-filly\/#primaryimage","url":"https:\/\/erbolinea.com\/wp-content\/uploads\/2018\/11\/cop_diffusore.jpg","contentUrl":"https:\/\/erbolinea.com\/wp-content\/uploads\/2018\/11\/cop_diffusore.jpg","width":1900,"height":1425,"caption":"Diffusore ad Ultrasuoni"},{"@type":"BreadcrumbList","@id":"https:\/\/erbolinea.com\/prodotto\/diffusore-ad-ultrasuoni-filly\/#breadcrumb","itemListElement":[{"@type":"ListItem","position":1,"name":"Home","item":"https:\/\/erbolinea.com\/"},{"@type":"ListItem","position":2,"name":"Shop","item":"https:\/\/erbolinea.com\/shop\/"},{"@type":"ListItem","position":3,"name":"DIFFUSORE ULTRASUONI IN VETRO PER CROMO E AROMATERAPIA FILLY"}]},{"@type":"WebSite","@id":"https:\/\/erbolinea.com\/#website","url":"https:\/\/erbolinea.com\/","name":"Erbolinea - Parfums de magasins","description":"Diffuseurs d'ambiance \u00e0 vendre","publisher":{"@id":"https:\/\/erbolinea.com\/#organization"},"alternateName":"Erbolinea","potentialAction":[{"@type":"SearchAction","target":{"@type":"EntryPoint","urlTemplate":"https:\/\/erbolinea.com\/?s={search_term_string}"},"query-input":{"@type":"PropertyValueSpecification","valueRequired":true,"valueName":"search_term_string"}}],"inLanguage":"fr-FR"},{"@type":"Organization","@id":"https:\/\/erbolinea.com\/#organization","name":"Erbolinea","url":"https:\/\/erbolinea.com\/","logo":{"@type":"ImageObject","inLanguage":"fr-FR","@id":"https:\/\/erbolinea.com\/#\/schema\/logo\/image\/","url":"https:\/\/erbolinea.com\/wp-content\/uploads\/2020\/04\/logo-400x83_new.png","contentUrl":"https:\/\/erbolinea.com\/wp-content\/uploads\/2020\/04\/logo-400x83_new.png","width":400,"height":103,"caption":"Erbolinea"},"image":{"@id":"https:\/\/erbolinea.com\/#\/schema\/logo\/image\/"},"sameAs":["https:\/\/www.facebook.com\/erbolinea","https:\/\/www.instagram.com\/erbolinea_fragranze_srl\/","https:\/\/www.youtube.com\/channel\/UCREXSGcI2lrYs6eT9VapG3w"]}]},"product_brand":"Erbolinea","og_availability":"instock","product_availability":"instock","product_retailer_item_id":"8033837379478","product_condition":"new"},"_links":{"self":[{"href":"https:\/\/erbolinea.com\/fr\/wp-json\/wp\/v2\/product\/534","targetHints":{"allow":["GET"]}}],"collection":[{"href":"https:\/\/erbolinea.com\/fr\/wp-json\/wp\/v2\/product"}],"about":[{"href":"https:\/\/erbolinea.com\/fr\/wp-json\/wp\/v2\/types\/product"}],"wp:featuredmedia":[{"embeddable":true,"href":"https:\/\/erbolinea.com\/fr\/wp-json\/wp\/v2\/media\/5483"}],"wp:attachment":[{"href":"https:\/\/erbolinea.com\/fr\/wp-json\/wp\/v2\/media?parent=534"}],"wp:term":[{"taxonomy":"product_brand","embeddable":true,"href":"https:\/\/erbolinea.com\/fr\/wp-json\/wp\/v2\/product_brand?post=534"},{"taxonomy":"product_cat","embeddable":true,"href":"https:\/\/erbolinea.com\/fr\/wp-json\/wp\/v2\/product_cat?post=534"},{"taxonomy":"product_tag","embeddable":true,"href":"https:\/\/erbolinea.com\/fr\/wp-json\/wp\/v2\/product_tag?post=534"}],"curies":[{"name":"wp","href":"https:\/\/api.w.org\/{rel}","templated":true}]}}