{"id":368,"date":"2018-11-06T17:32:00","date_gmt":"2018-11-06T16:32:00","guid":{"rendered":"https:\/\/erbolinea.com\/?post_type=product&#038;p=368"},"modified":"2026-04-18T13:08:20","modified_gmt":"2026-04-18T11:08:20","slug":"ricariche-fragranze-prestige-2","status":"publish","type":"product","link":"https:\/\/erbolinea.com\/fr\/produit\/ricariche-fragranze-prestige-2\/","title":{"rendered":"Recharges de parfums Prestige"},"content":{"rendered":"<p>Erbolinea propose un bouquet toujours croissant de recharges pour parfums d'ambiance avec b\u00e2tonnets, des fragrances les plus douces aux agrumes, fra\u00eeches, \u00e9pic\u00e9es, florales et gourmandes. De quoi cr\u00e9er une atmosph\u00e8re d\u00e9licieuse et accueillante.<\/p>\n<p>Toutes nos recharges sont livr\u00e9es avec des b\u00e2tonnets de bambou de remplacement. Nous recommandons de les acheter en fonction du flacon de parfum \u00e0 recharger ; par exemple, si vous avez un flacon de 250 ml, nous vous recommandons d'acheter la recharge correspondante dans le m\u00eame format, car la quantit\u00e9 et la taille des b\u00e2tonnets sont proportionnelles \u00e0 chaque taille de flacon de parfum. Si vous souhaitez acheter une recharge d'une taille sup\u00e9rieure \u00e0 celle du flacon \u00e0 remplir, il est indispensable d'acheter \u00e9galement des b\u00e2tonnets de remplacement de la couleur et de la taille adapt\u00e9es au flacon en votre possession. Continuez \u00e0 parfumer merveilleusement votre espace au quotidien avec les recharges de parfum d'ambiance Erbolinea ! D\u00e9couvrez toutes les fragrances dans la boutique.<\/p>\n<p>Pour de plus amples informations, n'h\u00e9sitez pas \u00e0 nous contacter \u00e0 l'adresse ecommerce@erbolinea.it.<\/p>","protected":false},"excerpt":{"rendered":"<p>Erbolinea propose un bouquet toujours croissant de recharges pour parfums d'ambiance avec b\u00e2tonnets, des fragrances les plus douces aux agrumes, fra\u00eeches, \u00e9pic\u00e9es, florales et gourmandes. De quoi cr\u00e9er une atmosph\u00e8re d\u00e9licieuse et accueillante. Toutes nos recharges sont livr\u00e9es avec des b\u00e2tonnets de remplacement en bambou. Nous recommandons d'acheter les b\u00e2tonnets en fonction du parfum \u00e0 recharger, par exemple [...].","protected":false},"featured_media":5581,"template":"","meta":[],"product_brand":[],"product_cat":[],"product_tag":[],"class_list":{"0":"post-368","1":"product","2":"type-product","3":"status-publish","4":"has-post-thumbnail","7":"first","8":"instock","9":"shipping-taxable","10":"purchasable","11":"product-type-variable","12":"has-default-attributes"},"yoast_head":"<!-- This site is optimized with the Yoast SEO Premium plugin v26.2 (Yoast SEO v26.4) - https:\/\/yoast.com\/wordpress\/plugins\/seo\/ -->\n<title>Ricarica fragranze profumatori per ambiente | Erbolinea<\/title>\n<meta name=\"description\" content=\"Rigenera il tuo ambiente con le ricariche erbolinea. Dal profumo per ambiente al vino rosso,a quello al melograno. Scopri lo shop Erbolinea.\" \/>\n<meta name=\"robots\" content=\"index, follow, max-snippet:-1, max-image-preview:large, max-video-preview:-1\" \/>\n<link rel=\"canonical\" href=\"https:\/\/erbolinea.com\/fr\/produit\/ricariche-fragranze-prestige-2\/\" \/>\n<meta property=\"og:locale\" content=\"fr_FR\" \/>\n<meta property=\"og:type\" content=\"article\" \/>\n<meta property=\"og:title\" content=\"Ricariche fragranze Prestige\" \/>\n<meta property=\"og:description\" content=\"Rigenera il tuo ambiente con le ricariche erbolinea. Dal profumo per ambiente al vino rosso,a quello al melograno. Scopri lo shop Erbolinea.\" \/>\n<meta property=\"og:url\" content=\"https:\/\/erbolinea.com\/fr\/produit\/ricariche-fragranze-prestige-2\/\" \/>\n<meta property=\"og:site_name\" content=\"Erbolinea - Store Fragrances\" \/>\n<meta property=\"article:publisher\" content=\"https:\/\/www.facebook.com\/erbolinea\" \/>\n<meta property=\"article:modified_time\" content=\"2026-04-18T11:08:20+00:00\" \/>\n<meta property=\"og:image\" content=\"https:\/\/erbolinea.com\/wp-content\/uploads\/2018\/11\/vin-di_vino-1.jpg\" \/>\n\t<meta property=\"og:image:width\" content=\"1900\" \/>\n\t<meta property=\"og:image:height\" content=\"1900\" \/>\n\t<meta property=\"og:image:type\" content=\"image\/jpeg\" \/>\n<meta name=\"twitter:card\" content=\"summary_large_image\" \/>\n<meta name=\"twitter:label1\" content=\"Disponibilit\u00e9\" \/>\n\t<meta name=\"twitter:data1\" content=\"En stock\" \/>\n<script type=\"application\/ld+json\" class=\"yoast-schema-graph\">{\"@context\":\"https:\/\/schema.org\",\"@graph\":[{\"@type\":\"WebPage\",\"@id\":\"https:\/\/erbolinea.com\/prodotto\/ricariche-fragranze-prestige-2\/\",\"url\":\"https:\/\/erbolinea.com\/prodotto\/ricariche-fragranze-prestige-2\/\",\"name\":\"Ricarica fragranze profumatori per ambiente | Erbolinea\",\"isPartOf\":{\"@id\":\"https:\/\/erbolinea.com\/#website\"},\"primaryImageOfPage\":{\"@id\":\"https:\/\/erbolinea.com\/prodotto\/ricariche-fragranze-prestige-2\/#primaryimage\"},\"image\":{\"@id\":\"https:\/\/erbolinea.com\/prodotto\/ricariche-fragranze-prestige-2\/#primaryimage\"},\"thumbnailUrl\":\"https:\/\/erbolinea.com\/wp-content\/uploads\/2018\/11\/vin-di_vino-1.jpg\",\"datePublished\":\"2018-11-06T16:32:00+00:00\",\"dateModified\":\"2026-04-18T11:08:20+00:00\",\"description\":\"Rigenera il tuo ambiente con le ricariche erbolinea. Dal profumo per ambiente al vino rosso,a quello al melograno. Scopri lo shop Erbolinea.\",\"breadcrumb\":{\"@id\":\"https:\/\/erbolinea.com\/prodotto\/ricariche-fragranze-prestige-2\/#breadcrumb\"},\"inLanguage\":\"fr-FR\",\"potentialAction\":[{\"@type\":\"ReadAction\",\"target\":[\"https:\/\/erbolinea.com\/prodotto\/ricariche-fragranze-prestige-2\/\"]}]},{\"@type\":\"ImageObject\",\"inLanguage\":\"fr-FR\",\"@id\":\"https:\/\/erbolinea.com\/prodotto\/ricariche-fragranze-prestige-2\/#primaryimage\",\"url\":\"https:\/\/erbolinea.com\/wp-content\/uploads\/2018\/11\/vin-di_vino-1.jpg\",\"contentUrl\":\"https:\/\/erbolinea.com\/wp-content\/uploads\/2018\/11\/vin-di_vino-1.jpg\",\"width\":1900,\"height\":1900},{\"@type\":\"BreadcrumbList\",\"@id\":\"https:\/\/erbolinea.com\/prodotto\/ricariche-fragranze-prestige-2\/#breadcrumb\",\"itemListElement\":[{\"@type\":\"ListItem\",\"position\":1,\"name\":\"Home\",\"item\":\"https:\/\/erbolinea.com\/\"},{\"@type\":\"ListItem\",\"position\":2,\"name\":\"Shop\",\"item\":\"https:\/\/erbolinea.com\/shop\/\"},{\"@type\":\"ListItem\",\"position\":3,\"name\":\"Ricariche fragranze Prestige\"}]},{\"@type\":\"WebSite\",\"@id\":\"https:\/\/erbolinea.com\/#website\",\"url\":\"https:\/\/erbolinea.com\/\",\"name\":\"Erbolinea - Store Fragrances\",\"description\":\"Vendita diffusori di ambiente\",\"publisher\":{\"@id\":\"https:\/\/erbolinea.com\/#organization\"},\"alternateName\":\"Erbolinea\",\"potentialAction\":[{\"@type\":\"SearchAction\",\"target\":{\"@type\":\"EntryPoint\",\"urlTemplate\":\"https:\/\/erbolinea.com\/?s={search_term_string}\"},\"query-input\":{\"@type\":\"PropertyValueSpecification\",\"valueRequired\":true,\"valueName\":\"search_term_string\"}}],\"inLanguage\":\"fr-FR\"},{\"@type\":\"Organization\",\"@id\":\"https:\/\/erbolinea.com\/#organization\",\"name\":\"Erbolinea\",\"url\":\"https:\/\/erbolinea.com\/\",\"logo\":{\"@type\":\"ImageObject\",\"inLanguage\":\"fr-FR\",\"@id\":\"https:\/\/erbolinea.com\/#\/schema\/logo\/image\/\",\"url\":\"https:\/\/erbolinea.com\/wp-content\/uploads\/2020\/04\/logo-400x83_new.png\",\"contentUrl\":\"https:\/\/erbolinea.com\/wp-content\/uploads\/2020\/04\/logo-400x83_new.png\",\"width\":400,\"height\":103,\"caption\":\"Erbolinea\"},\"image\":{\"@id\":\"https:\/\/erbolinea.com\/#\/schema\/logo\/image\/\"},\"sameAs\":[\"https:\/\/www.facebook.com\/erbolinea\",\"https:\/\/www.instagram.com\/erbolinea_fragranze_srl\/\",\"https:\/\/www.youtube.com\/channel\/UCREXSGcI2lrYs6eT9VapG3w\"]}]}<\/script>\n<meta property=\"product:brand\" content=\"Erbolinea\" \/>\n<meta property=\"og:availability\" content=\"instock\" \/>\n<meta property=\"product:availability\" content=\"instock\" \/>\n<meta property=\"product:retailer_item_id\" content=\"pres_ricar\" \/>\n<meta property=\"product:condition\" content=\"new\" \/>\n<!-- \/ Yoast SEO Premium plugin. -->","yoast_head_json":{"title":"Recharge parfums d'ambiance | Erbolinea","description":"R\u00e9g\u00e9n\u00e9rez votre environnement avec les recharges erbolinea. Du vin rouge au parfum d'ambiance \u00e0 la grenade. D\u00e9couvrez la boutique Erbolinea.","robots":{"index":"index","follow":"follow","max-snippet":"max-snippet:-1","max-image-preview":"max-image-preview:large","max-video-preview":"max-video-preview:-1"},"canonical":"https:\/\/erbolinea.com\/fr\/produit\/ricariche-fragranze-prestige-2\/","og_locale":"fr_FR","og_type":"article","og_title":"Ricariche fragranze Prestige","og_description":"Rigenera il tuo ambiente con le ricariche erbolinea. Dal profumo per ambiente al vino rosso,a quello al melograno. Scopri lo shop Erbolinea.","og_url":"https:\/\/erbolinea.com\/fr\/produit\/ricariche-fragranze-prestige-2\/","og_site_name":"Erbolinea - Store Fragrances","article_publisher":"https:\/\/www.facebook.com\/erbolinea","article_modified_time":"2026-04-18T11:08:20+00:00","og_image":[{"width":1900,"height":1900,"url":"https:\/\/erbolinea.com\/wp-content\/uploads\/2018\/11\/vin-di_vino-1.jpg","type":"image\/jpeg"}],"twitter_card":"summary_large_image","twitter_misc":{"Disponibilit\u00e9":"En stock"},"schema":{"@context":"https:\/\/schema.org","@graph":[{"@type":"WebPage","@id":"https:\/\/erbolinea.com\/prodotto\/ricariche-fragranze-prestige-2\/","url":"https:\/\/erbolinea.com\/prodotto\/ricariche-fragranze-prestige-2\/","name":"Recharge parfums d'ambiance | Erbolinea","isPartOf":{"@id":"https:\/\/erbolinea.com\/#website"},"primaryImageOfPage":{"@id":"https:\/\/erbolinea.com\/prodotto\/ricariche-fragranze-prestige-2\/#primaryimage"},"image":{"@id":"https:\/\/erbolinea.com\/prodotto\/ricariche-fragranze-prestige-2\/#primaryimage"},"thumbnailUrl":"https:\/\/erbolinea.com\/wp-content\/uploads\/2018\/11\/vin-di_vino-1.jpg","datePublished":"2018-11-06T16:32:00+00:00","dateModified":"2026-04-18T11:08:20+00:00","description":"R\u00e9g\u00e9n\u00e9rez votre environnement avec les recharges erbolinea. Du vin rouge au parfum d'ambiance \u00e0 la grenade. D\u00e9couvrez la boutique Erbolinea.","breadcrumb":{"@id":"https:\/\/erbolinea.com\/prodotto\/ricariche-fragranze-prestige-2\/#breadcrumb"},"inLanguage":"fr-FR","potentialAction":[{"@type":"ReadAction","target":["https:\/\/erbolinea.com\/prodotto\/ricariche-fragranze-prestige-2\/"]}]},{"@type":"ImageObject","inLanguage":"fr-FR","@id":"https:\/\/erbolinea.com\/prodotto\/ricariche-fragranze-prestige-2\/#primaryimage","url":"https:\/\/erbolinea.com\/wp-content\/uploads\/2018\/11\/vin-di_vino-1.jpg","contentUrl":"https:\/\/erbolinea.com\/wp-content\/uploads\/2018\/11\/vin-di_vino-1.jpg","width":1900,"height":1900},{"@type":"BreadcrumbList","@id":"https:\/\/erbolinea.com\/prodotto\/ricariche-fragranze-prestige-2\/#breadcrumb","itemListElement":[{"@type":"ListItem","position":1,"name":"Home","item":"https:\/\/erbolinea.com\/"},{"@type":"ListItem","position":2,"name":"Shop","item":"https:\/\/erbolinea.com\/shop\/"},{"@type":"ListItem","position":3,"name":"Ricariche fragranze Prestige"}]},{"@type":"WebSite","@id":"https:\/\/erbolinea.com\/#website","url":"https:\/\/erbolinea.com\/","name":"Erbolinea - Parfums de magasins","description":"Diffuseurs d'ambiance \u00e0 vendre","publisher":{"@id":"https:\/\/erbolinea.com\/#organization"},"alternateName":"Erbolinea","potentialAction":[{"@type":"SearchAction","target":{"@type":"EntryPoint","urlTemplate":"https:\/\/erbolinea.com\/?s={search_term_string}"},"query-input":{"@type":"PropertyValueSpecification","valueRequired":true,"valueName":"search_term_string"}}],"inLanguage":"fr-FR"},{"@type":"Organization","@id":"https:\/\/erbolinea.com\/#organization","name":"Erbolinea","url":"https:\/\/erbolinea.com\/","logo":{"@type":"ImageObject","inLanguage":"fr-FR","@id":"https:\/\/erbolinea.com\/#\/schema\/logo\/image\/","url":"https:\/\/erbolinea.com\/wp-content\/uploads\/2020\/04\/logo-400x83_new.png","contentUrl":"https:\/\/erbolinea.com\/wp-content\/uploads\/2020\/04\/logo-400x83_new.png","width":400,"height":103,"caption":"Erbolinea"},"image":{"@id":"https:\/\/erbolinea.com\/#\/schema\/logo\/image\/"},"sameAs":["https:\/\/www.facebook.com\/erbolinea","https:\/\/www.instagram.com\/erbolinea_fragranze_srl\/","https:\/\/www.youtube.com\/channel\/UCREXSGcI2lrYs6eT9VapG3w"]}]},"product_brand":"Erbolinea","og_availability":"instock","product_availability":"instock","product_retailer_item_id":"pres_ricar","product_condition":"new"},"_links":{"self":[{"href":"https:\/\/erbolinea.com\/fr\/wp-json\/wp\/v2\/product\/368","targetHints":{"allow":["GET"]}}],"collection":[{"href":"https:\/\/erbolinea.com\/fr\/wp-json\/wp\/v2\/product"}],"about":[{"href":"https:\/\/erbolinea.com\/fr\/wp-json\/wp\/v2\/types\/product"}],"wp:featuredmedia":[{"embeddable":true,"href":"https:\/\/erbolinea.com\/fr\/wp-json\/wp\/v2\/media\/5581"}],"wp:attachment":[{"href":"https:\/\/erbolinea.com\/fr\/wp-json\/wp\/v2\/media?parent=368"}],"wp:term":[{"taxonomy":"product_brand","embeddable":true,"href":"https:\/\/erbolinea.com\/fr\/wp-json\/wp\/v2\/product_brand?post=368"},{"taxonomy":"product_cat","embeddable":true,"href":"https:\/\/erbolinea.com\/fr\/wp-json\/wp\/v2\/product_cat?post=368"},{"taxonomy":"product_tag","embeddable":true,"href":"https:\/\/erbolinea.com\/fr\/wp-json\/wp\/v2\/product_tag?post=368"}],"curies":[{"name":"wp","href":"https:\/\/api.w.org\/{rel}","templated":true}]}}