{"id":361,"date":"2018-11-06T17:30:18","date_gmt":"2018-11-06T16:30:18","guid":{"rendered":"https:\/\/erbolinea.com\/?post_type=product&#038;p=361"},"modified":"2026-03-28T11:53:05","modified_gmt":"2026-03-28T10:53:05","slug":"linea-le-classiche","status":"publish","type":"product","link":"https:\/\/erbolinea.com\/fr\/produit\/linea-le-classiche\/","title":{"rendered":"Parfum de chambre Classic Line"},"content":{"rendered":"<p>Des parfums traditionnels et classiques tels que la vanille noble, le raisin cors\u00e9 et la myrtille au musc blanc robuste. Erbolinea a s\u00e9lectionn\u00e9 des mati\u00e8res premi\u00e8res de la plus haute qualit\u00e9 pour cr\u00e9er des parfums intemporels. Laissez-vous emporter par une exp\u00e9rience olfactive avec la <a href=\"https:\/\/erbolinea.com\/fr\/product-category\/profumi-per-ambiente-con-bastoncini-e-ricariche\/\">parfum d'ambiance<\/a> avec des b\u00e2tons de la ligne Le Classiche d'Erbolinea.<\/p>","protected":false},"excerpt":{"rendered":"<p>Des fragrances traditionnelles et classiques telles que la vanille noble, le raisin cors\u00e9 et la myrtille au musc blanc robuste. Erbolinea a s\u00e9lectionn\u00e9 des mati\u00e8res premi\u00e8res de la plus haute qualit\u00e9 pour cr\u00e9er des parfums intemporels. Offrez-vous une exp\u00e9rience olfactive avec le parfum d'ambiance avec b\u00e2tonnets de la ligne Le Classiche d'Erbolinea.<\/p>","protected":false},"featured_media":11584,"template":"","meta":[],"product_brand":[],"product_cat":[],"product_tag":[435,437],"class_list":{"0":"post-361","1":"product","2":"type-product","3":"status-publish","4":"has-post-thumbnail","6":"product_tag-profumi-per-ambiente-con-bastoncini","7":"product_tag-linea-le-classiche","9":"first","10":"instock","11":"featured","12":"shipping-taxable","13":"purchasable","14":"product-type-variable","15":"has-default-attributes"},"yoast_head":"<!-- This site is optimized with the Yoast SEO Premium plugin v26.2 (Yoast SEO v26.4) - https:\/\/yoast.com\/wordpress\/plugins\/seo\/ -->\n<title>Profumo per ambiente con bastoncini | Erbolinea |<\/title>\n<meta name=\"description\" content=\"Lasciati travolgere da un\u2019esperienza olfattiva con il Profumo per ambiente con bastoncini. Scopri la linea classic di Erbolinea. Acquista ora\" \/>\n<meta name=\"robots\" content=\"index, follow, max-snippet:-1, max-image-preview:large, max-video-preview:-1\" \/>\n<link rel=\"canonical\" href=\"https:\/\/erbolinea.com\/fr\/produit\/linea-le-classiche\/\" \/>\n<meta property=\"og:locale\" content=\"fr_FR\" \/>\n<meta property=\"og:type\" content=\"article\" \/>\n<meta property=\"og:title\" content=\"Profumo per ambiente Linea le classiche\" \/>\n<meta property=\"og:description\" content=\"Lasciati travolgere da un\u2019esperienza olfattiva con il Profumo per ambiente con bastoncini. Scopri la linea classic di Erbolinea. Acquista ora\" \/>\n<meta property=\"og:url\" content=\"https:\/\/erbolinea.com\/fr\/produit\/linea-le-classiche\/\" \/>\n<meta property=\"og:site_name\" content=\"Erbolinea - Store Fragrances\" \/>\n<meta property=\"article:publisher\" content=\"https:\/\/www.facebook.com\/erbolinea\" \/>\n<meta property=\"article:modified_time\" content=\"2026-03-28T10:53:05+00:00\" \/>\n<meta property=\"og:image\" content=\"https:\/\/erbolinea.com\/wp-content\/uploads\/2019\/01\/cope_le-classiche.jpg\" \/>\n\t<meta property=\"og:image:width\" content=\"1900\" \/>\n\t<meta property=\"og:image:height\" content=\"1425\" \/>\n\t<meta property=\"og:image:type\" content=\"image\/jpeg\" \/>\n<meta name=\"twitter:card\" content=\"summary_large_image\" \/>\n<meta name=\"twitter:label1\" content=\"Disponibilit\u00e9\" \/>\n\t<meta name=\"twitter:data1\" content=\"En stock\" \/>\n<script type=\"application\/ld+json\" class=\"yoast-schema-graph\">{\"@context\":\"https:\/\/schema.org\",\"@graph\":[{\"@type\":\"WebPage\",\"@id\":\"https:\/\/erbolinea.com\/prodotto\/linea-le-classiche\/\",\"url\":\"https:\/\/erbolinea.com\/prodotto\/linea-le-classiche\/\",\"name\":\"Profumo per ambiente con bastoncini | Erbolinea |\",\"isPartOf\":{\"@id\":\"https:\/\/erbolinea.com\/#website\"},\"primaryImageOfPage\":{\"@id\":\"https:\/\/erbolinea.com\/prodotto\/linea-le-classiche\/#primaryimage\"},\"image\":{\"@id\":\"https:\/\/erbolinea.com\/prodotto\/linea-le-classiche\/#primaryimage\"},\"thumbnailUrl\":\"https:\/\/erbolinea.com\/wp-content\/uploads\/2019\/01\/cope_le-classiche.jpg\",\"datePublished\":\"2018-11-06T16:30:18+00:00\",\"dateModified\":\"2026-03-28T10:53:05+00:00\",\"description\":\"Lasciati travolgere da un\u2019esperienza olfattiva con il Profumo per ambiente con bastoncini. Scopri la linea classic di Erbolinea. Acquista ora\",\"breadcrumb\":{\"@id\":\"https:\/\/erbolinea.com\/prodotto\/linea-le-classiche\/#breadcrumb\"},\"inLanguage\":\"fr-FR\",\"potentialAction\":[{\"@type\":\"ReadAction\",\"target\":[\"https:\/\/erbolinea.com\/prodotto\/linea-le-classiche\/\"]}]},{\"@type\":\"ImageObject\",\"inLanguage\":\"fr-FR\",\"@id\":\"https:\/\/erbolinea.com\/prodotto\/linea-le-classiche\/#primaryimage\",\"url\":\"https:\/\/erbolinea.com\/wp-content\/uploads\/2019\/01\/cope_le-classiche.jpg\",\"contentUrl\":\"https:\/\/erbolinea.com\/wp-content\/uploads\/2019\/01\/cope_le-classiche.jpg\",\"width\":1900,\"height\":1425,\"caption\":\"Profumo per ambiente con bastoncini\"},{\"@type\":\"BreadcrumbList\",\"@id\":\"https:\/\/erbolinea.com\/prodotto\/linea-le-classiche\/#breadcrumb\",\"itemListElement\":[{\"@type\":\"ListItem\",\"position\":1,\"name\":\"Home\",\"item\":\"https:\/\/erbolinea.com\/\"},{\"@type\":\"ListItem\",\"position\":2,\"name\":\"Shop\",\"item\":\"https:\/\/erbolinea.com\/shop\/\"},{\"@type\":\"ListItem\",\"position\":3,\"name\":\"Profumo per ambiente Linea le classiche\"}]},{\"@type\":\"WebSite\",\"@id\":\"https:\/\/erbolinea.com\/#website\",\"url\":\"https:\/\/erbolinea.com\/\",\"name\":\"Erbolinea - Store Fragrances\",\"description\":\"Vendita diffusori di ambiente\",\"publisher\":{\"@id\":\"https:\/\/erbolinea.com\/#organization\"},\"alternateName\":\"Erbolinea\",\"potentialAction\":[{\"@type\":\"SearchAction\",\"target\":{\"@type\":\"EntryPoint\",\"urlTemplate\":\"https:\/\/erbolinea.com\/?s={search_term_string}\"},\"query-input\":{\"@type\":\"PropertyValueSpecification\",\"valueRequired\":true,\"valueName\":\"search_term_string\"}}],\"inLanguage\":\"fr-FR\"},{\"@type\":\"Organization\",\"@id\":\"https:\/\/erbolinea.com\/#organization\",\"name\":\"Erbolinea\",\"url\":\"https:\/\/erbolinea.com\/\",\"logo\":{\"@type\":\"ImageObject\",\"inLanguage\":\"fr-FR\",\"@id\":\"https:\/\/erbolinea.com\/#\/schema\/logo\/image\/\",\"url\":\"https:\/\/erbolinea.com\/wp-content\/uploads\/2020\/04\/logo-400x83_new.png\",\"contentUrl\":\"https:\/\/erbolinea.com\/wp-content\/uploads\/2020\/04\/logo-400x83_new.png\",\"width\":400,\"height\":103,\"caption\":\"Erbolinea\"},\"image\":{\"@id\":\"https:\/\/erbolinea.com\/#\/schema\/logo\/image\/\"},\"sameAs\":[\"https:\/\/www.facebook.com\/erbolinea\",\"https:\/\/www.instagram.com\/erbolinea_fragranze_srl\/\",\"https:\/\/www.youtube.com\/channel\/UCREXSGcI2lrYs6eT9VapG3w\"]}]}<\/script>\n<meta property=\"product:brand\" content=\"Erbolinea\" \/>\n<meta property=\"og:availability\" content=\"instock\" \/>\n<meta property=\"product:availability\" content=\"instock\" \/>\n<meta property=\"product:retailer_item_id\" content=\"clas_bast\" \/>\n<meta property=\"product:condition\" content=\"new\" \/>\n<!-- \/ Yoast SEO Premium plugin. -->","yoast_head_json":{"title":"Parfum d'ambiance avec b\u00e2tonnets | Erbolinea |","description":"Offrez-vous une exp\u00e9rience olfactive avec le parfum d'ambiance en b\u00e2tonnets. D\u00e9couvrez la ligne classique d'Erbolinea. Acheter le produit","robots":{"index":"index","follow":"follow","max-snippet":"max-snippet:-1","max-image-preview":"max-image-preview:large","max-video-preview":"max-video-preview:-1"},"canonical":"https:\/\/erbolinea.com\/fr\/produit\/linea-le-classiche\/","og_locale":"fr_FR","og_type":"article","og_title":"Profumo per ambiente Linea le classiche","og_description":"Lasciati travolgere da un\u2019esperienza olfattiva con il Profumo per ambiente con bastoncini. Scopri la linea classic di Erbolinea. Acquista ora","og_url":"https:\/\/erbolinea.com\/fr\/produit\/linea-le-classiche\/","og_site_name":"Erbolinea - Store Fragrances","article_publisher":"https:\/\/www.facebook.com\/erbolinea","article_modified_time":"2026-03-28T10:53:05+00:00","og_image":[{"width":1900,"height":1425,"url":"https:\/\/erbolinea.com\/wp-content\/uploads\/2019\/01\/cope_le-classiche.jpg","type":"image\/jpeg"}],"twitter_card":"summary_large_image","twitter_misc":{"Disponibilit\u00e9":"En stock"},"schema":{"@context":"https:\/\/schema.org","@graph":[{"@type":"WebPage","@id":"https:\/\/erbolinea.com\/prodotto\/linea-le-classiche\/","url":"https:\/\/erbolinea.com\/prodotto\/linea-le-classiche\/","name":"Parfum d'ambiance avec b\u00e2tonnets | Erbolinea |","isPartOf":{"@id":"https:\/\/erbolinea.com\/#website"},"primaryImageOfPage":{"@id":"https:\/\/erbolinea.com\/prodotto\/linea-le-classiche\/#primaryimage"},"image":{"@id":"https:\/\/erbolinea.com\/prodotto\/linea-le-classiche\/#primaryimage"},"thumbnailUrl":"https:\/\/erbolinea.com\/wp-content\/uploads\/2019\/01\/cope_le-classiche.jpg","datePublished":"2018-11-06T16:30:18+00:00","dateModified":"2026-03-28T10:53:05+00:00","description":"Offrez-vous une exp\u00e9rience olfactive avec le parfum d'ambiance en b\u00e2tonnets. D\u00e9couvrez la ligne classique d'Erbolinea. Acheter le produit","breadcrumb":{"@id":"https:\/\/erbolinea.com\/prodotto\/linea-le-classiche\/#breadcrumb"},"inLanguage":"fr-FR","potentialAction":[{"@type":"ReadAction","target":["https:\/\/erbolinea.com\/prodotto\/linea-le-classiche\/"]}]},{"@type":"ImageObject","inLanguage":"fr-FR","@id":"https:\/\/erbolinea.com\/prodotto\/linea-le-classiche\/#primaryimage","url":"https:\/\/erbolinea.com\/wp-content\/uploads\/2019\/01\/cope_le-classiche.jpg","contentUrl":"https:\/\/erbolinea.com\/wp-content\/uploads\/2019\/01\/cope_le-classiche.jpg","width":1900,"height":1425,"caption":"Profumo per ambiente con bastoncini"},{"@type":"BreadcrumbList","@id":"https:\/\/erbolinea.com\/prodotto\/linea-le-classiche\/#breadcrumb","itemListElement":[{"@type":"ListItem","position":1,"name":"Home","item":"https:\/\/erbolinea.com\/"},{"@type":"ListItem","position":2,"name":"Shop","item":"https:\/\/erbolinea.com\/shop\/"},{"@type":"ListItem","position":3,"name":"Profumo per ambiente Linea le classiche"}]},{"@type":"WebSite","@id":"https:\/\/erbolinea.com\/#website","url":"https:\/\/erbolinea.com\/","name":"Erbolinea - Parfums de magasins","description":"Diffuseurs d'ambiance \u00e0 vendre","publisher":{"@id":"https:\/\/erbolinea.com\/#organization"},"alternateName":"Erbolinea","potentialAction":[{"@type":"SearchAction","target":{"@type":"EntryPoint","urlTemplate":"https:\/\/erbolinea.com\/?s={search_term_string}"},"query-input":{"@type":"PropertyValueSpecification","valueRequired":true,"valueName":"search_term_string"}}],"inLanguage":"fr-FR"},{"@type":"Organization","@id":"https:\/\/erbolinea.com\/#organization","name":"Erbolinea","url":"https:\/\/erbolinea.com\/","logo":{"@type":"ImageObject","inLanguage":"fr-FR","@id":"https:\/\/erbolinea.com\/#\/schema\/logo\/image\/","url":"https:\/\/erbolinea.com\/wp-content\/uploads\/2020\/04\/logo-400x83_new.png","contentUrl":"https:\/\/erbolinea.com\/wp-content\/uploads\/2020\/04\/logo-400x83_new.png","width":400,"height":103,"caption":"Erbolinea"},"image":{"@id":"https:\/\/erbolinea.com\/#\/schema\/logo\/image\/"},"sameAs":["https:\/\/www.facebook.com\/erbolinea","https:\/\/www.instagram.com\/erbolinea_fragranze_srl\/","https:\/\/www.youtube.com\/channel\/UCREXSGcI2lrYs6eT9VapG3w"]}]},"product_brand":"Erbolinea","og_availability":"instock","product_availability":"instock","product_retailer_item_id":"clas_bast","product_condition":"new"},"_links":{"self":[{"href":"https:\/\/erbolinea.com\/fr\/wp-json\/wp\/v2\/product\/361","targetHints":{"allow":["GET"]}}],"collection":[{"href":"https:\/\/erbolinea.com\/fr\/wp-json\/wp\/v2\/product"}],"about":[{"href":"https:\/\/erbolinea.com\/fr\/wp-json\/wp\/v2\/types\/product"}],"wp:featuredmedia":[{"embeddable":true,"href":"https:\/\/erbolinea.com\/fr\/wp-json\/wp\/v2\/media\/11584"}],"wp:attachment":[{"href":"https:\/\/erbolinea.com\/fr\/wp-json\/wp\/v2\/media?parent=361"}],"wp:term":[{"taxonomy":"product_brand","embeddable":true,"href":"https:\/\/erbolinea.com\/fr\/wp-json\/wp\/v2\/product_brand?post=361"},{"taxonomy":"product_cat","embeddable":true,"href":"https:\/\/erbolinea.com\/fr\/wp-json\/wp\/v2\/product_cat?post=361"},{"taxonomy":"product_tag","embeddable":true,"href":"https:\/\/erbolinea.com\/fr\/wp-json\/wp\/v2\/product_tag?post=361"}],"curies":[{"name":"wp","href":"https:\/\/api.w.org\/{rel}","templated":true}]}}