{"id":27892,"date":"2026-01-07T13:08:02","date_gmt":"2026-01-07T12:08:02","guid":{"rendered":"https:\/\/erbolinea.com\/?post_type=product&#038;p=27892"},"modified":"2026-01-07T17:38:21","modified_gmt":"2026-01-07T16:38:21","slug":"winter-fragrance-candela-natalizia-profumata-100-soia","status":"publish","type":"product","link":"https:\/\/erbolinea.com\/fr\/produit\/winter-fragrance-candela-natalizia-profumata-100-soia\/","title":{"rendered":"Bougie de No\u00ebl parfum\u00e9e 100% Soya"},"content":{"rendered":"<p>Un cadeau unique pour votre environnement ? D\u00e9couvrez maintenant la bougie de No\u00ebl 140g d'Erbolinea. D\u00e9couvrez tous les produits de No\u00ebl.<\/p>","protected":false},"excerpt":{"rendered":"<p>Un cadeau unique pour votre environnement ? D\u00e9couvrez maintenant la bougie de No\u00ebl 140g d'Erbolinea. D\u00e9couvrez tous les produits de No\u00ebl.<\/p>","protected":false},"featured_media":27903,"template":"","meta":[],"product_brand":[],"product_cat":[614,161],"product_tag":[],"class_list":{"0":"post-27892","1":"product","2":"type-product","3":"status-publish","4":"has-post-thumbnail","6":"product_cat-winter-fragrance","7":"product_cat-candele_profumate","9":"first","10":"instock","11":"shipping-taxable","12":"purchasable","13":"product-type-variable"},"yoast_head":"<!-- This site is optimized with the Yoast SEO Premium plugin v26.2 (Yoast SEO v26.4) - https:\/\/yoast.com\/wordpress\/plugins\/seo\/ -->\n<title>profumatore ambiente spray natale | erbolinea store online<\/title>\n<meta name=\"description\" content=\"Un regalo unico per il tuo ambiente?Scopri ora il profumatore ambiente spray natale di erbolinea.Scopri ora tutti i profumatori per il natal.\" \/>\n<meta name=\"robots\" content=\"index, follow, max-snippet:-1, max-image-preview:large, max-video-preview:-1\" \/>\n<link rel=\"canonical\" href=\"https:\/\/erbolinea.com\/fr\/produit\/winter-fragrance-candela-natalizia-profumata-100-soia\/\" \/>\n<meta property=\"og:locale\" content=\"fr_FR\" \/>\n<meta property=\"og:type\" content=\"article\" \/>\n<meta property=\"og:title\" content=\"Winter Fragrance Candela natalizia profumata 100% Soia\" \/>\n<meta property=\"og:description\" content=\"Un regalo unico per il tuo ambiente?Scopri ora il profumatore ambiente spray natale di erbolinea.Scopri ora tutti i profumatori per il natal.\" \/>\n<meta property=\"og:url\" content=\"https:\/\/erbolinea.com\/fr\/produit\/winter-fragrance-candela-natalizia-profumata-100-soia\/\" \/>\n<meta property=\"og:site_name\" content=\"Erbolinea - Store Fragrances\" \/>\n<meta property=\"article:publisher\" content=\"https:\/\/www.facebook.com\/erbolinea\" \/>\n<meta property=\"article:modified_time\" content=\"2026-01-07T16:38:21+00:00\" \/>\n<meta property=\"og:image\" content=\"https:\/\/erbolinea.com\/wp-content\/uploads\/2026\/01\/winter-fragrance-candela-aghi-dipino-aperta.jpg\" \/>\n\t<meta property=\"og:image:width\" content=\"1080\" \/>\n\t<meta property=\"og:image:height\" content=\"1080\" \/>\n\t<meta property=\"og:image:type\" content=\"image\/jpeg\" \/>\n<meta name=\"twitter:card\" content=\"summary_large_image\" \/>\n<meta name=\"twitter:label1\" content=\"Disponibilit\u00e9\" \/>\n\t<meta name=\"twitter:data1\" content=\"En stock\" \/>\n<script type=\"application\/ld+json\" class=\"yoast-schema-graph\">{\"@context\":\"https:\/\/schema.org\",\"@graph\":[{\"@type\":\"WebPage\",\"@id\":\"https:\/\/erbolinea.com\/prodotto\/winter-fragrance-candela-natalizia-profumata-100-soia\/\",\"url\":\"https:\/\/erbolinea.com\/prodotto\/winter-fragrance-candela-natalizia-profumata-100-soia\/\",\"name\":\"profumatore ambiente spray natale | erbolinea store online\",\"isPartOf\":{\"@id\":\"https:\/\/erbolinea.com\/#website\"},\"primaryImageOfPage\":{\"@id\":\"https:\/\/erbolinea.com\/prodotto\/winter-fragrance-candela-natalizia-profumata-100-soia\/#primaryimage\"},\"image\":{\"@id\":\"https:\/\/erbolinea.com\/prodotto\/winter-fragrance-candela-natalizia-profumata-100-soia\/#primaryimage\"},\"thumbnailUrl\":\"https:\/\/erbolinea.com\/wp-content\/uploads\/2026\/01\/winter-fragrance-candela-aghi-dipino-aperta.jpg\",\"datePublished\":\"2026-01-07T12:08:02+00:00\",\"dateModified\":\"2026-01-07T16:38:21+00:00\",\"description\":\"Un regalo unico per il tuo ambiente?Scopri ora il profumatore ambiente spray natale di erbolinea.Scopri ora tutti i profumatori per il natal.\",\"breadcrumb\":{\"@id\":\"https:\/\/erbolinea.com\/prodotto\/winter-fragrance-candela-natalizia-profumata-100-soia\/#breadcrumb\"},\"inLanguage\":\"fr-FR\",\"potentialAction\":[{\"@type\":\"ReadAction\",\"target\":[\"https:\/\/erbolinea.com\/prodotto\/winter-fragrance-candela-natalizia-profumata-100-soia\/\"]}]},{\"@type\":\"ImageObject\",\"inLanguage\":\"fr-FR\",\"@id\":\"https:\/\/erbolinea.com\/prodotto\/winter-fragrance-candela-natalizia-profumata-100-soia\/#primaryimage\",\"url\":\"https:\/\/erbolinea.com\/wp-content\/uploads\/2026\/01\/winter-fragrance-candela-aghi-dipino-aperta.jpg\",\"contentUrl\":\"https:\/\/erbolinea.com\/wp-content\/uploads\/2026\/01\/winter-fragrance-candela-aghi-dipino-aperta.jpg\",\"width\":1080,\"height\":1080},{\"@type\":\"BreadcrumbList\",\"@id\":\"https:\/\/erbolinea.com\/prodotto\/winter-fragrance-candela-natalizia-profumata-100-soia\/#breadcrumb\",\"itemListElement\":[{\"@type\":\"ListItem\",\"position\":1,\"name\":\"Home\",\"item\":\"https:\/\/erbolinea.com\/\"},{\"@type\":\"ListItem\",\"position\":2,\"name\":\"Shop\",\"item\":\"https:\/\/erbolinea.com\/shop\/\"},{\"@type\":\"ListItem\",\"position\":3,\"name\":\"Winter Fragrance Candela natalizia profumata 100% Soia\"}]},{\"@type\":\"WebSite\",\"@id\":\"https:\/\/erbolinea.com\/#website\",\"url\":\"https:\/\/erbolinea.com\/\",\"name\":\"Erbolinea - Store Fragrances\",\"description\":\"Vendita diffusori di ambiente\",\"publisher\":{\"@id\":\"https:\/\/erbolinea.com\/#organization\"},\"alternateName\":\"Erbolinea\",\"potentialAction\":[{\"@type\":\"SearchAction\",\"target\":{\"@type\":\"EntryPoint\",\"urlTemplate\":\"https:\/\/erbolinea.com\/?s={search_term_string}\"},\"query-input\":{\"@type\":\"PropertyValueSpecification\",\"valueRequired\":true,\"valueName\":\"search_term_string\"}}],\"inLanguage\":\"fr-FR\"},{\"@type\":\"Organization\",\"@id\":\"https:\/\/erbolinea.com\/#organization\",\"name\":\"Erbolinea\",\"url\":\"https:\/\/erbolinea.com\/\",\"logo\":{\"@type\":\"ImageObject\",\"inLanguage\":\"fr-FR\",\"@id\":\"https:\/\/erbolinea.com\/#\/schema\/logo\/image\/\",\"url\":\"https:\/\/erbolinea.com\/wp-content\/uploads\/2020\/04\/logo-400x83_new.png\",\"contentUrl\":\"https:\/\/erbolinea.com\/wp-content\/uploads\/2020\/04\/logo-400x83_new.png\",\"width\":400,\"height\":103,\"caption\":\"Erbolinea\"},\"image\":{\"@id\":\"https:\/\/erbolinea.com\/#\/schema\/logo\/image\/\"},\"sameAs\":[\"https:\/\/www.facebook.com\/erbolinea\",\"https:\/\/www.instagram.com\/erbolinea_fragranze_srl\/\",\"https:\/\/www.youtube.com\/channel\/UCREXSGcI2lrYs6eT9VapG3w\"]}]}<\/script>\n<meta property=\"product:brand\" content=\"Erbolinea\" \/>\n<meta property=\"og:availability\" content=\"instock\" \/>\n<meta property=\"product:availability\" content=\"instock\" \/>\n<meta property=\"product:retailer_item_id\" content=\"lin_wint_candela\" \/>\n<meta property=\"product:condition\" content=\"new\" \/>\n<!-- \/ Yoast SEO Premium plugin. -->","yoast_head_json":{"title":"Parfum d'ambiance de No\u00ebl | erbolinea boutique en ligne","description":"Un cadeau unique pour votre entourage ? D\u00e9couvrez maintenant le parfum d'ambiance de No\u00ebl erbolinea.D\u00e9couvrez maintenant tous les parfums de No\u00ebl.","robots":{"index":"index","follow":"follow","max-snippet":"max-snippet:-1","max-image-preview":"max-image-preview:large","max-video-preview":"max-video-preview:-1"},"canonical":"https:\/\/erbolinea.com\/fr\/produit\/winter-fragrance-candela-natalizia-profumata-100-soia\/","og_locale":"fr_FR","og_type":"article","og_title":"Winter Fragrance Candela natalizia profumata 100% Soia","og_description":"Un regalo unico per il tuo ambiente?Scopri ora il profumatore ambiente spray natale di erbolinea.Scopri ora tutti i profumatori per il natal.","og_url":"https:\/\/erbolinea.com\/fr\/produit\/winter-fragrance-candela-natalizia-profumata-100-soia\/","og_site_name":"Erbolinea - Store Fragrances","article_publisher":"https:\/\/www.facebook.com\/erbolinea","article_modified_time":"2026-01-07T16:38:21+00:00","og_image":[{"width":1080,"height":1080,"url":"https:\/\/erbolinea.com\/wp-content\/uploads\/2026\/01\/winter-fragrance-candela-aghi-dipino-aperta.jpg","type":"image\/jpeg"}],"twitter_card":"summary_large_image","twitter_misc":{"Disponibilit\u00e9":"En stock"},"schema":{"@context":"https:\/\/schema.org","@graph":[{"@type":"WebPage","@id":"https:\/\/erbolinea.com\/prodotto\/winter-fragrance-candela-natalizia-profumata-100-soia\/","url":"https:\/\/erbolinea.com\/prodotto\/winter-fragrance-candela-natalizia-profumata-100-soia\/","name":"Parfum d'ambiance de No\u00ebl | erbolinea boutique en ligne","isPartOf":{"@id":"https:\/\/erbolinea.com\/#website"},"primaryImageOfPage":{"@id":"https:\/\/erbolinea.com\/prodotto\/winter-fragrance-candela-natalizia-profumata-100-soia\/#primaryimage"},"image":{"@id":"https:\/\/erbolinea.com\/prodotto\/winter-fragrance-candela-natalizia-profumata-100-soia\/#primaryimage"},"thumbnailUrl":"https:\/\/erbolinea.com\/wp-content\/uploads\/2026\/01\/winter-fragrance-candela-aghi-dipino-aperta.jpg","datePublished":"2026-01-07T12:08:02+00:00","dateModified":"2026-01-07T16:38:21+00:00","description":"Un cadeau unique pour votre entourage ? D\u00e9couvrez maintenant le parfum d'ambiance de No\u00ebl erbolinea.D\u00e9couvrez maintenant tous les parfums de No\u00ebl.","breadcrumb":{"@id":"https:\/\/erbolinea.com\/prodotto\/winter-fragrance-candela-natalizia-profumata-100-soia\/#breadcrumb"},"inLanguage":"fr-FR","potentialAction":[{"@type":"ReadAction","target":["https:\/\/erbolinea.com\/prodotto\/winter-fragrance-candela-natalizia-profumata-100-soia\/"]}]},{"@type":"ImageObject","inLanguage":"fr-FR","@id":"https:\/\/erbolinea.com\/prodotto\/winter-fragrance-candela-natalizia-profumata-100-soia\/#primaryimage","url":"https:\/\/erbolinea.com\/wp-content\/uploads\/2026\/01\/winter-fragrance-candela-aghi-dipino-aperta.jpg","contentUrl":"https:\/\/erbolinea.com\/wp-content\/uploads\/2026\/01\/winter-fragrance-candela-aghi-dipino-aperta.jpg","width":1080,"height":1080},{"@type":"BreadcrumbList","@id":"https:\/\/erbolinea.com\/prodotto\/winter-fragrance-candela-natalizia-profumata-100-soia\/#breadcrumb","itemListElement":[{"@type":"ListItem","position":1,"name":"Home","item":"https:\/\/erbolinea.com\/"},{"@type":"ListItem","position":2,"name":"Shop","item":"https:\/\/erbolinea.com\/shop\/"},{"@type":"ListItem","position":3,"name":"Winter Fragrance Candela natalizia profumata 100% Soia"}]},{"@type":"WebSite","@id":"https:\/\/erbolinea.com\/#website","url":"https:\/\/erbolinea.com\/","name":"Erbolinea - Parfums de magasins","description":"Diffuseurs d'ambiance \u00e0 vendre","publisher":{"@id":"https:\/\/erbolinea.com\/#organization"},"alternateName":"Erbolinea","potentialAction":[{"@type":"SearchAction","target":{"@type":"EntryPoint","urlTemplate":"https:\/\/erbolinea.com\/?s={search_term_string}"},"query-input":{"@type":"PropertyValueSpecification","valueRequired":true,"valueName":"search_term_string"}}],"inLanguage":"fr-FR"},{"@type":"Organization","@id":"https:\/\/erbolinea.com\/#organization","name":"Erbolinea","url":"https:\/\/erbolinea.com\/","logo":{"@type":"ImageObject","inLanguage":"fr-FR","@id":"https:\/\/erbolinea.com\/#\/schema\/logo\/image\/","url":"https:\/\/erbolinea.com\/wp-content\/uploads\/2020\/04\/logo-400x83_new.png","contentUrl":"https:\/\/erbolinea.com\/wp-content\/uploads\/2020\/04\/logo-400x83_new.png","width":400,"height":103,"caption":"Erbolinea"},"image":{"@id":"https:\/\/erbolinea.com\/#\/schema\/logo\/image\/"},"sameAs":["https:\/\/www.facebook.com\/erbolinea","https:\/\/www.instagram.com\/erbolinea_fragranze_srl\/","https:\/\/www.youtube.com\/channel\/UCREXSGcI2lrYs6eT9VapG3w"]}]},"product_brand":"Erbolinea","og_availability":"instock","product_availability":"instock","product_retailer_item_id":"lin_wint_candela","product_condition":"new"},"_links":{"self":[{"href":"https:\/\/erbolinea.com\/fr\/wp-json\/wp\/v2\/product\/27892","targetHints":{"allow":["GET"]}}],"collection":[{"href":"https:\/\/erbolinea.com\/fr\/wp-json\/wp\/v2\/product"}],"about":[{"href":"https:\/\/erbolinea.com\/fr\/wp-json\/wp\/v2\/types\/product"}],"wp:featuredmedia":[{"embeddable":true,"href":"https:\/\/erbolinea.com\/fr\/wp-json\/wp\/v2\/media\/27903"}],"wp:attachment":[{"href":"https:\/\/erbolinea.com\/fr\/wp-json\/wp\/v2\/media?parent=27892"}],"wp:term":[{"taxonomy":"product_brand","embeddable":true,"href":"https:\/\/erbolinea.com\/fr\/wp-json\/wp\/v2\/product_brand?post=27892"},{"taxonomy":"product_cat","embeddable":true,"href":"https:\/\/erbolinea.com\/fr\/wp-json\/wp\/v2\/product_cat?post=27892"},{"taxonomy":"product_tag","embeddable":true,"href":"https:\/\/erbolinea.com\/fr\/wp-json\/wp\/v2\/product_tag?post=27892"}],"curies":[{"name":"wp","href":"https:\/\/api.w.org\/{rel}","templated":true}]}}