{"id":26458,"date":"2025-10-08T19:28:09","date_gmt":"2025-10-08T17:28:09","guid":{"rendered":"https:\/\/erbolinea.com\/?post_type=product&#038;p=26458"},"modified":"2026-04-08T09:34:57","modified_gmt":"2026-04-08T07:34:57","slug":"lampada-catalitica-modello-spiral-fragranze-prestige","status":"publish","type":"product","link":"https:\/\/erbolinea.com\/fr\/produit\/lampada-catalitica-modello-spiral-fragranze-prestige\/","title":{"rendered":"Lampe catalytique - Mod\u00e8le Spiral - Prestige Fragrances"},"content":{"rendered":"<p>Gr\u00e2ce \u00e0 un processus unique de combustion catalytique \u00e0 haute temp\u00e9rature, la lampe catalytique est capable de d\u00e9truire les mol\u00e9cules nocives qui se cachent derri\u00e8re les odeurs d\u00e9sagr\u00e9ables (tabac, nourriture, mauvaises odeurs), de stopper la prolif\u00e9ration des bact\u00e9ries et des germes, de d\u00e9sodoriser et de parfumer durablement les pi\u00e8ces pour longtemps. D\u00e9couvrez tous les avantages de notre diffuseur catalytique.<\/p>\n<p><strong>Vous trouverez ci-dessous une vid\u00e9o explicative sur l'utilisation correcte de la lampe.<\/strong><\/p>\n<h6><\/h6>","protected":false},"excerpt":{"rendered":"<p>Gr\u00e2ce \u00e0 un proc\u00e9d\u00e9 unique de combustion catalytique \u00e0 haute temp\u00e9rature, la lampe catalytique est capable de d\u00e9truire les mol\u00e9cules nocives qui se cachent derri\u00e8re les mauvaises odeurs (tabac, aliments, mauvaises odeurs), de stopper la prolif\u00e9ration des bact\u00e9ries et des germes, de d\u00e9sodoriser et de parfumer durablement les pi\u00e8ces. D\u00e9couvrez tous les avantages de notre diffuseur.","protected":false},"featured_media":27281,"template":"","meta":[],"product_brand":[],"product_cat":[509],"product_tag":[],"class_list":{"0":"post-26458","1":"product","2":"type-product","3":"status-publish","4":"has-post-thumbnail","6":"product_cat-novita","8":"first","9":"instock","10":"shipping-taxable","11":"purchasable","12":"product-type-variable","13":"has-default-attributes"},"yoast_head":"<!-- This site is optimized with the Yoast SEO Premium plugin v26.2 (Yoast SEO v26.4) - https:\/\/yoast.com\/wordpress\/plugins\/seo\/ -->\n<title>diffusore catalitico | diffusori catalitici | erbolinea store online<\/title>\n<meta name=\"description\" content=\"Distruggi le molecole nocive che nascondono dietro gli odori sgradevoli grazie al nostro diffusore catalitico. Acquista sullo shop Erbolinea\" \/>\n<meta name=\"robots\" content=\"index, follow, max-snippet:-1, max-image-preview:large, max-video-preview:-1\" \/>\n<link rel=\"canonical\" href=\"https:\/\/erbolinea.com\/fr\/produit\/lampada-catalitica-modello-spiral-fragranze-prestige\/\" \/>\n<meta property=\"og:locale\" content=\"fr_FR\" \/>\n<meta property=\"og:type\" content=\"article\" \/>\n<meta property=\"og:title\" content=\"Lampada Catalitica - Modello Spiral - Fragranze Prestige\" \/>\n<meta property=\"og:description\" content=\"Distruggi le molecole nocive che nascondono dietro gli odori sgradevoli grazie al nostro diffusore catalitico. Acquista sullo shop Erbolinea\" \/>\n<meta property=\"og:url\" content=\"https:\/\/erbolinea.com\/fr\/produit\/lampada-catalitica-modello-spiral-fragranze-prestige\/\" \/>\n<meta property=\"og:site_name\" content=\"Erbolinea - Store Fragrances\" \/>\n<meta property=\"article:publisher\" content=\"https:\/\/www.facebook.com\/erbolinea\" \/>\n<meta property=\"article:modified_time\" content=\"2026-04-08T07:34:57+00:00\" \/>\n<meta property=\"og:image\" content=\"https:\/\/erbolinea.com\/wp-content\/uploads\/2025\/10\/catalitica_spiral_verde_gheriglia_oro.jpg\" \/>\n\t<meta property=\"og:image:width\" content=\"1080\" \/>\n\t<meta property=\"og:image:height\" content=\"1080\" \/>\n\t<meta property=\"og:image:type\" content=\"image\/jpeg\" \/>\n<meta name=\"twitter:card\" content=\"summary_large_image\" \/>\n<meta name=\"twitter:label1\" content=\"Disponibilit\u00e9\" \/>\n\t<meta name=\"twitter:data1\" content=\"En stock\" \/>\n<script type=\"application\/ld+json\" class=\"yoast-schema-graph\">{\"@context\":\"https:\/\/schema.org\",\"@graph\":[{\"@type\":\"WebPage\",\"@id\":\"https:\/\/erbolinea.com\/prodotto\/lampada-catalitica-modello-spiral-fragranze-prestige\/\",\"url\":\"https:\/\/erbolinea.com\/prodotto\/lampada-catalitica-modello-spiral-fragranze-prestige\/\",\"name\":\"diffusore catalitico | diffusori catalitici | erbolinea store online\",\"isPartOf\":{\"@id\":\"https:\/\/erbolinea.com\/#website\"},\"primaryImageOfPage\":{\"@id\":\"https:\/\/erbolinea.com\/prodotto\/lampada-catalitica-modello-spiral-fragranze-prestige\/#primaryimage\"},\"image\":{\"@id\":\"https:\/\/erbolinea.com\/prodotto\/lampada-catalitica-modello-spiral-fragranze-prestige\/#primaryimage\"},\"thumbnailUrl\":\"https:\/\/erbolinea.com\/wp-content\/uploads\/2025\/10\/catalitica_spiral_verde_gheriglia_oro.jpg\",\"datePublished\":\"2025-10-08T17:28:09+00:00\",\"dateModified\":\"2026-04-08T07:34:57+00:00\",\"description\":\"Distruggi le molecole nocive che nascondono dietro gli odori sgradevoli grazie al nostro diffusore catalitico. Acquista sullo shop Erbolinea\",\"breadcrumb\":{\"@id\":\"https:\/\/erbolinea.com\/prodotto\/lampada-catalitica-modello-spiral-fragranze-prestige\/#breadcrumb\"},\"inLanguage\":\"fr-FR\",\"potentialAction\":[{\"@type\":\"ReadAction\",\"target\":[\"https:\/\/erbolinea.com\/prodotto\/lampada-catalitica-modello-spiral-fragranze-prestige\/\"]}]},{\"@type\":\"ImageObject\",\"inLanguage\":\"fr-FR\",\"@id\":\"https:\/\/erbolinea.com\/prodotto\/lampada-catalitica-modello-spiral-fragranze-prestige\/#primaryimage\",\"url\":\"https:\/\/erbolinea.com\/wp-content\/uploads\/2025\/10\/catalitica_spiral_verde_gheriglia_oro.jpg\",\"contentUrl\":\"https:\/\/erbolinea.com\/wp-content\/uploads\/2025\/10\/catalitica_spiral_verde_gheriglia_oro.jpg\",\"width\":1080,\"height\":1080},{\"@type\":\"BreadcrumbList\",\"@id\":\"https:\/\/erbolinea.com\/prodotto\/lampada-catalitica-modello-spiral-fragranze-prestige\/#breadcrumb\",\"itemListElement\":[{\"@type\":\"ListItem\",\"position\":1,\"name\":\"Home\",\"item\":\"https:\/\/erbolinea.com\/\"},{\"@type\":\"ListItem\",\"position\":2,\"name\":\"Shop\",\"item\":\"https:\/\/erbolinea.com\/shop\/\"},{\"@type\":\"ListItem\",\"position\":3,\"name\":\"Lampada Catalitica &#8211; Modello Spiral &#8211; Fragranze Prestige\"}]},{\"@type\":\"WebSite\",\"@id\":\"https:\/\/erbolinea.com\/#website\",\"url\":\"https:\/\/erbolinea.com\/\",\"name\":\"Erbolinea - Store Fragrances\",\"description\":\"Vendita diffusori di ambiente\",\"publisher\":{\"@id\":\"https:\/\/erbolinea.com\/#organization\"},\"alternateName\":\"Erbolinea\",\"potentialAction\":[{\"@type\":\"SearchAction\",\"target\":{\"@type\":\"EntryPoint\",\"urlTemplate\":\"https:\/\/erbolinea.com\/?s={search_term_string}\"},\"query-input\":{\"@type\":\"PropertyValueSpecification\",\"valueRequired\":true,\"valueName\":\"search_term_string\"}}],\"inLanguage\":\"fr-FR\"},{\"@type\":\"Organization\",\"@id\":\"https:\/\/erbolinea.com\/#organization\",\"name\":\"Erbolinea\",\"url\":\"https:\/\/erbolinea.com\/\",\"logo\":{\"@type\":\"ImageObject\",\"inLanguage\":\"fr-FR\",\"@id\":\"https:\/\/erbolinea.com\/#\/schema\/logo\/image\/\",\"url\":\"https:\/\/erbolinea.com\/wp-content\/uploads\/2020\/04\/logo-400x83_new.png\",\"contentUrl\":\"https:\/\/erbolinea.com\/wp-content\/uploads\/2020\/04\/logo-400x83_new.png\",\"width\":400,\"height\":103,\"caption\":\"Erbolinea\"},\"image\":{\"@id\":\"https:\/\/erbolinea.com\/#\/schema\/logo\/image\/\"},\"sameAs\":[\"https:\/\/www.facebook.com\/erbolinea\",\"https:\/\/www.instagram.com\/erbolinea_fragranze_srl\/\",\"https:\/\/www.youtube.com\/channel\/UCREXSGcI2lrYs6eT9VapG3w\"]}]}<\/script>\n<meta property=\"product:brand\" content=\"Erbolinea\" \/>\n<meta property=\"og:availability\" content=\"instock\" \/>\n<meta property=\"product:availability\" content=\"instock\" \/>\n<meta property=\"product:retailer_item_id\" content=\"cat_spiral_prestige\" \/>\n<meta property=\"product:condition\" content=\"new\" \/>\n<!-- \/ Yoast SEO Premium plugin. -->","yoast_head_json":{"title":"diffuseur catalytique | diffuseurs catalytiques | erbolinea online store","description":"D\u00e9truisez les mol\u00e9cules nocives \u00e0 l'origine des mauvaises odeurs gr\u00e2ce \u00e0 notre diffuseur catalytique. Acheter dans la boutique Erbolinea","robots":{"index":"index","follow":"follow","max-snippet":"max-snippet:-1","max-image-preview":"max-image-preview:large","max-video-preview":"max-video-preview:-1"},"canonical":"https:\/\/erbolinea.com\/fr\/produit\/lampada-catalitica-modello-spiral-fragranze-prestige\/","og_locale":"fr_FR","og_type":"article","og_title":"Lampada Catalitica - Modello Spiral - Fragranze Prestige","og_description":"Distruggi le molecole nocive che nascondono dietro gli odori sgradevoli grazie al nostro diffusore catalitico. Acquista sullo shop Erbolinea","og_url":"https:\/\/erbolinea.com\/fr\/produit\/lampada-catalitica-modello-spiral-fragranze-prestige\/","og_site_name":"Erbolinea - Store Fragrances","article_publisher":"https:\/\/www.facebook.com\/erbolinea","article_modified_time":"2026-04-08T07:34:57+00:00","og_image":[{"width":1080,"height":1080,"url":"https:\/\/erbolinea.com\/wp-content\/uploads\/2025\/10\/catalitica_spiral_verde_gheriglia_oro.jpg","type":"image\/jpeg"}],"twitter_card":"summary_large_image","twitter_misc":{"Disponibilit\u00e9":"En stock"},"schema":{"@context":"https:\/\/schema.org","@graph":[{"@type":"WebPage","@id":"https:\/\/erbolinea.com\/prodotto\/lampada-catalitica-modello-spiral-fragranze-prestige\/","url":"https:\/\/erbolinea.com\/prodotto\/lampada-catalitica-modello-spiral-fragranze-prestige\/","name":"diffuseur catalytique | diffuseurs catalytiques | erbolinea online store","isPartOf":{"@id":"https:\/\/erbolinea.com\/#website"},"primaryImageOfPage":{"@id":"https:\/\/erbolinea.com\/prodotto\/lampada-catalitica-modello-spiral-fragranze-prestige\/#primaryimage"},"image":{"@id":"https:\/\/erbolinea.com\/prodotto\/lampada-catalitica-modello-spiral-fragranze-prestige\/#primaryimage"},"thumbnailUrl":"https:\/\/erbolinea.com\/wp-content\/uploads\/2025\/10\/catalitica_spiral_verde_gheriglia_oro.jpg","datePublished":"2025-10-08T17:28:09+00:00","dateModified":"2026-04-08T07:34:57+00:00","description":"D\u00e9truisez les mol\u00e9cules nocives \u00e0 l'origine des mauvaises odeurs gr\u00e2ce \u00e0 notre diffuseur catalytique. Acheter dans la boutique Erbolinea","breadcrumb":{"@id":"https:\/\/erbolinea.com\/prodotto\/lampada-catalitica-modello-spiral-fragranze-prestige\/#breadcrumb"},"inLanguage":"fr-FR","potentialAction":[{"@type":"ReadAction","target":["https:\/\/erbolinea.com\/prodotto\/lampada-catalitica-modello-spiral-fragranze-prestige\/"]}]},{"@type":"ImageObject","inLanguage":"fr-FR","@id":"https:\/\/erbolinea.com\/prodotto\/lampada-catalitica-modello-spiral-fragranze-prestige\/#primaryimage","url":"https:\/\/erbolinea.com\/wp-content\/uploads\/2025\/10\/catalitica_spiral_verde_gheriglia_oro.jpg","contentUrl":"https:\/\/erbolinea.com\/wp-content\/uploads\/2025\/10\/catalitica_spiral_verde_gheriglia_oro.jpg","width":1080,"height":1080},{"@type":"BreadcrumbList","@id":"https:\/\/erbolinea.com\/prodotto\/lampada-catalitica-modello-spiral-fragranze-prestige\/#breadcrumb","itemListElement":[{"@type":"ListItem","position":1,"name":"Home","item":"https:\/\/erbolinea.com\/"},{"@type":"ListItem","position":2,"name":"Shop","item":"https:\/\/erbolinea.com\/shop\/"},{"@type":"ListItem","position":3,"name":"Lampada Catalitica &#8211; Modello Spiral &#8211; Fragranze Prestige"}]},{"@type":"WebSite","@id":"https:\/\/erbolinea.com\/#website","url":"https:\/\/erbolinea.com\/","name":"Erbolinea - Parfums de magasins","description":"Diffuseurs d'ambiance \u00e0 vendre","publisher":{"@id":"https:\/\/erbolinea.com\/#organization"},"alternateName":"Erbolinea","potentialAction":[{"@type":"SearchAction","target":{"@type":"EntryPoint","urlTemplate":"https:\/\/erbolinea.com\/?s={search_term_string}"},"query-input":{"@type":"PropertyValueSpecification","valueRequired":true,"valueName":"search_term_string"}}],"inLanguage":"fr-FR"},{"@type":"Organization","@id":"https:\/\/erbolinea.com\/#organization","name":"Erbolinea","url":"https:\/\/erbolinea.com\/","logo":{"@type":"ImageObject","inLanguage":"fr-FR","@id":"https:\/\/erbolinea.com\/#\/schema\/logo\/image\/","url":"https:\/\/erbolinea.com\/wp-content\/uploads\/2020\/04\/logo-400x83_new.png","contentUrl":"https:\/\/erbolinea.com\/wp-content\/uploads\/2020\/04\/logo-400x83_new.png","width":400,"height":103,"caption":"Erbolinea"},"image":{"@id":"https:\/\/erbolinea.com\/#\/schema\/logo\/image\/"},"sameAs":["https:\/\/www.facebook.com\/erbolinea","https:\/\/www.instagram.com\/erbolinea_fragranze_srl\/","https:\/\/www.youtube.com\/channel\/UCREXSGcI2lrYs6eT9VapG3w"]}]},"product_brand":"Erbolinea","og_availability":"instock","product_availability":"instock","product_retailer_item_id":"cat_spiral_prestige","product_condition":"new"},"_links":{"self":[{"href":"https:\/\/erbolinea.com\/fr\/wp-json\/wp\/v2\/product\/26458","targetHints":{"allow":["GET"]}}],"collection":[{"href":"https:\/\/erbolinea.com\/fr\/wp-json\/wp\/v2\/product"}],"about":[{"href":"https:\/\/erbolinea.com\/fr\/wp-json\/wp\/v2\/types\/product"}],"wp:featuredmedia":[{"embeddable":true,"href":"https:\/\/erbolinea.com\/fr\/wp-json\/wp\/v2\/media\/27281"}],"wp:attachment":[{"href":"https:\/\/erbolinea.com\/fr\/wp-json\/wp\/v2\/media?parent=26458"}],"wp:term":[{"taxonomy":"product_brand","embeddable":true,"href":"https:\/\/erbolinea.com\/fr\/wp-json\/wp\/v2\/product_brand?post=26458"},{"taxonomy":"product_cat","embeddable":true,"href":"https:\/\/erbolinea.com\/fr\/wp-json\/wp\/v2\/product_cat?post=26458"},{"taxonomy":"product_tag","embeddable":true,"href":"https:\/\/erbolinea.com\/fr\/wp-json\/wp\/v2\/product_tag?post=26458"}],"curies":[{"name":"wp","href":"https:\/\/api.w.org\/{rel}","templated":true}]}}