{"id":26130,"date":"2025-07-08T19:17:00","date_gmt":"2025-07-08T17:17:00","guid":{"rendered":"https:\/\/erbolinea.com\/?post_type=product&#038;p=26130"},"modified":"2025-12-02T11:10:53","modified_gmt":"2025-12-02T10:10:53","slug":"ricarica-per-lampade-catalitiche-fragranze-oud","status":"publish","type":"product","link":"https:\/\/erbolinea.com\/fr\/produit\/ricarica-per-lampade-catalitiche-fragranze-oud\/","title":{"rendered":"Recharge pour lampes catalytiques de parfum OUD"},"content":{"rendered":"<p><a href=\"https:\/\/erbolinea.com\/fr\/\">Erbolinea<\/a> propose un bouquet toujours plus large de recharges pour lampes catalytiques, allant des parfums les plus doux aux agrumes, frais, \u00e9pic\u00e9s, floraux, gourmands et \u00e0 l'oud. Elles conviennent pour cr\u00e9er une atmosph\u00e8re d\u00e9licieuse et <a href=\"https:\/\/www.facebook.com\/search\/top?q=erbolinea%20fragranze%20srl\">chaleureuse<\/a>.<\/p>\n<h6><\/h6>","protected":false},"excerpt":{"rendered":"<p>Erbolinea propose un bouquet toujours plus large de recharges pour lampes catalytiques, des parfums les plus doux aux agrumes, frais, \u00e9pic\u00e9s, floraux, gourmands et oud. Adapt\u00e9es \u00e0 la cr\u00e9ation d'une atmosph\u00e8re d\u00e9licieuse et chaleureuse.<\/p>","protected":false},"featured_media":27780,"template":"","meta":[],"product_brand":[],"product_cat":[],"product_tag":[],"class_list":{"0":"post-26130","1":"product","2":"type-product","3":"status-publish","4":"has-post-thumbnail","7":"first","8":"instock","9":"shipping-taxable","10":"purchasable","11":"product-type-variable"},"yoast_head":"<!-- This site is optimized with the Yoast SEO Premium plugin v26.2 (Yoast SEO v26.4) - https:\/\/yoast.com\/wordpress\/plugins\/seo\/ -->\n<title>Ricarica vin di vino | Erbolinea profumatori per la casa<\/title>\n<meta name=\"description\" content=\"Hai terminato il tuo profumo al vin di vino? Acquista la tua ricarica vin di vino per la tua lampada catalitica sul nostro shop.\" \/>\n<meta name=\"robots\" content=\"index, follow, max-snippet:-1, max-image-preview:large, max-video-preview:-1\" \/>\n<link rel=\"canonical\" href=\"https:\/\/erbolinea.com\/fr\/produit\/ricarica-per-lampade-catalitiche-fragranze-oud\/\" \/>\n<meta property=\"og:locale\" content=\"fr_FR\" \/>\n<meta property=\"og:type\" content=\"article\" \/>\n<meta property=\"og:title\" content=\"Ricarica per lampade catalitiche fragranze OUD\" \/>\n<meta property=\"og:description\" content=\"Hai terminato il tuo profumo al vin di vino? Acquista la tua ricarica vin di vino per la tua lampada catalitica sul nostro shop.\" \/>\n<meta property=\"og:url\" content=\"https:\/\/erbolinea.com\/fr\/produit\/ricarica-per-lampade-catalitiche-fragranze-oud\/\" \/>\n<meta property=\"og:site_name\" content=\"Erbolinea - Store Fragrances\" \/>\n<meta property=\"article:publisher\" content=\"https:\/\/www.facebook.com\/erbolinea\" \/>\n<meta property=\"article:modified_time\" content=\"2025-12-02T10:10:53+00:00\" \/>\n<meta property=\"og:image\" content=\"https:\/\/erbolinea.com\/wp-content\/uploads\/2025\/07\/ricarica-catalitica-imperiali-oud3_new.jpg\" \/>\n\t<meta property=\"og:image:width\" content=\"1080\" \/>\n\t<meta property=\"og:image:height\" content=\"1080\" \/>\n\t<meta property=\"og:image:type\" content=\"image\/jpeg\" \/>\n<meta name=\"twitter:card\" content=\"summary_large_image\" \/>\n<meta name=\"twitter:label1\" content=\"Disponibilit\u00e9\" \/>\n\t<meta name=\"twitter:data1\" content=\"En stock\" \/>\n<script type=\"application\/ld+json\" class=\"yoast-schema-graph\">{\"@context\":\"https:\/\/schema.org\",\"@graph\":[{\"@type\":\"WebPage\",\"@id\":\"https:\/\/erbolinea.com\/prodotto\/ricarica-per-lampade-catalitiche-fragranze-oud\/\",\"url\":\"https:\/\/erbolinea.com\/prodotto\/ricarica-per-lampade-catalitiche-fragranze-oud\/\",\"name\":\"Ricarica vin di vino | Erbolinea profumatori per la casa\",\"isPartOf\":{\"@id\":\"https:\/\/erbolinea.com\/#website\"},\"primaryImageOfPage\":{\"@id\":\"https:\/\/erbolinea.com\/prodotto\/ricarica-per-lampade-catalitiche-fragranze-oud\/#primaryimage\"},\"image\":{\"@id\":\"https:\/\/erbolinea.com\/prodotto\/ricarica-per-lampade-catalitiche-fragranze-oud\/#primaryimage\"},\"thumbnailUrl\":\"https:\/\/erbolinea.com\/wp-content\/uploads\/2025\/07\/ricarica-catalitica-imperiali-oud3_new.jpg\",\"datePublished\":\"2025-07-08T17:17:00+00:00\",\"dateModified\":\"2025-12-02T10:10:53+00:00\",\"description\":\"Hai terminato il tuo profumo al vin di vino? Acquista la tua ricarica vin di vino per la tua lampada catalitica sul nostro shop.\",\"breadcrumb\":{\"@id\":\"https:\/\/erbolinea.com\/prodotto\/ricarica-per-lampade-catalitiche-fragranze-oud\/#breadcrumb\"},\"inLanguage\":\"fr-FR\",\"potentialAction\":[{\"@type\":\"ReadAction\",\"target\":[\"https:\/\/erbolinea.com\/prodotto\/ricarica-per-lampade-catalitiche-fragranze-oud\/\"]}]},{\"@type\":\"ImageObject\",\"inLanguage\":\"fr-FR\",\"@id\":\"https:\/\/erbolinea.com\/prodotto\/ricarica-per-lampade-catalitiche-fragranze-oud\/#primaryimage\",\"url\":\"https:\/\/erbolinea.com\/wp-content\/uploads\/2025\/07\/ricarica-catalitica-imperiali-oud3_new.jpg\",\"contentUrl\":\"https:\/\/erbolinea.com\/wp-content\/uploads\/2025\/07\/ricarica-catalitica-imperiali-oud3_new.jpg\",\"width\":1080,\"height\":1080},{\"@type\":\"BreadcrumbList\",\"@id\":\"https:\/\/erbolinea.com\/prodotto\/ricarica-per-lampade-catalitiche-fragranze-oud\/#breadcrumb\",\"itemListElement\":[{\"@type\":\"ListItem\",\"position\":1,\"name\":\"Home\",\"item\":\"https:\/\/erbolinea.com\/\"},{\"@type\":\"ListItem\",\"position\":2,\"name\":\"Shop\",\"item\":\"https:\/\/erbolinea.com\/shop\/\"},{\"@type\":\"ListItem\",\"position\":3,\"name\":\"Ricarica per lampade catalitiche fragranze OUD\"}]},{\"@type\":\"WebSite\",\"@id\":\"https:\/\/erbolinea.com\/#website\",\"url\":\"https:\/\/erbolinea.com\/\",\"name\":\"Erbolinea - Store Fragrances\",\"description\":\"Vendita diffusori di ambiente\",\"publisher\":{\"@id\":\"https:\/\/erbolinea.com\/#organization\"},\"alternateName\":\"Erbolinea\",\"potentialAction\":[{\"@type\":\"SearchAction\",\"target\":{\"@type\":\"EntryPoint\",\"urlTemplate\":\"https:\/\/erbolinea.com\/?s={search_term_string}\"},\"query-input\":{\"@type\":\"PropertyValueSpecification\",\"valueRequired\":true,\"valueName\":\"search_term_string\"}}],\"inLanguage\":\"fr-FR\"},{\"@type\":\"Organization\",\"@id\":\"https:\/\/erbolinea.com\/#organization\",\"name\":\"Erbolinea\",\"url\":\"https:\/\/erbolinea.com\/\",\"logo\":{\"@type\":\"ImageObject\",\"inLanguage\":\"fr-FR\",\"@id\":\"https:\/\/erbolinea.com\/#\/schema\/logo\/image\/\",\"url\":\"https:\/\/erbolinea.com\/wp-content\/uploads\/2020\/04\/logo-400x83_new.png\",\"contentUrl\":\"https:\/\/erbolinea.com\/wp-content\/uploads\/2020\/04\/logo-400x83_new.png\",\"width\":400,\"height\":103,\"caption\":\"Erbolinea\"},\"image\":{\"@id\":\"https:\/\/erbolinea.com\/#\/schema\/logo\/image\/\"},\"sameAs\":[\"https:\/\/www.facebook.com\/erbolinea\",\"https:\/\/www.instagram.com\/erbolinea_fragranze_srl\/\",\"https:\/\/www.youtube.com\/channel\/UCREXSGcI2lrYs6eT9VapG3w\"]}]}<\/script>\n<meta property=\"product:brand\" content=\"Erbolinea\" \/>\n<meta property=\"og:availability\" content=\"instock\" \/>\n<meta property=\"product:availability\" content=\"instock\" \/>\n<meta property=\"product:retailer_item_id\" content=\"ric_fra_oud\" \/>\n<meta property=\"product:condition\" content=\"new\" \/>\n<!-- \/ Yoast SEO Premium plugin. -->","yoast_head_json":{"title":"Recharge de vin | Erbolinea parfums d'ambiance","description":"Vous avez termin\u00e9 votre parfum vin de vin ? Achetez votre recharge de vin de vin pour votre lampe catalytique dans notre boutique.","robots":{"index":"index","follow":"follow","max-snippet":"max-snippet:-1","max-image-preview":"max-image-preview:large","max-video-preview":"max-video-preview:-1"},"canonical":"https:\/\/erbolinea.com\/fr\/produit\/ricarica-per-lampade-catalitiche-fragranze-oud\/","og_locale":"fr_FR","og_type":"article","og_title":"Ricarica per lampade catalitiche fragranze OUD","og_description":"Hai terminato il tuo profumo al vin di vino? Acquista la tua ricarica vin di vino per la tua lampada catalitica sul nostro shop.","og_url":"https:\/\/erbolinea.com\/fr\/produit\/ricarica-per-lampade-catalitiche-fragranze-oud\/","og_site_name":"Erbolinea - Store Fragrances","article_publisher":"https:\/\/www.facebook.com\/erbolinea","article_modified_time":"2025-12-02T10:10:53+00:00","og_image":[{"width":1080,"height":1080,"url":"https:\/\/erbolinea.com\/wp-content\/uploads\/2025\/07\/ricarica-catalitica-imperiali-oud3_new.jpg","type":"image\/jpeg"}],"twitter_card":"summary_large_image","twitter_misc":{"Disponibilit\u00e9":"En stock"},"schema":{"@context":"https:\/\/schema.org","@graph":[{"@type":"WebPage","@id":"https:\/\/erbolinea.com\/prodotto\/ricarica-per-lampade-catalitiche-fragranze-oud\/","url":"https:\/\/erbolinea.com\/prodotto\/ricarica-per-lampade-catalitiche-fragranze-oud\/","name":"Recharge de vin | Erbolinea parfums d'ambiance","isPartOf":{"@id":"https:\/\/erbolinea.com\/#website"},"primaryImageOfPage":{"@id":"https:\/\/erbolinea.com\/prodotto\/ricarica-per-lampade-catalitiche-fragranze-oud\/#primaryimage"},"image":{"@id":"https:\/\/erbolinea.com\/prodotto\/ricarica-per-lampade-catalitiche-fragranze-oud\/#primaryimage"},"thumbnailUrl":"https:\/\/erbolinea.com\/wp-content\/uploads\/2025\/07\/ricarica-catalitica-imperiali-oud3_new.jpg","datePublished":"2025-07-08T17:17:00+00:00","dateModified":"2025-12-02T10:10:53+00:00","description":"Vous avez termin\u00e9 votre parfum vin de vin ? Achetez votre recharge de vin de vin pour votre lampe catalytique dans notre boutique.","breadcrumb":{"@id":"https:\/\/erbolinea.com\/prodotto\/ricarica-per-lampade-catalitiche-fragranze-oud\/#breadcrumb"},"inLanguage":"fr-FR","potentialAction":[{"@type":"ReadAction","target":["https:\/\/erbolinea.com\/prodotto\/ricarica-per-lampade-catalitiche-fragranze-oud\/"]}]},{"@type":"ImageObject","inLanguage":"fr-FR","@id":"https:\/\/erbolinea.com\/prodotto\/ricarica-per-lampade-catalitiche-fragranze-oud\/#primaryimage","url":"https:\/\/erbolinea.com\/wp-content\/uploads\/2025\/07\/ricarica-catalitica-imperiali-oud3_new.jpg","contentUrl":"https:\/\/erbolinea.com\/wp-content\/uploads\/2025\/07\/ricarica-catalitica-imperiali-oud3_new.jpg","width":1080,"height":1080},{"@type":"BreadcrumbList","@id":"https:\/\/erbolinea.com\/prodotto\/ricarica-per-lampade-catalitiche-fragranze-oud\/#breadcrumb","itemListElement":[{"@type":"ListItem","position":1,"name":"Home","item":"https:\/\/erbolinea.com\/"},{"@type":"ListItem","position":2,"name":"Shop","item":"https:\/\/erbolinea.com\/shop\/"},{"@type":"ListItem","position":3,"name":"Ricarica per lampade catalitiche fragranze OUD"}]},{"@type":"WebSite","@id":"https:\/\/erbolinea.com\/#website","url":"https:\/\/erbolinea.com\/","name":"Erbolinea - Parfums de magasins","description":"Diffuseurs d'ambiance \u00e0 vendre","publisher":{"@id":"https:\/\/erbolinea.com\/#organization"},"alternateName":"Erbolinea","potentialAction":[{"@type":"SearchAction","target":{"@type":"EntryPoint","urlTemplate":"https:\/\/erbolinea.com\/?s={search_term_string}"},"query-input":{"@type":"PropertyValueSpecification","valueRequired":true,"valueName":"search_term_string"}}],"inLanguage":"fr-FR"},{"@type":"Organization","@id":"https:\/\/erbolinea.com\/#organization","name":"Erbolinea","url":"https:\/\/erbolinea.com\/","logo":{"@type":"ImageObject","inLanguage":"fr-FR","@id":"https:\/\/erbolinea.com\/#\/schema\/logo\/image\/","url":"https:\/\/erbolinea.com\/wp-content\/uploads\/2020\/04\/logo-400x83_new.png","contentUrl":"https:\/\/erbolinea.com\/wp-content\/uploads\/2020\/04\/logo-400x83_new.png","width":400,"height":103,"caption":"Erbolinea"},"image":{"@id":"https:\/\/erbolinea.com\/#\/schema\/logo\/image\/"},"sameAs":["https:\/\/www.facebook.com\/erbolinea","https:\/\/www.instagram.com\/erbolinea_fragranze_srl\/","https:\/\/www.youtube.com\/channel\/UCREXSGcI2lrYs6eT9VapG3w"]}]},"product_brand":"Erbolinea","og_availability":"instock","product_availability":"instock","product_retailer_item_id":"ric_fra_oud","product_condition":"new"},"_links":{"self":[{"href":"https:\/\/erbolinea.com\/fr\/wp-json\/wp\/v2\/product\/26130","targetHints":{"allow":["GET"]}}],"collection":[{"href":"https:\/\/erbolinea.com\/fr\/wp-json\/wp\/v2\/product"}],"about":[{"href":"https:\/\/erbolinea.com\/fr\/wp-json\/wp\/v2\/types\/product"}],"wp:featuredmedia":[{"embeddable":true,"href":"https:\/\/erbolinea.com\/fr\/wp-json\/wp\/v2\/media\/27780"}],"wp:attachment":[{"href":"https:\/\/erbolinea.com\/fr\/wp-json\/wp\/v2\/media?parent=26130"}],"wp:term":[{"taxonomy":"product_brand","embeddable":true,"href":"https:\/\/erbolinea.com\/fr\/wp-json\/wp\/v2\/product_brand?post=26130"},{"taxonomy":"product_cat","embeddable":true,"href":"https:\/\/erbolinea.com\/fr\/wp-json\/wp\/v2\/product_cat?post=26130"},{"taxonomy":"product_tag","embeddable":true,"href":"https:\/\/erbolinea.com\/fr\/wp-json\/wp\/v2\/product_tag?post=26130"}],"curies":[{"name":"wp","href":"https:\/\/api.w.org\/{rel}","templated":true}]}}