{"id":26117,"date":"2025-07-08T19:00:14","date_gmt":"2025-07-08T17:00:14","guid":{"rendered":"https:\/\/erbolinea.com\/?post_type=product&#038;p=26117"},"modified":"2026-04-09T10:11:44","modified_gmt":"2026-04-09T08:11:44","slug":"linea-intenso-home-spray-fragranze-oud","status":"publish","type":"product","link":"https:\/\/erbolinea.com\/fr\/produit\/linea-intenso-home-spray-fragranze-oud\/","title":{"rendered":"Intenso Home Spray Line - OUD Fragrances"},"content":{"rendered":"<p>La ligne de vaporisateurs <a href=\"https:\/\/erbolinea.com\/fr\/produit\/intenso-home-spray-linea-i-ricordi\/\">Intense pour la Maison<\/a> Personnalisez vos pi\u00e8ces et offrez des \u00e9motions durables gr\u00e2ce au contenant pratique de 100 ml \u00e0 forte diffusion et \u00e0 forte concentration de parfum, cr\u00e9ant des atmosph\u00e8res intimes et chaleureuses jour apr\u00e8s jour.<\/p>\n<h6><\/h6>","protected":false},"excerpt":{"rendered":"<p>La ligne Intenso Home Spray personnalise vos pi\u00e8ces et procure des \u00e9motions durables gr\u00e2ce \u00e0 son contenant pratique de 100 ml \u00e0 forte diffusion et haute concentration de parfum, cr\u00e9ant des atmosph\u00e8res intimes et chaleureuses jour apr\u00e8s jour.<\/p>","protected":false},"featured_media":26120,"template":"","meta":[],"product_brand":[],"product_cat":[],"product_tag":[],"class_list":{"0":"post-26117","1":"product","2":"type-product","3":"status-publish","4":"has-post-thumbnail","7":"first","8":"instock","9":"shipping-taxable","10":"purchasable","11":"product-type-variable"},"yoast_head":"<!-- This site is optimized with the Yoast SEO Premium plugin v26.2 (Yoast SEO v26.4) - https:\/\/yoast.com\/wordpress\/plugins\/seo\/ -->\n<title>home spray vin di vino | erbolinea profumazioni | fragranze per la casa<\/title>\n<meta name=\"description\" content=\"Regala esperienze durature con le nostre fragranze home spray. Dalla home spray vin di vino, ai legni imperiali fino al rosato di vino.\" \/>\n<meta name=\"robots\" content=\"index, follow, max-snippet:-1, max-image-preview:large, max-video-preview:-1\" \/>\n<link rel=\"canonical\" href=\"https:\/\/erbolinea.com\/fr\/produit\/linea-intenso-home-spray-fragranze-oud\/\" \/>\n<meta property=\"og:locale\" content=\"fr_FR\" \/>\n<meta property=\"og:type\" content=\"article\" \/>\n<meta property=\"og:title\" content=\"Linea Intenso Home Spray - Fragranze OUD\" \/>\n<meta property=\"og:description\" content=\"Regala esperienze durature con le nostre fragranze home spray. Dalla home spray vin di vino, ai legni imperiali fino al rosato di vino.\" \/>\n<meta property=\"og:url\" content=\"https:\/\/erbolinea.com\/fr\/produit\/linea-intenso-home-spray-fragranze-oud\/\" \/>\n<meta property=\"og:site_name\" content=\"Erbolinea - Store Fragrances\" \/>\n<meta property=\"article:publisher\" content=\"https:\/\/www.facebook.com\/erbolinea\" \/>\n<meta property=\"article:modified_time\" content=\"2026-04-09T08:11:44+00:00\" \/>\n<meta property=\"og:image\" content=\"https:\/\/erbolinea.com\/wp-content\/uploads\/2025\/07\/intensohome-imperiali-oud1.jpg\" \/>\n\t<meta property=\"og:image:width\" content=\"1080\" \/>\n\t<meta property=\"og:image:height\" content=\"1080\" \/>\n\t<meta property=\"og:image:type\" content=\"image\/jpeg\" \/>\n<meta name=\"twitter:card\" content=\"summary_large_image\" \/>\n<meta name=\"twitter:label1\" content=\"Disponibilit\u00e9\" \/>\n\t<meta name=\"twitter:data1\" content=\"En stock\" \/>\n<script type=\"application\/ld+json\" class=\"yoast-schema-graph\">{\"@context\":\"https:\/\/schema.org\",\"@graph\":[{\"@type\":\"WebPage\",\"@id\":\"https:\/\/erbolinea.com\/prodotto\/linea-intenso-home-spray-fragranze-oud\/\",\"url\":\"https:\/\/erbolinea.com\/prodotto\/linea-intenso-home-spray-fragranze-oud\/\",\"name\":\"home spray vin di vino | erbolinea profumazioni | fragranze per la casa\",\"isPartOf\":{\"@id\":\"https:\/\/erbolinea.com\/#website\"},\"primaryImageOfPage\":{\"@id\":\"https:\/\/erbolinea.com\/prodotto\/linea-intenso-home-spray-fragranze-oud\/#primaryimage\"},\"image\":{\"@id\":\"https:\/\/erbolinea.com\/prodotto\/linea-intenso-home-spray-fragranze-oud\/#primaryimage\"},\"thumbnailUrl\":\"https:\/\/erbolinea.com\/wp-content\/uploads\/2025\/07\/intensohome-imperiali-oud1.jpg\",\"datePublished\":\"2025-07-08T17:00:14+00:00\",\"dateModified\":\"2026-04-09T08:11:44+00:00\",\"description\":\"Regala esperienze durature con le nostre fragranze home spray. Dalla home spray vin di vino, ai legni imperiali fino al rosato di vino.\",\"breadcrumb\":{\"@id\":\"https:\/\/erbolinea.com\/prodotto\/linea-intenso-home-spray-fragranze-oud\/#breadcrumb\"},\"inLanguage\":\"fr-FR\",\"potentialAction\":[{\"@type\":\"ReadAction\",\"target\":[\"https:\/\/erbolinea.com\/prodotto\/linea-intenso-home-spray-fragranze-oud\/\"]}]},{\"@type\":\"ImageObject\",\"inLanguage\":\"fr-FR\",\"@id\":\"https:\/\/erbolinea.com\/prodotto\/linea-intenso-home-spray-fragranze-oud\/#primaryimage\",\"url\":\"https:\/\/erbolinea.com\/wp-content\/uploads\/2025\/07\/intensohome-imperiali-oud1.jpg\",\"contentUrl\":\"https:\/\/erbolinea.com\/wp-content\/uploads\/2025\/07\/intensohome-imperiali-oud1.jpg\",\"width\":1080,\"height\":1080},{\"@type\":\"BreadcrumbList\",\"@id\":\"https:\/\/erbolinea.com\/prodotto\/linea-intenso-home-spray-fragranze-oud\/#breadcrumb\",\"itemListElement\":[{\"@type\":\"ListItem\",\"position\":1,\"name\":\"Home\",\"item\":\"https:\/\/erbolinea.com\/\"},{\"@type\":\"ListItem\",\"position\":2,\"name\":\"Shop\",\"item\":\"https:\/\/erbolinea.com\/shop\/\"},{\"@type\":\"ListItem\",\"position\":3,\"name\":\"Linea Intenso Home Spray &#8211; Fragranze OUD\"}]},{\"@type\":\"WebSite\",\"@id\":\"https:\/\/erbolinea.com\/#website\",\"url\":\"https:\/\/erbolinea.com\/\",\"name\":\"Erbolinea - Store Fragrances\",\"description\":\"Vendita diffusori di ambiente\",\"publisher\":{\"@id\":\"https:\/\/erbolinea.com\/#organization\"},\"alternateName\":\"Erbolinea\",\"potentialAction\":[{\"@type\":\"SearchAction\",\"target\":{\"@type\":\"EntryPoint\",\"urlTemplate\":\"https:\/\/erbolinea.com\/?s={search_term_string}\"},\"query-input\":{\"@type\":\"PropertyValueSpecification\",\"valueRequired\":true,\"valueName\":\"search_term_string\"}}],\"inLanguage\":\"fr-FR\"},{\"@type\":\"Organization\",\"@id\":\"https:\/\/erbolinea.com\/#organization\",\"name\":\"Erbolinea\",\"url\":\"https:\/\/erbolinea.com\/\",\"logo\":{\"@type\":\"ImageObject\",\"inLanguage\":\"fr-FR\",\"@id\":\"https:\/\/erbolinea.com\/#\/schema\/logo\/image\/\",\"url\":\"https:\/\/erbolinea.com\/wp-content\/uploads\/2020\/04\/logo-400x83_new.png\",\"contentUrl\":\"https:\/\/erbolinea.com\/wp-content\/uploads\/2020\/04\/logo-400x83_new.png\",\"width\":400,\"height\":103,\"caption\":\"Erbolinea\"},\"image\":{\"@id\":\"https:\/\/erbolinea.com\/#\/schema\/logo\/image\/\"},\"sameAs\":[\"https:\/\/www.facebook.com\/erbolinea\",\"https:\/\/www.instagram.com\/erbolinea_fragranze_srl\/\",\"https:\/\/www.youtube.com\/channel\/UCREXSGcI2lrYs6eT9VapG3w\"]}]}<\/script>\n<meta property=\"product:brand\" content=\"Erbolinea\" \/>\n<meta property=\"og:availability\" content=\"instock\" \/>\n<meta property=\"product:availability\" content=\"instock\" \/>\n<meta property=\"product:retailer_item_id\" content=\"erboff_inthome_oud\" \/>\n<meta property=\"product:condition\" content=\"new\" \/>\n<!-- \/ Yoast SEO Premium plugin. -->","yoast_head_json":{"title":"vaporisateurs de vin de maison | herbolinea fragrances | parfums d'ambiance","description":"Offrez des exp\u00e9riences durables avec nos parfums d'int\u00e9rieur en spray. Du spray d'ambiance au vin, en passant par les bois imp\u00e9riaux et le vin ros\u00e9.","robots":{"index":"index","follow":"follow","max-snippet":"max-snippet:-1","max-image-preview":"max-image-preview:large","max-video-preview":"max-video-preview:-1"},"canonical":"https:\/\/erbolinea.com\/fr\/produit\/linea-intenso-home-spray-fragranze-oud\/","og_locale":"fr_FR","og_type":"article","og_title":"Linea Intenso Home Spray - Fragranze OUD","og_description":"Regala esperienze durature con le nostre fragranze home spray. Dalla home spray vin di vino, ai legni imperiali fino al rosato di vino.","og_url":"https:\/\/erbolinea.com\/fr\/produit\/linea-intenso-home-spray-fragranze-oud\/","og_site_name":"Erbolinea - Store Fragrances","article_publisher":"https:\/\/www.facebook.com\/erbolinea","article_modified_time":"2026-04-09T08:11:44+00:00","og_image":[{"width":1080,"height":1080,"url":"https:\/\/erbolinea.com\/wp-content\/uploads\/2025\/07\/intensohome-imperiali-oud1.jpg","type":"image\/jpeg"}],"twitter_card":"summary_large_image","twitter_misc":{"Disponibilit\u00e9":"En stock"},"schema":{"@context":"https:\/\/schema.org","@graph":[{"@type":"WebPage","@id":"https:\/\/erbolinea.com\/prodotto\/linea-intenso-home-spray-fragranze-oud\/","url":"https:\/\/erbolinea.com\/prodotto\/linea-intenso-home-spray-fragranze-oud\/","name":"vaporisateurs de vin de maison | herbolinea fragrances | parfums d'ambiance","isPartOf":{"@id":"https:\/\/erbolinea.com\/#website"},"primaryImageOfPage":{"@id":"https:\/\/erbolinea.com\/prodotto\/linea-intenso-home-spray-fragranze-oud\/#primaryimage"},"image":{"@id":"https:\/\/erbolinea.com\/prodotto\/linea-intenso-home-spray-fragranze-oud\/#primaryimage"},"thumbnailUrl":"https:\/\/erbolinea.com\/wp-content\/uploads\/2025\/07\/intensohome-imperiali-oud1.jpg","datePublished":"2025-07-08T17:00:14+00:00","dateModified":"2026-04-09T08:11:44+00:00","description":"Offrez des exp\u00e9riences durables avec nos parfums d'int\u00e9rieur en spray. Du spray d'ambiance au vin, en passant par les bois imp\u00e9riaux et le vin ros\u00e9.","breadcrumb":{"@id":"https:\/\/erbolinea.com\/prodotto\/linea-intenso-home-spray-fragranze-oud\/#breadcrumb"},"inLanguage":"fr-FR","potentialAction":[{"@type":"ReadAction","target":["https:\/\/erbolinea.com\/prodotto\/linea-intenso-home-spray-fragranze-oud\/"]}]},{"@type":"ImageObject","inLanguage":"fr-FR","@id":"https:\/\/erbolinea.com\/prodotto\/linea-intenso-home-spray-fragranze-oud\/#primaryimage","url":"https:\/\/erbolinea.com\/wp-content\/uploads\/2025\/07\/intensohome-imperiali-oud1.jpg","contentUrl":"https:\/\/erbolinea.com\/wp-content\/uploads\/2025\/07\/intensohome-imperiali-oud1.jpg","width":1080,"height":1080},{"@type":"BreadcrumbList","@id":"https:\/\/erbolinea.com\/prodotto\/linea-intenso-home-spray-fragranze-oud\/#breadcrumb","itemListElement":[{"@type":"ListItem","position":1,"name":"Home","item":"https:\/\/erbolinea.com\/"},{"@type":"ListItem","position":2,"name":"Shop","item":"https:\/\/erbolinea.com\/shop\/"},{"@type":"ListItem","position":3,"name":"Linea Intenso Home Spray &#8211; Fragranze OUD"}]},{"@type":"WebSite","@id":"https:\/\/erbolinea.com\/#website","url":"https:\/\/erbolinea.com\/","name":"Erbolinea - Parfums de magasins","description":"Diffuseurs d'ambiance \u00e0 vendre","publisher":{"@id":"https:\/\/erbolinea.com\/#organization"},"alternateName":"Erbolinea","potentialAction":[{"@type":"SearchAction","target":{"@type":"EntryPoint","urlTemplate":"https:\/\/erbolinea.com\/?s={search_term_string}"},"query-input":{"@type":"PropertyValueSpecification","valueRequired":true,"valueName":"search_term_string"}}],"inLanguage":"fr-FR"},{"@type":"Organization","@id":"https:\/\/erbolinea.com\/#organization","name":"Erbolinea","url":"https:\/\/erbolinea.com\/","logo":{"@type":"ImageObject","inLanguage":"fr-FR","@id":"https:\/\/erbolinea.com\/#\/schema\/logo\/image\/","url":"https:\/\/erbolinea.com\/wp-content\/uploads\/2020\/04\/logo-400x83_new.png","contentUrl":"https:\/\/erbolinea.com\/wp-content\/uploads\/2020\/04\/logo-400x83_new.png","width":400,"height":103,"caption":"Erbolinea"},"image":{"@id":"https:\/\/erbolinea.com\/#\/schema\/logo\/image\/"},"sameAs":["https:\/\/www.facebook.com\/erbolinea","https:\/\/www.instagram.com\/erbolinea_fragranze_srl\/","https:\/\/www.youtube.com\/channel\/UCREXSGcI2lrYs6eT9VapG3w"]}]},"product_brand":"Erbolinea","og_availability":"instock","product_availability":"instock","product_retailer_item_id":"erboff_inthome_oud","product_condition":"new"},"_links":{"self":[{"href":"https:\/\/erbolinea.com\/fr\/wp-json\/wp\/v2\/product\/26117","targetHints":{"allow":["GET"]}}],"collection":[{"href":"https:\/\/erbolinea.com\/fr\/wp-json\/wp\/v2\/product"}],"about":[{"href":"https:\/\/erbolinea.com\/fr\/wp-json\/wp\/v2\/types\/product"}],"wp:featuredmedia":[{"embeddable":true,"href":"https:\/\/erbolinea.com\/fr\/wp-json\/wp\/v2\/media\/26120"}],"wp:attachment":[{"href":"https:\/\/erbolinea.com\/fr\/wp-json\/wp\/v2\/media?parent=26117"}],"wp:term":[{"taxonomy":"product_brand","embeddable":true,"href":"https:\/\/erbolinea.com\/fr\/wp-json\/wp\/v2\/product_brand?post=26117"},{"taxonomy":"product_cat","embeddable":true,"href":"https:\/\/erbolinea.com\/fr\/wp-json\/wp\/v2\/product_cat?post=26117"},{"taxonomy":"product_tag","embeddable":true,"href":"https:\/\/erbolinea.com\/fr\/wp-json\/wp\/v2\/product_tag?post=26117"}],"curies":[{"name":"wp","href":"https:\/\/api.w.org\/{rel}","templated":true}]}}