{"id":23989,"date":"2024-11-21T16:05:13","date_gmt":"2024-11-21T15:05:13","guid":{"rendered":"https:\/\/erbolinea.com\/?post_type=product&#038;p=23989"},"modified":"2024-11-21T17:38:14","modified_gmt":"2024-11-21T16:38:14","slug":"profumo-per-ambiente-in-diffusore-di-ceramica-il-pumo-di-erbolinea-fragranze-le-classiche","status":"publish","type":"product","link":"https:\/\/erbolinea.com\/fr\/produit\/profumo-per-ambiente-in-diffusore-di-ceramica-il-pumo-di-erbolinea-fragranze-le-classiche\/","title":{"rendered":"Parfum d'ambiance dans un diffuseur en c\u00e9ramique Il pumo di erbolinea - Le Classiche Fragrances"},"content":{"rendered":"<p>Objet typique de l'ancienne tradition de la c\u00e9ramique artisanale des Pouilles, le Pumo se compose d'un bouton de rose pointu entour\u00e9 de trois feuilles et repr\u00e9sente la renaissance. Symbole de bon augure, de prosp\u00e9rit\u00e9 et de bonne fortune, il est offert aux couples mari\u00e9s pour les remercier de leur hospitalit\u00e9 ou simplement pour d\u00e9corer la maison. Vous voulez donner \u00e0 votre environnement une odeur particuli\u00e8re. Achetez le diffuseur en c\u00e9ramique avec b\u00e2tonnets et d\u00e9couvrez tous les parfums erbolinea.<\/p>","protected":false},"excerpt":{"rendered":"<p>Objet typique de l'ancienne tradition de la c\u00e9ramique artisanale des Pouilles, le Pumo se compose d'un bouton de rose pointu entour\u00e9 de trois feuilles et repr\u00e9sente la renaissance. Symbole de bon augure, de prosp\u00e9rit\u00e9 et de chance, il est offert aux couples mari\u00e9s pour les remercier de leur hospitalit\u00e9 ou simplement pour d\u00e9corer la maison. Vous souhaitez offrir un [...]","protected":false},"featured_media":4979,"template":"","meta":[],"product_brand":[],"product_cat":[129],"product_tag":[],"class_list":{"0":"post-23989","1":"product","2":"type-product","3":"status-publish","4":"has-post-thumbnail","6":"product_cat-diffusore-oli-essenziali-ceramica","8":"first","9":"instock","10":"shipping-taxable","11":"purchasable","12":"product-type-variable","13":"has-default-attributes"},"yoast_head":"<!-- This site is optimized with the Yoast SEO Premium plugin v26.2 (Yoast SEO v26.4) - https:\/\/yoast.com\/wordpress\/plugins\/seo\/ -->\n<title>Diffusore in ceramica con bastoncini | Erbolinea<\/title>\n<meta name=\"description\" content=\"Vuoi dare un&#039; odore speciale al tuo ambiente.Acquista il diffusore in ceramica con bastoncini e scopri tutte le fragranze erbolinea\" \/>\n<meta name=\"robots\" content=\"index, follow, max-snippet:-1, max-image-preview:large, max-video-preview:-1\" \/>\n<link rel=\"canonical\" href=\"https:\/\/erbolinea.com\/fr\/produit\/profumo-per-ambiente-in-diffusore-di-ceramica-il-pumo-di-erbolinea-fragranze-le-classiche\/\" \/>\n<meta property=\"og:locale\" content=\"fr_FR\" \/>\n<meta property=\"og:type\" content=\"article\" \/>\n<meta property=\"og:title\" content=\"Profumo per ambiente in diffusore di ceramica Il pumo di erbolinea - Fragranze Le Classiche\" \/>\n<meta property=\"og:description\" content=\"Vuoi dare un&#039; odore speciale al tuo ambiente.Acquista il diffusore in ceramica con bastoncini e scopri tutte le fragranze erbolinea\" \/>\n<meta property=\"og:url\" content=\"https:\/\/erbolinea.com\/fr\/produit\/profumo-per-ambiente-in-diffusore-di-ceramica-il-pumo-di-erbolinea-fragranze-le-classiche\/\" \/>\n<meta property=\"og:site_name\" content=\"Erbolinea - Store Fragrances\" \/>\n<meta property=\"article:publisher\" content=\"https:\/\/www.facebook.com\/erbolinea\" \/>\n<meta property=\"article:modified_time\" content=\"2024-11-21T16:38:14+00:00\" \/>\n<meta property=\"og:image\" content=\"https:\/\/erbolinea.com\/wp-content\/uploads\/2019\/01\/pumo-verde-grande.jpg\" \/>\n\t<meta property=\"og:image:width\" content=\"1900\" \/>\n\t<meta property=\"og:image:height\" content=\"1900\" \/>\n\t<meta property=\"og:image:type\" content=\"image\/jpeg\" \/>\n<meta name=\"twitter:card\" content=\"summary_large_image\" \/>\n<meta name=\"twitter:label1\" content=\"Disponibilit\u00e9\" \/>\n\t<meta name=\"twitter:data1\" content=\"En stock\" \/>\n<script type=\"application\/ld+json\" class=\"yoast-schema-graph\">{\"@context\":\"https:\/\/schema.org\",\"@graph\":[{\"@type\":\"WebPage\",\"@id\":\"https:\/\/erbolinea.com\/prodotto\/profumo-per-ambiente-in-diffusore-di-ceramica-il-pumo-di-erbolinea-fragranze-le-classiche\/\",\"url\":\"https:\/\/erbolinea.com\/prodotto\/profumo-per-ambiente-in-diffusore-di-ceramica-il-pumo-di-erbolinea-fragranze-le-classiche\/\",\"name\":\"Diffusore in ceramica con bastoncini | Erbolinea\",\"isPartOf\":{\"@id\":\"https:\/\/erbolinea.com\/#website\"},\"primaryImageOfPage\":{\"@id\":\"https:\/\/erbolinea.com\/prodotto\/profumo-per-ambiente-in-diffusore-di-ceramica-il-pumo-di-erbolinea-fragranze-le-classiche\/#primaryimage\"},\"image\":{\"@id\":\"https:\/\/erbolinea.com\/prodotto\/profumo-per-ambiente-in-diffusore-di-ceramica-il-pumo-di-erbolinea-fragranze-le-classiche\/#primaryimage\"},\"thumbnailUrl\":\"https:\/\/erbolinea.com\/wp-content\/uploads\/2019\/01\/pumo-verde-grande.jpg\",\"datePublished\":\"2024-11-21T15:05:13+00:00\",\"dateModified\":\"2024-11-21T16:38:14+00:00\",\"description\":\"Vuoi dare un' odore speciale al tuo ambiente.Acquista il diffusore in ceramica con bastoncini e scopri tutte le fragranze erbolinea\",\"breadcrumb\":{\"@id\":\"https:\/\/erbolinea.com\/prodotto\/profumo-per-ambiente-in-diffusore-di-ceramica-il-pumo-di-erbolinea-fragranze-le-classiche\/#breadcrumb\"},\"inLanguage\":\"fr-FR\",\"potentialAction\":[{\"@type\":\"ReadAction\",\"target\":[\"https:\/\/erbolinea.com\/prodotto\/profumo-per-ambiente-in-diffusore-di-ceramica-il-pumo-di-erbolinea-fragranze-le-classiche\/\"]}]},{\"@type\":\"ImageObject\",\"inLanguage\":\"fr-FR\",\"@id\":\"https:\/\/erbolinea.com\/prodotto\/profumo-per-ambiente-in-diffusore-di-ceramica-il-pumo-di-erbolinea-fragranze-le-classiche\/#primaryimage\",\"url\":\"https:\/\/erbolinea.com\/wp-content\/uploads\/2019\/01\/pumo-verde-grande.jpg\",\"contentUrl\":\"https:\/\/erbolinea.com\/wp-content\/uploads\/2019\/01\/pumo-verde-grande.jpg\",\"width\":1900,\"height\":1900},{\"@type\":\"BreadcrumbList\",\"@id\":\"https:\/\/erbolinea.com\/prodotto\/profumo-per-ambiente-in-diffusore-di-ceramica-il-pumo-di-erbolinea-fragranze-le-classiche\/#breadcrumb\",\"itemListElement\":[{\"@type\":\"ListItem\",\"position\":1,\"name\":\"Home\",\"item\":\"https:\/\/erbolinea.com\/\"},{\"@type\":\"ListItem\",\"position\":2,\"name\":\"Shop\",\"item\":\"https:\/\/erbolinea.com\/shop\/\"},{\"@type\":\"ListItem\",\"position\":3,\"name\":\"Profumo per ambiente in diffusore di ceramica Il pumo di erbolinea &#8211; Fragranze Le Classiche\"}]},{\"@type\":\"WebSite\",\"@id\":\"https:\/\/erbolinea.com\/#website\",\"url\":\"https:\/\/erbolinea.com\/\",\"name\":\"Erbolinea - Store Fragrances\",\"description\":\"Vendita diffusori di ambiente\",\"publisher\":{\"@id\":\"https:\/\/erbolinea.com\/#organization\"},\"alternateName\":\"Erbolinea\",\"potentialAction\":[{\"@type\":\"SearchAction\",\"target\":{\"@type\":\"EntryPoint\",\"urlTemplate\":\"https:\/\/erbolinea.com\/?s={search_term_string}\"},\"query-input\":{\"@type\":\"PropertyValueSpecification\",\"valueRequired\":true,\"valueName\":\"search_term_string\"}}],\"inLanguage\":\"fr-FR\"},{\"@type\":\"Organization\",\"@id\":\"https:\/\/erbolinea.com\/#organization\",\"name\":\"Erbolinea\",\"url\":\"https:\/\/erbolinea.com\/\",\"logo\":{\"@type\":\"ImageObject\",\"inLanguage\":\"fr-FR\",\"@id\":\"https:\/\/erbolinea.com\/#\/schema\/logo\/image\/\",\"url\":\"https:\/\/erbolinea.com\/wp-content\/uploads\/2020\/04\/logo-400x83_new.png\",\"contentUrl\":\"https:\/\/erbolinea.com\/wp-content\/uploads\/2020\/04\/logo-400x83_new.png\",\"width\":400,\"height\":103,\"caption\":\"Erbolinea\"},\"image\":{\"@id\":\"https:\/\/erbolinea.com\/#\/schema\/logo\/image\/\"},\"sameAs\":[\"https:\/\/www.facebook.com\/erbolinea\",\"https:\/\/www.instagram.com\/erbolinea_fragranze_srl\/\",\"https:\/\/www.youtube.com\/channel\/UCREXSGcI2lrYs6eT9VapG3w\"]}]}<\/script>\n<meta property=\"product:brand\" content=\"Erbolinea\" \/>\n<meta property=\"og:availability\" content=\"instock\" \/>\n<meta property=\"product:availability\" content=\"instock\" \/>\n<meta property=\"product:retailer_item_id\" content=\"pum_erb-le-classiche\" \/>\n<meta property=\"product:condition\" content=\"new\" \/>\n<!-- \/ Yoast SEO Premium plugin. -->","yoast_head_json":{"title":"Diffuseur c\u00e9ramique avec b\u00e2tonnets | Erbolinea","description":"Achetez le diffuseur en c\u00e9ramique avec b\u00e2tonnets et d\u00e9couvrez toutes les fragrances d'erbolinea.","robots":{"index":"index","follow":"follow","max-snippet":"max-snippet:-1","max-image-preview":"max-image-preview:large","max-video-preview":"max-video-preview:-1"},"canonical":"https:\/\/erbolinea.com\/fr\/produit\/profumo-per-ambiente-in-diffusore-di-ceramica-il-pumo-di-erbolinea-fragranze-le-classiche\/","og_locale":"fr_FR","og_type":"article","og_title":"Profumo per ambiente in diffusore di ceramica Il pumo di erbolinea - Fragranze Le Classiche","og_description":"Vuoi dare un' odore speciale al tuo ambiente.Acquista il diffusore in ceramica con bastoncini e scopri tutte le fragranze erbolinea","og_url":"https:\/\/erbolinea.com\/fr\/produit\/profumo-per-ambiente-in-diffusore-di-ceramica-il-pumo-di-erbolinea-fragranze-le-classiche\/","og_site_name":"Erbolinea - Store Fragrances","article_publisher":"https:\/\/www.facebook.com\/erbolinea","article_modified_time":"2024-11-21T16:38:14+00:00","og_image":[{"width":1900,"height":1900,"url":"https:\/\/erbolinea.com\/wp-content\/uploads\/2019\/01\/pumo-verde-grande.jpg","type":"image\/jpeg"}],"twitter_card":"summary_large_image","twitter_misc":{"Disponibilit\u00e9":"En stock"},"schema":{"@context":"https:\/\/schema.org","@graph":[{"@type":"WebPage","@id":"https:\/\/erbolinea.com\/prodotto\/profumo-per-ambiente-in-diffusore-di-ceramica-il-pumo-di-erbolinea-fragranze-le-classiche\/","url":"https:\/\/erbolinea.com\/prodotto\/profumo-per-ambiente-in-diffusore-di-ceramica-il-pumo-di-erbolinea-fragranze-le-classiche\/","name":"Diffuseur c\u00e9ramique avec b\u00e2tonnets | Erbolinea","isPartOf":{"@id":"https:\/\/erbolinea.com\/#website"},"primaryImageOfPage":{"@id":"https:\/\/erbolinea.com\/prodotto\/profumo-per-ambiente-in-diffusore-di-ceramica-il-pumo-di-erbolinea-fragranze-le-classiche\/#primaryimage"},"image":{"@id":"https:\/\/erbolinea.com\/prodotto\/profumo-per-ambiente-in-diffusore-di-ceramica-il-pumo-di-erbolinea-fragranze-le-classiche\/#primaryimage"},"thumbnailUrl":"https:\/\/erbolinea.com\/wp-content\/uploads\/2019\/01\/pumo-verde-grande.jpg","datePublished":"2024-11-21T15:05:13+00:00","dateModified":"2024-11-21T16:38:14+00:00","description":"Achetez le diffuseur en c\u00e9ramique avec b\u00e2tonnets et d\u00e9couvrez toutes les fragrances d'erbolinea.","breadcrumb":{"@id":"https:\/\/erbolinea.com\/prodotto\/profumo-per-ambiente-in-diffusore-di-ceramica-il-pumo-di-erbolinea-fragranze-le-classiche\/#breadcrumb"},"inLanguage":"fr-FR","potentialAction":[{"@type":"ReadAction","target":["https:\/\/erbolinea.com\/prodotto\/profumo-per-ambiente-in-diffusore-di-ceramica-il-pumo-di-erbolinea-fragranze-le-classiche\/"]}]},{"@type":"ImageObject","inLanguage":"fr-FR","@id":"https:\/\/erbolinea.com\/prodotto\/profumo-per-ambiente-in-diffusore-di-ceramica-il-pumo-di-erbolinea-fragranze-le-classiche\/#primaryimage","url":"https:\/\/erbolinea.com\/wp-content\/uploads\/2019\/01\/pumo-verde-grande.jpg","contentUrl":"https:\/\/erbolinea.com\/wp-content\/uploads\/2019\/01\/pumo-verde-grande.jpg","width":1900,"height":1900},{"@type":"BreadcrumbList","@id":"https:\/\/erbolinea.com\/prodotto\/profumo-per-ambiente-in-diffusore-di-ceramica-il-pumo-di-erbolinea-fragranze-le-classiche\/#breadcrumb","itemListElement":[{"@type":"ListItem","position":1,"name":"Home","item":"https:\/\/erbolinea.com\/"},{"@type":"ListItem","position":2,"name":"Shop","item":"https:\/\/erbolinea.com\/shop\/"},{"@type":"ListItem","position":3,"name":"Profumo per ambiente in diffusore di ceramica Il pumo di erbolinea &#8211; Fragranze Le Classiche"}]},{"@type":"WebSite","@id":"https:\/\/erbolinea.com\/#website","url":"https:\/\/erbolinea.com\/","name":"Erbolinea - Parfums de magasins","description":"Diffuseurs d'ambiance \u00e0 vendre","publisher":{"@id":"https:\/\/erbolinea.com\/#organization"},"alternateName":"Erbolinea","potentialAction":[{"@type":"SearchAction","target":{"@type":"EntryPoint","urlTemplate":"https:\/\/erbolinea.com\/?s={search_term_string}"},"query-input":{"@type":"PropertyValueSpecification","valueRequired":true,"valueName":"search_term_string"}}],"inLanguage":"fr-FR"},{"@type":"Organization","@id":"https:\/\/erbolinea.com\/#organization","name":"Erbolinea","url":"https:\/\/erbolinea.com\/","logo":{"@type":"ImageObject","inLanguage":"fr-FR","@id":"https:\/\/erbolinea.com\/#\/schema\/logo\/image\/","url":"https:\/\/erbolinea.com\/wp-content\/uploads\/2020\/04\/logo-400x83_new.png","contentUrl":"https:\/\/erbolinea.com\/wp-content\/uploads\/2020\/04\/logo-400x83_new.png","width":400,"height":103,"caption":"Erbolinea"},"image":{"@id":"https:\/\/erbolinea.com\/#\/schema\/logo\/image\/"},"sameAs":["https:\/\/www.facebook.com\/erbolinea","https:\/\/www.instagram.com\/erbolinea_fragranze_srl\/","https:\/\/www.youtube.com\/channel\/UCREXSGcI2lrYs6eT9VapG3w"]}]},"product_brand":"Erbolinea","og_availability":"instock","product_availability":"instock","product_retailer_item_id":"pum_erb-le-classiche","product_condition":"new"},"_links":{"self":[{"href":"https:\/\/erbolinea.com\/fr\/wp-json\/wp\/v2\/product\/23989","targetHints":{"allow":["GET"]}}],"collection":[{"href":"https:\/\/erbolinea.com\/fr\/wp-json\/wp\/v2\/product"}],"about":[{"href":"https:\/\/erbolinea.com\/fr\/wp-json\/wp\/v2\/types\/product"}],"wp:featuredmedia":[{"embeddable":true,"href":"https:\/\/erbolinea.com\/fr\/wp-json\/wp\/v2\/media\/4979"}],"wp:attachment":[{"href":"https:\/\/erbolinea.com\/fr\/wp-json\/wp\/v2\/media?parent=23989"}],"wp:term":[{"taxonomy":"product_brand","embeddable":true,"href":"https:\/\/erbolinea.com\/fr\/wp-json\/wp\/v2\/product_brand?post=23989"},{"taxonomy":"product_cat","embeddable":true,"href":"https:\/\/erbolinea.com\/fr\/wp-json\/wp\/v2\/product_cat?post=23989"},{"taxonomy":"product_tag","embeddable":true,"href":"https:\/\/erbolinea.com\/fr\/wp-json\/wp\/v2\/product_tag?post=23989"}],"curies":[{"name":"wp","href":"https:\/\/api.w.org\/{rel}","templated":true}]}}