{"id":19272,"date":"2023-09-07T17:50:57","date_gmt":"2023-09-07T15:50:57","guid":{"rendered":"https:\/\/erbolinea.com\/?post_type=product&#038;p=19272"},"modified":"2025-03-05T18:41:13","modified_gmt":"2025-03-05T17:41:13","slug":"diffusori-in-ceramica-con-bastoncini-linea-ceramiche-di-vietri-cupola","status":"publish","type":"product","link":"https:\/\/erbolinea.com\/fr\/produit\/diffusori-in-ceramica-con-bastoncini-linea-ceramiche-di-vietri-cupola\/","title":{"rendered":"Parfum d'ambiance dans un diffuseur en c\u00e9ramique - Ligne Ceramiche di Vietri - CUPOLA"},"content":{"rendered":"<p>Un voyage dans l'un des arts les plus connus au monde, expression de l'excellence de la r\u00e9gion amalfitaine. Les c\u00e9ramiques de Vietri sul Mare (SA) ont commenc\u00e9 \u00e0 conna\u00eetre le succ\u00e8s vers 1200 apr\u00e8s J.-C. et ont continu\u00e9 \u00e0 prendre de la valeur jusqu'\u00e0 aujourd'hui. Associ\u00e9es aux fragrances d'Erbolinea, elles offrent une atmosph\u00e8re parfum\u00e9e et color\u00e9e unique.<\/p>","protected":false},"excerpt":{"rendered":"<p>Un voyage dans l'un des arts les plus connus au monde, expression de l'excellence de la r\u00e9gion amalfitaine. Les c\u00e9ramiques de Vietri sul Mare (SA) ont commenc\u00e9 \u00e0 conna\u00eetre le succ\u00e8s vers 1200 apr\u00e8s J.-C. et ont continu\u00e9 \u00e0 prendre de la valeur jusqu'\u00e0 aujourd'hui. Associ\u00e9es aux fragrances d'Erbolinea, elles offrent une atmosph\u00e8re parfum\u00e9e et color\u00e9e, unique dans leur[...]","protected":false},"featured_media":19308,"template":"","meta":[],"product_brand":[],"product_cat":[1116,129],"product_tag":[438,1113],"class_list":{"0":"post-19272","1":"product","2":"type-product","3":"status-publish","4":"has-post-thumbnail","6":"product_cat-ceramiche-di-vietri","7":"product_cat-diffusore-oli-essenziali-ceramica","8":"product_tag-diffusori-in-ceramica","9":"product_tag-linea-ceramiche-di-vietri","11":"first","12":"instock","13":"shipping-taxable","14":"purchasable","15":"product-type-variable"},"yoast_head":"<!-- This site is optimized with the Yoast SEO Premium plugin v26.2 (Yoast SEO v26.4) - https:\/\/yoast.com\/wordpress\/plugins\/seo\/ -->\n<title>Diffusori in ceramica con bastoncini | Erbolinea<\/title>\n<meta name=\"description\" content=\"Vuoi dare un&#039; odore speciale al tuo ambiente.Acquista i diffusori in ceramica con bastoncini di erbolinea,dona alla tua casa un profumo unico\" \/>\n<meta name=\"robots\" content=\"index, follow, max-snippet:-1, max-image-preview:large, max-video-preview:-1\" \/>\n<link rel=\"canonical\" href=\"https:\/\/erbolinea.com\/fr\/produit\/diffusori-in-ceramica-con-bastoncini-linea-ceramiche-di-vietri-cupola\/\" \/>\n<meta property=\"og:locale\" content=\"fr_FR\" \/>\n<meta property=\"og:type\" content=\"article\" \/>\n<meta property=\"og:title\" content=\"Profumo per ambiente in diffusore di ceramica - Linea Ceramiche di Vietri - CUPOLA\" \/>\n<meta property=\"og:description\" content=\"Vuoi dare un&#039; odore speciale al tuo ambiente.Acquista i diffusori in ceramica con bastoncini di erbolinea,dona alla tua casa un profumo unico\" \/>\n<meta property=\"og:url\" content=\"https:\/\/erbolinea.com\/fr\/produit\/diffusori-in-ceramica-con-bastoncini-linea-ceramiche-di-vietri-cupola\/\" \/>\n<meta property=\"og:site_name\" content=\"Erbolinea - Store Fragrances\" \/>\n<meta property=\"article:publisher\" content=\"https:\/\/www.facebook.com\/erbolinea\" \/>\n<meta property=\"article:modified_time\" content=\"2025-03-05T17:41:13+00:00\" \/>\n<meta property=\"og:image\" content=\"https:\/\/erbolinea.com\/wp-content\/uploads\/2023\/09\/cupola-rosa_chiuso.jpg\" \/>\n\t<meta property=\"og:image:width\" content=\"1800\" \/>\n\t<meta property=\"og:image:height\" content=\"1800\" \/>\n\t<meta property=\"og:image:type\" content=\"image\/jpeg\" \/>\n<meta name=\"twitter:card\" content=\"summary_large_image\" \/>\n<meta name=\"twitter:label1\" content=\"Disponibilit\u00e9\" \/>\n\t<meta name=\"twitter:data1\" content=\"En stock\" \/>\n<script type=\"application\/ld+json\" class=\"yoast-schema-graph\">{\"@context\":\"https:\/\/schema.org\",\"@graph\":[{\"@type\":\"WebPage\",\"@id\":\"https:\/\/erbolinea.com\/prodotto\/diffusori-in-ceramica-con-bastoncini-linea-ceramiche-di-vietri-cupola\/\",\"url\":\"https:\/\/erbolinea.com\/prodotto\/diffusori-in-ceramica-con-bastoncini-linea-ceramiche-di-vietri-cupola\/\",\"name\":\"Diffusori in ceramica con bastoncini | Erbolinea\",\"isPartOf\":{\"@id\":\"https:\/\/erbolinea.com\/#website\"},\"primaryImageOfPage\":{\"@id\":\"https:\/\/erbolinea.com\/prodotto\/diffusori-in-ceramica-con-bastoncini-linea-ceramiche-di-vietri-cupola\/#primaryimage\"},\"image\":{\"@id\":\"https:\/\/erbolinea.com\/prodotto\/diffusori-in-ceramica-con-bastoncini-linea-ceramiche-di-vietri-cupola\/#primaryimage\"},\"thumbnailUrl\":\"https:\/\/erbolinea.com\/wp-content\/uploads\/2023\/09\/cupola-rosa_chiuso.jpg\",\"datePublished\":\"2023-09-07T15:50:57+00:00\",\"dateModified\":\"2025-03-05T17:41:13+00:00\",\"description\":\"Vuoi dare un' odore speciale al tuo ambiente.Acquista i diffusori in ceramica con bastoncini di erbolinea,dona alla tua casa un profumo unico\",\"breadcrumb\":{\"@id\":\"https:\/\/erbolinea.com\/prodotto\/diffusori-in-ceramica-con-bastoncini-linea-ceramiche-di-vietri-cupola\/#breadcrumb\"},\"inLanguage\":\"fr-FR\",\"potentialAction\":[{\"@type\":\"ReadAction\",\"target\":[\"https:\/\/erbolinea.com\/prodotto\/diffusori-in-ceramica-con-bastoncini-linea-ceramiche-di-vietri-cupola\/\"]}]},{\"@type\":\"ImageObject\",\"inLanguage\":\"fr-FR\",\"@id\":\"https:\/\/erbolinea.com\/prodotto\/diffusori-in-ceramica-con-bastoncini-linea-ceramiche-di-vietri-cupola\/#primaryimage\",\"url\":\"https:\/\/erbolinea.com\/wp-content\/uploads\/2023\/09\/cupola-rosa_chiuso.jpg\",\"contentUrl\":\"https:\/\/erbolinea.com\/wp-content\/uploads\/2023\/09\/cupola-rosa_chiuso.jpg\",\"width\":1800,\"height\":1800},{\"@type\":\"BreadcrumbList\",\"@id\":\"https:\/\/erbolinea.com\/prodotto\/diffusori-in-ceramica-con-bastoncini-linea-ceramiche-di-vietri-cupola\/#breadcrumb\",\"itemListElement\":[{\"@type\":\"ListItem\",\"position\":1,\"name\":\"Home\",\"item\":\"https:\/\/erbolinea.com\/\"},{\"@type\":\"ListItem\",\"position\":2,\"name\":\"Shop\",\"item\":\"https:\/\/erbolinea.com\/shop\/\"},{\"@type\":\"ListItem\",\"position\":3,\"name\":\"Profumo per ambiente in diffusore di ceramica &#8211; Linea Ceramiche di Vietri &#8211; CUPOLA\"}]},{\"@type\":\"WebSite\",\"@id\":\"https:\/\/erbolinea.com\/#website\",\"url\":\"https:\/\/erbolinea.com\/\",\"name\":\"Erbolinea - Store Fragrances\",\"description\":\"Vendita diffusori di ambiente\",\"publisher\":{\"@id\":\"https:\/\/erbolinea.com\/#organization\"},\"alternateName\":\"Erbolinea\",\"potentialAction\":[{\"@type\":\"SearchAction\",\"target\":{\"@type\":\"EntryPoint\",\"urlTemplate\":\"https:\/\/erbolinea.com\/?s={search_term_string}\"},\"query-input\":{\"@type\":\"PropertyValueSpecification\",\"valueRequired\":true,\"valueName\":\"search_term_string\"}}],\"inLanguage\":\"fr-FR\"},{\"@type\":\"Organization\",\"@id\":\"https:\/\/erbolinea.com\/#organization\",\"name\":\"Erbolinea\",\"url\":\"https:\/\/erbolinea.com\/\",\"logo\":{\"@type\":\"ImageObject\",\"inLanguage\":\"fr-FR\",\"@id\":\"https:\/\/erbolinea.com\/#\/schema\/logo\/image\/\",\"url\":\"https:\/\/erbolinea.com\/wp-content\/uploads\/2020\/04\/logo-400x83_new.png\",\"contentUrl\":\"https:\/\/erbolinea.com\/wp-content\/uploads\/2020\/04\/logo-400x83_new.png\",\"width\":400,\"height\":103,\"caption\":\"Erbolinea\"},\"image\":{\"@id\":\"https:\/\/erbolinea.com\/#\/schema\/logo\/image\/\"},\"sameAs\":[\"https:\/\/www.facebook.com\/erbolinea\",\"https:\/\/www.instagram.com\/erbolinea_fragranze_srl\/\",\"https:\/\/www.youtube.com\/channel\/UCREXSGcI2lrYs6eT9VapG3w\"]}]}<\/script>\n<meta property=\"product:brand\" content=\"Erbolinea\" \/>\n<meta property=\"og:availability\" content=\"instock\" \/>\n<meta property=\"product:availability\" content=\"instock\" \/>\n<meta property=\"product:retailer_item_id\" content=\"lin_cer_vietri-CUPOLA\" \/>\n<meta property=\"product:condition\" content=\"new\" \/>\n<!-- \/ Yoast SEO Premium plugin. -->","yoast_head_json":{"title":"Diffuseurs en c\u00e9ramique avec b\u00e2tonnets | Erbolinea","description":"Achetez des diffuseurs en c\u00e9ramique avec des b\u00e2tonnets d'herbolinea, pour donner \u00e0 votre maison un parfum unique.","robots":{"index":"index","follow":"follow","max-snippet":"max-snippet:-1","max-image-preview":"max-image-preview:large","max-video-preview":"max-video-preview:-1"},"canonical":"https:\/\/erbolinea.com\/fr\/produit\/diffusori-in-ceramica-con-bastoncini-linea-ceramiche-di-vietri-cupola\/","og_locale":"fr_FR","og_type":"article","og_title":"Profumo per ambiente in diffusore di ceramica - Linea Ceramiche di Vietri - CUPOLA","og_description":"Vuoi dare un' odore speciale al tuo ambiente.Acquista i diffusori in ceramica con bastoncini di erbolinea,dona alla tua casa un profumo unico","og_url":"https:\/\/erbolinea.com\/fr\/produit\/diffusori-in-ceramica-con-bastoncini-linea-ceramiche-di-vietri-cupola\/","og_site_name":"Erbolinea - Store Fragrances","article_publisher":"https:\/\/www.facebook.com\/erbolinea","article_modified_time":"2025-03-05T17:41:13+00:00","og_image":[{"width":1800,"height":1800,"url":"https:\/\/erbolinea.com\/wp-content\/uploads\/2023\/09\/cupola-rosa_chiuso.jpg","type":"image\/jpeg"}],"twitter_card":"summary_large_image","twitter_misc":{"Disponibilit\u00e9":"En stock"},"schema":{"@context":"https:\/\/schema.org","@graph":[{"@type":"WebPage","@id":"https:\/\/erbolinea.com\/prodotto\/diffusori-in-ceramica-con-bastoncini-linea-ceramiche-di-vietri-cupola\/","url":"https:\/\/erbolinea.com\/prodotto\/diffusori-in-ceramica-con-bastoncini-linea-ceramiche-di-vietri-cupola\/","name":"Diffuseurs en c\u00e9ramique avec b\u00e2tonnets | Erbolinea","isPartOf":{"@id":"https:\/\/erbolinea.com\/#website"},"primaryImageOfPage":{"@id":"https:\/\/erbolinea.com\/prodotto\/diffusori-in-ceramica-con-bastoncini-linea-ceramiche-di-vietri-cupola\/#primaryimage"},"image":{"@id":"https:\/\/erbolinea.com\/prodotto\/diffusori-in-ceramica-con-bastoncini-linea-ceramiche-di-vietri-cupola\/#primaryimage"},"thumbnailUrl":"https:\/\/erbolinea.com\/wp-content\/uploads\/2023\/09\/cupola-rosa_chiuso.jpg","datePublished":"2023-09-07T15:50:57+00:00","dateModified":"2025-03-05T17:41:13+00:00","description":"Achetez des diffuseurs en c\u00e9ramique avec des b\u00e2tonnets d'herbolinea, pour donner \u00e0 votre maison un parfum unique.","breadcrumb":{"@id":"https:\/\/erbolinea.com\/prodotto\/diffusori-in-ceramica-con-bastoncini-linea-ceramiche-di-vietri-cupola\/#breadcrumb"},"inLanguage":"fr-FR","potentialAction":[{"@type":"ReadAction","target":["https:\/\/erbolinea.com\/prodotto\/diffusori-in-ceramica-con-bastoncini-linea-ceramiche-di-vietri-cupola\/"]}]},{"@type":"ImageObject","inLanguage":"fr-FR","@id":"https:\/\/erbolinea.com\/prodotto\/diffusori-in-ceramica-con-bastoncini-linea-ceramiche-di-vietri-cupola\/#primaryimage","url":"https:\/\/erbolinea.com\/wp-content\/uploads\/2023\/09\/cupola-rosa_chiuso.jpg","contentUrl":"https:\/\/erbolinea.com\/wp-content\/uploads\/2023\/09\/cupola-rosa_chiuso.jpg","width":1800,"height":1800},{"@type":"BreadcrumbList","@id":"https:\/\/erbolinea.com\/prodotto\/diffusori-in-ceramica-con-bastoncini-linea-ceramiche-di-vietri-cupola\/#breadcrumb","itemListElement":[{"@type":"ListItem","position":1,"name":"Home","item":"https:\/\/erbolinea.com\/"},{"@type":"ListItem","position":2,"name":"Shop","item":"https:\/\/erbolinea.com\/shop\/"},{"@type":"ListItem","position":3,"name":"Profumo per ambiente in diffusore di ceramica &#8211; Linea Ceramiche di Vietri &#8211; CUPOLA"}]},{"@type":"WebSite","@id":"https:\/\/erbolinea.com\/#website","url":"https:\/\/erbolinea.com\/","name":"Erbolinea - Parfums de magasins","description":"Diffuseurs d'ambiance \u00e0 vendre","publisher":{"@id":"https:\/\/erbolinea.com\/#organization"},"alternateName":"Erbolinea","potentialAction":[{"@type":"SearchAction","target":{"@type":"EntryPoint","urlTemplate":"https:\/\/erbolinea.com\/?s={search_term_string}"},"query-input":{"@type":"PropertyValueSpecification","valueRequired":true,"valueName":"search_term_string"}}],"inLanguage":"fr-FR"},{"@type":"Organization","@id":"https:\/\/erbolinea.com\/#organization","name":"Erbolinea","url":"https:\/\/erbolinea.com\/","logo":{"@type":"ImageObject","inLanguage":"fr-FR","@id":"https:\/\/erbolinea.com\/#\/schema\/logo\/image\/","url":"https:\/\/erbolinea.com\/wp-content\/uploads\/2020\/04\/logo-400x83_new.png","contentUrl":"https:\/\/erbolinea.com\/wp-content\/uploads\/2020\/04\/logo-400x83_new.png","width":400,"height":103,"caption":"Erbolinea"},"image":{"@id":"https:\/\/erbolinea.com\/#\/schema\/logo\/image\/"},"sameAs":["https:\/\/www.facebook.com\/erbolinea","https:\/\/www.instagram.com\/erbolinea_fragranze_srl\/","https:\/\/www.youtube.com\/channel\/UCREXSGcI2lrYs6eT9VapG3w"]}]},"product_brand":"Erbolinea","og_availability":"instock","product_availability":"instock","product_retailer_item_id":"lin_cer_vietri-CUPOLA","product_condition":"new"},"_links":{"self":[{"href":"https:\/\/erbolinea.com\/fr\/wp-json\/wp\/v2\/product\/19272","targetHints":{"allow":["GET"]}}],"collection":[{"href":"https:\/\/erbolinea.com\/fr\/wp-json\/wp\/v2\/product"}],"about":[{"href":"https:\/\/erbolinea.com\/fr\/wp-json\/wp\/v2\/types\/product"}],"wp:featuredmedia":[{"embeddable":true,"href":"https:\/\/erbolinea.com\/fr\/wp-json\/wp\/v2\/media\/19308"}],"wp:attachment":[{"href":"https:\/\/erbolinea.com\/fr\/wp-json\/wp\/v2\/media?parent=19272"}],"wp:term":[{"taxonomy":"product_brand","embeddable":true,"href":"https:\/\/erbolinea.com\/fr\/wp-json\/wp\/v2\/product_brand?post=19272"},{"taxonomy":"product_cat","embeddable":true,"href":"https:\/\/erbolinea.com\/fr\/wp-json\/wp\/v2\/product_cat?post=19272"},{"taxonomy":"product_tag","embeddable":true,"href":"https:\/\/erbolinea.com\/fr\/wp-json\/wp\/v2\/product_tag?post=19272"}],"curies":[{"name":"wp","href":"https:\/\/api.w.org\/{rel}","templated":true}]}}