{"id":18247,"date":"2023-05-24T11:44:36","date_gmt":"2023-05-24T09:44:36","guid":{"rendered":"https:\/\/erbolinea.com\/?post_type=product&#038;p=18247"},"modified":"2026-02-28T10:15:25","modified_gmt":"2026-02-28T09:15:25","slug":"diffusori-in-porcellana-con-bastoncini-linea-art-capodimonte","status":"publish","type":"product","link":"https:\/\/erbolinea.com\/fr\/produit\/diffusori-in-porcellana-con-bastoncini-linea-art-capodimonte\/","title":{"rendered":"Parfum d'ambiance dans un diffuseur en porcelaine Capodimonte Art Line - Re...mare"},"content":{"rendered":"<p>Les diffuseurs d'ambiance en porcelaine d'Erbolinea sont issus de l'artisanat traditionnel de Capodimonte (Naples), connu dans le monde entier. Connus et appr\u00e9ci\u00e9s dans le monde entier, ils ont une forme \u00e9l\u00e9gante et se caract\u00e9risent par une polychromie d\u00e9corative tr\u00e8s vivante. Un objet prestigieux qui, en m\u00eame temps, meuble et diffuse d'agr\u00e9ables sensations olfactives. Le produit est fabriqu\u00e9 \u00e0 partir d'essences s\u00e9lectionn\u00e9es et de mati\u00e8res premi\u00e8res de la plus haute qualit\u00e9.<br \/>\nErbolinea a saisi et renouvel\u00e9 cette tradition en cr\u00e9ant, en collaboration avec des c\u00e9ramistes, des pi\u00e8ces uniques qui, associ\u00e9es \u00e0 des parfums d'ambiance aux tons chauds et locaux, cr\u00e9ent une atmosph\u00e8re intense et exclusive.<br \/>\nD\u00e9couvrez notre diffuseur d'ambiance en porcelaine avec b\u00e2tonnets.<\/p>","protected":false},"excerpt":{"rendered":"<p>Les diffuseurs d'ambiance en porcelaine d'Erbolinea sont issus de l'artisanat traditionnel de Capodimonte (Naples), connu dans le monde entier. Connus et appr\u00e9ci\u00e9s dans le monde entier, ils ont une forme \u00e9l\u00e9gante et se caract\u00e9risent par une polychromie d\u00e9corative tr\u00e8s vivante. Un objet prestigieux qui, en m\u00eame temps, meuble et diffuse d'agr\u00e9ables sensations olfactives. Le produit est r\u00e9alis\u00e9 avec des essences et des mat\u00e9riaux s\u00e9lectionn\u00e9s [...]","protected":false},"featured_media":18349,"template":"","meta":[],"product_brand":[],"product_cat":[547,129],"product_tag":[],"class_list":{"0":"post-18247","1":"product","2":"type-product","3":"status-publish","4":"has-post-thumbnail","6":"product_cat-diffusori-in-porcellana-con-bastoncini","7":"product_cat-diffusore-oli-essenziali-ceramica","9":"first","10":"instock","11":"shipping-taxable","12":"purchasable","13":"product-type-variable"},"yoast_head":"<!-- This site is optimized with the Yoast SEO Premium plugin v26.2 (Yoast SEO v26.4) - https:\/\/yoast.com\/wordpress\/plugins\/seo\/ -->\n<title>profumatore d ambiente in porcellana | erbolinea online shop<\/title>\n<meta name=\"description\" content=\"Lasciati travolgere dalle dolce fragranze del profumatore d ambiente in porcellana. Dona il tuo ambiente un tocco di classe con erbolinea.\" \/>\n<meta name=\"robots\" content=\"index, follow, max-snippet:-1, max-image-preview:large, max-video-preview:-1\" \/>\n<link rel=\"canonical\" href=\"https:\/\/erbolinea.com\/fr\/produit\/diffusori-in-porcellana-con-bastoncini-linea-art-capodimonte\/\" \/>\n<meta property=\"og:locale\" content=\"fr_FR\" \/>\n<meta property=\"og:type\" content=\"article\" \/>\n<meta property=\"og:title\" content=\"Profumo per ambiente in diffusore di porcellana Capodimonte Linea Art - Re...mare\" \/>\n<meta property=\"og:description\" content=\"Lasciati travolgere dalle dolce fragranze del profumatore d ambiente in porcellana. Dona il tuo ambiente un tocco di classe con erbolinea.\" \/>\n<meta property=\"og:url\" content=\"https:\/\/erbolinea.com\/fr\/produit\/diffusori-in-porcellana-con-bastoncini-linea-art-capodimonte\/\" \/>\n<meta property=\"og:site_name\" content=\"Erbolinea - Store Fragrances\" \/>\n<meta property=\"article:publisher\" content=\"https:\/\/www.facebook.com\/erbolinea\" \/>\n<meta property=\"article:modified_time\" content=\"2026-02-28T09:15:25+00:00\" \/>\n<meta property=\"og:image\" content=\"https:\/\/erbolinea.com\/wp-content\/uploads\/2023\/05\/500ml-nobaston_CELESTE.jpg\" \/>\n\t<meta property=\"og:image:width\" content=\"1800\" \/>\n\t<meta property=\"og:image:height\" content=\"1800\" \/>\n\t<meta property=\"og:image:type\" content=\"image\/jpeg\" \/>\n<meta name=\"twitter:card\" content=\"summary_large_image\" \/>\n<meta name=\"twitter:label1\" content=\"Disponibilit\u00e9\" \/>\n\t<meta name=\"twitter:data1\" content=\"En stock\" \/>\n<script type=\"application\/ld+json\" class=\"yoast-schema-graph\">{\"@context\":\"https:\/\/schema.org\",\"@graph\":[{\"@type\":\"WebPage\",\"@id\":\"https:\/\/erbolinea.com\/prodotto\/diffusori-in-porcellana-con-bastoncini-linea-art-capodimonte\/\",\"url\":\"https:\/\/erbolinea.com\/prodotto\/diffusori-in-porcellana-con-bastoncini-linea-art-capodimonte\/\",\"name\":\"profumatore d ambiente in porcellana | erbolinea online shop\",\"isPartOf\":{\"@id\":\"https:\/\/erbolinea.com\/#website\"},\"primaryImageOfPage\":{\"@id\":\"https:\/\/erbolinea.com\/prodotto\/diffusori-in-porcellana-con-bastoncini-linea-art-capodimonte\/#primaryimage\"},\"image\":{\"@id\":\"https:\/\/erbolinea.com\/prodotto\/diffusori-in-porcellana-con-bastoncini-linea-art-capodimonte\/#primaryimage\"},\"thumbnailUrl\":\"https:\/\/erbolinea.com\/wp-content\/uploads\/2023\/05\/500ml-nobaston_CELESTE.jpg\",\"datePublished\":\"2023-05-24T09:44:36+00:00\",\"dateModified\":\"2026-02-28T09:15:25+00:00\",\"description\":\"Lasciati travolgere dalle dolce fragranze del profumatore d ambiente in porcellana. Dona il tuo ambiente un tocco di classe con erbolinea.\",\"breadcrumb\":{\"@id\":\"https:\/\/erbolinea.com\/prodotto\/diffusori-in-porcellana-con-bastoncini-linea-art-capodimonte\/#breadcrumb\"},\"inLanguage\":\"fr-FR\",\"potentialAction\":[{\"@type\":\"ReadAction\",\"target\":[\"https:\/\/erbolinea.com\/prodotto\/diffusori-in-porcellana-con-bastoncini-linea-art-capodimonte\/\"]}]},{\"@type\":\"ImageObject\",\"inLanguage\":\"fr-FR\",\"@id\":\"https:\/\/erbolinea.com\/prodotto\/diffusori-in-porcellana-con-bastoncini-linea-art-capodimonte\/#primaryimage\",\"url\":\"https:\/\/erbolinea.com\/wp-content\/uploads\/2023\/05\/500ml-nobaston_CELESTE.jpg\",\"contentUrl\":\"https:\/\/erbolinea.com\/wp-content\/uploads\/2023\/05\/500ml-nobaston_CELESTE.jpg\",\"width\":1800,\"height\":1800},{\"@type\":\"BreadcrumbList\",\"@id\":\"https:\/\/erbolinea.com\/prodotto\/diffusori-in-porcellana-con-bastoncini-linea-art-capodimonte\/#breadcrumb\",\"itemListElement\":[{\"@type\":\"ListItem\",\"position\":1,\"name\":\"Home\",\"item\":\"https:\/\/erbolinea.com\/\"},{\"@type\":\"ListItem\",\"position\":2,\"name\":\"Shop\",\"item\":\"https:\/\/erbolinea.com\/shop\/\"},{\"@type\":\"ListItem\",\"position\":3,\"name\":\"Profumo per ambiente in diffusore di porcellana Capodimonte Linea Art &#8211; Re&#8230;mare\"}]},{\"@type\":\"WebSite\",\"@id\":\"https:\/\/erbolinea.com\/#website\",\"url\":\"https:\/\/erbolinea.com\/\",\"name\":\"Erbolinea - Store Fragrances\",\"description\":\"Vendita diffusori di ambiente\",\"publisher\":{\"@id\":\"https:\/\/erbolinea.com\/#organization\"},\"alternateName\":\"Erbolinea\",\"potentialAction\":[{\"@type\":\"SearchAction\",\"target\":{\"@type\":\"EntryPoint\",\"urlTemplate\":\"https:\/\/erbolinea.com\/?s={search_term_string}\"},\"query-input\":{\"@type\":\"PropertyValueSpecification\",\"valueRequired\":true,\"valueName\":\"search_term_string\"}}],\"inLanguage\":\"fr-FR\"},{\"@type\":\"Organization\",\"@id\":\"https:\/\/erbolinea.com\/#organization\",\"name\":\"Erbolinea\",\"url\":\"https:\/\/erbolinea.com\/\",\"logo\":{\"@type\":\"ImageObject\",\"inLanguage\":\"fr-FR\",\"@id\":\"https:\/\/erbolinea.com\/#\/schema\/logo\/image\/\",\"url\":\"https:\/\/erbolinea.com\/wp-content\/uploads\/2020\/04\/logo-400x83_new.png\",\"contentUrl\":\"https:\/\/erbolinea.com\/wp-content\/uploads\/2020\/04\/logo-400x83_new.png\",\"width\":400,\"height\":103,\"caption\":\"Erbolinea\"},\"image\":{\"@id\":\"https:\/\/erbolinea.com\/#\/schema\/logo\/image\/\"},\"sameAs\":[\"https:\/\/www.facebook.com\/erbolinea\",\"https:\/\/www.instagram.com\/erbolinea_fragranze_srl\/\",\"https:\/\/www.youtube.com\/channel\/UCREXSGcI2lrYs6eT9VapG3w\"]}]}<\/script>\n<meta property=\"product:brand\" content=\"Erbolinea\" \/>\n<meta property=\"og:availability\" content=\"instock\" \/>\n<meta property=\"product:availability\" content=\"instock\" \/>\n<meta property=\"product:retailer_item_id\" content=\"lin_art_cap\" \/>\n<meta property=\"product:condition\" content=\"new\" \/>\n<!-- \/ Yoast SEO Premium plugin. -->","yoast_head_json":{"title":"parfum d'ambiance porcelaine | erbolinea online shop","description":"Laissez-vous envahir par les douces fragrances du parfumeur d'ambiance en porcelaine. Donnez \u00e0 votre ambiance une touche de classe avec erbolinea.","robots":{"index":"index","follow":"follow","max-snippet":"max-snippet:-1","max-image-preview":"max-image-preview:large","max-video-preview":"max-video-preview:-1"},"canonical":"https:\/\/erbolinea.com\/fr\/produit\/diffusori-in-porcellana-con-bastoncini-linea-art-capodimonte\/","og_locale":"fr_FR","og_type":"article","og_title":"Profumo per ambiente in diffusore di porcellana Capodimonte Linea Art - Re...mare","og_description":"Lasciati travolgere dalle dolce fragranze del profumatore d ambiente in porcellana. Dona il tuo ambiente un tocco di classe con erbolinea.","og_url":"https:\/\/erbolinea.com\/fr\/produit\/diffusori-in-porcellana-con-bastoncini-linea-art-capodimonte\/","og_site_name":"Erbolinea - Store Fragrances","article_publisher":"https:\/\/www.facebook.com\/erbolinea","article_modified_time":"2026-02-28T09:15:25+00:00","og_image":[{"width":1800,"height":1800,"url":"https:\/\/erbolinea.com\/wp-content\/uploads\/2023\/05\/500ml-nobaston_CELESTE.jpg","type":"image\/jpeg"}],"twitter_card":"summary_large_image","twitter_misc":{"Disponibilit\u00e9":"En stock"},"schema":{"@context":"https:\/\/schema.org","@graph":[{"@type":"WebPage","@id":"https:\/\/erbolinea.com\/prodotto\/diffusori-in-porcellana-con-bastoncini-linea-art-capodimonte\/","url":"https:\/\/erbolinea.com\/prodotto\/diffusori-in-porcellana-con-bastoncini-linea-art-capodimonte\/","name":"parfum d'ambiance porcelaine | erbolinea online shop","isPartOf":{"@id":"https:\/\/erbolinea.com\/#website"},"primaryImageOfPage":{"@id":"https:\/\/erbolinea.com\/prodotto\/diffusori-in-porcellana-con-bastoncini-linea-art-capodimonte\/#primaryimage"},"image":{"@id":"https:\/\/erbolinea.com\/prodotto\/diffusori-in-porcellana-con-bastoncini-linea-art-capodimonte\/#primaryimage"},"thumbnailUrl":"https:\/\/erbolinea.com\/wp-content\/uploads\/2023\/05\/500ml-nobaston_CELESTE.jpg","datePublished":"2023-05-24T09:44:36+00:00","dateModified":"2026-02-28T09:15:25+00:00","description":"Laissez-vous envahir par les douces fragrances du parfumeur d'ambiance en porcelaine. Donnez \u00e0 votre ambiance une touche de classe avec erbolinea.","breadcrumb":{"@id":"https:\/\/erbolinea.com\/prodotto\/diffusori-in-porcellana-con-bastoncini-linea-art-capodimonte\/#breadcrumb"},"inLanguage":"fr-FR","potentialAction":[{"@type":"ReadAction","target":["https:\/\/erbolinea.com\/prodotto\/diffusori-in-porcellana-con-bastoncini-linea-art-capodimonte\/"]}]},{"@type":"ImageObject","inLanguage":"fr-FR","@id":"https:\/\/erbolinea.com\/prodotto\/diffusori-in-porcellana-con-bastoncini-linea-art-capodimonte\/#primaryimage","url":"https:\/\/erbolinea.com\/wp-content\/uploads\/2023\/05\/500ml-nobaston_CELESTE.jpg","contentUrl":"https:\/\/erbolinea.com\/wp-content\/uploads\/2023\/05\/500ml-nobaston_CELESTE.jpg","width":1800,"height":1800},{"@type":"BreadcrumbList","@id":"https:\/\/erbolinea.com\/prodotto\/diffusori-in-porcellana-con-bastoncini-linea-art-capodimonte\/#breadcrumb","itemListElement":[{"@type":"ListItem","position":1,"name":"Home","item":"https:\/\/erbolinea.com\/"},{"@type":"ListItem","position":2,"name":"Shop","item":"https:\/\/erbolinea.com\/shop\/"},{"@type":"ListItem","position":3,"name":"Profumo per ambiente in diffusore di porcellana Capodimonte Linea Art &#8211; Re&#8230;mare"}]},{"@type":"WebSite","@id":"https:\/\/erbolinea.com\/#website","url":"https:\/\/erbolinea.com\/","name":"Erbolinea - Parfums de magasins","description":"Diffuseurs d'ambiance \u00e0 vendre","publisher":{"@id":"https:\/\/erbolinea.com\/#organization"},"alternateName":"Erbolinea","potentialAction":[{"@type":"SearchAction","target":{"@type":"EntryPoint","urlTemplate":"https:\/\/erbolinea.com\/?s={search_term_string}"},"query-input":{"@type":"PropertyValueSpecification","valueRequired":true,"valueName":"search_term_string"}}],"inLanguage":"fr-FR"},{"@type":"Organization","@id":"https:\/\/erbolinea.com\/#organization","name":"Erbolinea","url":"https:\/\/erbolinea.com\/","logo":{"@type":"ImageObject","inLanguage":"fr-FR","@id":"https:\/\/erbolinea.com\/#\/schema\/logo\/image\/","url":"https:\/\/erbolinea.com\/wp-content\/uploads\/2020\/04\/logo-400x83_new.png","contentUrl":"https:\/\/erbolinea.com\/wp-content\/uploads\/2020\/04\/logo-400x83_new.png","width":400,"height":103,"caption":"Erbolinea"},"image":{"@id":"https:\/\/erbolinea.com\/#\/schema\/logo\/image\/"},"sameAs":["https:\/\/www.facebook.com\/erbolinea","https:\/\/www.instagram.com\/erbolinea_fragranze_srl\/","https:\/\/www.youtube.com\/channel\/UCREXSGcI2lrYs6eT9VapG3w"]}]},"product_brand":"Erbolinea","og_availability":"instock","product_availability":"instock","product_retailer_item_id":"lin_art_cap","product_condition":"new"},"_links":{"self":[{"href":"https:\/\/erbolinea.com\/fr\/wp-json\/wp\/v2\/product\/18247","targetHints":{"allow":["GET"]}}],"collection":[{"href":"https:\/\/erbolinea.com\/fr\/wp-json\/wp\/v2\/product"}],"about":[{"href":"https:\/\/erbolinea.com\/fr\/wp-json\/wp\/v2\/types\/product"}],"wp:featuredmedia":[{"embeddable":true,"href":"https:\/\/erbolinea.com\/fr\/wp-json\/wp\/v2\/media\/18349"}],"wp:attachment":[{"href":"https:\/\/erbolinea.com\/fr\/wp-json\/wp\/v2\/media?parent=18247"}],"wp:term":[{"taxonomy":"product_brand","embeddable":true,"href":"https:\/\/erbolinea.com\/fr\/wp-json\/wp\/v2\/product_brand?post=18247"},{"taxonomy":"product_cat","embeddable":true,"href":"https:\/\/erbolinea.com\/fr\/wp-json\/wp\/v2\/product_cat?post=18247"},{"taxonomy":"product_tag","embeddable":true,"href":"https:\/\/erbolinea.com\/fr\/wp-json\/wp\/v2\/product_tag?post=18247"}],"curies":[{"name":"wp","href":"https:\/\/api.w.org\/{rel}","templated":true}]}}