{"id":16214,"date":"2022-11-15T09:34:58","date_gmt":"2022-11-15T08:34:58","guid":{"rendered":"https:\/\/erbolinea.com\/?post_type=product&#038;p=16214"},"modified":"2026-04-15T16:57:31","modified_gmt":"2026-04-15T14:57:31","slug":"diffusori-in-ceramica-con-bastoncini-linea-art-il-riccio","status":"publish","type":"product","link":"https:\/\/erbolinea.com\/fr\/produit\/diffusori-in-ceramica-con-bastoncini-linea-art-il-riccio\/","title":{"rendered":"Parfum d'ambiance dans un diffuseur en c\u00e9ramique Art Line - IL RICCIO"},"content":{"rendered":"<p>Diffuseur en c\u00e9ramique avec b\u00e2tonnets fabriqu\u00e9s \u00e0 partir d'essences s\u00e9lectionn\u00e9es et de mati\u00e8res premi\u00e8res de la plus haute qualit\u00e9. R\u00e9alis\u00e9e en c\u00e9ramique de Grottaglie, l'une des expressions artistiques les plus int\u00e9ressantes de l'artisanat des Pouilles, prot\u00e9g\u00e9e par la marque D.O.C., une tradition c\u00e9ramique qui remonte au 8e si\u00e8cle avant J.-C..<br \/>\nConnus et appr\u00e9ci\u00e9s dans le monde entier, ils sont \u00e9l\u00e9gants dans leur forme et caract\u00e9ris\u00e9s par la vive polychromie d\u00e9corative appel\u00e9e par l'alternance harmonieuse de jaunes, verts, bleus et mangan\u00e8se. Les c\u00e9ramiques de Grottaglie ont repr\u00e9sent\u00e9 et repr\u00e9sentent encore la tradition transmise de g\u00e9n\u00e9ration en g\u00e9n\u00e9ration.<br \/>\nErbolinea a saisi et renouvel\u00e9 cette tradition en cr\u00e9ant, en collaboration avec des c\u00e9ramistes, des pi\u00e8ces uniques qui, associ\u00e9es \u00e0 des parfums d'ambiance aux tons chauds et locaux, cr\u00e9ent une atmosph\u00e8re intense et exclusive.<\/p>","protected":false},"excerpt":{"rendered":"<p>Diffuseur en c\u00e9ramique avec b\u00e2tonnets r\u00e9alis\u00e9 \u00e0 partir d'essences s\u00e9lectionn\u00e9es et de mati\u00e8res premi\u00e8res de la plus haute qualit\u00e9. R\u00e9alis\u00e9 en c\u00e9ramique de Grottaglie, l'une des expressions artistiques les plus int\u00e9ressantes de l'artisanat des Pouilles prot\u00e9g\u00e9 par la marque D.O.C., une tradition c\u00e9ramique qui remonte au VIIIe si\u00e8cle avant J\u00e9sus-Christ. Connue et appr\u00e9ci\u00e9e dans le monde entier, \u00e9l\u00e9gante dans ses formes et caract\u00e9ris\u00e9e par la vivacit\u00e9 de ses [...]","protected":false},"featured_media":15206,"template":"","meta":[],"product_brand":[],"product_cat":[129],"product_tag":[438,439],"class_list":{"0":"post-16214","1":"product","2":"type-product","3":"status-publish","4":"has-post-thumbnail","6":"product_cat-diffusore-oli-essenziali-ceramica","7":"product_tag-diffusori-in-ceramica","8":"product_tag-linea-art","10":"first","11":"instock","12":"shipping-taxable","13":"purchasable","14":"product-type-variable","15":"has-default-attributes"},"yoast_head":"<!-- This site is optimized with the Yoast SEO Premium plugin v26.2 (Yoast SEO v26.4) - https:\/\/yoast.com\/wordpress\/plugins\/seo\/ -->\n<title>Diffusori in ceramica con bastoncini | Erbolinea<\/title>\n<meta name=\"description\" content=\"Vuoi dare un&#039; odore speciale al tuo ambiente.Acquista i diffusori in ceramica con bastoncini di erbolinea,dona alla tua casa un profumo unico\" \/>\n<meta name=\"robots\" content=\"index, follow, max-snippet:-1, max-image-preview:large, max-video-preview:-1\" \/>\n<link rel=\"canonical\" href=\"https:\/\/erbolinea.com\/fr\/produit\/diffusori-in-ceramica-con-bastoncini-linea-art-il-riccio\/\" \/>\n<meta property=\"og:locale\" content=\"fr_FR\" \/>\n<meta property=\"og:type\" content=\"article\" \/>\n<meta property=\"og:title\" content=\"Profumo per ambiente in diffusore di ceramica Linea Art - IL RICCIO\" \/>\n<meta property=\"og:description\" content=\"Vuoi dare un&#039; odore speciale al tuo ambiente.Acquista i diffusori in ceramica con bastoncini di erbolinea,dona alla tua casa un profumo unico\" \/>\n<meta property=\"og:url\" content=\"https:\/\/erbolinea.com\/fr\/produit\/diffusori-in-ceramica-con-bastoncini-linea-art-il-riccio\/\" \/>\n<meta property=\"og:site_name\" content=\"Erbolinea - Store Fragrances\" \/>\n<meta property=\"article:publisher\" content=\"https:\/\/www.facebook.com\/erbolinea\" \/>\n<meta property=\"article:modified_time\" content=\"2026-04-15T14:57:31+00:00\" \/>\n<meta property=\"og:image\" content=\"https:\/\/erbolinea.com\/wp-content\/uploads\/2018\/11\/Copertina-profumatore.jpg\" \/>\n\t<meta property=\"og:image:width\" content=\"1068\" \/>\n\t<meta property=\"og:image:height\" content=\"801\" \/>\n\t<meta property=\"og:image:type\" content=\"image\/jpeg\" \/>\n<meta name=\"twitter:card\" content=\"summary_large_image\" \/>\n<meta name=\"twitter:label1\" content=\"Disponibilit\u00e9\" \/>\n\t<meta name=\"twitter:data1\" content=\"En stock\" \/>\n<script type=\"application\/ld+json\" class=\"yoast-schema-graph\">{\"@context\":\"https:\/\/schema.org\",\"@graph\":[{\"@type\":\"WebPage\",\"@id\":\"https:\/\/erbolinea.com\/prodotto\/diffusori-in-ceramica-con-bastoncini-linea-art-il-riccio\/\",\"url\":\"https:\/\/erbolinea.com\/prodotto\/diffusori-in-ceramica-con-bastoncini-linea-art-il-riccio\/\",\"name\":\"Diffusori in ceramica con bastoncini | Erbolinea\",\"isPartOf\":{\"@id\":\"https:\/\/erbolinea.com\/#website\"},\"primaryImageOfPage\":{\"@id\":\"https:\/\/erbolinea.com\/prodotto\/diffusori-in-ceramica-con-bastoncini-linea-art-il-riccio\/#primaryimage\"},\"image\":{\"@id\":\"https:\/\/erbolinea.com\/prodotto\/diffusori-in-ceramica-con-bastoncini-linea-art-il-riccio\/#primaryimage\"},\"thumbnailUrl\":\"https:\/\/erbolinea.com\/wp-content\/uploads\/2018\/11\/Copertina-profumatore.jpg\",\"datePublished\":\"2022-11-15T08:34:58+00:00\",\"dateModified\":\"2026-04-15T14:57:31+00:00\",\"description\":\"Vuoi dare un' odore speciale al tuo ambiente.Acquista i diffusori in ceramica con bastoncini di erbolinea,dona alla tua casa un profumo unico\",\"breadcrumb\":{\"@id\":\"https:\/\/erbolinea.com\/prodotto\/diffusori-in-ceramica-con-bastoncini-linea-art-il-riccio\/#breadcrumb\"},\"inLanguage\":\"fr-FR\",\"potentialAction\":[{\"@type\":\"ReadAction\",\"target\":[\"https:\/\/erbolinea.com\/prodotto\/diffusori-in-ceramica-con-bastoncini-linea-art-il-riccio\/\"]}]},{\"@type\":\"ImageObject\",\"inLanguage\":\"fr-FR\",\"@id\":\"https:\/\/erbolinea.com\/prodotto\/diffusori-in-ceramica-con-bastoncini-linea-art-il-riccio\/#primaryimage\",\"url\":\"https:\/\/erbolinea.com\/wp-content\/uploads\/2018\/11\/Copertina-profumatore.jpg\",\"contentUrl\":\"https:\/\/erbolinea.com\/wp-content\/uploads\/2018\/11\/Copertina-profumatore.jpg\",\"width\":1068,\"height\":801},{\"@type\":\"BreadcrumbList\",\"@id\":\"https:\/\/erbolinea.com\/prodotto\/diffusori-in-ceramica-con-bastoncini-linea-art-il-riccio\/#breadcrumb\",\"itemListElement\":[{\"@type\":\"ListItem\",\"position\":1,\"name\":\"Home\",\"item\":\"https:\/\/erbolinea.com\/\"},{\"@type\":\"ListItem\",\"position\":2,\"name\":\"Shop\",\"item\":\"https:\/\/erbolinea.com\/shop\/\"},{\"@type\":\"ListItem\",\"position\":3,\"name\":\"Profumo per ambiente in diffusore di ceramica Linea Art &#8211; IL RICCIO\"}]},{\"@type\":\"WebSite\",\"@id\":\"https:\/\/erbolinea.com\/#website\",\"url\":\"https:\/\/erbolinea.com\/\",\"name\":\"Erbolinea - Store Fragrances\",\"description\":\"Vendita diffusori di ambiente\",\"publisher\":{\"@id\":\"https:\/\/erbolinea.com\/#organization\"},\"alternateName\":\"Erbolinea\",\"potentialAction\":[{\"@type\":\"SearchAction\",\"target\":{\"@type\":\"EntryPoint\",\"urlTemplate\":\"https:\/\/erbolinea.com\/?s={search_term_string}\"},\"query-input\":{\"@type\":\"PropertyValueSpecification\",\"valueRequired\":true,\"valueName\":\"search_term_string\"}}],\"inLanguage\":\"fr-FR\"},{\"@type\":\"Organization\",\"@id\":\"https:\/\/erbolinea.com\/#organization\",\"name\":\"Erbolinea\",\"url\":\"https:\/\/erbolinea.com\/\",\"logo\":{\"@type\":\"ImageObject\",\"inLanguage\":\"fr-FR\",\"@id\":\"https:\/\/erbolinea.com\/#\/schema\/logo\/image\/\",\"url\":\"https:\/\/erbolinea.com\/wp-content\/uploads\/2020\/04\/logo-400x83_new.png\",\"contentUrl\":\"https:\/\/erbolinea.com\/wp-content\/uploads\/2020\/04\/logo-400x83_new.png\",\"width\":400,\"height\":103,\"caption\":\"Erbolinea\"},\"image\":{\"@id\":\"https:\/\/erbolinea.com\/#\/schema\/logo\/image\/\"},\"sameAs\":[\"https:\/\/www.facebook.com\/erbolinea\",\"https:\/\/www.instagram.com\/erbolinea_fragranze_srl\/\",\"https:\/\/www.youtube.com\/channel\/UCREXSGcI2lrYs6eT9VapG3w\"]}]}<\/script>\n<meta property=\"product:brand\" content=\"Erbolinea\" \/>\n<meta property=\"og:availability\" content=\"instock\" \/>\n<meta property=\"product:availability\" content=\"instock\" \/>\n<meta property=\"product:retailer_item_id\" content=\"lin_art-RICCIO\" \/>\n<meta property=\"product:condition\" content=\"new\" \/>\n<!-- \/ Yoast SEO Premium plugin. -->","yoast_head_json":{"title":"Diffuseurs en c\u00e9ramique avec b\u00e2tonnets | Erbolinea","description":"Achetez des diffuseurs en c\u00e9ramique avec des b\u00e2tonnets d'herbolinea, pour donner \u00e0 votre maison un parfum unique.","robots":{"index":"index","follow":"follow","max-snippet":"max-snippet:-1","max-image-preview":"max-image-preview:large","max-video-preview":"max-video-preview:-1"},"canonical":"https:\/\/erbolinea.com\/fr\/produit\/diffusori-in-ceramica-con-bastoncini-linea-art-il-riccio\/","og_locale":"fr_FR","og_type":"article","og_title":"Profumo per ambiente in diffusore di ceramica Linea Art - IL RICCIO","og_description":"Vuoi dare un' odore speciale al tuo ambiente.Acquista i diffusori in ceramica con bastoncini di erbolinea,dona alla tua casa un profumo unico","og_url":"https:\/\/erbolinea.com\/fr\/produit\/diffusori-in-ceramica-con-bastoncini-linea-art-il-riccio\/","og_site_name":"Erbolinea - Store Fragrances","article_publisher":"https:\/\/www.facebook.com\/erbolinea","article_modified_time":"2026-04-15T14:57:31+00:00","og_image":[{"width":1068,"height":801,"url":"https:\/\/erbolinea.com\/wp-content\/uploads\/2018\/11\/Copertina-profumatore.jpg","type":"image\/jpeg"}],"twitter_card":"summary_large_image","twitter_misc":{"Disponibilit\u00e9":"En stock"},"schema":{"@context":"https:\/\/schema.org","@graph":[{"@type":"WebPage","@id":"https:\/\/erbolinea.com\/prodotto\/diffusori-in-ceramica-con-bastoncini-linea-art-il-riccio\/","url":"https:\/\/erbolinea.com\/prodotto\/diffusori-in-ceramica-con-bastoncini-linea-art-il-riccio\/","name":"Diffuseurs en c\u00e9ramique avec b\u00e2tonnets | Erbolinea","isPartOf":{"@id":"https:\/\/erbolinea.com\/#website"},"primaryImageOfPage":{"@id":"https:\/\/erbolinea.com\/prodotto\/diffusori-in-ceramica-con-bastoncini-linea-art-il-riccio\/#primaryimage"},"image":{"@id":"https:\/\/erbolinea.com\/prodotto\/diffusori-in-ceramica-con-bastoncini-linea-art-il-riccio\/#primaryimage"},"thumbnailUrl":"https:\/\/erbolinea.com\/wp-content\/uploads\/2018\/11\/Copertina-profumatore.jpg","datePublished":"2022-11-15T08:34:58+00:00","dateModified":"2026-04-15T14:57:31+00:00","description":"Achetez des diffuseurs en c\u00e9ramique avec des b\u00e2tonnets d'herbolinea, pour donner \u00e0 votre maison un parfum unique.","breadcrumb":{"@id":"https:\/\/erbolinea.com\/prodotto\/diffusori-in-ceramica-con-bastoncini-linea-art-il-riccio\/#breadcrumb"},"inLanguage":"fr-FR","potentialAction":[{"@type":"ReadAction","target":["https:\/\/erbolinea.com\/prodotto\/diffusori-in-ceramica-con-bastoncini-linea-art-il-riccio\/"]}]},{"@type":"ImageObject","inLanguage":"fr-FR","@id":"https:\/\/erbolinea.com\/prodotto\/diffusori-in-ceramica-con-bastoncini-linea-art-il-riccio\/#primaryimage","url":"https:\/\/erbolinea.com\/wp-content\/uploads\/2018\/11\/Copertina-profumatore.jpg","contentUrl":"https:\/\/erbolinea.com\/wp-content\/uploads\/2018\/11\/Copertina-profumatore.jpg","width":1068,"height":801},{"@type":"BreadcrumbList","@id":"https:\/\/erbolinea.com\/prodotto\/diffusori-in-ceramica-con-bastoncini-linea-art-il-riccio\/#breadcrumb","itemListElement":[{"@type":"ListItem","position":1,"name":"Home","item":"https:\/\/erbolinea.com\/"},{"@type":"ListItem","position":2,"name":"Shop","item":"https:\/\/erbolinea.com\/shop\/"},{"@type":"ListItem","position":3,"name":"Profumo per ambiente in diffusore di ceramica Linea Art &#8211; IL RICCIO"}]},{"@type":"WebSite","@id":"https:\/\/erbolinea.com\/#website","url":"https:\/\/erbolinea.com\/","name":"Erbolinea - Parfums de magasins","description":"Diffuseurs d'ambiance \u00e0 vendre","publisher":{"@id":"https:\/\/erbolinea.com\/#organization"},"alternateName":"Erbolinea","potentialAction":[{"@type":"SearchAction","target":{"@type":"EntryPoint","urlTemplate":"https:\/\/erbolinea.com\/?s={search_term_string}"},"query-input":{"@type":"PropertyValueSpecification","valueRequired":true,"valueName":"search_term_string"}}],"inLanguage":"fr-FR"},{"@type":"Organization","@id":"https:\/\/erbolinea.com\/#organization","name":"Erbolinea","url":"https:\/\/erbolinea.com\/","logo":{"@type":"ImageObject","inLanguage":"fr-FR","@id":"https:\/\/erbolinea.com\/#\/schema\/logo\/image\/","url":"https:\/\/erbolinea.com\/wp-content\/uploads\/2020\/04\/logo-400x83_new.png","contentUrl":"https:\/\/erbolinea.com\/wp-content\/uploads\/2020\/04\/logo-400x83_new.png","width":400,"height":103,"caption":"Erbolinea"},"image":{"@id":"https:\/\/erbolinea.com\/#\/schema\/logo\/image\/"},"sameAs":["https:\/\/www.facebook.com\/erbolinea","https:\/\/www.instagram.com\/erbolinea_fragranze_srl\/","https:\/\/www.youtube.com\/channel\/UCREXSGcI2lrYs6eT9VapG3w"]}]},"product_brand":"Erbolinea","og_availability":"instock","product_availability":"instock","product_retailer_item_id":"lin_art-RICCIO","product_condition":"new"},"_links":{"self":[{"href":"https:\/\/erbolinea.com\/fr\/wp-json\/wp\/v2\/product\/16214","targetHints":{"allow":["GET"]}}],"collection":[{"href":"https:\/\/erbolinea.com\/fr\/wp-json\/wp\/v2\/product"}],"about":[{"href":"https:\/\/erbolinea.com\/fr\/wp-json\/wp\/v2\/types\/product"}],"wp:featuredmedia":[{"embeddable":true,"href":"https:\/\/erbolinea.com\/fr\/wp-json\/wp\/v2\/media\/15206"}],"wp:attachment":[{"href":"https:\/\/erbolinea.com\/fr\/wp-json\/wp\/v2\/media?parent=16214"}],"wp:term":[{"taxonomy":"product_brand","embeddable":true,"href":"https:\/\/erbolinea.com\/fr\/wp-json\/wp\/v2\/product_brand?post=16214"},{"taxonomy":"product_cat","embeddable":true,"href":"https:\/\/erbolinea.com\/fr\/wp-json\/wp\/v2\/product_cat?post=16214"},{"taxonomy":"product_tag","embeddable":true,"href":"https:\/\/erbolinea.com\/fr\/wp-json\/wp\/v2\/product_tag?post=16214"}],"curies":[{"name":"wp","href":"https:\/\/api.w.org\/{rel}","templated":true}]}}