{"id":16013,"date":"2022-11-09T10:12:54","date_gmt":"2022-11-09T09:12:54","guid":{"rendered":"https:\/\/erbolinea.com\/?post_type=product&#038;p=16013"},"modified":"2026-04-28T11:52:40","modified_gmt":"2026-04-28T09:52:40","slug":"nuovo-profumatore-auto-refill-kit","status":"publish","type":"product","link":"https:\/\/erbolinea.com\/fr\/produit\/nuovo-profumatore-auto-refill-kit\/","title":{"rendered":"Nouveau d\u00e9sodorisant pour voiture - KIT DE RECHANGE"},"content":{"rendered":"<p>Accessoire raffin\u00e9 con\u00e7u pour parfumer l'habitacle et mettre en valeur le design de votre tableau de bord, diffuse nos parfums exclusifs avec une ventilation active.Produit fabriqu\u00e9 selon les crit\u00e8res de l'\u00e9co-durabilit\u00e9. Fabriqu\u00e9 en Italie.<\/p>\n<h4>N.B. Lors du premier achat, vous devez choisir la couleur de la couverture ext\u00e9rieure (<a href=\"https:\/\/erbolinea.com\/fr\/produit\/nuovo-profumatore-auto-starter-kit\/\"><u>kit de d\u00e9marrage<\/u><\/a>) et le parfum (kit de recharge) ; ensuite, seul le remplacement du parfum peut \u00eatre achet\u00e9.<\/h4>","protected":false},"excerpt":{"rendered":"<p>Accessoire raffin\u00e9 con\u00e7u pour parfumer l'habitacle et rehausser le design de votre tableau de bord, diffuse nos parfums exclusifs avec une ventilation active.Produit r\u00e9alis\u00e9 selon les crit\u00e8res de l'\u00e9co-durabilit\u00e9. Fabriqu\u00e9 en Italie. N.B. Lors du premier achat, il est n\u00e9cessaire de choisir la couleur du couvercle externe (kit de d\u00e9marrage) et de la fragrance (kit de recharge) ; par la suite, il sera possible d'acheter uniquement la couleur de la [...]","protected":false},"featured_media":16027,"template":"","meta":[],"product_brand":[],"product_cat":[],"product_tag":[],"class_list":{"0":"post-16013","1":"product","2":"type-product","3":"status-publish","4":"has-post-thumbnail","7":"first","8":"instock","9":"shipping-taxable","10":"purchasable","11":"product-type-variable"},"yoast_head":"<!-- This site is optimized with the Yoast SEO Premium plugin v26.2 (Yoast SEO v26.4) - https:\/\/yoast.com\/wordpress\/plugins\/seo\/ -->\n<title>Nuovo profumatore auto - REFILL KIT - Erbolinea - Store Fragrances<\/title>\n<meta name=\"robots\" content=\"index, follow, max-snippet:-1, max-image-preview:large, max-video-preview:-1\" \/>\n<link rel=\"canonical\" href=\"https:\/\/erbolinea.com\/fr\/produit\/nuovo-profumatore-auto-refill-kit\/\" \/>\n<meta property=\"og:locale\" content=\"fr_FR\" \/>\n<meta property=\"og:type\" content=\"article\" \/>\n<meta property=\"og:title\" content=\"Nuovo profumatore auto - REFILL KIT\" \/>\n<meta property=\"og:description\" content=\"Raffinato accessorio ideato per profumare l\u2019abitacolo ed esaltare il design del tuo cruscotto, diffonde le nostre esclusive fragranze con la ventilazione attiva.Prodotto realizzato rispettando i criteri dell\u2019ecosostenibilit\u00e0. Made in Italy. N.B. Al primo acquisto \u00e8 necessario scegliere il colore della cover esterna (starter kit) e della fragranza (refill kit); successivamente si potr\u00e0 acquistare solo il[...]\" \/>\n<meta property=\"og:url\" content=\"https:\/\/erbolinea.com\/fr\/produit\/nuovo-profumatore-auto-refill-kit\/\" \/>\n<meta property=\"og:site_name\" content=\"Erbolinea - Store Fragrances\" \/>\n<meta property=\"article:publisher\" content=\"https:\/\/www.facebook.com\/erbolinea\" \/>\n<meta property=\"article:modified_time\" content=\"2026-04-28T09:52:40+00:00\" \/>\n<meta property=\"og:image\" content=\"https:\/\/erbolinea.com\/wp-content\/uploads\/2022\/11\/copertina_refill_profumatori_new.jpg\" \/>\n\t<meta property=\"og:image:width\" content=\"1900\" \/>\n\t<meta property=\"og:image:height\" content=\"1425\" \/>\n\t<meta property=\"og:image:type\" content=\"image\/jpeg\" \/>\n<meta name=\"twitter:card\" content=\"summary_large_image\" \/>\n<meta name=\"twitter:label1\" content=\"Disponibilit\u00e9\" \/>\n\t<meta name=\"twitter:data1\" content=\"En stock\" \/>\n<script type=\"application\/ld+json\" class=\"yoast-schema-graph\">{\"@context\":\"https:\/\/schema.org\",\"@graph\":[{\"@type\":\"WebPage\",\"@id\":\"https:\/\/erbolinea.com\/prodotto\/nuovo-profumatore-auto-refill-kit\/\",\"url\":\"https:\/\/erbolinea.com\/prodotto\/nuovo-profumatore-auto-refill-kit\/\",\"name\":\"Nuovo profumatore auto - REFILL KIT - Erbolinea - Store Fragrances\",\"isPartOf\":{\"@id\":\"https:\/\/erbolinea.com\/#website\"},\"primaryImageOfPage\":{\"@id\":\"https:\/\/erbolinea.com\/prodotto\/nuovo-profumatore-auto-refill-kit\/#primaryimage\"},\"image\":{\"@id\":\"https:\/\/erbolinea.com\/prodotto\/nuovo-profumatore-auto-refill-kit\/#primaryimage\"},\"thumbnailUrl\":\"https:\/\/erbolinea.com\/wp-content\/uploads\/2022\/11\/copertina_refill_profumatori_new.jpg\",\"datePublished\":\"2022-11-09T09:12:54+00:00\",\"dateModified\":\"2026-04-28T09:52:40+00:00\",\"breadcrumb\":{\"@id\":\"https:\/\/erbolinea.com\/prodotto\/nuovo-profumatore-auto-refill-kit\/#breadcrumb\"},\"inLanguage\":\"fr-FR\",\"potentialAction\":[{\"@type\":\"ReadAction\",\"target\":[\"https:\/\/erbolinea.com\/prodotto\/nuovo-profumatore-auto-refill-kit\/\"]}]},{\"@type\":\"ImageObject\",\"inLanguage\":\"fr-FR\",\"@id\":\"https:\/\/erbolinea.com\/prodotto\/nuovo-profumatore-auto-refill-kit\/#primaryimage\",\"url\":\"https:\/\/erbolinea.com\/wp-content\/uploads\/2022\/11\/copertina_refill_profumatori_new.jpg\",\"contentUrl\":\"https:\/\/erbolinea.com\/wp-content\/uploads\/2022\/11\/copertina_refill_profumatori_new.jpg\",\"width\":1900,\"height\":1425},{\"@type\":\"BreadcrumbList\",\"@id\":\"https:\/\/erbolinea.com\/prodotto\/nuovo-profumatore-auto-refill-kit\/#breadcrumb\",\"itemListElement\":[{\"@type\":\"ListItem\",\"position\":1,\"name\":\"Home\",\"item\":\"https:\/\/erbolinea.com\/\"},{\"@type\":\"ListItem\",\"position\":2,\"name\":\"Shop\",\"item\":\"https:\/\/erbolinea.com\/shop\/\"},{\"@type\":\"ListItem\",\"position\":3,\"name\":\"Nuovo profumatore auto &#8211; REFILL KIT\"}]},{\"@type\":\"WebSite\",\"@id\":\"https:\/\/erbolinea.com\/#website\",\"url\":\"https:\/\/erbolinea.com\/\",\"name\":\"Erbolinea - Store Fragrances\",\"description\":\"Vendita diffusori di ambiente\",\"publisher\":{\"@id\":\"https:\/\/erbolinea.com\/#organization\"},\"alternateName\":\"Erbolinea\",\"potentialAction\":[{\"@type\":\"SearchAction\",\"target\":{\"@type\":\"EntryPoint\",\"urlTemplate\":\"https:\/\/erbolinea.com\/?s={search_term_string}\"},\"query-input\":{\"@type\":\"PropertyValueSpecification\",\"valueRequired\":true,\"valueName\":\"search_term_string\"}}],\"inLanguage\":\"fr-FR\"},{\"@type\":\"Organization\",\"@id\":\"https:\/\/erbolinea.com\/#organization\",\"name\":\"Erbolinea\",\"url\":\"https:\/\/erbolinea.com\/\",\"logo\":{\"@type\":\"ImageObject\",\"inLanguage\":\"fr-FR\",\"@id\":\"https:\/\/erbolinea.com\/#\/schema\/logo\/image\/\",\"url\":\"https:\/\/erbolinea.com\/wp-content\/uploads\/2020\/04\/logo-400x83_new.png\",\"contentUrl\":\"https:\/\/erbolinea.com\/wp-content\/uploads\/2020\/04\/logo-400x83_new.png\",\"width\":400,\"height\":103,\"caption\":\"Erbolinea\"},\"image\":{\"@id\":\"https:\/\/erbolinea.com\/#\/schema\/logo\/image\/\"},\"sameAs\":[\"https:\/\/www.facebook.com\/erbolinea\",\"https:\/\/www.instagram.com\/erbolinea_fragranze_srl\/\",\"https:\/\/www.youtube.com\/channel\/UCREXSGcI2lrYs6eT9VapG3w\"]}]}<\/script>\n<meta property=\"og:availability\" content=\"instock\" \/>\n<meta property=\"product:availability\" content=\"instock\" \/>\n<meta property=\"product:condition\" content=\"new\" \/>\n<!-- \/ Yoast SEO Premium plugin. -->","yoast_head_json":{"title":"Nouveau parfumeur automobile - KIT DE REMPLISSAGE - Erbolinea - Store Fragrances","robots":{"index":"index","follow":"follow","max-snippet":"max-snippet:-1","max-image-preview":"max-image-preview:large","max-video-preview":"max-video-preview:-1"},"canonical":"https:\/\/erbolinea.com\/fr\/produit\/nuovo-profumatore-auto-refill-kit\/","og_locale":"fr_FR","og_type":"article","og_title":"Nuovo profumatore auto - REFILL KIT","og_description":"Raffinato accessorio ideato per profumare l\u2019abitacolo ed esaltare il design del tuo cruscotto, diffonde le nostre esclusive fragranze con la ventilazione attiva.Prodotto realizzato rispettando i criteri dell\u2019ecosostenibilit\u00e0. Made in Italy. N.B. Al primo acquisto \u00e8 necessario scegliere il colore della cover esterna (starter kit) e della fragranza (refill kit); successivamente si potr\u00e0 acquistare solo il[...]","og_url":"https:\/\/erbolinea.com\/fr\/produit\/nuovo-profumatore-auto-refill-kit\/","og_site_name":"Erbolinea - Store Fragrances","article_publisher":"https:\/\/www.facebook.com\/erbolinea","article_modified_time":"2026-04-28T09:52:40+00:00","og_image":[{"width":1900,"height":1425,"url":"https:\/\/erbolinea.com\/wp-content\/uploads\/2022\/11\/copertina_refill_profumatori_new.jpg","type":"image\/jpeg"}],"twitter_card":"summary_large_image","twitter_misc":{"Disponibilit\u00e9":"En stock"},"schema":{"@context":"https:\/\/schema.org","@graph":[{"@type":"WebPage","@id":"https:\/\/erbolinea.com\/prodotto\/nuovo-profumatore-auto-refill-kit\/","url":"https:\/\/erbolinea.com\/prodotto\/nuovo-profumatore-auto-refill-kit\/","name":"Nouveau parfumeur automobile - KIT DE REMPLISSAGE - Erbolinea - Store Fragrances","isPartOf":{"@id":"https:\/\/erbolinea.com\/#website"},"primaryImageOfPage":{"@id":"https:\/\/erbolinea.com\/prodotto\/nuovo-profumatore-auto-refill-kit\/#primaryimage"},"image":{"@id":"https:\/\/erbolinea.com\/prodotto\/nuovo-profumatore-auto-refill-kit\/#primaryimage"},"thumbnailUrl":"https:\/\/erbolinea.com\/wp-content\/uploads\/2022\/11\/copertina_refill_profumatori_new.jpg","datePublished":"2022-11-09T09:12:54+00:00","dateModified":"2026-04-28T09:52:40+00:00","breadcrumb":{"@id":"https:\/\/erbolinea.com\/prodotto\/nuovo-profumatore-auto-refill-kit\/#breadcrumb"},"inLanguage":"fr-FR","potentialAction":[{"@type":"ReadAction","target":["https:\/\/erbolinea.com\/prodotto\/nuovo-profumatore-auto-refill-kit\/"]}]},{"@type":"ImageObject","inLanguage":"fr-FR","@id":"https:\/\/erbolinea.com\/prodotto\/nuovo-profumatore-auto-refill-kit\/#primaryimage","url":"https:\/\/erbolinea.com\/wp-content\/uploads\/2022\/11\/copertina_refill_profumatori_new.jpg","contentUrl":"https:\/\/erbolinea.com\/wp-content\/uploads\/2022\/11\/copertina_refill_profumatori_new.jpg","width":1900,"height":1425},{"@type":"BreadcrumbList","@id":"https:\/\/erbolinea.com\/prodotto\/nuovo-profumatore-auto-refill-kit\/#breadcrumb","itemListElement":[{"@type":"ListItem","position":1,"name":"Home","item":"https:\/\/erbolinea.com\/"},{"@type":"ListItem","position":2,"name":"Shop","item":"https:\/\/erbolinea.com\/shop\/"},{"@type":"ListItem","position":3,"name":"Nuovo profumatore auto &#8211; REFILL KIT"}]},{"@type":"WebSite","@id":"https:\/\/erbolinea.com\/#website","url":"https:\/\/erbolinea.com\/","name":"Erbolinea - Parfums de magasins","description":"Diffuseurs d'ambiance \u00e0 vendre","publisher":{"@id":"https:\/\/erbolinea.com\/#organization"},"alternateName":"Erbolinea","potentialAction":[{"@type":"SearchAction","target":{"@type":"EntryPoint","urlTemplate":"https:\/\/erbolinea.com\/?s={search_term_string}"},"query-input":{"@type":"PropertyValueSpecification","valueRequired":true,"valueName":"search_term_string"}}],"inLanguage":"fr-FR"},{"@type":"Organization","@id":"https:\/\/erbolinea.com\/#organization","name":"Erbolinea","url":"https:\/\/erbolinea.com\/","logo":{"@type":"ImageObject","inLanguage":"fr-FR","@id":"https:\/\/erbolinea.com\/#\/schema\/logo\/image\/","url":"https:\/\/erbolinea.com\/wp-content\/uploads\/2020\/04\/logo-400x83_new.png","contentUrl":"https:\/\/erbolinea.com\/wp-content\/uploads\/2020\/04\/logo-400x83_new.png","width":400,"height":103,"caption":"Erbolinea"},"image":{"@id":"https:\/\/erbolinea.com\/#\/schema\/logo\/image\/"},"sameAs":["https:\/\/www.facebook.com\/erbolinea","https:\/\/www.instagram.com\/erbolinea_fragranze_srl\/","https:\/\/www.youtube.com\/channel\/UCREXSGcI2lrYs6eT9VapG3w"]}]},"og_availability":"instock","product_availability":"instock","product_condition":"new"},"_links":{"self":[{"href":"https:\/\/erbolinea.com\/fr\/wp-json\/wp\/v2\/product\/16013","targetHints":{"allow":["GET"]}}],"collection":[{"href":"https:\/\/erbolinea.com\/fr\/wp-json\/wp\/v2\/product"}],"about":[{"href":"https:\/\/erbolinea.com\/fr\/wp-json\/wp\/v2\/types\/product"}],"wp:featuredmedia":[{"embeddable":true,"href":"https:\/\/erbolinea.com\/fr\/wp-json\/wp\/v2\/media\/16027"}],"wp:attachment":[{"href":"https:\/\/erbolinea.com\/fr\/wp-json\/wp\/v2\/media?parent=16013"}],"wp:term":[{"taxonomy":"product_brand","embeddable":true,"href":"https:\/\/erbolinea.com\/fr\/wp-json\/wp\/v2\/product_brand?post=16013"},{"taxonomy":"product_cat","embeddable":true,"href":"https:\/\/erbolinea.com\/fr\/wp-json\/wp\/v2\/product_cat?post=16013"},{"taxonomy":"product_tag","embeddable":true,"href":"https:\/\/erbolinea.com\/fr\/wp-json\/wp\/v2\/product_tag?post=16013"}],"curies":[{"name":"wp","href":"https:\/\/api.w.org\/{rel}","templated":true}]}}