{"id":14402,"date":"2021-12-01T17:56:42","date_gmt":"2021-12-01T16:56:42","guid":{"rendered":"https:\/\/erbolinea.com\/?post_type=product&#038;p=14402"},"modified":"2025-05-15T13:06:58","modified_gmt":"2025-05-15T11:06:58","slug":"quadro-profumatore","status":"publish","type":"product","link":"https:\/\/erbolinea.com\/fr\/produit\/quadro-profumatore\/","title":{"rendered":"Peinture parfum\u00e9e de No\u00ebl"},"content":{"rendered":"<p>Le premier cadre parfum\u00e9 id\u00e9al pour d\u00e9corer et enivrer votre maison. D\u00e9couvrez le diffuseur d'ambiance tableau de No\u00ebl d'Erbolinea.<\/p>\n<p><strong>Dimensions<\/strong> L(14)xP(16)xH(33)<\/p>","protected":false},"excerpt":{"rendered":"<p>Le premier cadre parfum\u00e9 id\u00e9al pour d\u00e9corer et enivrer votre int\u00e9rieur. D\u00e9couvrez le diffuseur d'ambiance de No\u00ebl d'Herbolinea. Dimensions L(14)xP(16)xH(33)<\/p>","protected":false},"featured_media":25096,"template":"","meta":[],"product_brand":[],"product_cat":[614],"product_tag":[],"class_list":{"0":"post-14402","1":"product","2":"type-product","3":"status-publish","4":"has-post-thumbnail","6":"product_cat-winter-fragrance","8":"first","9":"instock","10":"shipping-taxable","11":"purchasable","12":"product-type-variable"},"yoast_head":"<!-- This site is optimized with the Yoast SEO Premium plugin v26.2 (Yoast SEO v26.4) - https:\/\/yoast.com\/wordpress\/plugins\/seo\/ -->\n<title>Diffusore d&#039;ambiente a quadro natalizio | Erbolinea store online<\/title>\n<meta name=\"description\" content=\"Il regalo perfetto per il natale?Acquista il diffusore d&#039;ambiente a quadro natalizio di erbolinea.Scopri tutti i nostri profumatori d&#039;ambiente\" \/>\n<meta name=\"robots\" content=\"index, follow, max-snippet:-1, max-image-preview:large, max-video-preview:-1\" \/>\n<link rel=\"canonical\" href=\"https:\/\/erbolinea.com\/fr\/produit\/quadro-profumatore\/\" \/>\n<meta property=\"og:locale\" content=\"fr_FR\" \/>\n<meta property=\"og:type\" content=\"article\" \/>\n<meta property=\"og:title\" content=\"Quadro profumatore natalizio\" \/>\n<meta property=\"og:description\" content=\"Il regalo perfetto per il natale?Acquista il diffusore d&#039;ambiente a quadro natalizio di erbolinea.Scopri tutti i nostri profumatori d&#039;ambiente\" \/>\n<meta property=\"og:url\" content=\"https:\/\/erbolinea.com\/fr\/produit\/quadro-profumatore\/\" \/>\n<meta property=\"og:site_name\" content=\"Erbolinea - Store Fragrances\" \/>\n<meta property=\"article:publisher\" content=\"https:\/\/www.facebook.com\/erbolinea\" \/>\n<meta property=\"article:modified_time\" content=\"2025-05-15T11:06:58+00:00\" \/>\n<meta property=\"og:image\" content=\"https:\/\/erbolinea.com\/wp-content\/uploads\/2021\/12\/quadro-prof-natalizio-aghi-dipino-aperta.jpg\" \/>\n\t<meta property=\"og:image:width\" content=\"1800\" \/>\n\t<meta property=\"og:image:height\" content=\"1800\" \/>\n\t<meta property=\"og:image:type\" content=\"image\/jpeg\" \/>\n<meta name=\"twitter:card\" content=\"summary_large_image\" \/>\n<meta name=\"twitter:label1\" content=\"Disponibilit\u00e9\" \/>\n\t<meta name=\"twitter:data1\" content=\"En stock\" \/>\n<script type=\"application\/ld+json\" class=\"yoast-schema-graph\">{\"@context\":\"https:\/\/schema.org\",\"@graph\":[{\"@type\":\"WebPage\",\"@id\":\"https:\/\/erbolinea.com\/prodotto\/quadro-profumatore\/\",\"url\":\"https:\/\/erbolinea.com\/prodotto\/quadro-profumatore\/\",\"name\":\"Diffusore d'ambiente a quadro natalizio | Erbolinea store online\",\"isPartOf\":{\"@id\":\"https:\/\/erbolinea.com\/#website\"},\"primaryImageOfPage\":{\"@id\":\"https:\/\/erbolinea.com\/prodotto\/quadro-profumatore\/#primaryimage\"},\"image\":{\"@id\":\"https:\/\/erbolinea.com\/prodotto\/quadro-profumatore\/#primaryimage\"},\"thumbnailUrl\":\"https:\/\/erbolinea.com\/wp-content\/uploads\/2021\/12\/quadro-prof-natalizio-aghi-dipino-aperta.jpg\",\"datePublished\":\"2021-12-01T16:56:42+00:00\",\"dateModified\":\"2025-05-15T11:06:58+00:00\",\"description\":\"Il regalo perfetto per il natale?Acquista il diffusore d'ambiente a quadro natalizio di erbolinea.Scopri tutti i nostri profumatori d'ambiente\",\"breadcrumb\":{\"@id\":\"https:\/\/erbolinea.com\/prodotto\/quadro-profumatore\/#breadcrumb\"},\"inLanguage\":\"fr-FR\",\"potentialAction\":[{\"@type\":\"ReadAction\",\"target\":[\"https:\/\/erbolinea.com\/prodotto\/quadro-profumatore\/\"]}]},{\"@type\":\"ImageObject\",\"inLanguage\":\"fr-FR\",\"@id\":\"https:\/\/erbolinea.com\/prodotto\/quadro-profumatore\/#primaryimage\",\"url\":\"https:\/\/erbolinea.com\/wp-content\/uploads\/2021\/12\/quadro-prof-natalizio-aghi-dipino-aperta.jpg\",\"contentUrl\":\"https:\/\/erbolinea.com\/wp-content\/uploads\/2021\/12\/quadro-prof-natalizio-aghi-dipino-aperta.jpg\",\"width\":1800,\"height\":1800},{\"@type\":\"BreadcrumbList\",\"@id\":\"https:\/\/erbolinea.com\/prodotto\/quadro-profumatore\/#breadcrumb\",\"itemListElement\":[{\"@type\":\"ListItem\",\"position\":1,\"name\":\"Home\",\"item\":\"https:\/\/erbolinea.com\/\"},{\"@type\":\"ListItem\",\"position\":2,\"name\":\"Shop\",\"item\":\"https:\/\/erbolinea.com\/shop\/\"},{\"@type\":\"ListItem\",\"position\":3,\"name\":\"Quadro profumatore natalizio\"}]},{\"@type\":\"WebSite\",\"@id\":\"https:\/\/erbolinea.com\/#website\",\"url\":\"https:\/\/erbolinea.com\/\",\"name\":\"Erbolinea - Store Fragrances\",\"description\":\"Vendita diffusori di ambiente\",\"publisher\":{\"@id\":\"https:\/\/erbolinea.com\/#organization\"},\"alternateName\":\"Erbolinea\",\"potentialAction\":[{\"@type\":\"SearchAction\",\"target\":{\"@type\":\"EntryPoint\",\"urlTemplate\":\"https:\/\/erbolinea.com\/?s={search_term_string}\"},\"query-input\":{\"@type\":\"PropertyValueSpecification\",\"valueRequired\":true,\"valueName\":\"search_term_string\"}}],\"inLanguage\":\"fr-FR\"},{\"@type\":\"Organization\",\"@id\":\"https:\/\/erbolinea.com\/#organization\",\"name\":\"Erbolinea\",\"url\":\"https:\/\/erbolinea.com\/\",\"logo\":{\"@type\":\"ImageObject\",\"inLanguage\":\"fr-FR\",\"@id\":\"https:\/\/erbolinea.com\/#\/schema\/logo\/image\/\",\"url\":\"https:\/\/erbolinea.com\/wp-content\/uploads\/2020\/04\/logo-400x83_new.png\",\"contentUrl\":\"https:\/\/erbolinea.com\/wp-content\/uploads\/2020\/04\/logo-400x83_new.png\",\"width\":400,\"height\":103,\"caption\":\"Erbolinea\"},\"image\":{\"@id\":\"https:\/\/erbolinea.com\/#\/schema\/logo\/image\/\"},\"sameAs\":[\"https:\/\/www.facebook.com\/erbolinea\",\"https:\/\/www.instagram.com\/erbolinea_fragranze_srl\/\",\"https:\/\/www.youtube.com\/channel\/UCREXSGcI2lrYs6eT9VapG3w\"]}]}<\/script>\n<meta property=\"product:brand\" content=\"Erbolinea\" \/>\n<meta property=\"og:availability\" content=\"instock\" \/>\n<meta property=\"product:availability\" content=\"instock\" \/>\n<meta property=\"product:retailer_item_id\" content=\"lin-wint-quadro-prof\" \/>\n<meta property=\"product:condition\" content=\"new\" \/>\n<!-- \/ Yoast SEO Premium plugin. -->","yoast_head_json":{"title":"Diffuseur d'ambiance carr\u00e9 de No\u00ebl | Erbolinea boutique en ligne","description":"Le cadeau id\u00e9al pour No\u00ebl : le diffuseur d'ambiance carr\u00e9 de No\u00ebl d'erbolinea.d\u00e9couvrez tous nos diffuseurs d'ambiance","robots":{"index":"index","follow":"follow","max-snippet":"max-snippet:-1","max-image-preview":"max-image-preview:large","max-video-preview":"max-video-preview:-1"},"canonical":"https:\/\/erbolinea.com\/fr\/produit\/quadro-profumatore\/","og_locale":"fr_FR","og_type":"article","og_title":"Quadro profumatore natalizio","og_description":"Il regalo perfetto per il natale?Acquista il diffusore d'ambiente a quadro natalizio di erbolinea.Scopri tutti i nostri profumatori d'ambiente","og_url":"https:\/\/erbolinea.com\/fr\/produit\/quadro-profumatore\/","og_site_name":"Erbolinea - Store Fragrances","article_publisher":"https:\/\/www.facebook.com\/erbolinea","article_modified_time":"2025-05-15T11:06:58+00:00","og_image":[{"width":1800,"height":1800,"url":"https:\/\/erbolinea.com\/wp-content\/uploads\/2021\/12\/quadro-prof-natalizio-aghi-dipino-aperta.jpg","type":"image\/jpeg"}],"twitter_card":"summary_large_image","twitter_misc":{"Disponibilit\u00e9":"En stock"},"schema":{"@context":"https:\/\/schema.org","@graph":[{"@type":"WebPage","@id":"https:\/\/erbolinea.com\/prodotto\/quadro-profumatore\/","url":"https:\/\/erbolinea.com\/prodotto\/quadro-profumatore\/","name":"Diffuseur d'ambiance carr\u00e9 de No\u00ebl | Erbolinea boutique en ligne","isPartOf":{"@id":"https:\/\/erbolinea.com\/#website"},"primaryImageOfPage":{"@id":"https:\/\/erbolinea.com\/prodotto\/quadro-profumatore\/#primaryimage"},"image":{"@id":"https:\/\/erbolinea.com\/prodotto\/quadro-profumatore\/#primaryimage"},"thumbnailUrl":"https:\/\/erbolinea.com\/wp-content\/uploads\/2021\/12\/quadro-prof-natalizio-aghi-dipino-aperta.jpg","datePublished":"2021-12-01T16:56:42+00:00","dateModified":"2025-05-15T11:06:58+00:00","description":"Le cadeau id\u00e9al pour No\u00ebl : le diffuseur d'ambiance carr\u00e9 de No\u00ebl d'erbolinea.d\u00e9couvrez tous nos diffuseurs d'ambiance","breadcrumb":{"@id":"https:\/\/erbolinea.com\/prodotto\/quadro-profumatore\/#breadcrumb"},"inLanguage":"fr-FR","potentialAction":[{"@type":"ReadAction","target":["https:\/\/erbolinea.com\/prodotto\/quadro-profumatore\/"]}]},{"@type":"ImageObject","inLanguage":"fr-FR","@id":"https:\/\/erbolinea.com\/prodotto\/quadro-profumatore\/#primaryimage","url":"https:\/\/erbolinea.com\/wp-content\/uploads\/2021\/12\/quadro-prof-natalizio-aghi-dipino-aperta.jpg","contentUrl":"https:\/\/erbolinea.com\/wp-content\/uploads\/2021\/12\/quadro-prof-natalizio-aghi-dipino-aperta.jpg","width":1800,"height":1800},{"@type":"BreadcrumbList","@id":"https:\/\/erbolinea.com\/prodotto\/quadro-profumatore\/#breadcrumb","itemListElement":[{"@type":"ListItem","position":1,"name":"Home","item":"https:\/\/erbolinea.com\/"},{"@type":"ListItem","position":2,"name":"Shop","item":"https:\/\/erbolinea.com\/shop\/"},{"@type":"ListItem","position":3,"name":"Quadro profumatore natalizio"}]},{"@type":"WebSite","@id":"https:\/\/erbolinea.com\/#website","url":"https:\/\/erbolinea.com\/","name":"Erbolinea - Parfums de magasins","description":"Diffuseurs d'ambiance \u00e0 vendre","publisher":{"@id":"https:\/\/erbolinea.com\/#organization"},"alternateName":"Erbolinea","potentialAction":[{"@type":"SearchAction","target":{"@type":"EntryPoint","urlTemplate":"https:\/\/erbolinea.com\/?s={search_term_string}"},"query-input":{"@type":"PropertyValueSpecification","valueRequired":true,"valueName":"search_term_string"}}],"inLanguage":"fr-FR"},{"@type":"Organization","@id":"https:\/\/erbolinea.com\/#organization","name":"Erbolinea","url":"https:\/\/erbolinea.com\/","logo":{"@type":"ImageObject","inLanguage":"fr-FR","@id":"https:\/\/erbolinea.com\/#\/schema\/logo\/image\/","url":"https:\/\/erbolinea.com\/wp-content\/uploads\/2020\/04\/logo-400x83_new.png","contentUrl":"https:\/\/erbolinea.com\/wp-content\/uploads\/2020\/04\/logo-400x83_new.png","width":400,"height":103,"caption":"Erbolinea"},"image":{"@id":"https:\/\/erbolinea.com\/#\/schema\/logo\/image\/"},"sameAs":["https:\/\/www.facebook.com\/erbolinea","https:\/\/www.instagram.com\/erbolinea_fragranze_srl\/","https:\/\/www.youtube.com\/channel\/UCREXSGcI2lrYs6eT9VapG3w"]}]},"product_brand":"Erbolinea","og_availability":"instock","product_availability":"instock","product_retailer_item_id":"lin-wint-quadro-prof","product_condition":"new"},"_links":{"self":[{"href":"https:\/\/erbolinea.com\/fr\/wp-json\/wp\/v2\/product\/14402","targetHints":{"allow":["GET"]}}],"collection":[{"href":"https:\/\/erbolinea.com\/fr\/wp-json\/wp\/v2\/product"}],"about":[{"href":"https:\/\/erbolinea.com\/fr\/wp-json\/wp\/v2\/types\/product"}],"wp:featuredmedia":[{"embeddable":true,"href":"https:\/\/erbolinea.com\/fr\/wp-json\/wp\/v2\/media\/25096"}],"wp:attachment":[{"href":"https:\/\/erbolinea.com\/fr\/wp-json\/wp\/v2\/media?parent=14402"}],"wp:term":[{"taxonomy":"product_brand","embeddable":true,"href":"https:\/\/erbolinea.com\/fr\/wp-json\/wp\/v2\/product_brand?post=14402"},{"taxonomy":"product_cat","embeddable":true,"href":"https:\/\/erbolinea.com\/fr\/wp-json\/wp\/v2\/product_cat?post=14402"},{"taxonomy":"product_tag","embeddable":true,"href":"https:\/\/erbolinea.com\/fr\/wp-json\/wp\/v2\/product_tag?post=14402"}],"curies":[{"name":"wp","href":"https:\/\/api.w.org\/{rel}","templated":true}]}}