{"id":13899,"date":"2021-09-13T17:03:43","date_gmt":"2021-09-13T15:03:43","guid":{"rendered":"https:\/\/erbolinea.com\/?post_type=product&#038;p=13899"},"modified":"2026-04-08T16:24:08","modified_gmt":"2026-04-08T14:24:08","slug":"ricariche-profumatori-ambiente-bastoncini","status":"publish","type":"product","link":"https:\/\/erbolinea.com\/fr\/produit\/ricariche-profumatori-ambiente-bastoncini\/","title":{"rendered":"Ricariche Fragranze Il Viaggio Italiano"},"content":{"rendered":"<p>Voyager avec l'imagination, visiter des endroits fascinants, voir la beaut\u00e9 naturelle de notre Italie. D'immenses \u00e9tendues vertes, o\u00f9 l'on per\u00e7oit distinctement les parfums des plantations, nos for\u00eats o\u00f9 des arbres s\u00e9culaires racontent l'histoire de notre vie, les mers d'un bleu profond, o\u00f9 l'on peut respirer la brise marine savamment m\u00eal\u00e9e au parfum sal\u00e9 des vagues qui se brisent sur les rochers. Tant d'images, tant de cartes postales, mais une seule...<br \/>\nmessage \u00e0 l'int\u00e9rieur d'une... bouteille. C'est de l\u00e0 que vient notre ligne \"Voyage en Italie\". Un voyage qui, avec nos recharges de parfum d'ambiance en b\u00e2tonnets, traverse notre p\u00e9ninsule du nord au sud, emportant avec lui toutes les senteurs, les parfums, les traditions et les beaut\u00e9s qui nous sont chers. Une mani\u00e8re totalement innovante de concevoir les parfums, associ\u00e9e \u00e0 la beaut\u00e9 et aux couleurs typiques des lieux qui ont rendu l'Italie c\u00e9l\u00e8bre dans le monde entier, red\u00e9couvrant ainsi l'importance de notre culture, \u00e9l\u00e9ment fondamental de la vie quotidienne. Achetez maintenant nos recharges de parfum d'ambiance avec b\u00e2tonnets dans notre boutique.<\/p>","protected":false},"excerpt":{"rendered":"<p>Voyager avec l'imagination, visiter des lieux fascinants, voir la beaut\u00e9 naturelle de notre Italie. D'immenses \u00e9tendues vertes, o\u00f9 l'on per\u00e7oit distinctement les parfums des plantations, nos for\u00eats o\u00f9 les arbres centenaires racontent l'histoire de notre vie, les mers d'un bleu profond, o\u00f9 l'on respire la brise marine savamment m\u00e9lang\u00e9e \u00e0 l'odeur sal\u00e9e des vagues qui se brisent sur les[...]","protected":false},"featured_media":13906,"template":"","meta":[],"product_brand":[],"product_cat":[557],"product_tag":[],"class_list":{"0":"post-13899","1":"product","2":"type-product","3":"status-publish","4":"has-post-thumbnail","6":"product_cat-il-viaggio-italiano","8":"first","9":"instock","10":"shipping-taxable","11":"purchasable","12":"product-type-variable"},"yoast_head":"<!-- This site is optimized with the Yoast SEO Premium plugin v26.2 (Yoast SEO v26.4) - https:\/\/yoast.com\/wordpress\/plugins\/seo\/ -->\n<title>ricariche profumatori ambiente bastoncini | ricariche diffusori con bastoncini<\/title>\n<meta name=\"description\" content=\"Lasciati trasportare dalle ricariche profumatori ambiente con bastoncini di erbolinea store online. Acquista sul nostro store Erbolinea.\" \/>\n<meta name=\"robots\" content=\"index, follow, max-snippet:-1, max-image-preview:large, max-video-preview:-1\" \/>\n<link rel=\"canonical\" href=\"https:\/\/erbolinea.com\/fr\/produit\/ricariche-profumatori-ambiente-bastoncini\/\" \/>\n<meta property=\"og:locale\" content=\"fr_FR\" \/>\n<meta property=\"og:type\" content=\"article\" \/>\n<meta property=\"og:title\" content=\"Ricariche Fragranze Il Viaggio Italiano\" \/>\n<meta property=\"og:description\" content=\"Lasciati trasportare dalle ricariche profumatori ambiente con bastoncini di erbolinea store online. Acquista sul nostro store Erbolinea.\" \/>\n<meta property=\"og:url\" content=\"https:\/\/erbolinea.com\/fr\/produit\/ricariche-profumatori-ambiente-bastoncini\/\" \/>\n<meta property=\"og:site_name\" content=\"Erbolinea - Store Fragrances\" \/>\n<meta property=\"article:publisher\" content=\"https:\/\/www.facebook.com\/erbolinea\" \/>\n<meta property=\"article:modified_time\" content=\"2026-04-08T14:24:08+00:00\" \/>\n<meta property=\"og:image\" content=\"https:\/\/erbolinea.com\/wp-content\/uploads\/2021\/09\/cop_ricariche.jpg\" \/>\n\t<meta property=\"og:image:width\" content=\"650\" \/>\n\t<meta property=\"og:image:height\" content=\"488\" \/>\n\t<meta property=\"og:image:type\" content=\"image\/jpeg\" \/>\n<meta name=\"twitter:card\" content=\"summary_large_image\" \/>\n<meta name=\"twitter:label1\" content=\"Disponibilit\u00e9\" \/>\n\t<meta name=\"twitter:data1\" content=\"En stock\" \/>\n<script type=\"application\/ld+json\" class=\"yoast-schema-graph\">{\"@context\":\"https:\/\/schema.org\",\"@graph\":[{\"@type\":\"WebPage\",\"@id\":\"https:\/\/erbolinea.com\/prodotto\/ricariche-profumatori-ambiente-bastoncini\/\",\"url\":\"https:\/\/erbolinea.com\/prodotto\/ricariche-profumatori-ambiente-bastoncini\/\",\"name\":\"ricariche profumatori ambiente bastoncini | ricariche diffusori con bastoncini\",\"isPartOf\":{\"@id\":\"https:\/\/erbolinea.com\/#website\"},\"primaryImageOfPage\":{\"@id\":\"https:\/\/erbolinea.com\/prodotto\/ricariche-profumatori-ambiente-bastoncini\/#primaryimage\"},\"image\":{\"@id\":\"https:\/\/erbolinea.com\/prodotto\/ricariche-profumatori-ambiente-bastoncini\/#primaryimage\"},\"thumbnailUrl\":\"https:\/\/erbolinea.com\/wp-content\/uploads\/2021\/09\/cop_ricariche.jpg\",\"datePublished\":\"2021-09-13T15:03:43+00:00\",\"dateModified\":\"2026-04-08T14:24:08+00:00\",\"description\":\"Lasciati trasportare dalle ricariche profumatori ambiente con bastoncini di erbolinea store online. Acquista sul nostro store Erbolinea.\",\"breadcrumb\":{\"@id\":\"https:\/\/erbolinea.com\/prodotto\/ricariche-profumatori-ambiente-bastoncini\/#breadcrumb\"},\"inLanguage\":\"fr-FR\",\"potentialAction\":[{\"@type\":\"ReadAction\",\"target\":[\"https:\/\/erbolinea.com\/prodotto\/ricariche-profumatori-ambiente-bastoncini\/\"]}]},{\"@type\":\"ImageObject\",\"inLanguage\":\"fr-FR\",\"@id\":\"https:\/\/erbolinea.com\/prodotto\/ricariche-profumatori-ambiente-bastoncini\/#primaryimage\",\"url\":\"https:\/\/erbolinea.com\/wp-content\/uploads\/2021\/09\/cop_ricariche.jpg\",\"contentUrl\":\"https:\/\/erbolinea.com\/wp-content\/uploads\/2021\/09\/cop_ricariche.jpg\",\"width\":650,\"height\":488,\"caption\":\"ricariche profumatori ambiente bastoncini\"},{\"@type\":\"BreadcrumbList\",\"@id\":\"https:\/\/erbolinea.com\/prodotto\/ricariche-profumatori-ambiente-bastoncini\/#breadcrumb\",\"itemListElement\":[{\"@type\":\"ListItem\",\"position\":1,\"name\":\"Home\",\"item\":\"https:\/\/erbolinea.com\/\"},{\"@type\":\"ListItem\",\"position\":2,\"name\":\"Shop\",\"item\":\"https:\/\/erbolinea.com\/shop\/\"},{\"@type\":\"ListItem\",\"position\":3,\"name\":\"Ricariche Fragranze Il Viaggio Italiano\"}]},{\"@type\":\"WebSite\",\"@id\":\"https:\/\/erbolinea.com\/#website\",\"url\":\"https:\/\/erbolinea.com\/\",\"name\":\"Erbolinea - Store Fragrances\",\"description\":\"Vendita diffusori di ambiente\",\"publisher\":{\"@id\":\"https:\/\/erbolinea.com\/#organization\"},\"alternateName\":\"Erbolinea\",\"potentialAction\":[{\"@type\":\"SearchAction\",\"target\":{\"@type\":\"EntryPoint\",\"urlTemplate\":\"https:\/\/erbolinea.com\/?s={search_term_string}\"},\"query-input\":{\"@type\":\"PropertyValueSpecification\",\"valueRequired\":true,\"valueName\":\"search_term_string\"}}],\"inLanguage\":\"fr-FR\"},{\"@type\":\"Organization\",\"@id\":\"https:\/\/erbolinea.com\/#organization\",\"name\":\"Erbolinea\",\"url\":\"https:\/\/erbolinea.com\/\",\"logo\":{\"@type\":\"ImageObject\",\"inLanguage\":\"fr-FR\",\"@id\":\"https:\/\/erbolinea.com\/#\/schema\/logo\/image\/\",\"url\":\"https:\/\/erbolinea.com\/wp-content\/uploads\/2020\/04\/logo-400x83_new.png\",\"contentUrl\":\"https:\/\/erbolinea.com\/wp-content\/uploads\/2020\/04\/logo-400x83_new.png\",\"width\":400,\"height\":103,\"caption\":\"Erbolinea\"},\"image\":{\"@id\":\"https:\/\/erbolinea.com\/#\/schema\/logo\/image\/\"},\"sameAs\":[\"https:\/\/www.facebook.com\/erbolinea\",\"https:\/\/www.instagram.com\/erbolinea_fragranze_srl\/\",\"https:\/\/www.youtube.com\/channel\/UCREXSGcI2lrYs6eT9VapG3w\"]}]}<\/script>\n<meta property=\"product:brand\" content=\"Erbolinea\" \/>\n<meta property=\"og:availability\" content=\"instock\" \/>\n<meta property=\"product:availability\" content=\"instock\" \/>\n<meta property=\"product:retailer_item_id\" content=\"ric_lin_viag_ita\" \/>\n<meta property=\"product:condition\" content=\"new\" \/>\n<!-- \/ Yoast SEO Premium plugin. -->","yoast_head_json":{"title":"recharges diffuseurs d'ambiance avec b\u00e2tonnets | recharges diffuseurs d'ambiance avec b\u00e2tonnets","description":"Offrez-vous des recharges de parfum d'ambiance avec les b\u00e2tonnets de la boutique en ligne Erbolinea. Acheter dans notre boutique Erbolinea.","robots":{"index":"index","follow":"follow","max-snippet":"max-snippet:-1","max-image-preview":"max-image-preview:large","max-video-preview":"max-video-preview:-1"},"canonical":"https:\/\/erbolinea.com\/fr\/produit\/ricariche-profumatori-ambiente-bastoncini\/","og_locale":"fr_FR","og_type":"article","og_title":"Ricariche Fragranze Il Viaggio Italiano","og_description":"Lasciati trasportare dalle ricariche profumatori ambiente con bastoncini di erbolinea store online. Acquista sul nostro store Erbolinea.","og_url":"https:\/\/erbolinea.com\/fr\/produit\/ricariche-profumatori-ambiente-bastoncini\/","og_site_name":"Erbolinea - Store Fragrances","article_publisher":"https:\/\/www.facebook.com\/erbolinea","article_modified_time":"2026-04-08T14:24:08+00:00","og_image":[{"width":650,"height":488,"url":"https:\/\/erbolinea.com\/wp-content\/uploads\/2021\/09\/cop_ricariche.jpg","type":"image\/jpeg"}],"twitter_card":"summary_large_image","twitter_misc":{"Disponibilit\u00e9":"En stock"},"schema":{"@context":"https:\/\/schema.org","@graph":[{"@type":"WebPage","@id":"https:\/\/erbolinea.com\/prodotto\/ricariche-profumatori-ambiente-bastoncini\/","url":"https:\/\/erbolinea.com\/prodotto\/ricariche-profumatori-ambiente-bastoncini\/","name":"recharges diffuseurs d'ambiance avec b\u00e2tonnets | recharges diffuseurs d'ambiance avec b\u00e2tonnets","isPartOf":{"@id":"https:\/\/erbolinea.com\/#website"},"primaryImageOfPage":{"@id":"https:\/\/erbolinea.com\/prodotto\/ricariche-profumatori-ambiente-bastoncini\/#primaryimage"},"image":{"@id":"https:\/\/erbolinea.com\/prodotto\/ricariche-profumatori-ambiente-bastoncini\/#primaryimage"},"thumbnailUrl":"https:\/\/erbolinea.com\/wp-content\/uploads\/2021\/09\/cop_ricariche.jpg","datePublished":"2021-09-13T15:03:43+00:00","dateModified":"2026-04-08T14:24:08+00:00","description":"Offrez-vous des recharges de parfum d'ambiance avec les b\u00e2tonnets de la boutique en ligne Erbolinea. Acheter dans notre boutique Erbolinea.","breadcrumb":{"@id":"https:\/\/erbolinea.com\/prodotto\/ricariche-profumatori-ambiente-bastoncini\/#breadcrumb"},"inLanguage":"fr-FR","potentialAction":[{"@type":"ReadAction","target":["https:\/\/erbolinea.com\/prodotto\/ricariche-profumatori-ambiente-bastoncini\/"]}]},{"@type":"ImageObject","inLanguage":"fr-FR","@id":"https:\/\/erbolinea.com\/prodotto\/ricariche-profumatori-ambiente-bastoncini\/#primaryimage","url":"https:\/\/erbolinea.com\/wp-content\/uploads\/2021\/09\/cop_ricariche.jpg","contentUrl":"https:\/\/erbolinea.com\/wp-content\/uploads\/2021\/09\/cop_ricariche.jpg","width":650,"height":488,"caption":"ricariche profumatori ambiente bastoncini"},{"@type":"BreadcrumbList","@id":"https:\/\/erbolinea.com\/prodotto\/ricariche-profumatori-ambiente-bastoncini\/#breadcrumb","itemListElement":[{"@type":"ListItem","position":1,"name":"Home","item":"https:\/\/erbolinea.com\/"},{"@type":"ListItem","position":2,"name":"Shop","item":"https:\/\/erbolinea.com\/shop\/"},{"@type":"ListItem","position":3,"name":"Ricariche Fragranze Il Viaggio Italiano"}]},{"@type":"WebSite","@id":"https:\/\/erbolinea.com\/#website","url":"https:\/\/erbolinea.com\/","name":"Erbolinea - Parfums de magasins","description":"Diffuseurs d'ambiance \u00e0 vendre","publisher":{"@id":"https:\/\/erbolinea.com\/#organization"},"alternateName":"Erbolinea","potentialAction":[{"@type":"SearchAction","target":{"@type":"EntryPoint","urlTemplate":"https:\/\/erbolinea.com\/?s={search_term_string}"},"query-input":{"@type":"PropertyValueSpecification","valueRequired":true,"valueName":"search_term_string"}}],"inLanguage":"fr-FR"},{"@type":"Organization","@id":"https:\/\/erbolinea.com\/#organization","name":"Erbolinea","url":"https:\/\/erbolinea.com\/","logo":{"@type":"ImageObject","inLanguage":"fr-FR","@id":"https:\/\/erbolinea.com\/#\/schema\/logo\/image\/","url":"https:\/\/erbolinea.com\/wp-content\/uploads\/2020\/04\/logo-400x83_new.png","contentUrl":"https:\/\/erbolinea.com\/wp-content\/uploads\/2020\/04\/logo-400x83_new.png","width":400,"height":103,"caption":"Erbolinea"},"image":{"@id":"https:\/\/erbolinea.com\/#\/schema\/logo\/image\/"},"sameAs":["https:\/\/www.facebook.com\/erbolinea","https:\/\/www.instagram.com\/erbolinea_fragranze_srl\/","https:\/\/www.youtube.com\/channel\/UCREXSGcI2lrYs6eT9VapG3w"]}]},"product_brand":"Erbolinea","og_availability":"instock","product_availability":"instock","product_retailer_item_id":"ric_lin_viag_ita","product_condition":"new"},"_links":{"self":[{"href":"https:\/\/erbolinea.com\/fr\/wp-json\/wp\/v2\/product\/13899","targetHints":{"allow":["GET"]}}],"collection":[{"href":"https:\/\/erbolinea.com\/fr\/wp-json\/wp\/v2\/product"}],"about":[{"href":"https:\/\/erbolinea.com\/fr\/wp-json\/wp\/v2\/types\/product"}],"wp:featuredmedia":[{"embeddable":true,"href":"https:\/\/erbolinea.com\/fr\/wp-json\/wp\/v2\/media\/13906"}],"wp:attachment":[{"href":"https:\/\/erbolinea.com\/fr\/wp-json\/wp\/v2\/media?parent=13899"}],"wp:term":[{"taxonomy":"product_brand","embeddable":true,"href":"https:\/\/erbolinea.com\/fr\/wp-json\/wp\/v2\/product_brand?post=13899"},{"taxonomy":"product_cat","embeddable":true,"href":"https:\/\/erbolinea.com\/fr\/wp-json\/wp\/v2\/product_cat?post=13899"},{"taxonomy":"product_tag","embeddable":true,"href":"https:\/\/erbolinea.com\/fr\/wp-json\/wp\/v2\/product_tag?post=13899"}],"curies":[{"name":"wp","href":"https:\/\/api.w.org\/{rel}","templated":true}]}}