{"id":13839,"date":"2021-09-10T15:49:44","date_gmt":"2021-09-10T13:49:44","guid":{"rendered":"https:\/\/erbolinea.com\/?post_type=product&#038;p=13839"},"modified":"2024-02-11T18:44:24","modified_gmt":"2024-02-11T17:44:24","slug":"profumatore-a-quadro-con-bastoncini","status":"publish","type":"product","link":"https:\/\/erbolinea.com\/fr\/produit\/profumatore-a-quadro-con-bastoncini\/","title":{"rendered":"Le voyage en Italie"},"content":{"rendered":"<p>Voyager avec l'imagination, visiter des endroits fascinants, voir la beaut\u00e9 naturelle de notre Italie. D'immenses \u00e9tendues vertes, o\u00f9 l'on per\u00e7oit distinctement les parfums des plantations, nos for\u00eats o\u00f9 les arbres centenaires racontent l'histoire de notre vie, les mers d'un bleu profond, o\u00f9 l'on peut respirer la brise marine savamment m\u00eal\u00e9e au parfum sal\u00e9 des vagues qui se brisent sur les rochers. Autant d'images, autant de cartes postales, tel est le concept de notre parfumeur carr\u00e9 \u00e0 b\u00e2tons.<br \/>\nUn message dans une... bouteille. C'est de l\u00e0 que vient notre ligne \"Voyage en Italie\". Un voyage qui traverse notre p\u00e9ninsule du nord au sud, emportant avec lui toutes les odeurs, les parfums, les traditions et les beaut\u00e9s qui nous sont chers. Une fa\u00e7on tout \u00e0 fait innovante de concevoir les parfums, associ\u00e9e \u00e0 la beaut\u00e9 et aux couleurs typiques des lieux qui ont rendu l'Italie c\u00e9l\u00e8bre dans le monde entier, red\u00e9couvrant ainsi l'importance de notre culture, \u00e9l\u00e9ment fondamental de la vie quotidienne. D\u00e9couvrez notre parfumeur carr\u00e9 avec des b\u00e2tons avec nos parfums <a href=\"https:\/\/erbolinea.com\/fr\/produit\/linea-le-classiche\/\">classiques<\/a> e <a href=\"https:\/\/erbolinea.com\/fr\/produit\/linea-prestige\/\">prestige<\/a>. Suivez-nous sur <a href=\"https:\/\/www.facebook.com\/erbolinea\">social<\/a>.<br \/>\n<strong>Dimensions<\/strong> L(14)xP(16)xH(33)<\/p>","protected":false},"excerpt":{"rendered":"<p>Voyager avec l'imagination, visiter des lieux fascinants, voir la beaut\u00e9 naturelle de notre Italie. D'immenses \u00e9tendues vertes, o\u00f9 l'on per\u00e7oit distinctement les parfums des plantations, nos for\u00eats o\u00f9 les arbres centenaires racontent l'histoire de notre vie, les mers d'un bleu profond, o\u00f9 l'on respire la brise marine savamment m\u00e9lang\u00e9e \u00e0 l'odeur sal\u00e9e des vagues qui se brisent sur les[...]","protected":false},"featured_media":14828,"template":"","meta":[],"product_brand":[],"product_cat":[557],"product_tag":[],"class_list":{"0":"post-13839","1":"product","2":"type-product","3":"status-publish","4":"has-post-thumbnail","6":"product_cat-il-viaggio-italiano","8":"first","9":"instock","10":"shipping-taxable","11":"purchasable","12":"product-type-variable"},"yoast_head":"<!-- This site is optimized with the Yoast SEO Premium plugin v26.2 (Yoast SEO v26.4) - https:\/\/yoast.com\/wordpress\/plugins\/seo\/ -->\n<title>profumatore a quadro con bastoncini | erbolinea shop online<\/title>\n<meta name=\"description\" content=\"Fragranze uniche di profumatori d&#039;ambiente contornate da un quadro profumatore con bastoncini. Scopri il profumatore a quadro con bastoncini\" \/>\n<meta name=\"robots\" content=\"index, follow, max-snippet:-1, max-image-preview:large, max-video-preview:-1\" \/>\n<link rel=\"canonical\" href=\"https:\/\/erbolinea.com\/fr\/produit\/profumatore-a-quadro-con-bastoncini\/\" \/>\n<meta property=\"og:locale\" content=\"fr_FR\" \/>\n<meta property=\"og:type\" content=\"article\" \/>\n<meta property=\"og:title\" content=\"Il Viaggio Italiano\" \/>\n<meta property=\"og:description\" content=\"Fragranze uniche di profumatori d&#039;ambiente contornate da un quadro profumatore con bastoncini. Scopri il profumatore a quadro con bastoncini\" \/>\n<meta property=\"og:url\" content=\"https:\/\/erbolinea.com\/fr\/produit\/profumatore-a-quadro-con-bastoncini\/\" \/>\n<meta property=\"og:site_name\" content=\"Erbolinea - Store Fragrances\" \/>\n<meta property=\"article:publisher\" content=\"https:\/\/www.facebook.com\/erbolinea\" \/>\n<meta property=\"article:modified_time\" content=\"2024-02-11T17:44:24+00:00\" \/>\n<meta property=\"og:image\" content=\"https:\/\/erbolinea.com\/wp-content\/uploads\/2022\/01\/copertina_chiuso.jpg\" \/>\n\t<meta property=\"og:image:width\" content=\"650\" \/>\n\t<meta property=\"og:image:height\" content=\"488\" \/>\n\t<meta property=\"og:image:type\" content=\"image\/jpeg\" \/>\n<meta name=\"twitter:card\" content=\"summary_large_image\" \/>\n<meta name=\"twitter:label1\" content=\"Disponibilit\u00e9\" \/>\n\t<meta name=\"twitter:data1\" content=\"En stock\" \/>\n<script type=\"application\/ld+json\" class=\"yoast-schema-graph\">{\"@context\":\"https:\/\/schema.org\",\"@graph\":[{\"@type\":\"WebPage\",\"@id\":\"https:\/\/erbolinea.com\/prodotto\/profumatore-a-quadro-con-bastoncini\/\",\"url\":\"https:\/\/erbolinea.com\/prodotto\/profumatore-a-quadro-con-bastoncini\/\",\"name\":\"profumatore a quadro con bastoncini | erbolinea shop online\",\"isPartOf\":{\"@id\":\"https:\/\/erbolinea.com\/#website\"},\"primaryImageOfPage\":{\"@id\":\"https:\/\/erbolinea.com\/prodotto\/profumatore-a-quadro-con-bastoncini\/#primaryimage\"},\"image\":{\"@id\":\"https:\/\/erbolinea.com\/prodotto\/profumatore-a-quadro-con-bastoncini\/#primaryimage\"},\"thumbnailUrl\":\"https:\/\/erbolinea.com\/wp-content\/uploads\/2022\/01\/copertina_chiuso.jpg\",\"datePublished\":\"2021-09-10T13:49:44+00:00\",\"dateModified\":\"2024-02-11T17:44:24+00:00\",\"description\":\"Fragranze uniche di profumatori d'ambiente contornate da un quadro profumatore con bastoncini. Scopri il profumatore a quadro con bastoncini\",\"breadcrumb\":{\"@id\":\"https:\/\/erbolinea.com\/prodotto\/profumatore-a-quadro-con-bastoncini\/#breadcrumb\"},\"inLanguage\":\"fr-FR\",\"potentialAction\":[{\"@type\":\"ReadAction\",\"target\":[\"https:\/\/erbolinea.com\/prodotto\/profumatore-a-quadro-con-bastoncini\/\"]}]},{\"@type\":\"ImageObject\",\"inLanguage\":\"fr-FR\",\"@id\":\"https:\/\/erbolinea.com\/prodotto\/profumatore-a-quadro-con-bastoncini\/#primaryimage\",\"url\":\"https:\/\/erbolinea.com\/wp-content\/uploads\/2022\/01\/copertina_chiuso.jpg\",\"contentUrl\":\"https:\/\/erbolinea.com\/wp-content\/uploads\/2022\/01\/copertina_chiuso.jpg\",\"width\":650,\"height\":488},{\"@type\":\"BreadcrumbList\",\"@id\":\"https:\/\/erbolinea.com\/prodotto\/profumatore-a-quadro-con-bastoncini\/#breadcrumb\",\"itemListElement\":[{\"@type\":\"ListItem\",\"position\":1,\"name\":\"Home\",\"item\":\"https:\/\/erbolinea.com\/\"},{\"@type\":\"ListItem\",\"position\":2,\"name\":\"Shop\",\"item\":\"https:\/\/erbolinea.com\/shop\/\"},{\"@type\":\"ListItem\",\"position\":3,\"name\":\"Il Viaggio Italiano\"}]},{\"@type\":\"WebSite\",\"@id\":\"https:\/\/erbolinea.com\/#website\",\"url\":\"https:\/\/erbolinea.com\/\",\"name\":\"Erbolinea - Store Fragrances\",\"description\":\"Vendita diffusori di ambiente\",\"publisher\":{\"@id\":\"https:\/\/erbolinea.com\/#organization\"},\"alternateName\":\"Erbolinea\",\"potentialAction\":[{\"@type\":\"SearchAction\",\"target\":{\"@type\":\"EntryPoint\",\"urlTemplate\":\"https:\/\/erbolinea.com\/?s={search_term_string}\"},\"query-input\":{\"@type\":\"PropertyValueSpecification\",\"valueRequired\":true,\"valueName\":\"search_term_string\"}}],\"inLanguage\":\"fr-FR\"},{\"@type\":\"Organization\",\"@id\":\"https:\/\/erbolinea.com\/#organization\",\"name\":\"Erbolinea\",\"url\":\"https:\/\/erbolinea.com\/\",\"logo\":{\"@type\":\"ImageObject\",\"inLanguage\":\"fr-FR\",\"@id\":\"https:\/\/erbolinea.com\/#\/schema\/logo\/image\/\",\"url\":\"https:\/\/erbolinea.com\/wp-content\/uploads\/2020\/04\/logo-400x83_new.png\",\"contentUrl\":\"https:\/\/erbolinea.com\/wp-content\/uploads\/2020\/04\/logo-400x83_new.png\",\"width\":400,\"height\":103,\"caption\":\"Erbolinea\"},\"image\":{\"@id\":\"https:\/\/erbolinea.com\/#\/schema\/logo\/image\/\"},\"sameAs\":[\"https:\/\/www.facebook.com\/erbolinea\",\"https:\/\/www.instagram.com\/erbolinea_fragranze_srl\/\",\"https:\/\/www.youtube.com\/channel\/UCREXSGcI2lrYs6eT9VapG3w\"]}]}<\/script>\n<meta property=\"product:brand\" content=\"Erbolinea\" \/>\n<meta property=\"og:availability\" content=\"instock\" \/>\n<meta property=\"product:availability\" content=\"instock\" \/>\n<meta property=\"product:condition\" content=\"new\" \/>\n<!-- \/ Yoast SEO Premium plugin. -->","yoast_head_json":{"title":"parfumeur carr\u00e9 avec b\u00e2tonnets | erbolinea shop online","description":"Des parfums uniques de parfumeurs d'ambiance entour\u00e9s d'un carr\u00e9 de parfumeurs avec des b\u00e2tonnets. D\u00e9couvrez le carr\u00e9 parfumeur \u00e0 b\u00e2tonnets","robots":{"index":"index","follow":"follow","max-snippet":"max-snippet:-1","max-image-preview":"max-image-preview:large","max-video-preview":"max-video-preview:-1"},"canonical":"https:\/\/erbolinea.com\/fr\/produit\/profumatore-a-quadro-con-bastoncini\/","og_locale":"fr_FR","og_type":"article","og_title":"Il Viaggio Italiano","og_description":"Fragranze uniche di profumatori d'ambiente contornate da un quadro profumatore con bastoncini. Scopri il profumatore a quadro con bastoncini","og_url":"https:\/\/erbolinea.com\/fr\/produit\/profumatore-a-quadro-con-bastoncini\/","og_site_name":"Erbolinea - Store Fragrances","article_publisher":"https:\/\/www.facebook.com\/erbolinea","article_modified_time":"2024-02-11T17:44:24+00:00","og_image":[{"width":650,"height":488,"url":"https:\/\/erbolinea.com\/wp-content\/uploads\/2022\/01\/copertina_chiuso.jpg","type":"image\/jpeg"}],"twitter_card":"summary_large_image","twitter_misc":{"Disponibilit\u00e9":"En stock"},"schema":{"@context":"https:\/\/schema.org","@graph":[{"@type":"WebPage","@id":"https:\/\/erbolinea.com\/prodotto\/profumatore-a-quadro-con-bastoncini\/","url":"https:\/\/erbolinea.com\/prodotto\/profumatore-a-quadro-con-bastoncini\/","name":"parfumeur carr\u00e9 avec b\u00e2tonnets | erbolinea shop online","isPartOf":{"@id":"https:\/\/erbolinea.com\/#website"},"primaryImageOfPage":{"@id":"https:\/\/erbolinea.com\/prodotto\/profumatore-a-quadro-con-bastoncini\/#primaryimage"},"image":{"@id":"https:\/\/erbolinea.com\/prodotto\/profumatore-a-quadro-con-bastoncini\/#primaryimage"},"thumbnailUrl":"https:\/\/erbolinea.com\/wp-content\/uploads\/2022\/01\/copertina_chiuso.jpg","datePublished":"2021-09-10T13:49:44+00:00","dateModified":"2024-02-11T17:44:24+00:00","description":"Des parfums uniques de parfumeurs d'ambiance entour\u00e9s d'un carr\u00e9 de parfumeurs avec des b\u00e2tonnets. D\u00e9couvrez le carr\u00e9 parfumeur \u00e0 b\u00e2tonnets","breadcrumb":{"@id":"https:\/\/erbolinea.com\/prodotto\/profumatore-a-quadro-con-bastoncini\/#breadcrumb"},"inLanguage":"fr-FR","potentialAction":[{"@type":"ReadAction","target":["https:\/\/erbolinea.com\/prodotto\/profumatore-a-quadro-con-bastoncini\/"]}]},{"@type":"ImageObject","inLanguage":"fr-FR","@id":"https:\/\/erbolinea.com\/prodotto\/profumatore-a-quadro-con-bastoncini\/#primaryimage","url":"https:\/\/erbolinea.com\/wp-content\/uploads\/2022\/01\/copertina_chiuso.jpg","contentUrl":"https:\/\/erbolinea.com\/wp-content\/uploads\/2022\/01\/copertina_chiuso.jpg","width":650,"height":488},{"@type":"BreadcrumbList","@id":"https:\/\/erbolinea.com\/prodotto\/profumatore-a-quadro-con-bastoncini\/#breadcrumb","itemListElement":[{"@type":"ListItem","position":1,"name":"Home","item":"https:\/\/erbolinea.com\/"},{"@type":"ListItem","position":2,"name":"Shop","item":"https:\/\/erbolinea.com\/shop\/"},{"@type":"ListItem","position":3,"name":"Il Viaggio Italiano"}]},{"@type":"WebSite","@id":"https:\/\/erbolinea.com\/#website","url":"https:\/\/erbolinea.com\/","name":"Erbolinea - Parfums de magasins","description":"Diffuseurs d'ambiance \u00e0 vendre","publisher":{"@id":"https:\/\/erbolinea.com\/#organization"},"alternateName":"Erbolinea","potentialAction":[{"@type":"SearchAction","target":{"@type":"EntryPoint","urlTemplate":"https:\/\/erbolinea.com\/?s={search_term_string}"},"query-input":{"@type":"PropertyValueSpecification","valueRequired":true,"valueName":"search_term_string"}}],"inLanguage":"fr-FR"},{"@type":"Organization","@id":"https:\/\/erbolinea.com\/#organization","name":"Erbolinea","url":"https:\/\/erbolinea.com\/","logo":{"@type":"ImageObject","inLanguage":"fr-FR","@id":"https:\/\/erbolinea.com\/#\/schema\/logo\/image\/","url":"https:\/\/erbolinea.com\/wp-content\/uploads\/2020\/04\/logo-400x83_new.png","contentUrl":"https:\/\/erbolinea.com\/wp-content\/uploads\/2020\/04\/logo-400x83_new.png","width":400,"height":103,"caption":"Erbolinea"},"image":{"@id":"https:\/\/erbolinea.com\/#\/schema\/logo\/image\/"},"sameAs":["https:\/\/www.facebook.com\/erbolinea","https:\/\/www.instagram.com\/erbolinea_fragranze_srl\/","https:\/\/www.youtube.com\/channel\/UCREXSGcI2lrYs6eT9VapG3w"]}]},"product_brand":"Erbolinea","og_availability":"instock","product_availability":"instock","product_condition":"new"},"_links":{"self":[{"href":"https:\/\/erbolinea.com\/fr\/wp-json\/wp\/v2\/product\/13839","targetHints":{"allow":["GET"]}}],"collection":[{"href":"https:\/\/erbolinea.com\/fr\/wp-json\/wp\/v2\/product"}],"about":[{"href":"https:\/\/erbolinea.com\/fr\/wp-json\/wp\/v2\/types\/product"}],"wp:featuredmedia":[{"embeddable":true,"href":"https:\/\/erbolinea.com\/fr\/wp-json\/wp\/v2\/media\/14828"}],"wp:attachment":[{"href":"https:\/\/erbolinea.com\/fr\/wp-json\/wp\/v2\/media?parent=13839"}],"wp:term":[{"taxonomy":"product_brand","embeddable":true,"href":"https:\/\/erbolinea.com\/fr\/wp-json\/wp\/v2\/product_brand?post=13839"},{"taxonomy":"product_cat","embeddable":true,"href":"https:\/\/erbolinea.com\/fr\/wp-json\/wp\/v2\/product_cat?post=13839"},{"taxonomy":"product_tag","embeddable":true,"href":"https:\/\/erbolinea.com\/fr\/wp-json\/wp\/v2\/product_tag?post=13839"}],"curies":[{"name":"wp","href":"https:\/\/api.w.org\/{rel}","templated":true}]}}