{"id":13316,"date":"2021-05-26T11:49:57","date_gmt":"2021-05-26T09:49:57","guid":{"rendered":"https:\/\/erbolinea.com\/?post_type=product&#038;p=13316"},"modified":"2026-03-25T15:26:50","modified_gmt":"2026-03-25T14:26:50","slug":"ricariche-profumatori-dambiente","status":"publish","type":"product","link":"https:\/\/erbolinea.com\/fr\/produit\/ricariche-profumatori-dambiente\/","title":{"rendered":"Recharges de parfums les classiques"},"content":{"rendered":"<p>Erbolinea propose un bouquet toujours plus large de recharges pour parfums d'ambiance avec b\u00e2tonnets, des parfums les plus doux aux agrumes, frais, \u00e9pic\u00e9s, floraux et gourmands. Convient pour cr\u00e9er une atmosph\u00e8re d\u00e9licieuse et chaleureuse.<\/p>\n<p>Toutes nos recharges sont livr\u00e9es avec des b\u00e2tonnets en bambou de rechange. Nous recommandons l'achat en fonction du parfum \u00e0 recharger ; par exemple, si vous avez un flacon de 250ml, nous vous recommandons d'acheter la recharge correspondante de la m\u00eame taille, car la quantit\u00e9 et la taille des b\u00e2tonnets sont proportionnelles \u00e0 chaque taille de parfum. Si vous souhaitez acheter une recharge d'un format sup\u00e9rieur \u00e0 celui de la bouteille \u00e0 remplir, vous devez \u00e9galement acheter le programme <a href=\"https:\/\/erbolinea.com\/fr\/produit\/ricariche-fragranze-prestige-2\/\">baguettes<\/a> des recharges dont la couleur et la taille correspondent au flacon en votre possession. Continuez \u00e0 parfumer merveilleusement votre espace au quotidien avec les recharges de parfum d'ambiance Erbolinea ! D\u00e9couvrez toutes les fragrances dans la boutique.<\/p>\n<p>Pour de plus amples informations, n'h\u00e9sitez pas \u00e0 nous contacter \u00e0 l'adresse ecommerce@erbolinea.it.<\/p>","protected":false},"excerpt":{"rendered":"<p>Erbolinea propose un bouquet toujours croissant de recharges pour parfums d'ambiance avec b\u00e2tonnets, des fragrances les plus douces aux agrumes, fra\u00eeches, \u00e9pic\u00e9es, florales et gourmandes. De quoi cr\u00e9er une atmosph\u00e8re d\u00e9licieuse et accueillante. Toutes nos recharges sont livr\u00e9es avec des b\u00e2tonnets de remplacement en bambou. Nous recommandons d'acheter les b\u00e2tonnets en fonction du parfum \u00e0 recharger, par exemple [...].","protected":false},"featured_media":13437,"template":"","meta":[],"product_brand":[],"product_cat":[],"product_tag":[435,437],"class_list":{"0":"post-13316","1":"product","2":"type-product","3":"status-publish","4":"has-post-thumbnail","6":"product_tag-profumi-per-ambiente-con-bastoncini","7":"product_tag-linea-le-classiche","9":"first","10":"instock","11":"shipping-taxable","12":"purchasable","13":"product-type-variable","14":"has-default-attributes"},"yoast_head":"<!-- This site is optimized with the Yoast SEO Premium plugin v26.2 (Yoast SEO v26.4) - https:\/\/yoast.com\/wordpress\/plugins\/seo\/ -->\n<title>Ricariche profumatori d&#039;ambiente | Erbolinea shop online<\/title>\n<meta name=\"description\" content=\"Profuma la casa con e crea un&#039;atmofera unica con le ricariche per profumatori d&#039;ambiente di erbolinea. Scopri tutte profumazioni sullo shop.\" \/>\n<meta name=\"robots\" content=\"index, follow, max-snippet:-1, max-image-preview:large, max-video-preview:-1\" \/>\n<link rel=\"canonical\" href=\"https:\/\/erbolinea.com\/fr\/produit\/ricariche-profumatori-dambiente\/\" \/>\n<meta property=\"og:locale\" content=\"fr_FR\" \/>\n<meta property=\"og:type\" content=\"article\" \/>\n<meta property=\"og:title\" content=\"Ricariche fragranze le classiche\" \/>\n<meta property=\"og:description\" content=\"Profuma la casa con e crea un&#039;atmofera unica con le ricariche per profumatori d&#039;ambiente di erbolinea. Scopri tutte profumazioni sullo shop.\" \/>\n<meta property=\"og:url\" content=\"https:\/\/erbolinea.com\/fr\/produit\/ricariche-profumatori-dambiente\/\" \/>\n<meta property=\"og:site_name\" content=\"Erbolinea - Store Fragrances\" \/>\n<meta property=\"article:publisher\" content=\"https:\/\/www.facebook.com\/erbolinea\" \/>\n<meta property=\"article:modified_time\" content=\"2026-03-25T14:26:50+00:00\" \/>\n<meta property=\"og:image\" content=\"https:\/\/erbolinea.com\/wp-content\/uploads\/2021\/05\/laguna-blu.jpg\" \/>\n\t<meta property=\"og:image:width\" content=\"1984\" \/>\n\t<meta property=\"og:image:height\" content=\"1984\" \/>\n\t<meta property=\"og:image:type\" content=\"image\/jpeg\" \/>\n<meta name=\"twitter:card\" content=\"summary_large_image\" \/>\n<meta name=\"twitter:label1\" content=\"Disponibilit\u00e9\" \/>\n\t<meta name=\"twitter:data1\" content=\"En stock\" \/>\n<script type=\"application\/ld+json\" class=\"yoast-schema-graph\">{\"@context\":\"https:\/\/schema.org\",\"@graph\":[{\"@type\":\"WebPage\",\"@id\":\"https:\/\/erbolinea.com\/prodotto\/ricariche-profumatori-dambiente\/\",\"url\":\"https:\/\/erbolinea.com\/prodotto\/ricariche-profumatori-dambiente\/\",\"name\":\"Ricariche profumatori d'ambiente | Erbolinea shop online\",\"isPartOf\":{\"@id\":\"https:\/\/erbolinea.com\/#website\"},\"primaryImageOfPage\":{\"@id\":\"https:\/\/erbolinea.com\/prodotto\/ricariche-profumatori-dambiente\/#primaryimage\"},\"image\":{\"@id\":\"https:\/\/erbolinea.com\/prodotto\/ricariche-profumatori-dambiente\/#primaryimage\"},\"thumbnailUrl\":\"https:\/\/erbolinea.com\/wp-content\/uploads\/2021\/05\/laguna-blu.jpg\",\"datePublished\":\"2021-05-26T09:49:57+00:00\",\"dateModified\":\"2026-03-25T14:26:50+00:00\",\"description\":\"Profuma la casa con e crea un'atmofera unica con le ricariche per profumatori d'ambiente di erbolinea. Scopri tutte profumazioni sullo shop.\",\"breadcrumb\":{\"@id\":\"https:\/\/erbolinea.com\/prodotto\/ricariche-profumatori-dambiente\/#breadcrumb\"},\"inLanguage\":\"fr-FR\",\"potentialAction\":[{\"@type\":\"ReadAction\",\"target\":[\"https:\/\/erbolinea.com\/prodotto\/ricariche-profumatori-dambiente\/\"]}]},{\"@type\":\"ImageObject\",\"inLanguage\":\"fr-FR\",\"@id\":\"https:\/\/erbolinea.com\/prodotto\/ricariche-profumatori-dambiente\/#primaryimage\",\"url\":\"https:\/\/erbolinea.com\/wp-content\/uploads\/2021\/05\/laguna-blu.jpg\",\"contentUrl\":\"https:\/\/erbolinea.com\/wp-content\/uploads\/2021\/05\/laguna-blu.jpg\",\"width\":1984,\"height\":1984},{\"@type\":\"BreadcrumbList\",\"@id\":\"https:\/\/erbolinea.com\/prodotto\/ricariche-profumatori-dambiente\/#breadcrumb\",\"itemListElement\":[{\"@type\":\"ListItem\",\"position\":1,\"name\":\"Home\",\"item\":\"https:\/\/erbolinea.com\/\"},{\"@type\":\"ListItem\",\"position\":2,\"name\":\"Shop\",\"item\":\"https:\/\/erbolinea.com\/shop\/\"},{\"@type\":\"ListItem\",\"position\":3,\"name\":\"Ricariche fragranze le classiche\"}]},{\"@type\":\"WebSite\",\"@id\":\"https:\/\/erbolinea.com\/#website\",\"url\":\"https:\/\/erbolinea.com\/\",\"name\":\"Erbolinea - Store Fragrances\",\"description\":\"Vendita diffusori di ambiente\",\"publisher\":{\"@id\":\"https:\/\/erbolinea.com\/#organization\"},\"alternateName\":\"Erbolinea\",\"potentialAction\":[{\"@type\":\"SearchAction\",\"target\":{\"@type\":\"EntryPoint\",\"urlTemplate\":\"https:\/\/erbolinea.com\/?s={search_term_string}\"},\"query-input\":{\"@type\":\"PropertyValueSpecification\",\"valueRequired\":true,\"valueName\":\"search_term_string\"}}],\"inLanguage\":\"fr-FR\"},{\"@type\":\"Organization\",\"@id\":\"https:\/\/erbolinea.com\/#organization\",\"name\":\"Erbolinea\",\"url\":\"https:\/\/erbolinea.com\/\",\"logo\":{\"@type\":\"ImageObject\",\"inLanguage\":\"fr-FR\",\"@id\":\"https:\/\/erbolinea.com\/#\/schema\/logo\/image\/\",\"url\":\"https:\/\/erbolinea.com\/wp-content\/uploads\/2020\/04\/logo-400x83_new.png\",\"contentUrl\":\"https:\/\/erbolinea.com\/wp-content\/uploads\/2020\/04\/logo-400x83_new.png\",\"width\":400,\"height\":103,\"caption\":\"Erbolinea\"},\"image\":{\"@id\":\"https:\/\/erbolinea.com\/#\/schema\/logo\/image\/\"},\"sameAs\":[\"https:\/\/www.facebook.com\/erbolinea\",\"https:\/\/www.instagram.com\/erbolinea_fragranze_srl\/\",\"https:\/\/www.youtube.com\/channel\/UCREXSGcI2lrYs6eT9VapG3w\"]}]}<\/script>\n<meta property=\"product:brand\" content=\"Erbolinea\" \/>\n<meta property=\"og:availability\" content=\"instock\" \/>\n<meta property=\"product:availability\" content=\"instock\" \/>\n<meta property=\"product:retailer_item_id\" content=\"clas_ricar\" \/>\n<meta property=\"product:condition\" content=\"new\" \/>\n<!-- \/ Yoast SEO Premium plugin. -->","yoast_head_json":{"title":"Recharges pour parfums d'ambiance | Erbolinea online shop","description":"Parfumez votre int\u00e9rieur et cr\u00e9ez une ambiance unique avec les recharges de parfum d'ambiance d'erbolinea. D\u00e9couvrez tous les parfums dans la boutique.","robots":{"index":"index","follow":"follow","max-snippet":"max-snippet:-1","max-image-preview":"max-image-preview:large","max-video-preview":"max-video-preview:-1"},"canonical":"https:\/\/erbolinea.com\/fr\/produit\/ricariche-profumatori-dambiente\/","og_locale":"fr_FR","og_type":"article","og_title":"Ricariche fragranze le classiche","og_description":"Profuma la casa con e crea un'atmofera unica con le ricariche per profumatori d'ambiente di erbolinea. Scopri tutte profumazioni sullo shop.","og_url":"https:\/\/erbolinea.com\/fr\/produit\/ricariche-profumatori-dambiente\/","og_site_name":"Erbolinea - Store Fragrances","article_publisher":"https:\/\/www.facebook.com\/erbolinea","article_modified_time":"2026-03-25T14:26:50+00:00","og_image":[{"width":1984,"height":1984,"url":"https:\/\/erbolinea.com\/wp-content\/uploads\/2021\/05\/laguna-blu.jpg","type":"image\/jpeg"}],"twitter_card":"summary_large_image","twitter_misc":{"Disponibilit\u00e9":"En stock"},"schema":{"@context":"https:\/\/schema.org","@graph":[{"@type":"WebPage","@id":"https:\/\/erbolinea.com\/prodotto\/ricariche-profumatori-dambiente\/","url":"https:\/\/erbolinea.com\/prodotto\/ricariche-profumatori-dambiente\/","name":"Recharges pour parfums d'ambiance | Erbolinea online shop","isPartOf":{"@id":"https:\/\/erbolinea.com\/#website"},"primaryImageOfPage":{"@id":"https:\/\/erbolinea.com\/prodotto\/ricariche-profumatori-dambiente\/#primaryimage"},"image":{"@id":"https:\/\/erbolinea.com\/prodotto\/ricariche-profumatori-dambiente\/#primaryimage"},"thumbnailUrl":"https:\/\/erbolinea.com\/wp-content\/uploads\/2021\/05\/laguna-blu.jpg","datePublished":"2021-05-26T09:49:57+00:00","dateModified":"2026-03-25T14:26:50+00:00","description":"Parfumez votre int\u00e9rieur et cr\u00e9ez une ambiance unique avec les recharges de parfum d'ambiance d'erbolinea. D\u00e9couvrez tous les parfums dans la boutique.","breadcrumb":{"@id":"https:\/\/erbolinea.com\/prodotto\/ricariche-profumatori-dambiente\/#breadcrumb"},"inLanguage":"fr-FR","potentialAction":[{"@type":"ReadAction","target":["https:\/\/erbolinea.com\/prodotto\/ricariche-profumatori-dambiente\/"]}]},{"@type":"ImageObject","inLanguage":"fr-FR","@id":"https:\/\/erbolinea.com\/prodotto\/ricariche-profumatori-dambiente\/#primaryimage","url":"https:\/\/erbolinea.com\/wp-content\/uploads\/2021\/05\/laguna-blu.jpg","contentUrl":"https:\/\/erbolinea.com\/wp-content\/uploads\/2021\/05\/laguna-blu.jpg","width":1984,"height":1984},{"@type":"BreadcrumbList","@id":"https:\/\/erbolinea.com\/prodotto\/ricariche-profumatori-dambiente\/#breadcrumb","itemListElement":[{"@type":"ListItem","position":1,"name":"Home","item":"https:\/\/erbolinea.com\/"},{"@type":"ListItem","position":2,"name":"Shop","item":"https:\/\/erbolinea.com\/shop\/"},{"@type":"ListItem","position":3,"name":"Ricariche fragranze le classiche"}]},{"@type":"WebSite","@id":"https:\/\/erbolinea.com\/#website","url":"https:\/\/erbolinea.com\/","name":"Erbolinea - Parfums de magasins","description":"Diffuseurs d'ambiance \u00e0 vendre","publisher":{"@id":"https:\/\/erbolinea.com\/#organization"},"alternateName":"Erbolinea","potentialAction":[{"@type":"SearchAction","target":{"@type":"EntryPoint","urlTemplate":"https:\/\/erbolinea.com\/?s={search_term_string}"},"query-input":{"@type":"PropertyValueSpecification","valueRequired":true,"valueName":"search_term_string"}}],"inLanguage":"fr-FR"},{"@type":"Organization","@id":"https:\/\/erbolinea.com\/#organization","name":"Erbolinea","url":"https:\/\/erbolinea.com\/","logo":{"@type":"ImageObject","inLanguage":"fr-FR","@id":"https:\/\/erbolinea.com\/#\/schema\/logo\/image\/","url":"https:\/\/erbolinea.com\/wp-content\/uploads\/2020\/04\/logo-400x83_new.png","contentUrl":"https:\/\/erbolinea.com\/wp-content\/uploads\/2020\/04\/logo-400x83_new.png","width":400,"height":103,"caption":"Erbolinea"},"image":{"@id":"https:\/\/erbolinea.com\/#\/schema\/logo\/image\/"},"sameAs":["https:\/\/www.facebook.com\/erbolinea","https:\/\/www.instagram.com\/erbolinea_fragranze_srl\/","https:\/\/www.youtube.com\/channel\/UCREXSGcI2lrYs6eT9VapG3w"]}]},"product_brand":"Erbolinea","og_availability":"instock","product_availability":"instock","product_retailer_item_id":"clas_ricar","product_condition":"new"},"_links":{"self":[{"href":"https:\/\/erbolinea.com\/fr\/wp-json\/wp\/v2\/product\/13316","targetHints":{"allow":["GET"]}}],"collection":[{"href":"https:\/\/erbolinea.com\/fr\/wp-json\/wp\/v2\/product"}],"about":[{"href":"https:\/\/erbolinea.com\/fr\/wp-json\/wp\/v2\/types\/product"}],"wp:featuredmedia":[{"embeddable":true,"href":"https:\/\/erbolinea.com\/fr\/wp-json\/wp\/v2\/media\/13437"}],"wp:attachment":[{"href":"https:\/\/erbolinea.com\/fr\/wp-json\/wp\/v2\/media?parent=13316"}],"wp:term":[{"taxonomy":"product_brand","embeddable":true,"href":"https:\/\/erbolinea.com\/fr\/wp-json\/wp\/v2\/product_brand?post=13316"},{"taxonomy":"product_cat","embeddable":true,"href":"https:\/\/erbolinea.com\/fr\/wp-json\/wp\/v2\/product_cat?post=13316"},{"taxonomy":"product_tag","embeddable":true,"href":"https:\/\/erbolinea.com\/fr\/wp-json\/wp\/v2\/product_tag?post=13316"}],"curies":[{"name":"wp","href":"https:\/\/api.w.org\/{rel}","templated":true}]}}