{"id":12911,"date":"2021-03-31T18:01:01","date_gmt":"2021-03-31T16:01:01","guid":{"rendered":"https:\/\/erbolinea.com\/?post_type=product&#038;p=12911"},"modified":"2024-11-20T17:37:54","modified_gmt":"2024-11-20T16:37:54","slug":"capodimonte-marina","status":"publish","type":"product","link":"https:\/\/erbolinea.com\/fr\/produit\/capodimonte-marina\/","title":{"rendered":"Capodimonte Marine Line avec diffuseur d'ambiance"},"content":{"rendered":"<p>Les diffuseurs d'ambiance en porcelaine d'Erbolinea sont issus de l'artisanat traditionnel de Capodimonte (Naples), c\u00e9l\u00e8bre dans le monde entier. L'originalit\u00e9 des diffuseurs se distingue par l'effigie form\u00e9e par la couronne de Capodimonte sur le \"N\" de Naples avec laquelle ils sont marqu\u00e9s pi\u00e8ce par pi\u00e8ce. Un objet prestigieux qui, en m\u00eame temps, meuble et lib\u00e8re d'agr\u00e9ables sensations olfactives.<\/p>\n<p>D\u00e9couvrez notre diffuseur d'ambiance en porcelaine avec b\u00e2tonnets<\/p>\n<p>&nbsp;<\/p>\n<h6><\/h6>","protected":false},"excerpt":{"rendered":"<p>Les diffuseurs d'ambiance en porcelaine d'Erbolinea sont issus de l'artisanat traditionnel de Capodimonte (Naples), c\u00e9l\u00e8bre dans le monde entier. L'originalit\u00e9 des diffuseurs se distingue par l'effigie form\u00e9e par la couronne de Capodimonte sur le \"N\" de Naples avec lequel ils sont marqu\u00e9s pi\u00e8ce par pi\u00e8ce. Un objet de prestige qui, en m\u00eame temps, fournit et lib\u00e8re d'agr\u00e9ables sensations olfactives. D\u00e9couvrez nos [...]","protected":false},"featured_media":13027,"template":"","meta":[],"product_brand":[],"product_cat":[547],"product_tag":[],"class_list":{"0":"post-12911","1":"product","2":"type-product","3":"status-publish","4":"has-post-thumbnail","6":"product_cat-diffusori-in-porcellana-con-bastoncini","8":"first","9":"instock","10":"shipping-taxable","11":"purchasable","12":"product-type-variable","13":"has-default-attributes"},"yoast_head":"<!-- This site is optimized with the Yoast SEO Premium plugin v26.2 (Yoast SEO v26.4) - https:\/\/yoast.com\/wordpress\/plugins\/seo\/ -->\n<title>Diffusore per ambienti in porcellana con bastoncini | Erbolinea<\/title>\n<meta name=\"description\" content=\"Sei alla ricerca di un diffusore per ambienti in porcellana con bastoncini. Scopri tutti nostri diffusori in porcellana su erbolinea.\" \/>\n<meta name=\"robots\" content=\"index, follow, max-snippet:-1, max-image-preview:large, max-video-preview:-1\" \/>\n<link rel=\"canonical\" href=\"https:\/\/erbolinea.com\/fr\/produit\/capodimonte-marina\/\" \/>\n<meta property=\"og:locale\" content=\"fr_FR\" \/>\n<meta property=\"og:type\" content=\"article\" \/>\n<meta property=\"og:title\" content=\"Capodimonte Linea Marina con Diffusore D&#039;Ambiente\" \/>\n<meta property=\"og:description\" content=\"Sei alla ricerca di un diffusore per ambienti in porcellana con bastoncini. Scopri tutti nostri diffusori in porcellana su erbolinea.\" \/>\n<meta property=\"og:url\" content=\"https:\/\/erbolinea.com\/fr\/produit\/capodimonte-marina\/\" \/>\n<meta property=\"og:site_name\" content=\"Erbolinea - Store Fragrances\" \/>\n<meta property=\"article:publisher\" content=\"https:\/\/www.facebook.com\/erbolinea\" \/>\n<meta property=\"article:modified_time\" content=\"2024-11-20T16:37:54+00:00\" \/>\n<meta property=\"og:image\" content=\"https:\/\/erbolinea.com\/wp-content\/uploads\/2021\/03\/cop_capodimonte-linea_marina.jpg\" \/>\n\t<meta property=\"og:image:width\" content=\"1024\" \/>\n\t<meta property=\"og:image:height\" content=\"769\" \/>\n\t<meta property=\"og:image:type\" content=\"image\/jpeg\" \/>\n<meta name=\"twitter:card\" content=\"summary_large_image\" \/>\n<meta name=\"twitter:label1\" content=\"Disponibilit\u00e9\" \/>\n\t<meta name=\"twitter:data1\" content=\"En stock\" \/>\n<script type=\"application\/ld+json\" class=\"yoast-schema-graph\">{\"@context\":\"https:\/\/schema.org\",\"@graph\":[{\"@type\":\"WebPage\",\"@id\":\"https:\/\/erbolinea.com\/prodotto\/capodimonte-marina\/\",\"url\":\"https:\/\/erbolinea.com\/prodotto\/capodimonte-marina\/\",\"name\":\"Diffusore per ambienti in porcellana con bastoncini | Erbolinea\",\"isPartOf\":{\"@id\":\"https:\/\/erbolinea.com\/#website\"},\"primaryImageOfPage\":{\"@id\":\"https:\/\/erbolinea.com\/prodotto\/capodimonte-marina\/#primaryimage\"},\"image\":{\"@id\":\"https:\/\/erbolinea.com\/prodotto\/capodimonte-marina\/#primaryimage\"},\"thumbnailUrl\":\"https:\/\/erbolinea.com\/wp-content\/uploads\/2021\/03\/cop_capodimonte-linea_marina.jpg\",\"datePublished\":\"2021-03-31T16:01:01+00:00\",\"dateModified\":\"2024-11-20T16:37:54+00:00\",\"description\":\"Sei alla ricerca di un diffusore per ambienti in porcellana con bastoncini. Scopri tutti nostri diffusori in porcellana su erbolinea.\",\"breadcrumb\":{\"@id\":\"https:\/\/erbolinea.com\/prodotto\/capodimonte-marina\/#breadcrumb\"},\"inLanguage\":\"fr-FR\",\"potentialAction\":[{\"@type\":\"ReadAction\",\"target\":[\"https:\/\/erbolinea.com\/prodotto\/capodimonte-marina\/\"]}]},{\"@type\":\"ImageObject\",\"inLanguage\":\"fr-FR\",\"@id\":\"https:\/\/erbolinea.com\/prodotto\/capodimonte-marina\/#primaryimage\",\"url\":\"https:\/\/erbolinea.com\/wp-content\/uploads\/2021\/03\/cop_capodimonte-linea_marina.jpg\",\"contentUrl\":\"https:\/\/erbolinea.com\/wp-content\/uploads\/2021\/03\/cop_capodimonte-linea_marina.jpg\",\"width\":1024,\"height\":769,\"caption\":\"diffusore per ambienti in porcellana con bastoncini\"},{\"@type\":\"BreadcrumbList\",\"@id\":\"https:\/\/erbolinea.com\/prodotto\/capodimonte-marina\/#breadcrumb\",\"itemListElement\":[{\"@type\":\"ListItem\",\"position\":1,\"name\":\"Home\",\"item\":\"https:\/\/erbolinea.com\/\"},{\"@type\":\"ListItem\",\"position\":2,\"name\":\"Shop\",\"item\":\"https:\/\/erbolinea.com\/shop\/\"},{\"@type\":\"ListItem\",\"position\":3,\"name\":\"Capodimonte Linea Marina con Diffusore D&#8217;Ambiente\"}]},{\"@type\":\"WebSite\",\"@id\":\"https:\/\/erbolinea.com\/#website\",\"url\":\"https:\/\/erbolinea.com\/\",\"name\":\"Erbolinea - Store Fragrances\",\"description\":\"Vendita diffusori di ambiente\",\"publisher\":{\"@id\":\"https:\/\/erbolinea.com\/#organization\"},\"alternateName\":\"Erbolinea\",\"potentialAction\":[{\"@type\":\"SearchAction\",\"target\":{\"@type\":\"EntryPoint\",\"urlTemplate\":\"https:\/\/erbolinea.com\/?s={search_term_string}\"},\"query-input\":{\"@type\":\"PropertyValueSpecification\",\"valueRequired\":true,\"valueName\":\"search_term_string\"}}],\"inLanguage\":\"fr-FR\"},{\"@type\":\"Organization\",\"@id\":\"https:\/\/erbolinea.com\/#organization\",\"name\":\"Erbolinea\",\"url\":\"https:\/\/erbolinea.com\/\",\"logo\":{\"@type\":\"ImageObject\",\"inLanguage\":\"fr-FR\",\"@id\":\"https:\/\/erbolinea.com\/#\/schema\/logo\/image\/\",\"url\":\"https:\/\/erbolinea.com\/wp-content\/uploads\/2020\/04\/logo-400x83_new.png\",\"contentUrl\":\"https:\/\/erbolinea.com\/wp-content\/uploads\/2020\/04\/logo-400x83_new.png\",\"width\":400,\"height\":103,\"caption\":\"Erbolinea\"},\"image\":{\"@id\":\"https:\/\/erbolinea.com\/#\/schema\/logo\/image\/\"},\"sameAs\":[\"https:\/\/www.facebook.com\/erbolinea\",\"https:\/\/www.instagram.com\/erbolinea_fragranze_srl\/\",\"https:\/\/www.youtube.com\/channel\/UCREXSGcI2lrYs6eT9VapG3w\"]}]}<\/script>\n<meta property=\"product:brand\" content=\"Erbolinea\" \/>\n<meta property=\"og:availability\" content=\"instock\" \/>\n<meta property=\"product:availability\" content=\"instock\" \/>\n<meta property=\"product:retailer_item_id\" content=\"cap_erb-2\" \/>\n<meta property=\"product:condition\" content=\"new\" \/>\n<!-- \/ Yoast SEO Premium plugin. -->","yoast_head_json":{"title":"Diffuseur d'ambiance en porcelaine avec b\u00e2tonnets | Erbolinea","description":"Vous recherchez un diffuseur d'ambiance en porcelaine avec b\u00e2tonnets. D\u00e9couvrez tous nos diffuseurs en porcelaine sur erbolinea.","robots":{"index":"index","follow":"follow","max-snippet":"max-snippet:-1","max-image-preview":"max-image-preview:large","max-video-preview":"max-video-preview:-1"},"canonical":"https:\/\/erbolinea.com\/fr\/produit\/capodimonte-marina\/","og_locale":"fr_FR","og_type":"article","og_title":"Capodimonte Linea Marina con Diffusore D'Ambiente","og_description":"Sei alla ricerca di un diffusore per ambienti in porcellana con bastoncini. Scopri tutti nostri diffusori in porcellana su erbolinea.","og_url":"https:\/\/erbolinea.com\/fr\/produit\/capodimonte-marina\/","og_site_name":"Erbolinea - Store Fragrances","article_publisher":"https:\/\/www.facebook.com\/erbolinea","article_modified_time":"2024-11-20T16:37:54+00:00","og_image":[{"width":1024,"height":769,"url":"https:\/\/erbolinea.com\/wp-content\/uploads\/2021\/03\/cop_capodimonte-linea_marina.jpg","type":"image\/jpeg"}],"twitter_card":"summary_large_image","twitter_misc":{"Disponibilit\u00e9":"En stock"},"schema":{"@context":"https:\/\/schema.org","@graph":[{"@type":"WebPage","@id":"https:\/\/erbolinea.com\/prodotto\/capodimonte-marina\/","url":"https:\/\/erbolinea.com\/prodotto\/capodimonte-marina\/","name":"Diffuseur d'ambiance en porcelaine avec b\u00e2tonnets | Erbolinea","isPartOf":{"@id":"https:\/\/erbolinea.com\/#website"},"primaryImageOfPage":{"@id":"https:\/\/erbolinea.com\/prodotto\/capodimonte-marina\/#primaryimage"},"image":{"@id":"https:\/\/erbolinea.com\/prodotto\/capodimonte-marina\/#primaryimage"},"thumbnailUrl":"https:\/\/erbolinea.com\/wp-content\/uploads\/2021\/03\/cop_capodimonte-linea_marina.jpg","datePublished":"2021-03-31T16:01:01+00:00","dateModified":"2024-11-20T16:37:54+00:00","description":"Vous recherchez un diffuseur d'ambiance en porcelaine avec b\u00e2tonnets. D\u00e9couvrez tous nos diffuseurs en porcelaine sur erbolinea.","breadcrumb":{"@id":"https:\/\/erbolinea.com\/prodotto\/capodimonte-marina\/#breadcrumb"},"inLanguage":"fr-FR","potentialAction":[{"@type":"ReadAction","target":["https:\/\/erbolinea.com\/prodotto\/capodimonte-marina\/"]}]},{"@type":"ImageObject","inLanguage":"fr-FR","@id":"https:\/\/erbolinea.com\/prodotto\/capodimonte-marina\/#primaryimage","url":"https:\/\/erbolinea.com\/wp-content\/uploads\/2021\/03\/cop_capodimonte-linea_marina.jpg","contentUrl":"https:\/\/erbolinea.com\/wp-content\/uploads\/2021\/03\/cop_capodimonte-linea_marina.jpg","width":1024,"height":769,"caption":"diffusore per ambienti in porcellana con bastoncini"},{"@type":"BreadcrumbList","@id":"https:\/\/erbolinea.com\/prodotto\/capodimonte-marina\/#breadcrumb","itemListElement":[{"@type":"ListItem","position":1,"name":"Home","item":"https:\/\/erbolinea.com\/"},{"@type":"ListItem","position":2,"name":"Shop","item":"https:\/\/erbolinea.com\/shop\/"},{"@type":"ListItem","position":3,"name":"Capodimonte Linea Marina con Diffusore D&#8217;Ambiente"}]},{"@type":"WebSite","@id":"https:\/\/erbolinea.com\/#website","url":"https:\/\/erbolinea.com\/","name":"Erbolinea - Parfums de magasins","description":"Diffuseurs d'ambiance \u00e0 vendre","publisher":{"@id":"https:\/\/erbolinea.com\/#organization"},"alternateName":"Erbolinea","potentialAction":[{"@type":"SearchAction","target":{"@type":"EntryPoint","urlTemplate":"https:\/\/erbolinea.com\/?s={search_term_string}"},"query-input":{"@type":"PropertyValueSpecification","valueRequired":true,"valueName":"search_term_string"}}],"inLanguage":"fr-FR"},{"@type":"Organization","@id":"https:\/\/erbolinea.com\/#organization","name":"Erbolinea","url":"https:\/\/erbolinea.com\/","logo":{"@type":"ImageObject","inLanguage":"fr-FR","@id":"https:\/\/erbolinea.com\/#\/schema\/logo\/image\/","url":"https:\/\/erbolinea.com\/wp-content\/uploads\/2020\/04\/logo-400x83_new.png","contentUrl":"https:\/\/erbolinea.com\/wp-content\/uploads\/2020\/04\/logo-400x83_new.png","width":400,"height":103,"caption":"Erbolinea"},"image":{"@id":"https:\/\/erbolinea.com\/#\/schema\/logo\/image\/"},"sameAs":["https:\/\/www.facebook.com\/erbolinea","https:\/\/www.instagram.com\/erbolinea_fragranze_srl\/","https:\/\/www.youtube.com\/channel\/UCREXSGcI2lrYs6eT9VapG3w"]}]},"product_brand":"Erbolinea","og_availability":"instock","product_availability":"instock","product_retailer_item_id":"cap_erb-2","product_condition":"new"},"_links":{"self":[{"href":"https:\/\/erbolinea.com\/fr\/wp-json\/wp\/v2\/product\/12911","targetHints":{"allow":["GET"]}}],"collection":[{"href":"https:\/\/erbolinea.com\/fr\/wp-json\/wp\/v2\/product"}],"about":[{"href":"https:\/\/erbolinea.com\/fr\/wp-json\/wp\/v2\/types\/product"}],"wp:featuredmedia":[{"embeddable":true,"href":"https:\/\/erbolinea.com\/fr\/wp-json\/wp\/v2\/media\/13027"}],"wp:attachment":[{"href":"https:\/\/erbolinea.com\/fr\/wp-json\/wp\/v2\/media?parent=12911"}],"wp:term":[{"taxonomy":"product_brand","embeddable":true,"href":"https:\/\/erbolinea.com\/fr\/wp-json\/wp\/v2\/product_brand?post=12911"},{"taxonomy":"product_cat","embeddable":true,"href":"https:\/\/erbolinea.com\/fr\/wp-json\/wp\/v2\/product_cat?post=12911"},{"taxonomy":"product_tag","embeddable":true,"href":"https:\/\/erbolinea.com\/fr\/wp-json\/wp\/v2\/product_tag?post=12911"}],"curies":[{"name":"wp","href":"https:\/\/api.w.org\/{rel}","templated":true}]}}