{"id":1095,"date":"2018-11-07T18:52:27","date_gmt":"2018-11-07T17:52:27","guid":{"rendered":"https:\/\/erbolinea.com\/?post_type=product&#038;p=1095"},"modified":"2026-03-20T19:28:26","modified_gmt":"2026-03-20T18:28:26","slug":"fragranze-classiche-2","status":"publish","type":"product","link":"https:\/\/erbolinea.com\/fr\/produit\/fragranze-classiche-2\/","title":{"rendered":"Extraits de parfum Classiques"},"content":{"rendered":"<p>Parfums naturels concentr\u00e9s en huile de fleurs, de fruits, d'\u00e9pices, de baies, d'\u00e9corces, de r\u00e9sines, de feuilles, d'herbes, de mousses, de racines et de notes gourmandes. Gr\u00e2ce \u00e0 leurs multiples usages, les extraits aromatiques sont capables de procurer des sensations olfactives agr\u00e9ables qui stimulent le sentiment de bien-\u00eatre. Offrez \u00e0 votre maison une exp\u00e9rience olfactive incroyable gr\u00e2ce \u00e0 <a href=\"https:\/\/erbolinea.com\/fr\/produit\/fragranze-prestige-2\/\">extrait de parfum<\/a> pour l'environnement par erbolinea. D\u00e9couvrez tous les parfums.<\/p>","protected":false},"excerpt":{"rendered":"<p>Fragrances naturelles concentr\u00e9es dans des huiles de fleurs, de fruits, d'\u00e9pices, de baies, d'\u00e9corces, de r\u00e9sines, de feuilles, d'herbes, de mousses, de racines et de notes gourmandes. Gr\u00e2ce \u00e0 leurs multiples utilisations, les extraits aromatiques sont capables de procurer d'agr\u00e9ables sensations olfactives qui stimulent le bien-\u00eatre. Offrez \u00e0 votre int\u00e9rieur une exp\u00e9rience olfactive incroyable avec l'extrait de parfum pour [...].","protected":false},"featured_media":10713,"template":"","meta":[],"product_brand":[],"product_cat":[],"product_tag":[],"class_list":{"0":"post-1095","1":"product","2":"type-product","3":"status-publish","4":"has-post-thumbnail","7":"first","8":"instock","9":"shipping-taxable","10":"purchasable","11":"product-type-variable","12":"has-default-attributes"},"yoast_head":"<!-- This site is optimized with the Yoast SEO Premium plugin v26.2 (Yoast SEO v26.4) - https:\/\/yoast.com\/wordpress\/plugins\/seo\/ -->\n<title>estratto di fragranza per l&#039;ambiente | Erbolinea profumatori per l&#039;ambiente<\/title>\n<meta name=\"description\" content=\"Dona la tua casa di un&#039;esperienza olfattiva incredibile con l&#039; estratto di fragranza per l&#039;ambiente di erbolinea. Scopri tutte le profumazioni\" \/>\n<meta name=\"robots\" content=\"index, follow, max-snippet:-1, max-image-preview:large, max-video-preview:-1\" \/>\n<link rel=\"canonical\" href=\"https:\/\/erbolinea.com\/fr\/produit\/fragranze-classiche-2\/\" \/>\n<meta property=\"og:locale\" content=\"fr_FR\" \/>\n<meta property=\"og:type\" content=\"article\" \/>\n<meta property=\"og:title\" content=\"Estratti di profumo Fragranze Classiche\" \/>\n<meta property=\"og:description\" content=\"Dona la tua casa di un&#039;esperienza olfattiva incredibile con l&#039; estratto di fragranza per l&#039;ambiente di erbolinea. Scopri tutte le profumazioni\" \/>\n<meta property=\"og:url\" content=\"https:\/\/erbolinea.com\/fr\/produit\/fragranze-classiche-2\/\" \/>\n<meta property=\"og:site_name\" content=\"Erbolinea - Store Fragrances\" \/>\n<meta property=\"article:publisher\" content=\"https:\/\/www.facebook.com\/erbolinea\" \/>\n<meta property=\"article:modified_time\" content=\"2026-03-20T18:28:26+00:00\" \/>\n<meta property=\"og:image\" content=\"https:\/\/erbolinea.com\/wp-content\/uploads\/2020\/10\/laguna.jpg\" \/>\n\t<meta property=\"og:image:width\" content=\"1800\" \/>\n\t<meta property=\"og:image:height\" content=\"1800\" \/>\n\t<meta property=\"og:image:type\" content=\"image\/jpeg\" \/>\n<meta name=\"twitter:card\" content=\"summary_large_image\" \/>\n<meta name=\"twitter:label1\" content=\"Disponibilit\u00e9\" \/>\n\t<meta name=\"twitter:data1\" content=\"En stock\" \/>\n<script type=\"application\/ld+json\" class=\"yoast-schema-graph\">{\"@context\":\"https:\/\/schema.org\",\"@graph\":[{\"@type\":\"WebPage\",\"@id\":\"https:\/\/erbolinea.com\/prodotto\/fragranze-classiche-2\/\",\"url\":\"https:\/\/erbolinea.com\/prodotto\/fragranze-classiche-2\/\",\"name\":\"estratto di fragranza per l'ambiente | Erbolinea profumatori per l'ambiente\",\"isPartOf\":{\"@id\":\"https:\/\/erbolinea.com\/#website\"},\"primaryImageOfPage\":{\"@id\":\"https:\/\/erbolinea.com\/prodotto\/fragranze-classiche-2\/#primaryimage\"},\"image\":{\"@id\":\"https:\/\/erbolinea.com\/prodotto\/fragranze-classiche-2\/#primaryimage\"},\"thumbnailUrl\":\"https:\/\/erbolinea.com\/wp-content\/uploads\/2020\/10\/laguna.jpg\",\"datePublished\":\"2018-11-07T17:52:27+00:00\",\"dateModified\":\"2026-03-20T18:28:26+00:00\",\"description\":\"Dona la tua casa di un'esperienza olfattiva incredibile con l' estratto di fragranza per l'ambiente di erbolinea. Scopri tutte le profumazioni\",\"breadcrumb\":{\"@id\":\"https:\/\/erbolinea.com\/prodotto\/fragranze-classiche-2\/#breadcrumb\"},\"inLanguage\":\"fr-FR\",\"potentialAction\":[{\"@type\":\"ReadAction\",\"target\":[\"https:\/\/erbolinea.com\/prodotto\/fragranze-classiche-2\/\"]}]},{\"@type\":\"ImageObject\",\"inLanguage\":\"fr-FR\",\"@id\":\"https:\/\/erbolinea.com\/prodotto\/fragranze-classiche-2\/#primaryimage\",\"url\":\"https:\/\/erbolinea.com\/wp-content\/uploads\/2020\/10\/laguna.jpg\",\"contentUrl\":\"https:\/\/erbolinea.com\/wp-content\/uploads\/2020\/10\/laguna.jpg\",\"width\":1800,\"height\":1800},{\"@type\":\"BreadcrumbList\",\"@id\":\"https:\/\/erbolinea.com\/prodotto\/fragranze-classiche-2\/#breadcrumb\",\"itemListElement\":[{\"@type\":\"ListItem\",\"position\":1,\"name\":\"Home\",\"item\":\"https:\/\/erbolinea.com\/\"},{\"@type\":\"ListItem\",\"position\":2,\"name\":\"Shop\",\"item\":\"https:\/\/erbolinea.com\/shop\/\"},{\"@type\":\"ListItem\",\"position\":3,\"name\":\"Estratti di profumo Fragranze Classiche\"}]},{\"@type\":\"WebSite\",\"@id\":\"https:\/\/erbolinea.com\/#website\",\"url\":\"https:\/\/erbolinea.com\/\",\"name\":\"Erbolinea - Store Fragrances\",\"description\":\"Vendita diffusori di ambiente\",\"publisher\":{\"@id\":\"https:\/\/erbolinea.com\/#organization\"},\"alternateName\":\"Erbolinea\",\"potentialAction\":[{\"@type\":\"SearchAction\",\"target\":{\"@type\":\"EntryPoint\",\"urlTemplate\":\"https:\/\/erbolinea.com\/?s={search_term_string}\"},\"query-input\":{\"@type\":\"PropertyValueSpecification\",\"valueRequired\":true,\"valueName\":\"search_term_string\"}}],\"inLanguage\":\"fr-FR\"},{\"@type\":\"Organization\",\"@id\":\"https:\/\/erbolinea.com\/#organization\",\"name\":\"Erbolinea\",\"url\":\"https:\/\/erbolinea.com\/\",\"logo\":{\"@type\":\"ImageObject\",\"inLanguage\":\"fr-FR\",\"@id\":\"https:\/\/erbolinea.com\/#\/schema\/logo\/image\/\",\"url\":\"https:\/\/erbolinea.com\/wp-content\/uploads\/2020\/04\/logo-400x83_new.png\",\"contentUrl\":\"https:\/\/erbolinea.com\/wp-content\/uploads\/2020\/04\/logo-400x83_new.png\",\"width\":400,\"height\":103,\"caption\":\"Erbolinea\"},\"image\":{\"@id\":\"https:\/\/erbolinea.com\/#\/schema\/logo\/image\/\"},\"sameAs\":[\"https:\/\/www.facebook.com\/erbolinea\",\"https:\/\/www.instagram.com\/erbolinea_fragranze_srl\/\",\"https:\/\/www.youtube.com\/channel\/UCREXSGcI2lrYs6eT9VapG3w\"]}]}<\/script>\n<meta property=\"product:brand\" content=\"Erbolinea\" \/>\n<meta property=\"og:availability\" content=\"instock\" \/>\n<meta property=\"product:availability\" content=\"instock\" \/>\n<meta property=\"product:retailer_item_id\" content=\"est_pro\" \/>\n<meta property=\"product:condition\" content=\"new\" \/>\n<!-- \/ Yoast SEO Premium plugin. -->","yoast_head_json":{"title":"extrait de parfum pour l'environnement | Erbolinea parfums d'ambiance","description":"Offrez \u00e0 votre int\u00e9rieur une exp\u00e9rience olfactive incroyable avec l'extrait de parfum d'ambiance herbolinea. D\u00e9couvrez tous les parfums","robots":{"index":"index","follow":"follow","max-snippet":"max-snippet:-1","max-image-preview":"max-image-preview:large","max-video-preview":"max-video-preview:-1"},"canonical":"https:\/\/erbolinea.com\/fr\/produit\/fragranze-classiche-2\/","og_locale":"fr_FR","og_type":"article","og_title":"Estratti di profumo Fragranze Classiche","og_description":"Dona la tua casa di un'esperienza olfattiva incredibile con l' estratto di fragranza per l'ambiente di erbolinea. Scopri tutte le profumazioni","og_url":"https:\/\/erbolinea.com\/fr\/produit\/fragranze-classiche-2\/","og_site_name":"Erbolinea - Store Fragrances","article_publisher":"https:\/\/www.facebook.com\/erbolinea","article_modified_time":"2026-03-20T18:28:26+00:00","og_image":[{"width":1800,"height":1800,"url":"https:\/\/erbolinea.com\/wp-content\/uploads\/2020\/10\/laguna.jpg","type":"image\/jpeg"}],"twitter_card":"summary_large_image","twitter_misc":{"Disponibilit\u00e9":"En stock"},"schema":{"@context":"https:\/\/schema.org","@graph":[{"@type":"WebPage","@id":"https:\/\/erbolinea.com\/prodotto\/fragranze-classiche-2\/","url":"https:\/\/erbolinea.com\/prodotto\/fragranze-classiche-2\/","name":"extrait de parfum pour l'environnement | Erbolinea parfums d'ambiance","isPartOf":{"@id":"https:\/\/erbolinea.com\/#website"},"primaryImageOfPage":{"@id":"https:\/\/erbolinea.com\/prodotto\/fragranze-classiche-2\/#primaryimage"},"image":{"@id":"https:\/\/erbolinea.com\/prodotto\/fragranze-classiche-2\/#primaryimage"},"thumbnailUrl":"https:\/\/erbolinea.com\/wp-content\/uploads\/2020\/10\/laguna.jpg","datePublished":"2018-11-07T17:52:27+00:00","dateModified":"2026-03-20T18:28:26+00:00","description":"Offrez \u00e0 votre int\u00e9rieur une exp\u00e9rience olfactive incroyable avec l'extrait de parfum d'ambiance herbolinea. D\u00e9couvrez tous les parfums","breadcrumb":{"@id":"https:\/\/erbolinea.com\/prodotto\/fragranze-classiche-2\/#breadcrumb"},"inLanguage":"fr-FR","potentialAction":[{"@type":"ReadAction","target":["https:\/\/erbolinea.com\/prodotto\/fragranze-classiche-2\/"]}]},{"@type":"ImageObject","inLanguage":"fr-FR","@id":"https:\/\/erbolinea.com\/prodotto\/fragranze-classiche-2\/#primaryimage","url":"https:\/\/erbolinea.com\/wp-content\/uploads\/2020\/10\/laguna.jpg","contentUrl":"https:\/\/erbolinea.com\/wp-content\/uploads\/2020\/10\/laguna.jpg","width":1800,"height":1800},{"@type":"BreadcrumbList","@id":"https:\/\/erbolinea.com\/prodotto\/fragranze-classiche-2\/#breadcrumb","itemListElement":[{"@type":"ListItem","position":1,"name":"Home","item":"https:\/\/erbolinea.com\/"},{"@type":"ListItem","position":2,"name":"Shop","item":"https:\/\/erbolinea.com\/shop\/"},{"@type":"ListItem","position":3,"name":"Estratti di profumo Fragranze Classiche"}]},{"@type":"WebSite","@id":"https:\/\/erbolinea.com\/#website","url":"https:\/\/erbolinea.com\/","name":"Erbolinea - Parfums de magasins","description":"Diffuseurs d'ambiance \u00e0 vendre","publisher":{"@id":"https:\/\/erbolinea.com\/#organization"},"alternateName":"Erbolinea","potentialAction":[{"@type":"SearchAction","target":{"@type":"EntryPoint","urlTemplate":"https:\/\/erbolinea.com\/?s={search_term_string}"},"query-input":{"@type":"PropertyValueSpecification","valueRequired":true,"valueName":"search_term_string"}}],"inLanguage":"fr-FR"},{"@type":"Organization","@id":"https:\/\/erbolinea.com\/#organization","name":"Erbolinea","url":"https:\/\/erbolinea.com\/","logo":{"@type":"ImageObject","inLanguage":"fr-FR","@id":"https:\/\/erbolinea.com\/#\/schema\/logo\/image\/","url":"https:\/\/erbolinea.com\/wp-content\/uploads\/2020\/04\/logo-400x83_new.png","contentUrl":"https:\/\/erbolinea.com\/wp-content\/uploads\/2020\/04\/logo-400x83_new.png","width":400,"height":103,"caption":"Erbolinea"},"image":{"@id":"https:\/\/erbolinea.com\/#\/schema\/logo\/image\/"},"sameAs":["https:\/\/www.facebook.com\/erbolinea","https:\/\/www.instagram.com\/erbolinea_fragranze_srl\/","https:\/\/www.youtube.com\/channel\/UCREXSGcI2lrYs6eT9VapG3w"]}]},"product_brand":"Erbolinea","og_availability":"instock","product_availability":"instock","product_retailer_item_id":"est_pro","product_condition":"new"},"_links":{"self":[{"href":"https:\/\/erbolinea.com\/fr\/wp-json\/wp\/v2\/product\/1095","targetHints":{"allow":["GET"]}}],"collection":[{"href":"https:\/\/erbolinea.com\/fr\/wp-json\/wp\/v2\/product"}],"about":[{"href":"https:\/\/erbolinea.com\/fr\/wp-json\/wp\/v2\/types\/product"}],"wp:featuredmedia":[{"embeddable":true,"href":"https:\/\/erbolinea.com\/fr\/wp-json\/wp\/v2\/media\/10713"}],"wp:attachment":[{"href":"https:\/\/erbolinea.com\/fr\/wp-json\/wp\/v2\/media?parent=1095"}],"wp:term":[{"taxonomy":"product_brand","embeddable":true,"href":"https:\/\/erbolinea.com\/fr\/wp-json\/wp\/v2\/product_brand?post=1095"},{"taxonomy":"product_cat","embeddable":true,"href":"https:\/\/erbolinea.com\/fr\/wp-json\/wp\/v2\/product_cat?post=1095"},{"taxonomy":"product_tag","embeddable":true,"href":"https:\/\/erbolinea.com\/fr\/wp-json\/wp\/v2\/product_tag?post=1095"}],"curies":[{"name":"wp","href":"https:\/\/api.w.org\/{rel}","templated":true}]}}