{"id":1064,"date":"2018-11-07T18:47:26","date_gmt":"2018-11-07T17:47:26","guid":{"rendered":"https:\/\/erbolinea.com\/?post_type=product&#038;p=1064"},"modified":"2026-03-20T19:28:26","modified_gmt":"2026-03-20T18:28:26","slug":"estratto-vin-di-vino","status":"publish","type":"product","link":"https:\/\/erbolinea.com\/fr\/produit\/estratto-vin-di-vino\/","title":{"rendered":"Extraits de parfum Prestige"},"content":{"rendered":"<p>Parfums naturels concentr\u00e9s en huile de fleurs, de fruits, d'\u00e9pices, de baies, d'\u00e9corces, de r\u00e9sines, de feuilles, d'herbes, de mousses, de racines et de notes gourmandes. Gr\u00e2ce \u00e0 leurs multiples usages, les extraits aromatiques sont capables de procurer des sensations olfactives agr\u00e9ables qui stimulent le sentiment de bien-\u00eatre. Une pi\u00e8ce au parfum frais et durable? Essayez notre extrait dans toutes ses diff\u00e9rentes fragrances : du vin \u00e0 la grenade, de la mandarine et de la vanille aux bois imp\u00e9riaux.<\/p>","protected":false},"excerpt":{"rendered":"<p>Fragrances naturelles concentr\u00e9es dans des huiles de fleurs, de fruits, d'\u00e9pices, de baies, d'\u00e9corces, de r\u00e9sines, de feuilles, d'herbes, de mousses, de racines et de notes gourmandes. Gr\u00e2ce \u00e0 leurs multiples utilisations, les extraits aromatiques sont capables de procurer d'agr\u00e9ables sensations olfactives qui stimulent le bien-\u00eatre. Une pi\u00e8ce au parfum frais et durable... Essayez notre extrait dans tous ses [...]","protected":false},"featured_media":5946,"template":"","meta":[],"product_brand":[],"product_cat":[],"product_tag":[],"class_list":{"0":"post-1064","1":"product","2":"type-product","3":"status-publish","4":"has-post-thumbnail","7":"first","8":"instock","9":"shipping-taxable","10":"purchasable","11":"product-type-variable","12":"has-default-attributes"},"yoast_head":"<!-- This site is optimized with the Yoast SEO Premium plugin v26.2 (Yoast SEO v26.4) - https:\/\/yoast.com\/wordpress\/plugins\/seo\/ -->\n<title>estratto vin di vino | Estratto di profumo per l&#039;ambiente | Erbolinea<\/title>\n<meta name=\"description\" content=\"Un&#039; ambiente con un profumo fresco e duraturo? prova il nostro estratto vin di vino per l&#039;ambiente, scopri ora tutte le varie fragranze.\" \/>\n<meta name=\"robots\" content=\"index, follow, max-snippet:-1, max-image-preview:large, max-video-preview:-1\" \/>\n<link rel=\"canonical\" href=\"https:\/\/erbolinea.com\/fr\/produit\/estratto-vin-di-vino\/\" \/>\n<meta property=\"og:locale\" content=\"fr_FR\" \/>\n<meta property=\"og:type\" content=\"article\" \/>\n<meta property=\"og:title\" content=\"Estratti di profumo Fragranze Prestige\" \/>\n<meta property=\"og:description\" content=\"Un&#039; ambiente con un profumo fresco e duraturo? prova il nostro estratto vin di vino per l&#039;ambiente, scopri ora tutte le varie fragranze.\" \/>\n<meta property=\"og:url\" content=\"https:\/\/erbolinea.com\/fr\/produit\/estratto-vin-di-vino\/\" \/>\n<meta property=\"og:site_name\" content=\"Erbolinea - Store Fragrances\" \/>\n<meta property=\"article:publisher\" content=\"https:\/\/www.facebook.com\/erbolinea\" \/>\n<meta property=\"article:modified_time\" content=\"2026-03-20T18:28:26+00:00\" \/>\n<meta property=\"og:image\" content=\"https:\/\/erbolinea.com\/wp-content\/uploads\/2019\/02\/vin-di-vino-10ml1.jpg\" \/>\n\t<meta property=\"og:image:width\" content=\"1800\" \/>\n\t<meta property=\"og:image:height\" content=\"1800\" \/>\n\t<meta property=\"og:image:type\" content=\"image\/jpeg\" \/>\n<meta name=\"twitter:card\" content=\"summary_large_image\" \/>\n<meta name=\"twitter:label1\" content=\"Disponibilit\u00e9\" \/>\n\t<meta name=\"twitter:data1\" content=\"En stock\" \/>\n<script type=\"application\/ld+json\" class=\"yoast-schema-graph\">{\"@context\":\"https:\/\/schema.org\",\"@graph\":[{\"@type\":\"WebPage\",\"@id\":\"https:\/\/erbolinea.com\/prodotto\/estratto-vin-di-vino\/\",\"url\":\"https:\/\/erbolinea.com\/prodotto\/estratto-vin-di-vino\/\",\"name\":\"estratto vin di vino | Estratto di profumo per l'ambiente | Erbolinea\",\"isPartOf\":{\"@id\":\"https:\/\/erbolinea.com\/#website\"},\"primaryImageOfPage\":{\"@id\":\"https:\/\/erbolinea.com\/prodotto\/estratto-vin-di-vino\/#primaryimage\"},\"image\":{\"@id\":\"https:\/\/erbolinea.com\/prodotto\/estratto-vin-di-vino\/#primaryimage\"},\"thumbnailUrl\":\"https:\/\/erbolinea.com\/wp-content\/uploads\/2019\/02\/vin-di-vino-10ml1.jpg\",\"datePublished\":\"2018-11-07T17:47:26+00:00\",\"dateModified\":\"2026-03-20T18:28:26+00:00\",\"description\":\"Un' ambiente con un profumo fresco e duraturo? prova il nostro estratto vin di vino per l'ambiente, scopri ora tutte le varie fragranze.\",\"breadcrumb\":{\"@id\":\"https:\/\/erbolinea.com\/prodotto\/estratto-vin-di-vino\/#breadcrumb\"},\"inLanguage\":\"fr-FR\",\"potentialAction\":[{\"@type\":\"ReadAction\",\"target\":[\"https:\/\/erbolinea.com\/prodotto\/estratto-vin-di-vino\/\"]}]},{\"@type\":\"ImageObject\",\"inLanguage\":\"fr-FR\",\"@id\":\"https:\/\/erbolinea.com\/prodotto\/estratto-vin-di-vino\/#primaryimage\",\"url\":\"https:\/\/erbolinea.com\/wp-content\/uploads\/2019\/02\/vin-di-vino-10ml1.jpg\",\"contentUrl\":\"https:\/\/erbolinea.com\/wp-content\/uploads\/2019\/02\/vin-di-vino-10ml1.jpg\",\"width\":1800,\"height\":1800},{\"@type\":\"BreadcrumbList\",\"@id\":\"https:\/\/erbolinea.com\/prodotto\/estratto-vin-di-vino\/#breadcrumb\",\"itemListElement\":[{\"@type\":\"ListItem\",\"position\":1,\"name\":\"Home\",\"item\":\"https:\/\/erbolinea.com\/\"},{\"@type\":\"ListItem\",\"position\":2,\"name\":\"Shop\",\"item\":\"https:\/\/erbolinea.com\/shop\/\"},{\"@type\":\"ListItem\",\"position\":3,\"name\":\"Estratti di profumo Fragranze Prestige\"}]},{\"@type\":\"WebSite\",\"@id\":\"https:\/\/erbolinea.com\/#website\",\"url\":\"https:\/\/erbolinea.com\/\",\"name\":\"Erbolinea - Store Fragrances\",\"description\":\"Vendita diffusori di ambiente\",\"publisher\":{\"@id\":\"https:\/\/erbolinea.com\/#organization\"},\"alternateName\":\"Erbolinea\",\"potentialAction\":[{\"@type\":\"SearchAction\",\"target\":{\"@type\":\"EntryPoint\",\"urlTemplate\":\"https:\/\/erbolinea.com\/?s={search_term_string}\"},\"query-input\":{\"@type\":\"PropertyValueSpecification\",\"valueRequired\":true,\"valueName\":\"search_term_string\"}}],\"inLanguage\":\"fr-FR\"},{\"@type\":\"Organization\",\"@id\":\"https:\/\/erbolinea.com\/#organization\",\"name\":\"Erbolinea\",\"url\":\"https:\/\/erbolinea.com\/\",\"logo\":{\"@type\":\"ImageObject\",\"inLanguage\":\"fr-FR\",\"@id\":\"https:\/\/erbolinea.com\/#\/schema\/logo\/image\/\",\"url\":\"https:\/\/erbolinea.com\/wp-content\/uploads\/2020\/04\/logo-400x83_new.png\",\"contentUrl\":\"https:\/\/erbolinea.com\/wp-content\/uploads\/2020\/04\/logo-400x83_new.png\",\"width\":400,\"height\":103,\"caption\":\"Erbolinea\"},\"image\":{\"@id\":\"https:\/\/erbolinea.com\/#\/schema\/logo\/image\/\"},\"sameAs\":[\"https:\/\/www.facebook.com\/erbolinea\",\"https:\/\/www.instagram.com\/erbolinea_fragranze_srl\/\",\"https:\/\/www.youtube.com\/channel\/UCREXSGcI2lrYs6eT9VapG3w\"]}]}<\/script>\n<meta property=\"product:brand\" content=\"Erbolinea\" \/>\n<meta property=\"og:availability\" content=\"instock\" \/>\n<meta property=\"product:availability\" content=\"instock\" \/>\n<meta property=\"product:retailer_item_id\" content=\"pro_goc\" \/>\n<meta property=\"product:condition\" content=\"new\" \/>\n<!-- \/ Yoast SEO Premium plugin. -->","yoast_head_json":{"title":"extrait de vin | Erbolinea extrait de parfum pour l'environnement | Erbolinea","description":"Essayez notre extrait de vin pour l'ambiance, d\u00e9couvrez maintenant toutes les diff\u00e9rentes fragrances.","robots":{"index":"index","follow":"follow","max-snippet":"max-snippet:-1","max-image-preview":"max-image-preview:large","max-video-preview":"max-video-preview:-1"},"canonical":"https:\/\/erbolinea.com\/fr\/produit\/estratto-vin-di-vino\/","og_locale":"fr_FR","og_type":"article","og_title":"Estratti di profumo Fragranze Prestige","og_description":"Un' ambiente con un profumo fresco e duraturo? prova il nostro estratto vin di vino per l'ambiente, scopri ora tutte le varie fragranze.","og_url":"https:\/\/erbolinea.com\/fr\/produit\/estratto-vin-di-vino\/","og_site_name":"Erbolinea - Store Fragrances","article_publisher":"https:\/\/www.facebook.com\/erbolinea","article_modified_time":"2026-03-20T18:28:26+00:00","og_image":[{"width":1800,"height":1800,"url":"https:\/\/erbolinea.com\/wp-content\/uploads\/2019\/02\/vin-di-vino-10ml1.jpg","type":"image\/jpeg"}],"twitter_card":"summary_large_image","twitter_misc":{"Disponibilit\u00e9":"En stock"},"schema":{"@context":"https:\/\/schema.org","@graph":[{"@type":"WebPage","@id":"https:\/\/erbolinea.com\/prodotto\/estratto-vin-di-vino\/","url":"https:\/\/erbolinea.com\/prodotto\/estratto-vin-di-vino\/","name":"extrait de vin | Erbolinea extrait de parfum pour l'environnement | Erbolinea","isPartOf":{"@id":"https:\/\/erbolinea.com\/#website"},"primaryImageOfPage":{"@id":"https:\/\/erbolinea.com\/prodotto\/estratto-vin-di-vino\/#primaryimage"},"image":{"@id":"https:\/\/erbolinea.com\/prodotto\/estratto-vin-di-vino\/#primaryimage"},"thumbnailUrl":"https:\/\/erbolinea.com\/wp-content\/uploads\/2019\/02\/vin-di-vino-10ml1.jpg","datePublished":"2018-11-07T17:47:26+00:00","dateModified":"2026-03-20T18:28:26+00:00","description":"Essayez notre extrait de vin pour l'ambiance, d\u00e9couvrez maintenant toutes les diff\u00e9rentes fragrances.","breadcrumb":{"@id":"https:\/\/erbolinea.com\/prodotto\/estratto-vin-di-vino\/#breadcrumb"},"inLanguage":"fr-FR","potentialAction":[{"@type":"ReadAction","target":["https:\/\/erbolinea.com\/prodotto\/estratto-vin-di-vino\/"]}]},{"@type":"ImageObject","inLanguage":"fr-FR","@id":"https:\/\/erbolinea.com\/prodotto\/estratto-vin-di-vino\/#primaryimage","url":"https:\/\/erbolinea.com\/wp-content\/uploads\/2019\/02\/vin-di-vino-10ml1.jpg","contentUrl":"https:\/\/erbolinea.com\/wp-content\/uploads\/2019\/02\/vin-di-vino-10ml1.jpg","width":1800,"height":1800},{"@type":"BreadcrumbList","@id":"https:\/\/erbolinea.com\/prodotto\/estratto-vin-di-vino\/#breadcrumb","itemListElement":[{"@type":"ListItem","position":1,"name":"Home","item":"https:\/\/erbolinea.com\/"},{"@type":"ListItem","position":2,"name":"Shop","item":"https:\/\/erbolinea.com\/shop\/"},{"@type":"ListItem","position":3,"name":"Estratti di profumo Fragranze Prestige"}]},{"@type":"WebSite","@id":"https:\/\/erbolinea.com\/#website","url":"https:\/\/erbolinea.com\/","name":"Erbolinea - Parfums de magasins","description":"Diffuseurs d'ambiance \u00e0 vendre","publisher":{"@id":"https:\/\/erbolinea.com\/#organization"},"alternateName":"Erbolinea","potentialAction":[{"@type":"SearchAction","target":{"@type":"EntryPoint","urlTemplate":"https:\/\/erbolinea.com\/?s={search_term_string}"},"query-input":{"@type":"PropertyValueSpecification","valueRequired":true,"valueName":"search_term_string"}}],"inLanguage":"fr-FR"},{"@type":"Organization","@id":"https:\/\/erbolinea.com\/#organization","name":"Erbolinea","url":"https:\/\/erbolinea.com\/","logo":{"@type":"ImageObject","inLanguage":"fr-FR","@id":"https:\/\/erbolinea.com\/#\/schema\/logo\/image\/","url":"https:\/\/erbolinea.com\/wp-content\/uploads\/2020\/04\/logo-400x83_new.png","contentUrl":"https:\/\/erbolinea.com\/wp-content\/uploads\/2020\/04\/logo-400x83_new.png","width":400,"height":103,"caption":"Erbolinea"},"image":{"@id":"https:\/\/erbolinea.com\/#\/schema\/logo\/image\/"},"sameAs":["https:\/\/www.facebook.com\/erbolinea","https:\/\/www.instagram.com\/erbolinea_fragranze_srl\/","https:\/\/www.youtube.com\/channel\/UCREXSGcI2lrYs6eT9VapG3w"]}]},"product_brand":"Erbolinea","og_availability":"instock","product_availability":"instock","product_retailer_item_id":"pro_goc","product_condition":"new"},"_links":{"self":[{"href":"https:\/\/erbolinea.com\/fr\/wp-json\/wp\/v2\/product\/1064","targetHints":{"allow":["GET"]}}],"collection":[{"href":"https:\/\/erbolinea.com\/fr\/wp-json\/wp\/v2\/product"}],"about":[{"href":"https:\/\/erbolinea.com\/fr\/wp-json\/wp\/v2\/types\/product"}],"wp:featuredmedia":[{"embeddable":true,"href":"https:\/\/erbolinea.com\/fr\/wp-json\/wp\/v2\/media\/5946"}],"wp:attachment":[{"href":"https:\/\/erbolinea.com\/fr\/wp-json\/wp\/v2\/media?parent=1064"}],"wp:term":[{"taxonomy":"product_brand","embeddable":true,"href":"https:\/\/erbolinea.com\/fr\/wp-json\/wp\/v2\/product_brand?post=1064"},{"taxonomy":"product_cat","embeddable":true,"href":"https:\/\/erbolinea.com\/fr\/wp-json\/wp\/v2\/product_cat?post=1064"},{"taxonomy":"product_tag","embeddable":true,"href":"https:\/\/erbolinea.com\/fr\/wp-json\/wp\/v2\/product_tag?post=1064"}],"curies":[{"name":"wp","href":"https:\/\/api.w.org\/{rel}","templated":true}]}}