{"id":6741,"date":"2020-03-30T09:46:19","date_gmt":"2020-03-30T07:46:19","guid":{"rendered":"https:\/\/erbolinea.com\/?page_id=6741"},"modified":"2024-11-22T09:20:45","modified_gmt":"2024-11-22T08:20:45","slug":"pagamenti","status":"publish","type":"page","link":"https:\/\/erbolinea.com\/en\/pagamenti\/","title":{"rendered":"Payments"},"content":{"rendered":"<h3>Payment Methods<\/h3>\n<p>Purchases made on www.erbolinea.com are secure and guaranteed and payment can be made in any of the following ways:<\/p>\n<p>- Payment by Bank Transfer in Advance<\/p>\n<p>- Payment by credit card<\/p>\n<p>- Payment by PayPal<\/p>\n<p>&nbsp;<\/p>\n<h4><strong>Payment by bank transfer in advance<\/strong><\/h4>\n<p>In the case of payment by bank transfer in advance, the order will only be processed after confirmation that the full amount has been credited. Payment shall be made within 3 days from the date of the order. For the order to be processed correctly and quickly, the Customer must state the order number, date, and Customer's first and last name in the reason for payment. Once this deadline has expired, the order will be automatically cancelled. The availability of the chosen product will be assessed at the time of payment. The bank transfer must be made out to :<\/p>\n<p>HERBOLINEA 1 Srl<br \/>\nIBAN IT36I0503478630000000013061<br \/>\nBank: Banco BPM<\/p>\n<p>&nbsp;<\/p>\n<h4><strong>Payment by Credit Card<\/strong><\/h4>\n<p>Orders can be paid for by credit card through Stripe's secure payment system. All credit card information is communicated by the customer directly to Stripe, without passing through the *Erbolinea* server, which in no way will be aware of the customer's credit card number. Stripe automatically encrypts all information regarding the payment transaction. Accepted Credit Cards are: Visa, MasterCard, Carta Aura, Visa Postepay, American Express and PostePay.<\/p>\n<h4><strong>Payment by PayPal<\/strong><\/h4>\n<p>By selecting the PayPal payment type, the User will be redirected to a page on the PayPal site and payment will be made according to the methods indicated therein. The information provided on the PayPal site will not be shared with ERBOLINEA 1 srl but will be handled directly by the same. If the order is cancelled or not accepted by ERBOLINEA 1 srl the amount will be refunded to the PayPal account. ERBOLIBEA 1 srl will not be in any way responsible for delays and\/or damages caused at this stage.<\/p>","protected":false},"excerpt":{"rendered":"<p>Payment methods Purchases made on www.erbolinea.com are safe and guaranteed and payment can be made in one of the following ways: - Payment by bank transfer in advance - Payment by credit card - Payment by PayPal Payment by bank transfer in advance In the case of payment by bank transfer in advance, the payment can be made in any of the following ways: - Payment by bank transfer in advance[...].","protected":false},"author":1,"featured_media":0,"parent":0,"menu_order":0,"comment_status":"closed","ping_status":"closed","template":"","meta":{"footnotes":""},"class_list":["post-6741","page","type-page","status-publish","hentry"],"yoast_head":"<!-- This site is optimized with the Yoast SEO Premium plugin v26.2 (Yoast SEO v26.4) - https:\/\/yoast.com\/wordpress\/plugins\/seo\/ -->\n<title>Pagamenti - Erbolinea - Store Fragrances<\/title>\n<meta name=\"robots\" content=\"index, follow, max-snippet:-1, max-image-preview:large, max-video-preview:-1\" \/>\n<link rel=\"canonical\" href=\"https:\/\/erbolinea.com\/en\/pagamenti\/\" \/>\n<meta property=\"og:locale\" content=\"en_GB\" \/>\n<meta property=\"og:type\" content=\"article\" \/>\n<meta property=\"og:title\" content=\"Pagamenti\" \/>\n<meta property=\"og:description\" content=\"Modalit\u00e0 di pagamento Gli acquisti fatti su www.erbolinea.com sono sicuri e garantiti e il pagamento pu\u00f2 avvenire a scelta con una delle seguenti modalit\u00e0: &#8211; Pagamento con Bonifico Bancario Anticipato &#8211; Pagamento con carta di credito &#8211; Pagamento con sistema PayPal &nbsp; Pagamento tramite bonifico bancario anticipato In caso di pagamento tramite bonifico bancario anticipato[...]\" \/>\n<meta property=\"og:url\" content=\"https:\/\/erbolinea.com\/en\/pagamenti\/\" \/>\n<meta property=\"og:site_name\" content=\"Erbolinea - Store Fragrances\" \/>\n<meta property=\"article:publisher\" content=\"https:\/\/www.facebook.com\/erbolinea\" \/>\n<meta property=\"article:modified_time\" content=\"2024-11-22T08:20:45+00:00\" \/>\n<meta property=\"og:image\" content=\"https:\/\/erbolinea.com\/wp-content\/uploads\/2020\/04\/logo-400x83_new.png\" \/>\n\t<meta property=\"og:image:width\" content=\"400\" \/>\n\t<meta property=\"og:image:height\" content=\"103\" \/>\n\t<meta property=\"og:image:type\" content=\"image\/png\" \/>\n<meta name=\"twitter:card\" content=\"summary_large_image\" \/>\n<meta name=\"twitter:label1\" content=\"Estimated reading time\" \/>\n\t<meta name=\"twitter:data1\" content=\"2 minutes\" \/>\n<script type=\"application\/ld+json\" class=\"yoast-schema-graph\">{\"@context\":\"https:\/\/schema.org\",\"@graph\":[{\"@type\":\"WebPage\",\"@id\":\"https:\/\/erbolinea.com\/pagamenti\/\",\"url\":\"https:\/\/erbolinea.com\/pagamenti\/\",\"name\":\"Pagamenti - Erbolinea - Store Fragrances\",\"isPartOf\":{\"@id\":\"https:\/\/erbolinea.com\/#website\"},\"datePublished\":\"2020-03-30T07:46:19+00:00\",\"dateModified\":\"2024-11-22T08:20:45+00:00\",\"breadcrumb\":{\"@id\":\"https:\/\/erbolinea.com\/pagamenti\/#breadcrumb\"},\"inLanguage\":\"en-GB\",\"potentialAction\":[{\"@type\":\"ReadAction\",\"target\":[\"https:\/\/erbolinea.com\/pagamenti\/\"]}]},{\"@type\":\"BreadcrumbList\",\"@id\":\"https:\/\/erbolinea.com\/pagamenti\/#breadcrumb\",\"itemListElement\":[{\"@type\":\"ListItem\",\"position\":1,\"name\":\"Home\",\"item\":\"https:\/\/erbolinea.com\/\"},{\"@type\":\"ListItem\",\"position\":2,\"name\":\"Pagamenti\"}]},{\"@type\":\"WebSite\",\"@id\":\"https:\/\/erbolinea.com\/#website\",\"url\":\"https:\/\/erbolinea.com\/\",\"name\":\"Erbolinea - Store Fragrances\",\"description\":\"Vendita diffusori di ambiente\",\"publisher\":{\"@id\":\"https:\/\/erbolinea.com\/#organization\"},\"alternateName\":\"Erbolinea\",\"potentialAction\":[{\"@type\":\"SearchAction\",\"target\":{\"@type\":\"EntryPoint\",\"urlTemplate\":\"https:\/\/erbolinea.com\/?s={search_term_string}\"},\"query-input\":{\"@type\":\"PropertyValueSpecification\",\"valueRequired\":true,\"valueName\":\"search_term_string\"}}],\"inLanguage\":\"en-GB\"},{\"@type\":\"Organization\",\"@id\":\"https:\/\/erbolinea.com\/#organization\",\"name\":\"Erbolinea\",\"url\":\"https:\/\/erbolinea.com\/\",\"logo\":{\"@type\":\"ImageObject\",\"inLanguage\":\"en-GB\",\"@id\":\"https:\/\/erbolinea.com\/#\/schema\/logo\/image\/\",\"url\":\"https:\/\/erbolinea.com\/wp-content\/uploads\/2020\/04\/logo-400x83_new.png\",\"contentUrl\":\"https:\/\/erbolinea.com\/wp-content\/uploads\/2020\/04\/logo-400x83_new.png\",\"width\":400,\"height\":103,\"caption\":\"Erbolinea\"},\"image\":{\"@id\":\"https:\/\/erbolinea.com\/#\/schema\/logo\/image\/\"},\"sameAs\":[\"https:\/\/www.facebook.com\/erbolinea\",\"https:\/\/www.instagram.com\/erbolinea_fragranze_srl\/\",\"https:\/\/www.youtube.com\/channel\/UCREXSGcI2lrYs6eT9VapG3w\"]}]}<\/script>\n<!-- \/ Yoast SEO Premium plugin. -->","yoast_head_json":{"title":"Payments - Erbolinea - Store Fragrances","robots":{"index":"index","follow":"follow","max-snippet":"max-snippet:-1","max-image-preview":"max-image-preview:large","max-video-preview":"max-video-preview:-1"},"canonical":"https:\/\/erbolinea.com\/en\/pagamenti\/","og_locale":"en_GB","og_type":"article","og_title":"Pagamenti","og_description":"Modalit\u00e0 di pagamento Gli acquisti fatti su www.erbolinea.com sono sicuri e garantiti e il pagamento pu\u00f2 avvenire a scelta con una delle seguenti modalit\u00e0: &#8211; Pagamento con Bonifico Bancario Anticipato &#8211; Pagamento con carta di credito &#8211; Pagamento con sistema PayPal &nbsp; Pagamento tramite bonifico bancario anticipato In caso di pagamento tramite bonifico bancario anticipato[...]","og_url":"https:\/\/erbolinea.com\/en\/pagamenti\/","og_site_name":"Erbolinea - Store Fragrances","article_publisher":"https:\/\/www.facebook.com\/erbolinea","article_modified_time":"2024-11-22T08:20:45+00:00","og_image":[{"width":400,"height":103,"url":"https:\/\/erbolinea.com\/wp-content\/uploads\/2020\/04\/logo-400x83_new.png","type":"image\/png"}],"twitter_card":"summary_large_image","twitter_misc":{"Estimated reading time":"2 minutes"},"schema":{"@context":"https:\/\/schema.org","@graph":[{"@type":"WebPage","@id":"https:\/\/erbolinea.com\/pagamenti\/","url":"https:\/\/erbolinea.com\/pagamenti\/","name":"Payments - Erbolinea - Store Fragrances","isPartOf":{"@id":"https:\/\/erbolinea.com\/#website"},"datePublished":"2020-03-30T07:46:19+00:00","dateModified":"2024-11-22T08:20:45+00:00","breadcrumb":{"@id":"https:\/\/erbolinea.com\/pagamenti\/#breadcrumb"},"inLanguage":"en-GB","potentialAction":[{"@type":"ReadAction","target":["https:\/\/erbolinea.com\/pagamenti\/"]}]},{"@type":"BreadcrumbList","@id":"https:\/\/erbolinea.com\/pagamenti\/#breadcrumb","itemListElement":[{"@type":"ListItem","position":1,"name":"Home","item":"https:\/\/erbolinea.com\/"},{"@type":"ListItem","position":2,"name":"Pagamenti"}]},{"@type":"WebSite","@id":"https:\/\/erbolinea.com\/#website","url":"https:\/\/erbolinea.com\/","name":"Erbolinea - Store Fragrances","description":"Room diffusers for sale","publisher":{"@id":"https:\/\/erbolinea.com\/#organization"},"alternateName":"Erbolinea","potentialAction":[{"@type":"SearchAction","target":{"@type":"EntryPoint","urlTemplate":"https:\/\/erbolinea.com\/?s={search_term_string}"},"query-input":{"@type":"PropertyValueSpecification","valueRequired":true,"valueName":"search_term_string"}}],"inLanguage":"en-GB"},{"@type":"Organization","@id":"https:\/\/erbolinea.com\/#organization","name":"Erbolinea","url":"https:\/\/erbolinea.com\/","logo":{"@type":"ImageObject","inLanguage":"en-GB","@id":"https:\/\/erbolinea.com\/#\/schema\/logo\/image\/","url":"https:\/\/erbolinea.com\/wp-content\/uploads\/2020\/04\/logo-400x83_new.png","contentUrl":"https:\/\/erbolinea.com\/wp-content\/uploads\/2020\/04\/logo-400x83_new.png","width":400,"height":103,"caption":"Erbolinea"},"image":{"@id":"https:\/\/erbolinea.com\/#\/schema\/logo\/image\/"},"sameAs":["https:\/\/www.facebook.com\/erbolinea","https:\/\/www.instagram.com\/erbolinea_fragranze_srl\/","https:\/\/www.youtube.com\/channel\/UCREXSGcI2lrYs6eT9VapG3w"]}]}},"_links":{"self":[{"href":"https:\/\/erbolinea.com\/en\/wp-json\/wp\/v2\/pages\/6741","targetHints":{"allow":["GET"]}}],"collection":[{"href":"https:\/\/erbolinea.com\/en\/wp-json\/wp\/v2\/pages"}],"about":[{"href":"https:\/\/erbolinea.com\/en\/wp-json\/wp\/v2\/types\/page"}],"author":[{"embeddable":true,"href":"https:\/\/erbolinea.com\/en\/wp-json\/wp\/v2\/users\/1"}],"replies":[{"embeddable":true,"href":"https:\/\/erbolinea.com\/en\/wp-json\/wp\/v2\/comments?post=6741"}],"version-history":[{"count":4,"href":"https:\/\/erbolinea.com\/en\/wp-json\/wp\/v2\/pages\/6741\/revisions"}],"predecessor-version":[{"id":24934,"href":"https:\/\/erbolinea.com\/en\/wp-json\/wp\/v2\/pages\/6741\/revisions\/24934"}],"wp:attachment":[{"href":"https:\/\/erbolinea.com\/en\/wp-json\/wp\/v2\/media?parent=6741"}],"curies":[{"name":"wp","href":"https:\/\/api.w.org\/{rel}","templated":true}]}}