{"id":971,"date":"2018-11-07T18:06:03","date_gmt":"2018-11-07T17:06:03","guid":{"rendered":"https:\/\/erbolinea.com\/?post_type=product&#038;p=971"},"modified":"2026-04-10T12:07:59","modified_gmt":"2026-04-10T10:07:59","slug":"profumatore-per-auto","status":"publish","type":"product","link":"https:\/\/erbolinea.com\/de\/produkt\/profumatore-per-auto\/","title":{"rendered":"Auto-Diffusoren - Prestige Fragrances"},"content":{"rendered":"<p>Damit die Blumen, Gew\u00fcrze und Fr\u00fcchte Sie auf Ihren Reisen begleiten und die W\u00e4rme Ihrer Umgebung finden. <a href=\"https:\/\/erbolinea.com\/de\/\">Erbolinea<\/a> hat mehrere L\u00f6sungen f\u00fcr Sie entwickelt, die Ihr Auto erfrischen und parf\u00fcmieren und Ihnen helfen <a href=\"https:\/\/www.facebook.com\/erbolinea\">behandeln<\/a> selbst an den anstrengendsten Tagen, vergessen Sie Smog und schlechte Ger\u00fcche. Kaufen Sie unseren Autoerfrischer jetzt.<\/p>","protected":false},"excerpt":{"rendered":"<p>Damit die Blumen, Gew\u00fcrze und Fr\u00fcchte Sie auf Ihrer Reise begleiten, w\u00e4hrend Sie die W\u00e4rme Ihrer Umgebung wiederentdecken. Erbolinea hat mehrere L\u00f6sungen f\u00fcr Sie entwickelt: Die Erfrischung und Parf\u00fcmierung Ihres Autos wird Ihnen helfen, auch die anstrengendsten Tage zu \u00fcberstehen und Smog und schlechte Ger\u00fcche zu vergessen. Kaufen Sie jetzt unseren Autoerfrischer.<\/p>","protected":false},"featured_media":23081,"template":"","meta":[],"product_brand":[],"product_cat":[],"product_tag":[],"class_list":{"0":"post-971","1":"product","2":"type-product","3":"status-publish","4":"has-post-thumbnail","7":"first","8":"instock","9":"shipping-taxable","10":"purchasable","11":"product-type-variable","12":"has-default-attributes"},"yoast_head":"<!-- This site is optimized with the Yoast SEO Premium plugin v26.2 (Yoast SEO v26.4) - https:\/\/yoast.com\/wordpress\/plugins\/seo\/ -->\n<title>profumatore per auto | Erbolinea fragranze per ambiente<\/title>\n<meta name=\"description\" content=\"Profuma la tua auto con il profumatori per ambienti di erbolinea. Scopri il nostro profumatore per auto sul nostro store erbolinea.\" \/>\n<meta name=\"robots\" content=\"index, follow, max-snippet:-1, max-image-preview:large, max-video-preview:-1\" \/>\n<link rel=\"canonical\" href=\"https:\/\/erbolinea.com\/de\/produkt\/profumatore-per-auto\/\" \/>\n<meta property=\"og:locale\" content=\"de_DE\" \/>\n<meta property=\"og:type\" content=\"article\" \/>\n<meta property=\"og:title\" content=\"Profumatori per auto - Fragranze Prestige\" \/>\n<meta property=\"og:description\" content=\"Profuma la tua auto con il profumatori per ambienti di erbolinea. Scopri il nostro profumatore per auto sul nostro store erbolinea.\" \/>\n<meta property=\"og:url\" content=\"https:\/\/erbolinea.com\/de\/produkt\/profumatore-per-auto\/\" \/>\n<meta property=\"og:site_name\" content=\"Erbolinea - Store Fragrances\" \/>\n<meta property=\"article:publisher\" content=\"https:\/\/www.facebook.com\/erbolinea\" \/>\n<meta property=\"article:modified_time\" content=\"2026-04-10T10:07:59+00:00\" \/>\n<meta property=\"og:image\" content=\"https:\/\/erbolinea.com\/wp-content\/uploads\/2018\/11\/vin-divino-cop.jpg\" \/>\n\t<meta property=\"og:image:width\" content=\"1900\" \/>\n\t<meta property=\"og:image:height\" content=\"1425\" \/>\n\t<meta property=\"og:image:type\" content=\"image\/jpeg\" \/>\n<meta name=\"twitter:card\" content=\"summary_large_image\" \/>\n<meta name=\"twitter:label1\" content=\"Verf\u00fcgbarkeit\" \/>\n\t<meta name=\"twitter:data1\" content=\"Auf Lager\" \/>\n<script type=\"application\/ld+json\" class=\"yoast-schema-graph\">{\"@context\":\"https:\/\/schema.org\",\"@graph\":[{\"@type\":\"WebPage\",\"@id\":\"https:\/\/erbolinea.com\/prodotto\/profumatore-per-auto\/\",\"url\":\"https:\/\/erbolinea.com\/prodotto\/profumatore-per-auto\/\",\"name\":\"profumatore per auto | Erbolinea fragranze per ambiente\",\"isPartOf\":{\"@id\":\"https:\/\/erbolinea.com\/#website\"},\"primaryImageOfPage\":{\"@id\":\"https:\/\/erbolinea.com\/prodotto\/profumatore-per-auto\/#primaryimage\"},\"image\":{\"@id\":\"https:\/\/erbolinea.com\/prodotto\/profumatore-per-auto\/#primaryimage\"},\"thumbnailUrl\":\"https:\/\/erbolinea.com\/wp-content\/uploads\/2018\/11\/vin-divino-cop.jpg\",\"datePublished\":\"2018-11-07T17:06:03+00:00\",\"dateModified\":\"2026-04-10T10:07:59+00:00\",\"description\":\"Profuma la tua auto con il profumatori per ambienti di erbolinea. Scopri il nostro profumatore per auto sul nostro store erbolinea.\",\"breadcrumb\":{\"@id\":\"https:\/\/erbolinea.com\/prodotto\/profumatore-per-auto\/#breadcrumb\"},\"inLanguage\":\"de\",\"potentialAction\":[{\"@type\":\"ReadAction\",\"target\":[\"https:\/\/erbolinea.com\/prodotto\/profumatore-per-auto\/\"]}]},{\"@type\":\"ImageObject\",\"inLanguage\":\"de\",\"@id\":\"https:\/\/erbolinea.com\/prodotto\/profumatore-per-auto\/#primaryimage\",\"url\":\"https:\/\/erbolinea.com\/wp-content\/uploads\/2018\/11\/vin-divino-cop.jpg\",\"contentUrl\":\"https:\/\/erbolinea.com\/wp-content\/uploads\/2018\/11\/vin-divino-cop.jpg\",\"width\":1900,\"height\":1425},{\"@type\":\"BreadcrumbList\",\"@id\":\"https:\/\/erbolinea.com\/prodotto\/profumatore-per-auto\/#breadcrumb\",\"itemListElement\":[{\"@type\":\"ListItem\",\"position\":1,\"name\":\"Home\",\"item\":\"https:\/\/erbolinea.com\/\"},{\"@type\":\"ListItem\",\"position\":2,\"name\":\"Shop\",\"item\":\"https:\/\/erbolinea.com\/shop\/\"},{\"@type\":\"ListItem\",\"position\":3,\"name\":\"Profumatori per auto &#8211; Fragranze Prestige\"}]},{\"@type\":\"WebSite\",\"@id\":\"https:\/\/erbolinea.com\/#website\",\"url\":\"https:\/\/erbolinea.com\/\",\"name\":\"Erbolinea - Store Fragrances\",\"description\":\"Vendita diffusori di ambiente\",\"publisher\":{\"@id\":\"https:\/\/erbolinea.com\/#organization\"},\"alternateName\":\"Erbolinea\",\"potentialAction\":[{\"@type\":\"SearchAction\",\"target\":{\"@type\":\"EntryPoint\",\"urlTemplate\":\"https:\/\/erbolinea.com\/?s={search_term_string}\"},\"query-input\":{\"@type\":\"PropertyValueSpecification\",\"valueRequired\":true,\"valueName\":\"search_term_string\"}}],\"inLanguage\":\"de\"},{\"@type\":\"Organization\",\"@id\":\"https:\/\/erbolinea.com\/#organization\",\"name\":\"Erbolinea\",\"url\":\"https:\/\/erbolinea.com\/\",\"logo\":{\"@type\":\"ImageObject\",\"inLanguage\":\"de\",\"@id\":\"https:\/\/erbolinea.com\/#\/schema\/logo\/image\/\",\"url\":\"https:\/\/erbolinea.com\/wp-content\/uploads\/2020\/04\/logo-400x83_new.png\",\"contentUrl\":\"https:\/\/erbolinea.com\/wp-content\/uploads\/2020\/04\/logo-400x83_new.png\",\"width\":400,\"height\":103,\"caption\":\"Erbolinea\"},\"image\":{\"@id\":\"https:\/\/erbolinea.com\/#\/schema\/logo\/image\/\"},\"sameAs\":[\"https:\/\/www.facebook.com\/erbolinea\",\"https:\/\/www.instagram.com\/erbolinea_fragranze_srl\/\",\"https:\/\/www.youtube.com\/channel\/UCREXSGcI2lrYs6eT9VapG3w\"]}]}<\/script>\n<meta property=\"product:brand\" content=\"Erbolinea\" \/>\n<meta property=\"og:availability\" content=\"instock\" \/>\n<meta property=\"product:availability\" content=\"instock\" \/>\n<meta property=\"product:retailer_item_id\" content=\"pro_aut_fra_pre\" \/>\n<meta property=\"product:condition\" content=\"new\" \/>\n<!-- \/ Yoast SEO Premium plugin. -->","yoast_head_json":{"title":"Auto-Parf\u00fcmeur | Erbolinea Raumd\u00fcfte","description":"Parf\u00fcmieren Sie Ihr Auto mit den Raumd\u00fcften von erbolinea. Entdecken Sie unsere Autoparf\u00fcmerie im erbolinea Shop.","robots":{"index":"index","follow":"follow","max-snippet":"max-snippet:-1","max-image-preview":"max-image-preview:large","max-video-preview":"max-video-preview:-1"},"canonical":"https:\/\/erbolinea.com\/de\/produkt\/profumatore-per-auto\/","og_locale":"de_DE","og_type":"article","og_title":"Profumatori per auto - Fragranze Prestige","og_description":"Profuma la tua auto con il profumatori per ambienti di erbolinea. Scopri il nostro profumatore per auto sul nostro store erbolinea.","og_url":"https:\/\/erbolinea.com\/de\/produkt\/profumatore-per-auto\/","og_site_name":"Erbolinea - Store Fragrances","article_publisher":"https:\/\/www.facebook.com\/erbolinea","article_modified_time":"2026-04-10T10:07:59+00:00","og_image":[{"width":1900,"height":1425,"url":"https:\/\/erbolinea.com\/wp-content\/uploads\/2018\/11\/vin-divino-cop.jpg","type":"image\/jpeg"}],"twitter_card":"summary_large_image","twitter_misc":{"Verf\u00fcgbarkeit":"Auf Lager"},"schema":{"@context":"https:\/\/schema.org","@graph":[{"@type":"WebPage","@id":"https:\/\/erbolinea.com\/prodotto\/profumatore-per-auto\/","url":"https:\/\/erbolinea.com\/prodotto\/profumatore-per-auto\/","name":"Auto-Parf\u00fcmeur | Erbolinea Raumd\u00fcfte","isPartOf":{"@id":"https:\/\/erbolinea.com\/#website"},"primaryImageOfPage":{"@id":"https:\/\/erbolinea.com\/prodotto\/profumatore-per-auto\/#primaryimage"},"image":{"@id":"https:\/\/erbolinea.com\/prodotto\/profumatore-per-auto\/#primaryimage"},"thumbnailUrl":"https:\/\/erbolinea.com\/wp-content\/uploads\/2018\/11\/vin-divino-cop.jpg","datePublished":"2018-11-07T17:06:03+00:00","dateModified":"2026-04-10T10:07:59+00:00","description":"Parf\u00fcmieren Sie Ihr Auto mit den Raumd\u00fcften von erbolinea. Entdecken Sie unsere Autoparf\u00fcmerie im erbolinea Shop.","breadcrumb":{"@id":"https:\/\/erbolinea.com\/prodotto\/profumatore-per-auto\/#breadcrumb"},"inLanguage":"de","potentialAction":[{"@type":"ReadAction","target":["https:\/\/erbolinea.com\/prodotto\/profumatore-per-auto\/"]}]},{"@type":"ImageObject","inLanguage":"de","@id":"https:\/\/erbolinea.com\/prodotto\/profumatore-per-auto\/#primaryimage","url":"https:\/\/erbolinea.com\/wp-content\/uploads\/2018\/11\/vin-divino-cop.jpg","contentUrl":"https:\/\/erbolinea.com\/wp-content\/uploads\/2018\/11\/vin-divino-cop.jpg","width":1900,"height":1425},{"@type":"BreadcrumbList","@id":"https:\/\/erbolinea.com\/prodotto\/profumatore-per-auto\/#breadcrumb","itemListElement":[{"@type":"ListItem","position":1,"name":"Home","item":"https:\/\/erbolinea.com\/"},{"@type":"ListItem","position":2,"name":"Shop","item":"https:\/\/erbolinea.com\/shop\/"},{"@type":"ListItem","position":3,"name":"Profumatori per auto &#8211; Fragranze Prestige"}]},{"@type":"WebSite","@id":"https:\/\/erbolinea.com\/#website","url":"https:\/\/erbolinea.com\/","name":"Erbolinea - D\u00fcfte speichern","description":"Raumdiffusoren zu verkaufen","publisher":{"@id":"https:\/\/erbolinea.com\/#organization"},"alternateName":"Erbolinea","potentialAction":[{"@type":"SearchAction","target":{"@type":"EntryPoint","urlTemplate":"https:\/\/erbolinea.com\/?s={search_term_string}"},"query-input":{"@type":"PropertyValueSpecification","valueRequired":true,"valueName":"search_term_string"}}],"inLanguage":"de"},{"@type":"Organization","@id":"https:\/\/erbolinea.com\/#organization","name":"Erbolinea","url":"https:\/\/erbolinea.com\/","logo":{"@type":"ImageObject","inLanguage":"de","@id":"https:\/\/erbolinea.com\/#\/schema\/logo\/image\/","url":"https:\/\/erbolinea.com\/wp-content\/uploads\/2020\/04\/logo-400x83_new.png","contentUrl":"https:\/\/erbolinea.com\/wp-content\/uploads\/2020\/04\/logo-400x83_new.png","width":400,"height":103,"caption":"Erbolinea"},"image":{"@id":"https:\/\/erbolinea.com\/#\/schema\/logo\/image\/"},"sameAs":["https:\/\/www.facebook.com\/erbolinea","https:\/\/www.instagram.com\/erbolinea_fragranze_srl\/","https:\/\/www.youtube.com\/channel\/UCREXSGcI2lrYs6eT9VapG3w"]}]},"product_brand":"Erbolinea","og_availability":"instock","product_availability":"instock","product_retailer_item_id":"pro_aut_fra_pre","product_condition":"new"},"_links":{"self":[{"href":"https:\/\/erbolinea.com\/de\/wp-json\/wp\/v2\/product\/971","targetHints":{"allow":["GET"]}}],"collection":[{"href":"https:\/\/erbolinea.com\/de\/wp-json\/wp\/v2\/product"}],"about":[{"href":"https:\/\/erbolinea.com\/de\/wp-json\/wp\/v2\/types\/product"}],"wp:featuredmedia":[{"embeddable":true,"href":"https:\/\/erbolinea.com\/de\/wp-json\/wp\/v2\/media\/23081"}],"wp:attachment":[{"href":"https:\/\/erbolinea.com\/de\/wp-json\/wp\/v2\/media?parent=971"}],"wp:term":[{"taxonomy":"product_brand","embeddable":true,"href":"https:\/\/erbolinea.com\/de\/wp-json\/wp\/v2\/product_brand?post=971"},{"taxonomy":"product_cat","embeddable":true,"href":"https:\/\/erbolinea.com\/de\/wp-json\/wp\/v2\/product_cat?post=971"},{"taxonomy":"product_tag","embeddable":true,"href":"https:\/\/erbolinea.com\/de\/wp-json\/wp\/v2\/product_tag?post=971"}],"curies":[{"name":"wp","href":"https:\/\/api.w.org\/{rel}","templated":true}]}}