{"id":9251,"date":"2020-09-15T06:00:55","date_gmt":"2020-09-15T04:00:55","guid":{"rendered":"https:\/\/erbolinea.com\/?post_type=product&#038;p=9251"},"modified":"2023-04-05T11:05:56","modified_gmt":"2023-04-05T09:05:56","slug":"confezioni-regalo-gift-pack-2","status":"publish","type":"product","link":"https:\/\/erbolinea.com\/de\/produkt\/confezioni-regalo-gift-pack-2\/","title":{"rendered":"Geschenkpaket 2"},"content":{"rendered":"<p>Bestehend aus 1 St. 50 ml Raumduftst\u00e4bchen und 1 St. 100 ml Intense Spray Raumduftst\u00e4bchen (beide mit dem gleichen Duft), erh\u00e4ltlich in den 12 D\u00fcften der Linie Prestige.<\/p>\n<h6><\/h6>","protected":false},"excerpt":{"rendered":"<p>Bestehend aus 1 St. 50 ml Raumduftst\u00e4bchen und 1 St. 100 ml Intense Spray Raumduftst\u00e4bchen (beide mit dem gleichen Duft), erh\u00e4ltlich in den 12 D\u00fcften der Linie Prestige.<\/p>","protected":false},"featured_media":9405,"template":"","meta":[],"product_brand":[],"product_cat":[],"product_tag":[],"class_list":{"0":"post-9251","1":"product","2":"type-product","3":"status-publish","4":"has-post-thumbnail","7":"first","8":"instock","9":"shipping-taxable","10":"purchasable","11":"product-type-variable"},"yoast_head":"<!-- This site is optimized with the Yoast SEO Premium plugin v26.2 (Yoast SEO v26.4) - https:\/\/yoast.com\/wordpress\/plugins\/seo\/ -->\n<title>Gift pack con profumo per Ambiente con bastoncini | Erbolinea Store<\/title>\n<meta name=\"description\" content=\"il gift pack con profumo per Ambiente con bastoncini \u00e8 un regalo unico per la tua casa. Scopri tutti i gift pack su Erbolinea.it.\" \/>\n<meta name=\"robots\" content=\"index, follow, max-snippet:-1, max-image-preview:large, max-video-preview:-1\" \/>\n<link rel=\"canonical\" href=\"https:\/\/erbolinea.com\/de\/produkt\/confezioni-regalo-gift-pack-2\/\" \/>\n<meta property=\"og:locale\" content=\"de_DE\" \/>\n<meta property=\"og:type\" content=\"article\" \/>\n<meta property=\"og:title\" content=\"Confezioni regalo - Gift pack 2\" \/>\n<meta property=\"og:description\" content=\"il gift pack con profumo per Ambiente con bastoncini \u00e8 un regalo unico per la tua casa. Scopri tutti i gift pack su Erbolinea.it.\" \/>\n<meta property=\"og:url\" content=\"https:\/\/erbolinea.com\/de\/produkt\/confezioni-regalo-gift-pack-2\/\" \/>\n<meta property=\"og:site_name\" content=\"Erbolinea - Store Fragrances\" \/>\n<meta property=\"article:publisher\" content=\"https:\/\/www.facebook.com\/erbolinea\" \/>\n<meta property=\"article:modified_time\" content=\"2023-04-05T09:05:56+00:00\" \/>\n<meta property=\"og:image\" content=\"https:\/\/erbolinea.com\/wp-content\/uploads\/2020\/09\/Giftpack2_aperta-ombra.jpg\" \/>\n\t<meta property=\"og:image:width\" content=\"1900\" \/>\n\t<meta property=\"og:image:height\" content=\"1425\" \/>\n\t<meta property=\"og:image:type\" content=\"image\/jpeg\" \/>\n<meta name=\"twitter:card\" content=\"summary_large_image\" \/>\n<meta name=\"twitter:label1\" content=\"Verf\u00fcgbarkeit\" \/>\n\t<meta name=\"twitter:data1\" content=\"Auf Lager\" \/>\n<script type=\"application\/ld+json\" class=\"yoast-schema-graph\">{\"@context\":\"https:\/\/schema.org\",\"@graph\":[{\"@type\":\"WebPage\",\"@id\":\"https:\/\/erbolinea.com\/prodotto\/confezioni-regalo-gift-pack-2\/\",\"url\":\"https:\/\/erbolinea.com\/prodotto\/confezioni-regalo-gift-pack-2\/\",\"name\":\"Gift pack con profumo per Ambiente con bastoncini | Erbolinea Store\",\"isPartOf\":{\"@id\":\"https:\/\/erbolinea.com\/#website\"},\"primaryImageOfPage\":{\"@id\":\"https:\/\/erbolinea.com\/prodotto\/confezioni-regalo-gift-pack-2\/#primaryimage\"},\"image\":{\"@id\":\"https:\/\/erbolinea.com\/prodotto\/confezioni-regalo-gift-pack-2\/#primaryimage\"},\"thumbnailUrl\":\"https:\/\/erbolinea.com\/wp-content\/uploads\/2020\/09\/Giftpack2_aperta-ombra.jpg\",\"datePublished\":\"2020-09-15T04:00:55+00:00\",\"dateModified\":\"2023-04-05T09:05:56+00:00\",\"description\":\"il gift pack con profumo per Ambiente con bastoncini \u00e8 un regalo unico per la tua casa. Scopri tutti i gift pack su Erbolinea.it.\",\"breadcrumb\":{\"@id\":\"https:\/\/erbolinea.com\/prodotto\/confezioni-regalo-gift-pack-2\/#breadcrumb\"},\"inLanguage\":\"de\",\"potentialAction\":[{\"@type\":\"ReadAction\",\"target\":[\"https:\/\/erbolinea.com\/prodotto\/confezioni-regalo-gift-pack-2\/\"]}]},{\"@type\":\"ImageObject\",\"inLanguage\":\"de\",\"@id\":\"https:\/\/erbolinea.com\/prodotto\/confezioni-regalo-gift-pack-2\/#primaryimage\",\"url\":\"https:\/\/erbolinea.com\/wp-content\/uploads\/2020\/09\/Giftpack2_aperta-ombra.jpg\",\"contentUrl\":\"https:\/\/erbolinea.com\/wp-content\/uploads\/2020\/09\/Giftpack2_aperta-ombra.jpg\",\"width\":1900,\"height\":1425,\"caption\":\"Gift pack con profumo per Ambiente con bastoncini\"},{\"@type\":\"BreadcrumbList\",\"@id\":\"https:\/\/erbolinea.com\/prodotto\/confezioni-regalo-gift-pack-2\/#breadcrumb\",\"itemListElement\":[{\"@type\":\"ListItem\",\"position\":1,\"name\":\"Home\",\"item\":\"https:\/\/erbolinea.com\/\"},{\"@type\":\"ListItem\",\"position\":2,\"name\":\"Shop\",\"item\":\"https:\/\/erbolinea.com\/shop\/\"},{\"@type\":\"ListItem\",\"position\":3,\"name\":\"Confezioni regalo &#8211; Gift pack 2\"}]},{\"@type\":\"WebSite\",\"@id\":\"https:\/\/erbolinea.com\/#website\",\"url\":\"https:\/\/erbolinea.com\/\",\"name\":\"Erbolinea - Store Fragrances\",\"description\":\"Vendita diffusori di ambiente\",\"publisher\":{\"@id\":\"https:\/\/erbolinea.com\/#organization\"},\"alternateName\":\"Erbolinea\",\"potentialAction\":[{\"@type\":\"SearchAction\",\"target\":{\"@type\":\"EntryPoint\",\"urlTemplate\":\"https:\/\/erbolinea.com\/?s={search_term_string}\"},\"query-input\":{\"@type\":\"PropertyValueSpecification\",\"valueRequired\":true,\"valueName\":\"search_term_string\"}}],\"inLanguage\":\"de\"},{\"@type\":\"Organization\",\"@id\":\"https:\/\/erbolinea.com\/#organization\",\"name\":\"Erbolinea\",\"url\":\"https:\/\/erbolinea.com\/\",\"logo\":{\"@type\":\"ImageObject\",\"inLanguage\":\"de\",\"@id\":\"https:\/\/erbolinea.com\/#\/schema\/logo\/image\/\",\"url\":\"https:\/\/erbolinea.com\/wp-content\/uploads\/2020\/04\/logo-400x83_new.png\",\"contentUrl\":\"https:\/\/erbolinea.com\/wp-content\/uploads\/2020\/04\/logo-400x83_new.png\",\"width\":400,\"height\":103,\"caption\":\"Erbolinea\"},\"image\":{\"@id\":\"https:\/\/erbolinea.com\/#\/schema\/logo\/image\/\"},\"sameAs\":[\"https:\/\/www.facebook.com\/erbolinea\",\"https:\/\/www.instagram.com\/erbolinea_fragranze_srl\/\",\"https:\/\/www.youtube.com\/channel\/UCREXSGcI2lrYs6eT9VapG3w\"]}]}<\/script>\n<meta property=\"product:brand\" content=\"Erbolinea\" \/>\n<meta property=\"og:availability\" content=\"instock\" \/>\n<meta property=\"product:availability\" content=\"instock\" \/>\n<meta property=\"product:retailer_item_id\" content=\"gif_pac2\" \/>\n<meta property=\"product:condition\" content=\"new\" \/>\n<!-- \/ Yoast SEO Premium plugin. -->","yoast_head_json":{"title":"Geschenkpaket mit Raumduft mit St\u00e4bchen | Erbolinea Store","description":"Das Geschenkpaket mit Raumduft mit St\u00e4bchen ist ein einzigartiges Geschenk f\u00fcr Ihr Zuhause. Entdecken Sie alle Geschenkpackungen auf Erbolinea.de.","robots":{"index":"index","follow":"follow","max-snippet":"max-snippet:-1","max-image-preview":"max-image-preview:large","max-video-preview":"max-video-preview:-1"},"canonical":"https:\/\/erbolinea.com\/de\/produkt\/confezioni-regalo-gift-pack-2\/","og_locale":"de_DE","og_type":"article","og_title":"Confezioni regalo - Gift pack 2","og_description":"il gift pack con profumo per Ambiente con bastoncini \u00e8 un regalo unico per la tua casa. Scopri tutti i gift pack su Erbolinea.it.","og_url":"https:\/\/erbolinea.com\/de\/produkt\/confezioni-regalo-gift-pack-2\/","og_site_name":"Erbolinea - Store Fragrances","article_publisher":"https:\/\/www.facebook.com\/erbolinea","article_modified_time":"2023-04-05T09:05:56+00:00","og_image":[{"width":1900,"height":1425,"url":"https:\/\/erbolinea.com\/wp-content\/uploads\/2020\/09\/Giftpack2_aperta-ombra.jpg","type":"image\/jpeg"}],"twitter_card":"summary_large_image","twitter_misc":{"Verf\u00fcgbarkeit":"Auf Lager"},"schema":{"@context":"https:\/\/schema.org","@graph":[{"@type":"WebPage","@id":"https:\/\/erbolinea.com\/prodotto\/confezioni-regalo-gift-pack-2\/","url":"https:\/\/erbolinea.com\/prodotto\/confezioni-regalo-gift-pack-2\/","name":"Geschenkpaket mit Raumduft mit St\u00e4bchen | Erbolinea Store","isPartOf":{"@id":"https:\/\/erbolinea.com\/#website"},"primaryImageOfPage":{"@id":"https:\/\/erbolinea.com\/prodotto\/confezioni-regalo-gift-pack-2\/#primaryimage"},"image":{"@id":"https:\/\/erbolinea.com\/prodotto\/confezioni-regalo-gift-pack-2\/#primaryimage"},"thumbnailUrl":"https:\/\/erbolinea.com\/wp-content\/uploads\/2020\/09\/Giftpack2_aperta-ombra.jpg","datePublished":"2020-09-15T04:00:55+00:00","dateModified":"2023-04-05T09:05:56+00:00","description":"Das Geschenkpaket mit Raumduft mit St\u00e4bchen ist ein einzigartiges Geschenk f\u00fcr Ihr Zuhause. Entdecken Sie alle Geschenkpackungen auf Erbolinea.de.","breadcrumb":{"@id":"https:\/\/erbolinea.com\/prodotto\/confezioni-regalo-gift-pack-2\/#breadcrumb"},"inLanguage":"de","potentialAction":[{"@type":"ReadAction","target":["https:\/\/erbolinea.com\/prodotto\/confezioni-regalo-gift-pack-2\/"]}]},{"@type":"ImageObject","inLanguage":"de","@id":"https:\/\/erbolinea.com\/prodotto\/confezioni-regalo-gift-pack-2\/#primaryimage","url":"https:\/\/erbolinea.com\/wp-content\/uploads\/2020\/09\/Giftpack2_aperta-ombra.jpg","contentUrl":"https:\/\/erbolinea.com\/wp-content\/uploads\/2020\/09\/Giftpack2_aperta-ombra.jpg","width":1900,"height":1425,"caption":"Gift pack con profumo per Ambiente con bastoncini"},{"@type":"BreadcrumbList","@id":"https:\/\/erbolinea.com\/prodotto\/confezioni-regalo-gift-pack-2\/#breadcrumb","itemListElement":[{"@type":"ListItem","position":1,"name":"Home","item":"https:\/\/erbolinea.com\/"},{"@type":"ListItem","position":2,"name":"Shop","item":"https:\/\/erbolinea.com\/shop\/"},{"@type":"ListItem","position":3,"name":"Confezioni regalo &#8211; Gift pack 2"}]},{"@type":"WebSite","@id":"https:\/\/erbolinea.com\/#website","url":"https:\/\/erbolinea.com\/","name":"Erbolinea - D\u00fcfte speichern","description":"Raumdiffusoren zu verkaufen","publisher":{"@id":"https:\/\/erbolinea.com\/#organization"},"alternateName":"Erbolinea","potentialAction":[{"@type":"SearchAction","target":{"@type":"EntryPoint","urlTemplate":"https:\/\/erbolinea.com\/?s={search_term_string}"},"query-input":{"@type":"PropertyValueSpecification","valueRequired":true,"valueName":"search_term_string"}}],"inLanguage":"de"},{"@type":"Organization","@id":"https:\/\/erbolinea.com\/#organization","name":"Erbolinea","url":"https:\/\/erbolinea.com\/","logo":{"@type":"ImageObject","inLanguage":"de","@id":"https:\/\/erbolinea.com\/#\/schema\/logo\/image\/","url":"https:\/\/erbolinea.com\/wp-content\/uploads\/2020\/04\/logo-400x83_new.png","contentUrl":"https:\/\/erbolinea.com\/wp-content\/uploads\/2020\/04\/logo-400x83_new.png","width":400,"height":103,"caption":"Erbolinea"},"image":{"@id":"https:\/\/erbolinea.com\/#\/schema\/logo\/image\/"},"sameAs":["https:\/\/www.facebook.com\/erbolinea","https:\/\/www.instagram.com\/erbolinea_fragranze_srl\/","https:\/\/www.youtube.com\/channel\/UCREXSGcI2lrYs6eT9VapG3w"]}]},"product_brand":"Erbolinea","og_availability":"instock","product_availability":"instock","product_retailer_item_id":"gif_pac2","product_condition":"new"},"_links":{"self":[{"href":"https:\/\/erbolinea.com\/de\/wp-json\/wp\/v2\/product\/9251","targetHints":{"allow":["GET"]}}],"collection":[{"href":"https:\/\/erbolinea.com\/de\/wp-json\/wp\/v2\/product"}],"about":[{"href":"https:\/\/erbolinea.com\/de\/wp-json\/wp\/v2\/types\/product"}],"wp:featuredmedia":[{"embeddable":true,"href":"https:\/\/erbolinea.com\/de\/wp-json\/wp\/v2\/media\/9405"}],"wp:attachment":[{"href":"https:\/\/erbolinea.com\/de\/wp-json\/wp\/v2\/media?parent=9251"}],"wp:term":[{"taxonomy":"product_brand","embeddable":true,"href":"https:\/\/erbolinea.com\/de\/wp-json\/wp\/v2\/product_brand?post=9251"},{"taxonomy":"product_cat","embeddable":true,"href":"https:\/\/erbolinea.com\/de\/wp-json\/wp\/v2\/product_cat?post=9251"},{"taxonomy":"product_tag","embeddable":true,"href":"https:\/\/erbolinea.com\/de\/wp-json\/wp\/v2\/product_tag?post=9251"}],"curies":[{"name":"wp","href":"https:\/\/api.w.org\/{rel}","templated":true}]}}