{"id":809,"date":"2018-11-06T19:29:12","date_gmt":"2018-11-06T18:29:12","guid":{"rendered":"https:\/\/erbolinea.com\/?post_type=product&#038;p=809"},"modified":"2025-10-26T15:32:16","modified_gmt":"2025-10-26T14:32:16","slug":"lampada-catalitica-modello-pagoda-alta","status":"publish","type":"product","link":"https:\/\/erbolinea.com\/de\/produkt\/lampada-catalitica-modello-pagoda-alta\/","title":{"rendered":"Katalytische Lampe - Modell Hohe Pagode"},"content":{"rendered":"<p>Dank eines einzigartigen katalytischen Verbrennungsprozesses bei hoher Temperatur ist die Katalysatorlampe in der Lage, die sch\u00e4dlichen Molek\u00fcle zu zerst\u00f6ren, die sich hinter unangenehmen Ger\u00fcchen verbergen (Tabak, Lebensmittel, schlechte Ger\u00fcche), die Vermehrung von Bakterien und Keimen zu stoppen, R\u00e4ume zu desodorieren und f\u00fcr lange Zeit zu parf\u00fcmieren. Parf\u00fcmieren Sie Ihre Umgebung mit unserer katalytischen Herboline-Lampe. In unserem Gesch\u00e4ft finden Sie einzigartige Heimd\u00fcfte.<\/p>\n<p><strong>Nachfolgend finden Sie ein Erkl\u00e4rungsvideo f\u00fcr den richtigen Gebrauch der Lampe<\/strong><\/p>\n<h6><\/h6>","protected":false},"excerpt":{"rendered":"<p>Dank eines einzigartigen katalytischen Hochtemperatur-Verbrennungsprozesses ist die katalytische Lampe in der Lage, die sch\u00e4dlichen Molek\u00fcle zu zerst\u00f6ren, die sich hinter unangenehmen Ger\u00fcchen verbergen (Tabak, Lebensmittel, schlechte Ger\u00fcche), die Vermehrung von Bakterien und Keimen zu stoppen, R\u00e4ume zu desodorieren und f\u00fcr lange Zeit zu parf\u00fcmieren. Sie parf\u00fcmiert Ihre Umgebung dank unserer [...]","protected":false},"featured_media":5737,"template":"","meta":[],"product_brand":[],"product_cat":[],"product_tag":[],"class_list":{"0":"post-809","1":"product","2":"type-product","3":"status-publish","4":"has-post-thumbnail","7":"first","8":"instock","9":"shipping-taxable","10":"purchasable","11":"product-type-variable"},"yoast_head":"<!-- This site is optimized with the Yoast SEO Premium plugin v26.2 (Yoast SEO v26.4) - https:\/\/yoast.com\/wordpress\/plugins\/seo\/ -->\n<title>lampade catalitiche vendita online | lampada catalitica erbolinea | erbolinea<\/title>\n<meta name=\"description\" content=\"Profuma il tuo ambiente grazie alla nostra lampada catalitica erbolinea. Su erbolinea troverai fragranze uniche nel suo genere per la casa.\" \/>\n<meta name=\"robots\" content=\"index, follow, max-snippet:-1, max-image-preview:large, max-video-preview:-1\" \/>\n<link rel=\"canonical\" href=\"https:\/\/erbolinea.com\/de\/produkt\/lampada-catalitica-modello-pagoda-alta\/\" \/>\n<meta property=\"og:locale\" content=\"de_DE\" \/>\n<meta property=\"og:type\" content=\"article\" \/>\n<meta property=\"og:title\" content=\"Lampada catalitica - Modello Pagoda alta\" \/>\n<meta property=\"og:description\" content=\"Profuma il tuo ambiente grazie alla nostra lampada catalitica erbolinea. Su erbolinea troverai fragranze uniche nel suo genere per la casa.\" \/>\n<meta property=\"og:url\" content=\"https:\/\/erbolinea.com\/de\/produkt\/lampada-catalitica-modello-pagoda-alta\/\" \/>\n<meta property=\"og:site_name\" content=\"Erbolinea - Store Fragrances\" \/>\n<meta property=\"article:publisher\" content=\"https:\/\/www.facebook.com\/erbolinea\" \/>\n<meta property=\"article:modified_time\" content=\"2025-10-26T14:32:16+00:00\" \/>\n<meta property=\"og:image\" content=\"https:\/\/erbolinea.com\/wp-content\/uploads\/2018\/11\/trasparente1.jpg\" \/>\n\t<meta property=\"og:image:width\" content=\"1800\" \/>\n\t<meta property=\"og:image:height\" content=\"1800\" \/>\n\t<meta property=\"og:image:type\" content=\"image\/jpeg\" \/>\n<meta name=\"twitter:card\" content=\"summary_large_image\" \/>\n<meta name=\"twitter:label1\" content=\"Verf\u00fcgbarkeit\" \/>\n\t<meta name=\"twitter:data1\" content=\"Auf Lager\" \/>\n<script type=\"application\/ld+json\" class=\"yoast-schema-graph\">{\"@context\":\"https:\/\/schema.org\",\"@graph\":[{\"@type\":\"WebPage\",\"@id\":\"https:\/\/erbolinea.com\/prodotto\/lampada-catalitica-modello-pagoda-alta\/\",\"url\":\"https:\/\/erbolinea.com\/prodotto\/lampada-catalitica-modello-pagoda-alta\/\",\"name\":\"lampade catalitiche vendita online | lampada catalitica erbolinea | erbolinea\",\"isPartOf\":{\"@id\":\"https:\/\/erbolinea.com\/#website\"},\"primaryImageOfPage\":{\"@id\":\"https:\/\/erbolinea.com\/prodotto\/lampada-catalitica-modello-pagoda-alta\/#primaryimage\"},\"image\":{\"@id\":\"https:\/\/erbolinea.com\/prodotto\/lampada-catalitica-modello-pagoda-alta\/#primaryimage\"},\"thumbnailUrl\":\"https:\/\/erbolinea.com\/wp-content\/uploads\/2018\/11\/trasparente1.jpg\",\"datePublished\":\"2018-11-06T18:29:12+00:00\",\"dateModified\":\"2025-10-26T14:32:16+00:00\",\"description\":\"Profuma il tuo ambiente grazie alla nostra lampada catalitica erbolinea. Su erbolinea troverai fragranze uniche nel suo genere per la casa.\",\"breadcrumb\":{\"@id\":\"https:\/\/erbolinea.com\/prodotto\/lampada-catalitica-modello-pagoda-alta\/#breadcrumb\"},\"inLanguage\":\"de\",\"potentialAction\":[{\"@type\":\"ReadAction\",\"target\":[\"https:\/\/erbolinea.com\/prodotto\/lampada-catalitica-modello-pagoda-alta\/\"]}]},{\"@type\":\"ImageObject\",\"inLanguage\":\"de\",\"@id\":\"https:\/\/erbolinea.com\/prodotto\/lampada-catalitica-modello-pagoda-alta\/#primaryimage\",\"url\":\"https:\/\/erbolinea.com\/wp-content\/uploads\/2018\/11\/trasparente1.jpg\",\"contentUrl\":\"https:\/\/erbolinea.com\/wp-content\/uploads\/2018\/11\/trasparente1.jpg\",\"width\":1800,\"height\":1800},{\"@type\":\"BreadcrumbList\",\"@id\":\"https:\/\/erbolinea.com\/prodotto\/lampada-catalitica-modello-pagoda-alta\/#breadcrumb\",\"itemListElement\":[{\"@type\":\"ListItem\",\"position\":1,\"name\":\"Home\",\"item\":\"https:\/\/erbolinea.com\/\"},{\"@type\":\"ListItem\",\"position\":2,\"name\":\"Shop\",\"item\":\"https:\/\/erbolinea.com\/shop\/\"},{\"@type\":\"ListItem\",\"position\":3,\"name\":\"Lampada catalitica &#8211; Modello Pagoda alta\"}]},{\"@type\":\"WebSite\",\"@id\":\"https:\/\/erbolinea.com\/#website\",\"url\":\"https:\/\/erbolinea.com\/\",\"name\":\"Erbolinea - Store Fragrances\",\"description\":\"Vendita diffusori di ambiente\",\"publisher\":{\"@id\":\"https:\/\/erbolinea.com\/#organization\"},\"alternateName\":\"Erbolinea\",\"potentialAction\":[{\"@type\":\"SearchAction\",\"target\":{\"@type\":\"EntryPoint\",\"urlTemplate\":\"https:\/\/erbolinea.com\/?s={search_term_string}\"},\"query-input\":{\"@type\":\"PropertyValueSpecification\",\"valueRequired\":true,\"valueName\":\"search_term_string\"}}],\"inLanguage\":\"de\"},{\"@type\":\"Organization\",\"@id\":\"https:\/\/erbolinea.com\/#organization\",\"name\":\"Erbolinea\",\"url\":\"https:\/\/erbolinea.com\/\",\"logo\":{\"@type\":\"ImageObject\",\"inLanguage\":\"de\",\"@id\":\"https:\/\/erbolinea.com\/#\/schema\/logo\/image\/\",\"url\":\"https:\/\/erbolinea.com\/wp-content\/uploads\/2020\/04\/logo-400x83_new.png\",\"contentUrl\":\"https:\/\/erbolinea.com\/wp-content\/uploads\/2020\/04\/logo-400x83_new.png\",\"width\":400,\"height\":103,\"caption\":\"Erbolinea\"},\"image\":{\"@id\":\"https:\/\/erbolinea.com\/#\/schema\/logo\/image\/\"},\"sameAs\":[\"https:\/\/www.facebook.com\/erbolinea\",\"https:\/\/www.instagram.com\/erbolinea_fragranze_srl\/\",\"https:\/\/www.youtube.com\/channel\/UCREXSGcI2lrYs6eT9VapG3w\"]}]}<\/script>\n<meta property=\"product:brand\" content=\"Erbolinea\" \/>\n<meta property=\"og:availability\" content=\"instock\" \/>\n<meta property=\"product:availability\" content=\"instock\" \/>\n<meta property=\"product:retailer_item_id\" content=\"cat_pagoda_alta\" \/>\n<meta property=\"product:condition\" content=\"new\" \/>\n<!-- \/ Yoast SEO Premium plugin. -->","yoast_head_json":{"title":"katalytische lampen online verkauf | erbolinea katalytische lampe","description":"Parf\u00fcmieren Sie Ihre Umgebung mit unserer erbolinea-Katalysatorlampe. Bei erbolinea finden Sie einzigartige D\u00fcfte f\u00fcr Ihr Zuhause.","robots":{"index":"index","follow":"follow","max-snippet":"max-snippet:-1","max-image-preview":"max-image-preview:large","max-video-preview":"max-video-preview:-1"},"canonical":"https:\/\/erbolinea.com\/de\/produkt\/lampada-catalitica-modello-pagoda-alta\/","og_locale":"de_DE","og_type":"article","og_title":"Lampada catalitica - Modello Pagoda alta","og_description":"Profuma il tuo ambiente grazie alla nostra lampada catalitica erbolinea. Su erbolinea troverai fragranze uniche nel suo genere per la casa.","og_url":"https:\/\/erbolinea.com\/de\/produkt\/lampada-catalitica-modello-pagoda-alta\/","og_site_name":"Erbolinea - Store Fragrances","article_publisher":"https:\/\/www.facebook.com\/erbolinea","article_modified_time":"2025-10-26T14:32:16+00:00","og_image":[{"width":1800,"height":1800,"url":"https:\/\/erbolinea.com\/wp-content\/uploads\/2018\/11\/trasparente1.jpg","type":"image\/jpeg"}],"twitter_card":"summary_large_image","twitter_misc":{"Verf\u00fcgbarkeit":"Auf Lager"},"schema":{"@context":"https:\/\/schema.org","@graph":[{"@type":"WebPage","@id":"https:\/\/erbolinea.com\/prodotto\/lampada-catalitica-modello-pagoda-alta\/","url":"https:\/\/erbolinea.com\/prodotto\/lampada-catalitica-modello-pagoda-alta\/","name":"katalytische lampen online verkauf | erbolinea katalytische lampe","isPartOf":{"@id":"https:\/\/erbolinea.com\/#website"},"primaryImageOfPage":{"@id":"https:\/\/erbolinea.com\/prodotto\/lampada-catalitica-modello-pagoda-alta\/#primaryimage"},"image":{"@id":"https:\/\/erbolinea.com\/prodotto\/lampada-catalitica-modello-pagoda-alta\/#primaryimage"},"thumbnailUrl":"https:\/\/erbolinea.com\/wp-content\/uploads\/2018\/11\/trasparente1.jpg","datePublished":"2018-11-06T18:29:12+00:00","dateModified":"2025-10-26T14:32:16+00:00","description":"Parf\u00fcmieren Sie Ihre Umgebung mit unserer erbolinea-Katalysatorlampe. Bei erbolinea finden Sie einzigartige D\u00fcfte f\u00fcr Ihr Zuhause.","breadcrumb":{"@id":"https:\/\/erbolinea.com\/prodotto\/lampada-catalitica-modello-pagoda-alta\/#breadcrumb"},"inLanguage":"de","potentialAction":[{"@type":"ReadAction","target":["https:\/\/erbolinea.com\/prodotto\/lampada-catalitica-modello-pagoda-alta\/"]}]},{"@type":"ImageObject","inLanguage":"de","@id":"https:\/\/erbolinea.com\/prodotto\/lampada-catalitica-modello-pagoda-alta\/#primaryimage","url":"https:\/\/erbolinea.com\/wp-content\/uploads\/2018\/11\/trasparente1.jpg","contentUrl":"https:\/\/erbolinea.com\/wp-content\/uploads\/2018\/11\/trasparente1.jpg","width":1800,"height":1800},{"@type":"BreadcrumbList","@id":"https:\/\/erbolinea.com\/prodotto\/lampada-catalitica-modello-pagoda-alta\/#breadcrumb","itemListElement":[{"@type":"ListItem","position":1,"name":"Home","item":"https:\/\/erbolinea.com\/"},{"@type":"ListItem","position":2,"name":"Shop","item":"https:\/\/erbolinea.com\/shop\/"},{"@type":"ListItem","position":3,"name":"Lampada catalitica &#8211; Modello Pagoda alta"}]},{"@type":"WebSite","@id":"https:\/\/erbolinea.com\/#website","url":"https:\/\/erbolinea.com\/","name":"Erbolinea - D\u00fcfte speichern","description":"Raumdiffusoren zu verkaufen","publisher":{"@id":"https:\/\/erbolinea.com\/#organization"},"alternateName":"Erbolinea","potentialAction":[{"@type":"SearchAction","target":{"@type":"EntryPoint","urlTemplate":"https:\/\/erbolinea.com\/?s={search_term_string}"},"query-input":{"@type":"PropertyValueSpecification","valueRequired":true,"valueName":"search_term_string"}}],"inLanguage":"de"},{"@type":"Organization","@id":"https:\/\/erbolinea.com\/#organization","name":"Erbolinea","url":"https:\/\/erbolinea.com\/","logo":{"@type":"ImageObject","inLanguage":"de","@id":"https:\/\/erbolinea.com\/#\/schema\/logo\/image\/","url":"https:\/\/erbolinea.com\/wp-content\/uploads\/2020\/04\/logo-400x83_new.png","contentUrl":"https:\/\/erbolinea.com\/wp-content\/uploads\/2020\/04\/logo-400x83_new.png","width":400,"height":103,"caption":"Erbolinea"},"image":{"@id":"https:\/\/erbolinea.com\/#\/schema\/logo\/image\/"},"sameAs":["https:\/\/www.facebook.com\/erbolinea","https:\/\/www.instagram.com\/erbolinea_fragranze_srl\/","https:\/\/www.youtube.com\/channel\/UCREXSGcI2lrYs6eT9VapG3w"]}]},"product_brand":"Erbolinea","og_availability":"instock","product_availability":"instock","product_retailer_item_id":"cat_pagoda_alta","product_condition":"new"},"_links":{"self":[{"href":"https:\/\/erbolinea.com\/de\/wp-json\/wp\/v2\/product\/809","targetHints":{"allow":["GET"]}}],"collection":[{"href":"https:\/\/erbolinea.com\/de\/wp-json\/wp\/v2\/product"}],"about":[{"href":"https:\/\/erbolinea.com\/de\/wp-json\/wp\/v2\/types\/product"}],"wp:featuredmedia":[{"embeddable":true,"href":"https:\/\/erbolinea.com\/de\/wp-json\/wp\/v2\/media\/5737"}],"wp:attachment":[{"href":"https:\/\/erbolinea.com\/de\/wp-json\/wp\/v2\/media?parent=809"}],"wp:term":[{"taxonomy":"product_brand","embeddable":true,"href":"https:\/\/erbolinea.com\/de\/wp-json\/wp\/v2\/product_brand?post=809"},{"taxonomy":"product_cat","embeddable":true,"href":"https:\/\/erbolinea.com\/de\/wp-json\/wp\/v2\/product_cat?post=809"},{"taxonomy":"product_tag","embeddable":true,"href":"https:\/\/erbolinea.com\/de\/wp-json\/wp\/v2\/product_tag?post=809"}],"curies":[{"name":"wp","href":"https:\/\/api.w.org\/{rel}","templated":true}]}}