{"id":7451,"date":"2020-05-21T16:01:11","date_gmt":"2020-05-21T14:01:11","guid":{"rendered":"https:\/\/erbolinea.com\/?post_type=product&#038;p=7451"},"modified":"2026-03-28T15:09:13","modified_gmt":"2026-03-28T14:09:13","slug":"spray-profumato-igienizzante-per-tessuti","status":"publish","type":"product","link":"https:\/\/erbolinea.com\/de\/produkt\/spray-profumato-igienizzante-per-tessuti\/","title":{"rendered":"Parf\u00fcmierte Reinigungssprays Defence Line"},"content":{"rendered":"<p><span style=\"color: #333333;\">Das parf\u00fcmierte Gewebe-Desinfektionsspray aus der neuen Defence Line von <a href=\"https:\/\/erbolinea.com\/de\/product-category\/linea-defence\/\">Erbolinea<\/a> bietet eine Reinigungsbehandlung f\u00fcr R\u00e4ume, Oberfl\u00e4chen und Textilien mit einem Zitrusduft.<br \/>\n<\/span><\/p>","protected":false},"excerpt":{"rendered":"<p>Das parf\u00fcmierte Textilreinigungsspray aus der neuen Defence Line von Erbolinea reinigt in einer hydroalkoholischen L\u00f6sung R\u00e4ume, Oberfl\u00e4chen und Textilien mit Zitrusduft.<\/p>","protected":false},"featured_media":7455,"template":"","meta":[],"product_brand":[],"product_cat":[326],"product_tag":[432],"class_list":{"0":"post-7451","1":"product","2":"type-product","3":"status-publish","4":"has-post-thumbnail","6":"product_cat-linea-defence","7":"product_tag-spray-igenizzante","9":"first","10":"instock","11":"shipping-taxable","12":"purchasable","13":"product-type-variable"},"yoast_head":"<!-- This site is optimized with the Yoast SEO Premium plugin v26.2 (Yoast SEO v26.4) - https:\/\/yoast.com\/wordpress\/plugins\/seo\/ -->\n<title>Spray profumato igienizzante per tessuti | Erbolinea Shop Online<\/title>\n<meta name=\"description\" content=\"Sei alla ricerca di un Spray profumato igienizzante per tessuti. Scopri i prodotti igienizzanti erbolinea e assicurati una pulizia assoluta.\" \/>\n<meta name=\"robots\" content=\"index, follow, max-snippet:-1, max-image-preview:large, max-video-preview:-1\" \/>\n<link rel=\"canonical\" href=\"https:\/\/erbolinea.com\/de\/produkt\/spray-profumato-igienizzante-per-tessuti\/\" \/>\n<meta property=\"og:locale\" content=\"de_DE\" \/>\n<meta property=\"og:type\" content=\"article\" \/>\n<meta property=\"og:title\" content=\"Spray profumati detergente igienizzante Linea Defence\" \/>\n<meta property=\"og:description\" content=\"Sei alla ricerca di un Spray profumato igienizzante per tessuti. Scopri i prodotti igienizzanti erbolinea e assicurati una pulizia assoluta.\" \/>\n<meta property=\"og:url\" content=\"https:\/\/erbolinea.com\/de\/produkt\/spray-profumato-igienizzante-per-tessuti\/\" \/>\n<meta property=\"og:site_name\" content=\"Erbolinea - Store Fragrances\" \/>\n<meta property=\"article:publisher\" content=\"https:\/\/www.facebook.com\/erbolinea\" \/>\n<meta property=\"article:modified_time\" content=\"2026-03-28T14:09:13+00:00\" \/>\n<meta property=\"og:image\" content=\"https:\/\/erbolinea.com\/wp-content\/uploads\/2020\/05\/spray_100-1.jpg\" \/>\n\t<meta property=\"og:image:width\" content=\"1800\" \/>\n\t<meta property=\"og:image:height\" content=\"1400\" \/>\n\t<meta property=\"og:image:type\" content=\"image\/jpeg\" \/>\n<meta name=\"twitter:card\" content=\"summary_large_image\" \/>\n<meta name=\"twitter:label1\" content=\"Verf\u00fcgbarkeit\" \/>\n\t<meta name=\"twitter:data1\" content=\"Auf Lager\" \/>\n<script type=\"application\/ld+json\" class=\"yoast-schema-graph\">{\"@context\":\"https:\/\/schema.org\",\"@graph\":[{\"@type\":\"WebPage\",\"@id\":\"https:\/\/erbolinea.com\/prodotto\/spray-profumato-igienizzante-per-tessuti\/\",\"url\":\"https:\/\/erbolinea.com\/prodotto\/spray-profumato-igienizzante-per-tessuti\/\",\"name\":\"Spray profumato igienizzante per tessuti | Erbolinea Shop Online\",\"isPartOf\":{\"@id\":\"https:\/\/erbolinea.com\/#website\"},\"primaryImageOfPage\":{\"@id\":\"https:\/\/erbolinea.com\/prodotto\/spray-profumato-igienizzante-per-tessuti\/#primaryimage\"},\"image\":{\"@id\":\"https:\/\/erbolinea.com\/prodotto\/spray-profumato-igienizzante-per-tessuti\/#primaryimage\"},\"thumbnailUrl\":\"https:\/\/erbolinea.com\/wp-content\/uploads\/2020\/05\/spray_100-1.jpg\",\"datePublished\":\"2020-05-21T14:01:11+00:00\",\"dateModified\":\"2026-03-28T14:09:13+00:00\",\"description\":\"Sei alla ricerca di un Spray profumato igienizzante per tessuti. Scopri i prodotti igienizzanti erbolinea e assicurati una pulizia assoluta.\",\"breadcrumb\":{\"@id\":\"https:\/\/erbolinea.com\/prodotto\/spray-profumato-igienizzante-per-tessuti\/#breadcrumb\"},\"inLanguage\":\"de\",\"potentialAction\":[{\"@type\":\"ReadAction\",\"target\":[\"https:\/\/erbolinea.com\/prodotto\/spray-profumato-igienizzante-per-tessuti\/\"]}]},{\"@type\":\"ImageObject\",\"inLanguage\":\"de\",\"@id\":\"https:\/\/erbolinea.com\/prodotto\/spray-profumato-igienizzante-per-tessuti\/#primaryimage\",\"url\":\"https:\/\/erbolinea.com\/wp-content\/uploads\/2020\/05\/spray_100-1.jpg\",\"contentUrl\":\"https:\/\/erbolinea.com\/wp-content\/uploads\/2020\/05\/spray_100-1.jpg\",\"width\":1800,\"height\":1400,\"caption\":\"Spray profumato igienizzante per tessuti\"},{\"@type\":\"BreadcrumbList\",\"@id\":\"https:\/\/erbolinea.com\/prodotto\/spray-profumato-igienizzante-per-tessuti\/#breadcrumb\",\"itemListElement\":[{\"@type\":\"ListItem\",\"position\":1,\"name\":\"Home\",\"item\":\"https:\/\/erbolinea.com\/\"},{\"@type\":\"ListItem\",\"position\":2,\"name\":\"Shop\",\"item\":\"https:\/\/erbolinea.com\/shop\/\"},{\"@type\":\"ListItem\",\"position\":3,\"name\":\"Spray profumati detergente igienizzante Linea Defence\"}]},{\"@type\":\"WebSite\",\"@id\":\"https:\/\/erbolinea.com\/#website\",\"url\":\"https:\/\/erbolinea.com\/\",\"name\":\"Erbolinea - Store Fragrances\",\"description\":\"Vendita diffusori di ambiente\",\"publisher\":{\"@id\":\"https:\/\/erbolinea.com\/#organization\"},\"alternateName\":\"Erbolinea\",\"potentialAction\":[{\"@type\":\"SearchAction\",\"target\":{\"@type\":\"EntryPoint\",\"urlTemplate\":\"https:\/\/erbolinea.com\/?s={search_term_string}\"},\"query-input\":{\"@type\":\"PropertyValueSpecification\",\"valueRequired\":true,\"valueName\":\"search_term_string\"}}],\"inLanguage\":\"de\"},{\"@type\":\"Organization\",\"@id\":\"https:\/\/erbolinea.com\/#organization\",\"name\":\"Erbolinea\",\"url\":\"https:\/\/erbolinea.com\/\",\"logo\":{\"@type\":\"ImageObject\",\"inLanguage\":\"de\",\"@id\":\"https:\/\/erbolinea.com\/#\/schema\/logo\/image\/\",\"url\":\"https:\/\/erbolinea.com\/wp-content\/uploads\/2020\/04\/logo-400x83_new.png\",\"contentUrl\":\"https:\/\/erbolinea.com\/wp-content\/uploads\/2020\/04\/logo-400x83_new.png\",\"width\":400,\"height\":103,\"caption\":\"Erbolinea\"},\"image\":{\"@id\":\"https:\/\/erbolinea.com\/#\/schema\/logo\/image\/\"},\"sameAs\":[\"https:\/\/www.facebook.com\/erbolinea\",\"https:\/\/www.instagram.com\/erbolinea_fragranze_srl\/\",\"https:\/\/www.youtube.com\/channel\/UCREXSGcI2lrYs6eT9VapG3w\"]}]}<\/script>\n<meta property=\"product:brand\" content=\"Erbolinea\" \/>\n<meta property=\"og:availability\" content=\"instock\" \/>\n<meta property=\"product:availability\" content=\"instock\" \/>\n<meta property=\"product:condition\" content=\"new\" \/>\n<!-- \/ Yoast SEO Premium plugin. -->","yoast_head_json":{"title":"Parf\u00fcmiertes Desinfektionsspray f\u00fcr Textilien | Erbolinea Shop Online","description":"Sie sind auf der Suche nach einem parf\u00fcmierten Textil-Desinfektionsspray. Entdecken Sie die Desinfektionsprodukte von erbolinea und sorgen Sie f\u00fcr absolute Sauberkeit.","robots":{"index":"index","follow":"follow","max-snippet":"max-snippet:-1","max-image-preview":"max-image-preview:large","max-video-preview":"max-video-preview:-1"},"canonical":"https:\/\/erbolinea.com\/de\/produkt\/spray-profumato-igienizzante-per-tessuti\/","og_locale":"de_DE","og_type":"article","og_title":"Spray profumati detergente igienizzante Linea Defence","og_description":"Sei alla ricerca di un Spray profumato igienizzante per tessuti. Scopri i prodotti igienizzanti erbolinea e assicurati una pulizia assoluta.","og_url":"https:\/\/erbolinea.com\/de\/produkt\/spray-profumato-igienizzante-per-tessuti\/","og_site_name":"Erbolinea - Store Fragrances","article_publisher":"https:\/\/www.facebook.com\/erbolinea","article_modified_time":"2026-03-28T14:09:13+00:00","og_image":[{"width":1800,"height":1400,"url":"https:\/\/erbolinea.com\/wp-content\/uploads\/2020\/05\/spray_100-1.jpg","type":"image\/jpeg"}],"twitter_card":"summary_large_image","twitter_misc":{"Verf\u00fcgbarkeit":"Auf Lager"},"schema":{"@context":"https:\/\/schema.org","@graph":[{"@type":"WebPage","@id":"https:\/\/erbolinea.com\/prodotto\/spray-profumato-igienizzante-per-tessuti\/","url":"https:\/\/erbolinea.com\/prodotto\/spray-profumato-igienizzante-per-tessuti\/","name":"Parf\u00fcmiertes Desinfektionsspray f\u00fcr Textilien | Erbolinea Shop Online","isPartOf":{"@id":"https:\/\/erbolinea.com\/#website"},"primaryImageOfPage":{"@id":"https:\/\/erbolinea.com\/prodotto\/spray-profumato-igienizzante-per-tessuti\/#primaryimage"},"image":{"@id":"https:\/\/erbolinea.com\/prodotto\/spray-profumato-igienizzante-per-tessuti\/#primaryimage"},"thumbnailUrl":"https:\/\/erbolinea.com\/wp-content\/uploads\/2020\/05\/spray_100-1.jpg","datePublished":"2020-05-21T14:01:11+00:00","dateModified":"2026-03-28T14:09:13+00:00","description":"Sie sind auf der Suche nach einem parf\u00fcmierten Textil-Desinfektionsspray. Entdecken Sie die Desinfektionsprodukte von erbolinea und sorgen Sie f\u00fcr absolute Sauberkeit.","breadcrumb":{"@id":"https:\/\/erbolinea.com\/prodotto\/spray-profumato-igienizzante-per-tessuti\/#breadcrumb"},"inLanguage":"de","potentialAction":[{"@type":"ReadAction","target":["https:\/\/erbolinea.com\/prodotto\/spray-profumato-igienizzante-per-tessuti\/"]}]},{"@type":"ImageObject","inLanguage":"de","@id":"https:\/\/erbolinea.com\/prodotto\/spray-profumato-igienizzante-per-tessuti\/#primaryimage","url":"https:\/\/erbolinea.com\/wp-content\/uploads\/2020\/05\/spray_100-1.jpg","contentUrl":"https:\/\/erbolinea.com\/wp-content\/uploads\/2020\/05\/spray_100-1.jpg","width":1800,"height":1400,"caption":"Spray profumato igienizzante per tessuti"},{"@type":"BreadcrumbList","@id":"https:\/\/erbolinea.com\/prodotto\/spray-profumato-igienizzante-per-tessuti\/#breadcrumb","itemListElement":[{"@type":"ListItem","position":1,"name":"Home","item":"https:\/\/erbolinea.com\/"},{"@type":"ListItem","position":2,"name":"Shop","item":"https:\/\/erbolinea.com\/shop\/"},{"@type":"ListItem","position":3,"name":"Spray profumati detergente igienizzante Linea Defence"}]},{"@type":"WebSite","@id":"https:\/\/erbolinea.com\/#website","url":"https:\/\/erbolinea.com\/","name":"Erbolinea - D\u00fcfte speichern","description":"Raumdiffusoren zu verkaufen","publisher":{"@id":"https:\/\/erbolinea.com\/#organization"},"alternateName":"Erbolinea","potentialAction":[{"@type":"SearchAction","target":{"@type":"EntryPoint","urlTemplate":"https:\/\/erbolinea.com\/?s={search_term_string}"},"query-input":{"@type":"PropertyValueSpecification","valueRequired":true,"valueName":"search_term_string"}}],"inLanguage":"de"},{"@type":"Organization","@id":"https:\/\/erbolinea.com\/#organization","name":"Erbolinea","url":"https:\/\/erbolinea.com\/","logo":{"@type":"ImageObject","inLanguage":"de","@id":"https:\/\/erbolinea.com\/#\/schema\/logo\/image\/","url":"https:\/\/erbolinea.com\/wp-content\/uploads\/2020\/04\/logo-400x83_new.png","contentUrl":"https:\/\/erbolinea.com\/wp-content\/uploads\/2020\/04\/logo-400x83_new.png","width":400,"height":103,"caption":"Erbolinea"},"image":{"@id":"https:\/\/erbolinea.com\/#\/schema\/logo\/image\/"},"sameAs":["https:\/\/www.facebook.com\/erbolinea","https:\/\/www.instagram.com\/erbolinea_fragranze_srl\/","https:\/\/www.youtube.com\/channel\/UCREXSGcI2lrYs6eT9VapG3w"]}]},"product_brand":"Erbolinea","og_availability":"instock","product_availability":"instock","product_condition":"new"},"_links":{"self":[{"href":"https:\/\/erbolinea.com\/de\/wp-json\/wp\/v2\/product\/7451","targetHints":{"allow":["GET"]}}],"collection":[{"href":"https:\/\/erbolinea.com\/de\/wp-json\/wp\/v2\/product"}],"about":[{"href":"https:\/\/erbolinea.com\/de\/wp-json\/wp\/v2\/types\/product"}],"wp:featuredmedia":[{"embeddable":true,"href":"https:\/\/erbolinea.com\/de\/wp-json\/wp\/v2\/media\/7455"}],"wp:attachment":[{"href":"https:\/\/erbolinea.com\/de\/wp-json\/wp\/v2\/media?parent=7451"}],"wp:term":[{"taxonomy":"product_brand","embeddable":true,"href":"https:\/\/erbolinea.com\/de\/wp-json\/wp\/v2\/product_brand?post=7451"},{"taxonomy":"product_cat","embeddable":true,"href":"https:\/\/erbolinea.com\/de\/wp-json\/wp\/v2\/product_cat?post=7451"},{"taxonomy":"product_tag","embeddable":true,"href":"https:\/\/erbolinea.com\/de\/wp-json\/wp\/v2\/product_tag?post=7451"}],"curies":[{"name":"wp","href":"https:\/\/api.w.org\/{rel}","templated":true}]}}