{"id":7018,"date":"2020-04-17T13:23:46","date_gmt":"2020-04-17T11:23:46","guid":{"rendered":"https:\/\/erbolinea.com\/?post_type=product&#038;p=7018"},"modified":"2025-10-01T09:13:31","modified_gmt":"2025-10-01T07:13:31","slug":"bastoncini-profumati-per-la-casa","status":"publish","type":"product","link":"https:\/\/erbolinea.com\/de\/produkt\/bastoncini-profumati-per-la-casa\/","title":{"rendered":"Ersatz-Bambusst\u00e4bchen"},"content":{"rendered":"<p>Hochwertige Bambusst\u00e4bchen f\u00fcr Raumparf\u00fcmeure. Wenn der Duft verbraucht ist, m\u00fcssen die St\u00e4bchen unbedingt ausgetauscht werden, um stets eine optimale Duftleistung zu erzielen. Bei der Auswahl der richtigen Farbe und Gr\u00f6\u00dfe f\u00fcr den nachzuf\u00fcllenden Parf\u00fcmierer ist Vorsicht geboten. Erbolinea hat die Anzahl, Farbe und Gr\u00f6\u00dfe der Sticks f\u00fcr jeden einzelnen Duft und jedes Format kalibriert, um eine optimale Ausbeute unserer D\u00fcfte im Raum zu gew\u00e4hrleisten. Entdecken Sie unsere Duftst\u00e4bchen f\u00fcr Zuhause.<\/p>","protected":false},"excerpt":{"rendered":"<p>Hochwertige Bambusst\u00e4bchen f\u00fcr Raumparf\u00fcmeure. Wenn der Duft aufgebraucht ist, m\u00fcssen die St\u00e4bchen unbedingt ausgetauscht werden, um immer eine optimale Duftleistung zu erhalten. Bei der Auswahl der richtigen Farbe und Gr\u00f6\u00dfe f\u00fcr den nachzuf\u00fcllenden Parf\u00fcmierer ist Vorsicht geboten. Erbolinea hat die Anzahl, Farbe und Gr\u00f6\u00dfe der St\u00e4bchen f\u00fcr jeden Duft kalibriert.","protected":false},"featured_media":7279,"template":"","meta":[],"product_brand":[],"product_cat":[299],"product_tag":[441],"class_list":{"0":"post-7018","1":"product","2":"type-product","3":"status-publish","4":"has-post-thumbnail","6":"product_cat-ricambi","7":"product_tag-bastoncini-ricambio-bamboo","9":"first","10":"instock","11":"shipping-taxable","12":"purchasable","13":"product-type-variable","14":"has-default-attributes"},"yoast_head":"<!-- This site is optimized with the Yoast SEO Premium plugin v26.2 (Yoast SEO v26.4) - https:\/\/yoast.com\/wordpress\/plugins\/seo\/ -->\n<title>bastoncini profumati per la casa | Erbolinea store online<\/title>\n<meta name=\"description\" content=\"Scopri i bastoncini profumati per la casa. Su erbolinea scopri i migliori bastoncini profumati. Crea un&#039;esperienza olfattiva per la tua casa.\" \/>\n<meta name=\"robots\" content=\"index, follow, max-snippet:-1, max-image-preview:large, max-video-preview:-1\" \/>\n<link rel=\"canonical\" href=\"https:\/\/erbolinea.com\/de\/produkt\/bastoncini-profumati-per-la-casa\/\" \/>\n<meta property=\"og:locale\" content=\"de_DE\" \/>\n<meta property=\"og:type\" content=\"article\" \/>\n<meta property=\"og:title\" content=\"Bastoncini di ricambio in bamboo\" \/>\n<meta property=\"og:description\" content=\"Scopri i bastoncini profumati per la casa. Su erbolinea scopri i migliori bastoncini profumati. Crea un&#039;esperienza olfattiva per la tua casa.\" \/>\n<meta property=\"og:url\" content=\"https:\/\/erbolinea.com\/de\/produkt\/bastoncini-profumati-per-la-casa\/\" \/>\n<meta property=\"og:site_name\" content=\"Erbolinea - Store Fragrances\" \/>\n<meta property=\"article:publisher\" content=\"https:\/\/www.facebook.com\/erbolinea\" \/>\n<meta property=\"article:modified_time\" content=\"2025-10-01T07:13:31+00:00\" \/>\n<meta property=\"og:image\" content=\"https:\/\/erbolinea.com\/wp-content\/uploads\/2020\/04\/copertina-bastoncini.jpg\" \/>\n\t<meta property=\"og:image:width\" content=\"1800\" \/>\n\t<meta property=\"og:image:height\" content=\"1352\" \/>\n\t<meta property=\"og:image:type\" content=\"image\/jpeg\" \/>\n<meta name=\"twitter:card\" content=\"summary_large_image\" \/>\n<meta name=\"twitter:label1\" content=\"Verf\u00fcgbarkeit\" \/>\n\t<meta name=\"twitter:data1\" content=\"Auf Lager\" \/>\n<script type=\"application\/ld+json\" class=\"yoast-schema-graph\">{\"@context\":\"https:\/\/schema.org\",\"@graph\":[{\"@type\":\"WebPage\",\"@id\":\"https:\/\/erbolinea.com\/prodotto\/bastoncini-profumati-per-la-casa\/\",\"url\":\"https:\/\/erbolinea.com\/prodotto\/bastoncini-profumati-per-la-casa\/\",\"name\":\"bastoncini profumati per la casa | Erbolinea store online\",\"isPartOf\":{\"@id\":\"https:\/\/erbolinea.com\/#website\"},\"primaryImageOfPage\":{\"@id\":\"https:\/\/erbolinea.com\/prodotto\/bastoncini-profumati-per-la-casa\/#primaryimage\"},\"image\":{\"@id\":\"https:\/\/erbolinea.com\/prodotto\/bastoncini-profumati-per-la-casa\/#primaryimage\"},\"thumbnailUrl\":\"https:\/\/erbolinea.com\/wp-content\/uploads\/2020\/04\/copertina-bastoncini.jpg\",\"datePublished\":\"2020-04-17T11:23:46+00:00\",\"dateModified\":\"2025-10-01T07:13:31+00:00\",\"description\":\"Scopri i bastoncini profumati per la casa. Su erbolinea scopri i migliori bastoncini profumati. Crea un'esperienza olfattiva per la tua casa.\",\"breadcrumb\":{\"@id\":\"https:\/\/erbolinea.com\/prodotto\/bastoncini-profumati-per-la-casa\/#breadcrumb\"},\"inLanguage\":\"de\",\"potentialAction\":[{\"@type\":\"ReadAction\",\"target\":[\"https:\/\/erbolinea.com\/prodotto\/bastoncini-profumati-per-la-casa\/\"]}]},{\"@type\":\"ImageObject\",\"inLanguage\":\"de\",\"@id\":\"https:\/\/erbolinea.com\/prodotto\/bastoncini-profumati-per-la-casa\/#primaryimage\",\"url\":\"https:\/\/erbolinea.com\/wp-content\/uploads\/2020\/04\/copertina-bastoncini.jpg\",\"contentUrl\":\"https:\/\/erbolinea.com\/wp-content\/uploads\/2020\/04\/copertina-bastoncini.jpg\",\"width\":1800,\"height\":1352,\"caption\":\"bastoncini profumati per la casa\"},{\"@type\":\"BreadcrumbList\",\"@id\":\"https:\/\/erbolinea.com\/prodotto\/bastoncini-profumati-per-la-casa\/#breadcrumb\",\"itemListElement\":[{\"@type\":\"ListItem\",\"position\":1,\"name\":\"Home\",\"item\":\"https:\/\/erbolinea.com\/\"},{\"@type\":\"ListItem\",\"position\":2,\"name\":\"Shop\",\"item\":\"https:\/\/erbolinea.com\/shop\/\"},{\"@type\":\"ListItem\",\"position\":3,\"name\":\"Bastoncini di ricambio in bamboo\"}]},{\"@type\":\"WebSite\",\"@id\":\"https:\/\/erbolinea.com\/#website\",\"url\":\"https:\/\/erbolinea.com\/\",\"name\":\"Erbolinea - Store Fragrances\",\"description\":\"Vendita diffusori di ambiente\",\"publisher\":{\"@id\":\"https:\/\/erbolinea.com\/#organization\"},\"alternateName\":\"Erbolinea\",\"potentialAction\":[{\"@type\":\"SearchAction\",\"target\":{\"@type\":\"EntryPoint\",\"urlTemplate\":\"https:\/\/erbolinea.com\/?s={search_term_string}\"},\"query-input\":{\"@type\":\"PropertyValueSpecification\",\"valueRequired\":true,\"valueName\":\"search_term_string\"}}],\"inLanguage\":\"de\"},{\"@type\":\"Organization\",\"@id\":\"https:\/\/erbolinea.com\/#organization\",\"name\":\"Erbolinea\",\"url\":\"https:\/\/erbolinea.com\/\",\"logo\":{\"@type\":\"ImageObject\",\"inLanguage\":\"de\",\"@id\":\"https:\/\/erbolinea.com\/#\/schema\/logo\/image\/\",\"url\":\"https:\/\/erbolinea.com\/wp-content\/uploads\/2020\/04\/logo-400x83_new.png\",\"contentUrl\":\"https:\/\/erbolinea.com\/wp-content\/uploads\/2020\/04\/logo-400x83_new.png\",\"width\":400,\"height\":103,\"caption\":\"Erbolinea\"},\"image\":{\"@id\":\"https:\/\/erbolinea.com\/#\/schema\/logo\/image\/\"},\"sameAs\":[\"https:\/\/www.facebook.com\/erbolinea\",\"https:\/\/www.instagram.com\/erbolinea_fragranze_srl\/\",\"https:\/\/www.youtube.com\/channel\/UCREXSGcI2lrYs6eT9VapG3w\"]}]}<\/script>\n<meta property=\"product:brand\" content=\"Erbolinea\" \/>\n<meta property=\"og:availability\" content=\"instock\" \/>\n<meta property=\"product:availability\" content=\"instock\" \/>\n<meta property=\"product:retailer_item_id\" content=\"Bdrib\" \/>\n<meta property=\"product:condition\" content=\"new\" \/>\n<!-- \/ Yoast SEO Premium plugin. -->","yoast_head_json":{"title":"Duftst\u00e4bchen f\u00fcr zu Hause | Erbolinea online store","description":"Entdecken Sie Duftst\u00e4bchen f\u00fcr Ihr Zuhause. Entdecken Sie bei erbolinea die besten Duftst\u00e4bchen. Schaffen Sie ein Dufterlebnis f\u00fcr Ihr Zuhause.","robots":{"index":"index","follow":"follow","max-snippet":"max-snippet:-1","max-image-preview":"max-image-preview:large","max-video-preview":"max-video-preview:-1"},"canonical":"https:\/\/erbolinea.com\/de\/produkt\/bastoncini-profumati-per-la-casa\/","og_locale":"de_DE","og_type":"article","og_title":"Bastoncini di ricambio in bamboo","og_description":"Scopri i bastoncini profumati per la casa. Su erbolinea scopri i migliori bastoncini profumati. Crea un'esperienza olfattiva per la tua casa.","og_url":"https:\/\/erbolinea.com\/de\/produkt\/bastoncini-profumati-per-la-casa\/","og_site_name":"Erbolinea - Store Fragrances","article_publisher":"https:\/\/www.facebook.com\/erbolinea","article_modified_time":"2025-10-01T07:13:31+00:00","og_image":[{"width":1800,"height":1352,"url":"https:\/\/erbolinea.com\/wp-content\/uploads\/2020\/04\/copertina-bastoncini.jpg","type":"image\/jpeg"}],"twitter_card":"summary_large_image","twitter_misc":{"Verf\u00fcgbarkeit":"Auf Lager"},"schema":{"@context":"https:\/\/schema.org","@graph":[{"@type":"WebPage","@id":"https:\/\/erbolinea.com\/prodotto\/bastoncini-profumati-per-la-casa\/","url":"https:\/\/erbolinea.com\/prodotto\/bastoncini-profumati-per-la-casa\/","name":"Duftst\u00e4bchen f\u00fcr zu Hause | Erbolinea online store","isPartOf":{"@id":"https:\/\/erbolinea.com\/#website"},"primaryImageOfPage":{"@id":"https:\/\/erbolinea.com\/prodotto\/bastoncini-profumati-per-la-casa\/#primaryimage"},"image":{"@id":"https:\/\/erbolinea.com\/prodotto\/bastoncini-profumati-per-la-casa\/#primaryimage"},"thumbnailUrl":"https:\/\/erbolinea.com\/wp-content\/uploads\/2020\/04\/copertina-bastoncini.jpg","datePublished":"2020-04-17T11:23:46+00:00","dateModified":"2025-10-01T07:13:31+00:00","description":"Entdecken Sie Duftst\u00e4bchen f\u00fcr Ihr Zuhause. Entdecken Sie bei erbolinea die besten Duftst\u00e4bchen. Schaffen Sie ein Dufterlebnis f\u00fcr Ihr Zuhause.","breadcrumb":{"@id":"https:\/\/erbolinea.com\/prodotto\/bastoncini-profumati-per-la-casa\/#breadcrumb"},"inLanguage":"de","potentialAction":[{"@type":"ReadAction","target":["https:\/\/erbolinea.com\/prodotto\/bastoncini-profumati-per-la-casa\/"]}]},{"@type":"ImageObject","inLanguage":"de","@id":"https:\/\/erbolinea.com\/prodotto\/bastoncini-profumati-per-la-casa\/#primaryimage","url":"https:\/\/erbolinea.com\/wp-content\/uploads\/2020\/04\/copertina-bastoncini.jpg","contentUrl":"https:\/\/erbolinea.com\/wp-content\/uploads\/2020\/04\/copertina-bastoncini.jpg","width":1800,"height":1352,"caption":"bastoncini profumati per la casa"},{"@type":"BreadcrumbList","@id":"https:\/\/erbolinea.com\/prodotto\/bastoncini-profumati-per-la-casa\/#breadcrumb","itemListElement":[{"@type":"ListItem","position":1,"name":"Home","item":"https:\/\/erbolinea.com\/"},{"@type":"ListItem","position":2,"name":"Shop","item":"https:\/\/erbolinea.com\/shop\/"},{"@type":"ListItem","position":3,"name":"Bastoncini di ricambio in bamboo"}]},{"@type":"WebSite","@id":"https:\/\/erbolinea.com\/#website","url":"https:\/\/erbolinea.com\/","name":"Erbolinea - D\u00fcfte speichern","description":"Raumdiffusoren zu verkaufen","publisher":{"@id":"https:\/\/erbolinea.com\/#organization"},"alternateName":"Erbolinea","potentialAction":[{"@type":"SearchAction","target":{"@type":"EntryPoint","urlTemplate":"https:\/\/erbolinea.com\/?s={search_term_string}"},"query-input":{"@type":"PropertyValueSpecification","valueRequired":true,"valueName":"search_term_string"}}],"inLanguage":"de"},{"@type":"Organization","@id":"https:\/\/erbolinea.com\/#organization","name":"Erbolinea","url":"https:\/\/erbolinea.com\/","logo":{"@type":"ImageObject","inLanguage":"de","@id":"https:\/\/erbolinea.com\/#\/schema\/logo\/image\/","url":"https:\/\/erbolinea.com\/wp-content\/uploads\/2020\/04\/logo-400x83_new.png","contentUrl":"https:\/\/erbolinea.com\/wp-content\/uploads\/2020\/04\/logo-400x83_new.png","width":400,"height":103,"caption":"Erbolinea"},"image":{"@id":"https:\/\/erbolinea.com\/#\/schema\/logo\/image\/"},"sameAs":["https:\/\/www.facebook.com\/erbolinea","https:\/\/www.instagram.com\/erbolinea_fragranze_srl\/","https:\/\/www.youtube.com\/channel\/UCREXSGcI2lrYs6eT9VapG3w"]}]},"product_brand":"Erbolinea","og_availability":"instock","product_availability":"instock","product_retailer_item_id":"Bdrib","product_condition":"new"},"_links":{"self":[{"href":"https:\/\/erbolinea.com\/de\/wp-json\/wp\/v2\/product\/7018","targetHints":{"allow":["GET"]}}],"collection":[{"href":"https:\/\/erbolinea.com\/de\/wp-json\/wp\/v2\/product"}],"about":[{"href":"https:\/\/erbolinea.com\/de\/wp-json\/wp\/v2\/types\/product"}],"wp:featuredmedia":[{"embeddable":true,"href":"https:\/\/erbolinea.com\/de\/wp-json\/wp\/v2\/media\/7279"}],"wp:attachment":[{"href":"https:\/\/erbolinea.com\/de\/wp-json\/wp\/v2\/media?parent=7018"}],"wp:term":[{"taxonomy":"product_brand","embeddable":true,"href":"https:\/\/erbolinea.com\/de\/wp-json\/wp\/v2\/product_brand?post=7018"},{"taxonomy":"product_cat","embeddable":true,"href":"https:\/\/erbolinea.com\/de\/wp-json\/wp\/v2\/product_cat?post=7018"},{"taxonomy":"product_tag","embeddable":true,"href":"https:\/\/erbolinea.com\/de\/wp-json\/wp\/v2\/product_tag?post=7018"}],"curies":[{"name":"wp","href":"https:\/\/api.w.org\/{rel}","templated":true}]}}