{"id":6541,"date":"2019-10-14T19:38:26","date_gmt":"2019-10-14T17:38:26","guid":{"rendered":"https:\/\/erbolinea.com\/?post_type=product&#038;p=6541"},"modified":"2024-11-20T13:35:49","modified_gmt":"2024-11-20T12:35:49","slug":"profumatore-dambiente-in-porcellana","status":"publish","type":"product","link":"https:\/\/erbolinea.com\/de\/produkt\/profumatore-dambiente-in-porcellana\/","title":{"rendered":"Capodimonte Flower Line mit Raumdiffusor"},"content":{"rendered":"<p>Aus der traditionellen Handwerkskunst des weltber\u00fchmten Capodimonte (Neapel) stammen die Umgebungsdiffusoren aus Porzellan von Erbolinea. Die Originalit\u00e4t der Diffusoren zeichnet sich durch das Bildnis der Krone von Capodimonte auf dem \"N\" von Neapel aus, mit dem sie St\u00fcck f\u00fcr St\u00fcck eingebrannt sind. Unser <a href=\"https:\/\/erbolinea.com\/de\/product-category\/diffusori-in-porcellana-con-bastoncini\/\">Porzellan Raumbedufter<\/a> ist ein prestigetr\u00e4chtiges Objekt, das gleichzeitig angenehme Dufteindr\u00fccke vermittelt und freisetzt.<\/p>\n<p>&nbsp;<\/p>\n<h6><\/h6>","protected":false},"excerpt":{"rendered":"<p>Aus der traditionellen Handwerkskunst des weltber\u00fchmten Capodimonte (Neapel) stammen die Raumd\u00fcfte aus Porzellan von Erbolinea. Die Originalit\u00e4t der Diffusoren zeichnet sich durch das Bildnis der Krone von Capodimonte auf dem \"N\" von Neapel aus, mit dem sie St\u00fcck f\u00fcr St\u00fcck eingebrannt werden. Unser Raumdiffusor aus Porzellan ist ein Prestigeobjekt, das gleichzeitig die [...]","protected":false},"featured_media":6553,"template":"","meta":[],"product_brand":[],"product_cat":[547],"product_tag":[],"class_list":{"0":"post-6541","1":"product","2":"type-product","3":"status-publish","4":"has-post-thumbnail","6":"product_cat-diffusori-in-porcellana-con-bastoncini","8":"first","9":"instock","10":"shipping-taxable","11":"purchasable","12":"product-type-variable","13":"has-default-attributes"},"yoast_head":"<!-- This site is optimized with the Yoast SEO Premium plugin v26.2 (Yoast SEO v26.4) - https:\/\/yoast.com\/wordpress\/plugins\/seo\/ -->\n<title>profumatore d ambiente in porcellana | erbolinea online shop<\/title>\n<meta name=\"description\" content=\"Lasciati travolgere dalle dolce fragranze del profumatore d ambiente in porcellana. Dona il tuo ambiente un tocco di classe con erbolinea.\" \/>\n<meta name=\"robots\" content=\"index, follow, max-snippet:-1, max-image-preview:large, max-video-preview:-1\" \/>\n<link rel=\"canonical\" href=\"https:\/\/erbolinea.com\/de\/produkt\/profumatore-dambiente-in-porcellana\/\" \/>\n<meta property=\"og:locale\" content=\"de_DE\" \/>\n<meta property=\"og:type\" content=\"article\" \/>\n<meta property=\"og:title\" content=\"Capodimonte Linea Fiori con Diffusore D&#039;Ambiente\" \/>\n<meta property=\"og:description\" content=\"Lasciati travolgere dalle dolce fragranze del profumatore d ambiente in porcellana. Dona il tuo ambiente un tocco di classe con erbolinea.\" \/>\n<meta property=\"og:url\" content=\"https:\/\/erbolinea.com\/de\/produkt\/profumatore-dambiente-in-porcellana\/\" \/>\n<meta property=\"og:site_name\" content=\"Erbolinea - Store Fragrances\" \/>\n<meta property=\"article:publisher\" content=\"https:\/\/www.facebook.com\/erbolinea\" \/>\n<meta property=\"article:modified_time\" content=\"2024-11-20T12:35:49+00:00\" \/>\n<meta property=\"og:image\" content=\"https:\/\/erbolinea.com\/wp-content\/uploads\/2019\/10\/coper_capodimonte.jpg\" \/>\n\t<meta property=\"og:image:width\" content=\"1000\" \/>\n\t<meta property=\"og:image:height\" content=\"751\" \/>\n\t<meta property=\"og:image:type\" content=\"image\/jpeg\" \/>\n<meta name=\"twitter:card\" content=\"summary_large_image\" \/>\n<meta name=\"twitter:label1\" content=\"Verf\u00fcgbarkeit\" \/>\n\t<meta name=\"twitter:data1\" content=\"Auf Lager\" \/>\n<script type=\"application\/ld+json\" class=\"yoast-schema-graph\">{\"@context\":\"https:\/\/schema.org\",\"@graph\":[{\"@type\":\"WebPage\",\"@id\":\"https:\/\/erbolinea.com\/prodotto\/profumatore-dambiente-in-porcellana\/\",\"url\":\"https:\/\/erbolinea.com\/prodotto\/profumatore-dambiente-in-porcellana\/\",\"name\":\"profumatore d ambiente in porcellana | erbolinea online shop\",\"isPartOf\":{\"@id\":\"https:\/\/erbolinea.com\/#website\"},\"primaryImageOfPage\":{\"@id\":\"https:\/\/erbolinea.com\/prodotto\/profumatore-dambiente-in-porcellana\/#primaryimage\"},\"image\":{\"@id\":\"https:\/\/erbolinea.com\/prodotto\/profumatore-dambiente-in-porcellana\/#primaryimage\"},\"thumbnailUrl\":\"https:\/\/erbolinea.com\/wp-content\/uploads\/2019\/10\/coper_capodimonte.jpg\",\"datePublished\":\"2019-10-14T17:38:26+00:00\",\"dateModified\":\"2024-11-20T12:35:49+00:00\",\"description\":\"Lasciati travolgere dalle dolce fragranze del profumatore d ambiente in porcellana. Dona il tuo ambiente un tocco di classe con erbolinea.\",\"breadcrumb\":{\"@id\":\"https:\/\/erbolinea.com\/prodotto\/profumatore-dambiente-in-porcellana\/#breadcrumb\"},\"inLanguage\":\"de\",\"potentialAction\":[{\"@type\":\"ReadAction\",\"target\":[\"https:\/\/erbolinea.com\/prodotto\/profumatore-dambiente-in-porcellana\/\"]}]},{\"@type\":\"ImageObject\",\"inLanguage\":\"de\",\"@id\":\"https:\/\/erbolinea.com\/prodotto\/profumatore-dambiente-in-porcellana\/#primaryimage\",\"url\":\"https:\/\/erbolinea.com\/wp-content\/uploads\/2019\/10\/coper_capodimonte.jpg\",\"contentUrl\":\"https:\/\/erbolinea.com\/wp-content\/uploads\/2019\/10\/coper_capodimonte.jpg\",\"width\":1000,\"height\":751,\"caption\":\"profumatore d ambiente in porcellana\"},{\"@type\":\"BreadcrumbList\",\"@id\":\"https:\/\/erbolinea.com\/prodotto\/profumatore-dambiente-in-porcellana\/#breadcrumb\",\"itemListElement\":[{\"@type\":\"ListItem\",\"position\":1,\"name\":\"Home\",\"item\":\"https:\/\/erbolinea.com\/\"},{\"@type\":\"ListItem\",\"position\":2,\"name\":\"Shop\",\"item\":\"https:\/\/erbolinea.com\/shop\/\"},{\"@type\":\"ListItem\",\"position\":3,\"name\":\"Capodimonte Linea Fiori con Diffusore D&#8217;Ambiente\"}]},{\"@type\":\"WebSite\",\"@id\":\"https:\/\/erbolinea.com\/#website\",\"url\":\"https:\/\/erbolinea.com\/\",\"name\":\"Erbolinea - Store Fragrances\",\"description\":\"Vendita diffusori di ambiente\",\"publisher\":{\"@id\":\"https:\/\/erbolinea.com\/#organization\"},\"alternateName\":\"Erbolinea\",\"potentialAction\":[{\"@type\":\"SearchAction\",\"target\":{\"@type\":\"EntryPoint\",\"urlTemplate\":\"https:\/\/erbolinea.com\/?s={search_term_string}\"},\"query-input\":{\"@type\":\"PropertyValueSpecification\",\"valueRequired\":true,\"valueName\":\"search_term_string\"}}],\"inLanguage\":\"de\"},{\"@type\":\"Organization\",\"@id\":\"https:\/\/erbolinea.com\/#organization\",\"name\":\"Erbolinea\",\"url\":\"https:\/\/erbolinea.com\/\",\"logo\":{\"@type\":\"ImageObject\",\"inLanguage\":\"de\",\"@id\":\"https:\/\/erbolinea.com\/#\/schema\/logo\/image\/\",\"url\":\"https:\/\/erbolinea.com\/wp-content\/uploads\/2020\/04\/logo-400x83_new.png\",\"contentUrl\":\"https:\/\/erbolinea.com\/wp-content\/uploads\/2020\/04\/logo-400x83_new.png\",\"width\":400,\"height\":103,\"caption\":\"Erbolinea\"},\"image\":{\"@id\":\"https:\/\/erbolinea.com\/#\/schema\/logo\/image\/\"},\"sameAs\":[\"https:\/\/www.facebook.com\/erbolinea\",\"https:\/\/www.instagram.com\/erbolinea_fragranze_srl\/\",\"https:\/\/www.youtube.com\/channel\/UCREXSGcI2lrYs6eT9VapG3w\"]}]}<\/script>\n<meta property=\"product:brand\" content=\"Erbolinea\" \/>\n<meta property=\"og:availability\" content=\"instock\" \/>\n<meta property=\"product:availability\" content=\"instock\" \/>\n<meta property=\"product:retailer_item_id\" content=\"cap_erb\" \/>\n<meta property=\"product:condition\" content=\"new\" \/>\n<!-- \/ Yoast SEO Premium plugin. -->","yoast_head_json":{"title":"Porzellan Raumbedufter | erbolinea online shop","description":"Lassen Sie sich von den s\u00fc\u00dfen D\u00fcften des Porzellan-Raumparfums \u00fcberw\u00e4ltigen. Verleihen Sie Ihrem Ambiente einen Hauch von Klasse mit erbolinea.","robots":{"index":"index","follow":"follow","max-snippet":"max-snippet:-1","max-image-preview":"max-image-preview:large","max-video-preview":"max-video-preview:-1"},"canonical":"https:\/\/erbolinea.com\/de\/produkt\/profumatore-dambiente-in-porcellana\/","og_locale":"de_DE","og_type":"article","og_title":"Capodimonte Linea Fiori con Diffusore D'Ambiente","og_description":"Lasciati travolgere dalle dolce fragranze del profumatore d ambiente in porcellana. Dona il tuo ambiente un tocco di classe con erbolinea.","og_url":"https:\/\/erbolinea.com\/de\/produkt\/profumatore-dambiente-in-porcellana\/","og_site_name":"Erbolinea - Store Fragrances","article_publisher":"https:\/\/www.facebook.com\/erbolinea","article_modified_time":"2024-11-20T12:35:49+00:00","og_image":[{"width":1000,"height":751,"url":"https:\/\/erbolinea.com\/wp-content\/uploads\/2019\/10\/coper_capodimonte.jpg","type":"image\/jpeg"}],"twitter_card":"summary_large_image","twitter_misc":{"Verf\u00fcgbarkeit":"Auf Lager"},"schema":{"@context":"https:\/\/schema.org","@graph":[{"@type":"WebPage","@id":"https:\/\/erbolinea.com\/prodotto\/profumatore-dambiente-in-porcellana\/","url":"https:\/\/erbolinea.com\/prodotto\/profumatore-dambiente-in-porcellana\/","name":"Porzellan Raumbedufter | erbolinea online shop","isPartOf":{"@id":"https:\/\/erbolinea.com\/#website"},"primaryImageOfPage":{"@id":"https:\/\/erbolinea.com\/prodotto\/profumatore-dambiente-in-porcellana\/#primaryimage"},"image":{"@id":"https:\/\/erbolinea.com\/prodotto\/profumatore-dambiente-in-porcellana\/#primaryimage"},"thumbnailUrl":"https:\/\/erbolinea.com\/wp-content\/uploads\/2019\/10\/coper_capodimonte.jpg","datePublished":"2019-10-14T17:38:26+00:00","dateModified":"2024-11-20T12:35:49+00:00","description":"Lassen Sie sich von den s\u00fc\u00dfen D\u00fcften des Porzellan-Raumparfums \u00fcberw\u00e4ltigen. Verleihen Sie Ihrem Ambiente einen Hauch von Klasse mit erbolinea.","breadcrumb":{"@id":"https:\/\/erbolinea.com\/prodotto\/profumatore-dambiente-in-porcellana\/#breadcrumb"},"inLanguage":"de","potentialAction":[{"@type":"ReadAction","target":["https:\/\/erbolinea.com\/prodotto\/profumatore-dambiente-in-porcellana\/"]}]},{"@type":"ImageObject","inLanguage":"de","@id":"https:\/\/erbolinea.com\/prodotto\/profumatore-dambiente-in-porcellana\/#primaryimage","url":"https:\/\/erbolinea.com\/wp-content\/uploads\/2019\/10\/coper_capodimonte.jpg","contentUrl":"https:\/\/erbolinea.com\/wp-content\/uploads\/2019\/10\/coper_capodimonte.jpg","width":1000,"height":751,"caption":"profumatore d ambiente in porcellana"},{"@type":"BreadcrumbList","@id":"https:\/\/erbolinea.com\/prodotto\/profumatore-dambiente-in-porcellana\/#breadcrumb","itemListElement":[{"@type":"ListItem","position":1,"name":"Home","item":"https:\/\/erbolinea.com\/"},{"@type":"ListItem","position":2,"name":"Shop","item":"https:\/\/erbolinea.com\/shop\/"},{"@type":"ListItem","position":3,"name":"Capodimonte Linea Fiori con Diffusore D&#8217;Ambiente"}]},{"@type":"WebSite","@id":"https:\/\/erbolinea.com\/#website","url":"https:\/\/erbolinea.com\/","name":"Erbolinea - D\u00fcfte speichern","description":"Raumdiffusoren zu verkaufen","publisher":{"@id":"https:\/\/erbolinea.com\/#organization"},"alternateName":"Erbolinea","potentialAction":[{"@type":"SearchAction","target":{"@type":"EntryPoint","urlTemplate":"https:\/\/erbolinea.com\/?s={search_term_string}"},"query-input":{"@type":"PropertyValueSpecification","valueRequired":true,"valueName":"search_term_string"}}],"inLanguage":"de"},{"@type":"Organization","@id":"https:\/\/erbolinea.com\/#organization","name":"Erbolinea","url":"https:\/\/erbolinea.com\/","logo":{"@type":"ImageObject","inLanguage":"de","@id":"https:\/\/erbolinea.com\/#\/schema\/logo\/image\/","url":"https:\/\/erbolinea.com\/wp-content\/uploads\/2020\/04\/logo-400x83_new.png","contentUrl":"https:\/\/erbolinea.com\/wp-content\/uploads\/2020\/04\/logo-400x83_new.png","width":400,"height":103,"caption":"Erbolinea"},"image":{"@id":"https:\/\/erbolinea.com\/#\/schema\/logo\/image\/"},"sameAs":["https:\/\/www.facebook.com\/erbolinea","https:\/\/www.instagram.com\/erbolinea_fragranze_srl\/","https:\/\/www.youtube.com\/channel\/UCREXSGcI2lrYs6eT9VapG3w"]}]},"product_brand":"Erbolinea","og_availability":"instock","product_availability":"instock","product_retailer_item_id":"cap_erb","product_condition":"new"},"_links":{"self":[{"href":"https:\/\/erbolinea.com\/de\/wp-json\/wp\/v2\/product\/6541","targetHints":{"allow":["GET"]}}],"collection":[{"href":"https:\/\/erbolinea.com\/de\/wp-json\/wp\/v2\/product"}],"about":[{"href":"https:\/\/erbolinea.com\/de\/wp-json\/wp\/v2\/types\/product"}],"wp:featuredmedia":[{"embeddable":true,"href":"https:\/\/erbolinea.com\/de\/wp-json\/wp\/v2\/media\/6553"}],"wp:attachment":[{"href":"https:\/\/erbolinea.com\/de\/wp-json\/wp\/v2\/media?parent=6541"}],"wp:term":[{"taxonomy":"product_brand","embeddable":true,"href":"https:\/\/erbolinea.com\/de\/wp-json\/wp\/v2\/product_brand?post=6541"},{"taxonomy":"product_cat","embeddable":true,"href":"https:\/\/erbolinea.com\/de\/wp-json\/wp\/v2\/product_cat?post=6541"},{"taxonomy":"product_tag","embeddable":true,"href":"https:\/\/erbolinea.com\/de\/wp-json\/wp\/v2\/product_tag?post=6541"}],"curies":[{"name":"wp","href":"https:\/\/api.w.org\/{rel}","templated":true}]}}