{"id":596,"date":"2018-11-06T19:21:12","date_gmt":"2018-11-06T18:21:12","guid":{"rendered":"https:\/\/erbolinea.com\/?post_type=product&#038;p=596"},"modified":"2025-11-08T20:04:36","modified_gmt":"2025-11-08T19:04:36","slug":"lampada-catalitica-modello-campana","status":"publish","type":"product","link":"https:\/\/erbolinea.com\/de\/produkt\/lampada-catalitica-modello-campana\/","title":{"rendered":"Katalytische Lampe - Modell Bell"},"content":{"rendered":"<p>Dank eines einzigartigen katalytischen Hochtemperatur-Verbrennungsprozesses ist die Katalysatorlampe in der Lage, sch\u00e4dliche Molek\u00fcle, die sich hinter unangenehmen Ger\u00fcchen verbergen (Tabak, Lebensmittel, schlechte Ger\u00fcche), zu zerst\u00f6ren, die Vermehrung von Bakterien und Keimen zu stoppen, R\u00e4ume f\u00fcr lange Zeit zu desodorieren und zu parf\u00fcmieren.<\/p>\n<p><strong>Nachfolgend finden Sie ein Erkl\u00e4rungsvideo f\u00fcr den richtigen Gebrauch der Lampe<\/strong><\/p>\n<h6><\/h6>","protected":false},"excerpt":{"rendered":"<p>Dank eines einzigartigen Prozesses der katalytischen Hochtemperaturverbrennung ist die katalytische Lampe in der Lage, die sch\u00e4dlichen Molek\u00fcle zu zerst\u00f6ren, die sich hinter unangenehmen Ger\u00fcchen verbergen (Tabak, Lebensmittel, schlechte Ger\u00fcche), stoppt die Vermehrung von Bakterien und Keimen, desodoriert und parf\u00fcmiert R\u00e4ume f\u00fcr eine lange Zeit. Nachfolgend finden Sie ein Erkl\u00e4rungsvideo f\u00fcr die[...]","protected":false},"featured_media":27687,"template":"","meta":[],"product_brand":[],"product_cat":[],"product_tag":[],"class_list":{"0":"post-596","1":"product","2":"type-product","3":"status-publish","4":"has-post-thumbnail","7":"first","8":"instock","9":"shipping-taxable","10":"purchasable","11":"product-type-variable"},"yoast_head":"<!-- This site is optimized with the Yoast SEO Premium plugin v26.2 (Yoast SEO v26.4) - https:\/\/yoast.com\/wordpress\/plugins\/seo\/ -->\n<title>Lampada catalitica - Modello Campana | erbolinea store online<\/title>\n<meta name=\"description\" content=\"Scopri erbolinea e acquista le essenze profumate per ambienti sul nostro sito. Deodora tuoi ambienti con lampada catalitica modello campana.\" \/>\n<meta name=\"robots\" content=\"index, follow, max-snippet:-1, max-image-preview:large, max-video-preview:-1\" \/>\n<link rel=\"canonical\" href=\"https:\/\/erbolinea.com\/de\/produkt\/lampada-catalitica-modello-campana\/\" \/>\n<meta property=\"og:locale\" content=\"de_DE\" \/>\n<meta property=\"og:type\" content=\"article\" \/>\n<meta property=\"og:title\" content=\"Lampada catalitica - Modello Campana\" \/>\n<meta property=\"og:description\" content=\"Scopri erbolinea e acquista le essenze profumate per ambienti sul nostro sito. Deodora tuoi ambienti con lampada catalitica modello campana.\" \/>\n<meta property=\"og:url\" content=\"https:\/\/erbolinea.com\/de\/produkt\/lampada-catalitica-modello-campana\/\" \/>\n<meta property=\"og:site_name\" content=\"Erbolinea - Store Fragrances\" \/>\n<meta property=\"article:publisher\" content=\"https:\/\/www.facebook.com\/erbolinea\" \/>\n<meta property=\"article:modified_time\" content=\"2025-11-08T19:04:36+00:00\" \/>\n<meta property=\"og:image\" content=\"https:\/\/erbolinea.com\/wp-content\/uploads\/2018\/11\/catalitica_campana_bianco_chiusa.jpg\" \/>\n\t<meta property=\"og:image:width\" content=\"1080\" \/>\n\t<meta property=\"og:image:height\" content=\"1080\" \/>\n\t<meta property=\"og:image:type\" content=\"image\/jpeg\" \/>\n<meta name=\"twitter:card\" content=\"summary_large_image\" \/>\n<meta name=\"twitter:label1\" content=\"Verf\u00fcgbarkeit\" \/>\n\t<meta name=\"twitter:data1\" content=\"Auf Lager\" \/>\n<script type=\"application\/ld+json\" class=\"yoast-schema-graph\">{\"@context\":\"https:\/\/schema.org\",\"@graph\":[{\"@type\":\"WebPage\",\"@id\":\"https:\/\/erbolinea.com\/prodotto\/lampada-catalitica-modello-campana\/\",\"url\":\"https:\/\/erbolinea.com\/prodotto\/lampada-catalitica-modello-campana\/\",\"name\":\"Lampada catalitica - Modello Campana | erbolinea store online\",\"isPartOf\":{\"@id\":\"https:\/\/erbolinea.com\/#website\"},\"primaryImageOfPage\":{\"@id\":\"https:\/\/erbolinea.com\/prodotto\/lampada-catalitica-modello-campana\/#primaryimage\"},\"image\":{\"@id\":\"https:\/\/erbolinea.com\/prodotto\/lampada-catalitica-modello-campana\/#primaryimage\"},\"thumbnailUrl\":\"https:\/\/erbolinea.com\/wp-content\/uploads\/2018\/11\/catalitica_campana_bianco_chiusa.jpg\",\"datePublished\":\"2018-11-06T18:21:12+00:00\",\"dateModified\":\"2025-11-08T19:04:36+00:00\",\"description\":\"Scopri erbolinea e acquista le essenze profumate per ambienti sul nostro sito. Deodora tuoi ambienti con lampada catalitica modello campana.\",\"breadcrumb\":{\"@id\":\"https:\/\/erbolinea.com\/prodotto\/lampada-catalitica-modello-campana\/#breadcrumb\"},\"inLanguage\":\"de\",\"potentialAction\":[{\"@type\":\"ReadAction\",\"target\":[\"https:\/\/erbolinea.com\/prodotto\/lampada-catalitica-modello-campana\/\"]}]},{\"@type\":\"ImageObject\",\"inLanguage\":\"de\",\"@id\":\"https:\/\/erbolinea.com\/prodotto\/lampada-catalitica-modello-campana\/#primaryimage\",\"url\":\"https:\/\/erbolinea.com\/wp-content\/uploads\/2018\/11\/catalitica_campana_bianco_chiusa.jpg\",\"contentUrl\":\"https:\/\/erbolinea.com\/wp-content\/uploads\/2018\/11\/catalitica_campana_bianco_chiusa.jpg\",\"width\":1080,\"height\":1080},{\"@type\":\"BreadcrumbList\",\"@id\":\"https:\/\/erbolinea.com\/prodotto\/lampada-catalitica-modello-campana\/#breadcrumb\",\"itemListElement\":[{\"@type\":\"ListItem\",\"position\":1,\"name\":\"Home\",\"item\":\"https:\/\/erbolinea.com\/\"},{\"@type\":\"ListItem\",\"position\":2,\"name\":\"Shop\",\"item\":\"https:\/\/erbolinea.com\/shop\/\"},{\"@type\":\"ListItem\",\"position\":3,\"name\":\"Lampada catalitica &#8211; Modello Campana\"}]},{\"@type\":\"WebSite\",\"@id\":\"https:\/\/erbolinea.com\/#website\",\"url\":\"https:\/\/erbolinea.com\/\",\"name\":\"Erbolinea - Store Fragrances\",\"description\":\"Vendita diffusori di ambiente\",\"publisher\":{\"@id\":\"https:\/\/erbolinea.com\/#organization\"},\"alternateName\":\"Erbolinea\",\"potentialAction\":[{\"@type\":\"SearchAction\",\"target\":{\"@type\":\"EntryPoint\",\"urlTemplate\":\"https:\/\/erbolinea.com\/?s={search_term_string}\"},\"query-input\":{\"@type\":\"PropertyValueSpecification\",\"valueRequired\":true,\"valueName\":\"search_term_string\"}}],\"inLanguage\":\"de\"},{\"@type\":\"Organization\",\"@id\":\"https:\/\/erbolinea.com\/#organization\",\"name\":\"Erbolinea\",\"url\":\"https:\/\/erbolinea.com\/\",\"logo\":{\"@type\":\"ImageObject\",\"inLanguage\":\"de\",\"@id\":\"https:\/\/erbolinea.com\/#\/schema\/logo\/image\/\",\"url\":\"https:\/\/erbolinea.com\/wp-content\/uploads\/2020\/04\/logo-400x83_new.png\",\"contentUrl\":\"https:\/\/erbolinea.com\/wp-content\/uploads\/2020\/04\/logo-400x83_new.png\",\"width\":400,\"height\":103,\"caption\":\"Erbolinea\"},\"image\":{\"@id\":\"https:\/\/erbolinea.com\/#\/schema\/logo\/image\/\"},\"sameAs\":[\"https:\/\/www.facebook.com\/erbolinea\",\"https:\/\/www.instagram.com\/erbolinea_fragranze_srl\/\",\"https:\/\/www.youtube.com\/channel\/UCREXSGcI2lrYs6eT9VapG3w\"]}]}<\/script>\n<meta property=\"product:brand\" content=\"Erbolinea\" \/>\n<meta property=\"og:availability\" content=\"instock\" \/>\n<meta property=\"product:availability\" content=\"instock\" \/>\n<meta property=\"product:retailer_item_id\" content=\"cat_campana\" \/>\n<meta property=\"product:condition\" content=\"new\" \/>\n<!-- \/ Yoast SEO Premium plugin. -->","yoast_head_json":{"title":"Katalytische Lampe - Modell Campana | erbolinea online store","description":"Entdecken Sie erbolinea und kaufen Sie duftende Raumessenzen auf unserer Website. Deodorieren Sie Ihre R\u00e4ume mit einer katalytischen Lampe Modell Glocke.","robots":{"index":"index","follow":"follow","max-snippet":"max-snippet:-1","max-image-preview":"max-image-preview:large","max-video-preview":"max-video-preview:-1"},"canonical":"https:\/\/erbolinea.com\/de\/produkt\/lampada-catalitica-modello-campana\/","og_locale":"de_DE","og_type":"article","og_title":"Lampada catalitica - Modello Campana","og_description":"Scopri erbolinea e acquista le essenze profumate per ambienti sul nostro sito. Deodora tuoi ambienti con lampada catalitica modello campana.","og_url":"https:\/\/erbolinea.com\/de\/produkt\/lampada-catalitica-modello-campana\/","og_site_name":"Erbolinea - Store Fragrances","article_publisher":"https:\/\/www.facebook.com\/erbolinea","article_modified_time":"2025-11-08T19:04:36+00:00","og_image":[{"width":1080,"height":1080,"url":"https:\/\/erbolinea.com\/wp-content\/uploads\/2018\/11\/catalitica_campana_bianco_chiusa.jpg","type":"image\/jpeg"}],"twitter_card":"summary_large_image","twitter_misc":{"Verf\u00fcgbarkeit":"Auf Lager"},"schema":{"@context":"https:\/\/schema.org","@graph":[{"@type":"WebPage","@id":"https:\/\/erbolinea.com\/prodotto\/lampada-catalitica-modello-campana\/","url":"https:\/\/erbolinea.com\/prodotto\/lampada-catalitica-modello-campana\/","name":"Katalytische Lampe - Modell Campana | erbolinea online store","isPartOf":{"@id":"https:\/\/erbolinea.com\/#website"},"primaryImageOfPage":{"@id":"https:\/\/erbolinea.com\/prodotto\/lampada-catalitica-modello-campana\/#primaryimage"},"image":{"@id":"https:\/\/erbolinea.com\/prodotto\/lampada-catalitica-modello-campana\/#primaryimage"},"thumbnailUrl":"https:\/\/erbolinea.com\/wp-content\/uploads\/2018\/11\/catalitica_campana_bianco_chiusa.jpg","datePublished":"2018-11-06T18:21:12+00:00","dateModified":"2025-11-08T19:04:36+00:00","description":"Entdecken Sie erbolinea und kaufen Sie duftende Raumessenzen auf unserer Website. Deodorieren Sie Ihre R\u00e4ume mit einer katalytischen Lampe Modell Glocke.","breadcrumb":{"@id":"https:\/\/erbolinea.com\/prodotto\/lampada-catalitica-modello-campana\/#breadcrumb"},"inLanguage":"de","potentialAction":[{"@type":"ReadAction","target":["https:\/\/erbolinea.com\/prodotto\/lampada-catalitica-modello-campana\/"]}]},{"@type":"ImageObject","inLanguage":"de","@id":"https:\/\/erbolinea.com\/prodotto\/lampada-catalitica-modello-campana\/#primaryimage","url":"https:\/\/erbolinea.com\/wp-content\/uploads\/2018\/11\/catalitica_campana_bianco_chiusa.jpg","contentUrl":"https:\/\/erbolinea.com\/wp-content\/uploads\/2018\/11\/catalitica_campana_bianco_chiusa.jpg","width":1080,"height":1080},{"@type":"BreadcrumbList","@id":"https:\/\/erbolinea.com\/prodotto\/lampada-catalitica-modello-campana\/#breadcrumb","itemListElement":[{"@type":"ListItem","position":1,"name":"Home","item":"https:\/\/erbolinea.com\/"},{"@type":"ListItem","position":2,"name":"Shop","item":"https:\/\/erbolinea.com\/shop\/"},{"@type":"ListItem","position":3,"name":"Lampada catalitica &#8211; Modello Campana"}]},{"@type":"WebSite","@id":"https:\/\/erbolinea.com\/#website","url":"https:\/\/erbolinea.com\/","name":"Erbolinea - D\u00fcfte speichern","description":"Raumdiffusoren zu verkaufen","publisher":{"@id":"https:\/\/erbolinea.com\/#organization"},"alternateName":"Erbolinea","potentialAction":[{"@type":"SearchAction","target":{"@type":"EntryPoint","urlTemplate":"https:\/\/erbolinea.com\/?s={search_term_string}"},"query-input":{"@type":"PropertyValueSpecification","valueRequired":true,"valueName":"search_term_string"}}],"inLanguage":"de"},{"@type":"Organization","@id":"https:\/\/erbolinea.com\/#organization","name":"Erbolinea","url":"https:\/\/erbolinea.com\/","logo":{"@type":"ImageObject","inLanguage":"de","@id":"https:\/\/erbolinea.com\/#\/schema\/logo\/image\/","url":"https:\/\/erbolinea.com\/wp-content\/uploads\/2020\/04\/logo-400x83_new.png","contentUrl":"https:\/\/erbolinea.com\/wp-content\/uploads\/2020\/04\/logo-400x83_new.png","width":400,"height":103,"caption":"Erbolinea"},"image":{"@id":"https:\/\/erbolinea.com\/#\/schema\/logo\/image\/"},"sameAs":["https:\/\/www.facebook.com\/erbolinea","https:\/\/www.instagram.com\/erbolinea_fragranze_srl\/","https:\/\/www.youtube.com\/channel\/UCREXSGcI2lrYs6eT9VapG3w"]}]},"product_brand":"Erbolinea","og_availability":"instock","product_availability":"instock","product_retailer_item_id":"cat_campana","product_condition":"new"},"_links":{"self":[{"href":"https:\/\/erbolinea.com\/de\/wp-json\/wp\/v2\/product\/596","targetHints":{"allow":["GET"]}}],"collection":[{"href":"https:\/\/erbolinea.com\/de\/wp-json\/wp\/v2\/product"}],"about":[{"href":"https:\/\/erbolinea.com\/de\/wp-json\/wp\/v2\/types\/product"}],"wp:featuredmedia":[{"embeddable":true,"href":"https:\/\/erbolinea.com\/de\/wp-json\/wp\/v2\/media\/27687"}],"wp:attachment":[{"href":"https:\/\/erbolinea.com\/de\/wp-json\/wp\/v2\/media?parent=596"}],"wp:term":[{"taxonomy":"product_brand","embeddable":true,"href":"https:\/\/erbolinea.com\/de\/wp-json\/wp\/v2\/product_brand?post=596"},{"taxonomy":"product_cat","embeddable":true,"href":"https:\/\/erbolinea.com\/de\/wp-json\/wp\/v2\/product_cat?post=596"},{"taxonomy":"product_tag","embeddable":true,"href":"https:\/\/erbolinea.com\/de\/wp-json\/wp\/v2\/product_tag?post=596"}],"curies":[{"name":"wp","href":"https:\/\/api.w.org\/{rel}","templated":true}]}}