{"id":368,"date":"2018-11-06T17:32:00","date_gmt":"2018-11-06T16:32:00","guid":{"rendered":"https:\/\/erbolinea.com\/?post_type=product&#038;p=368"},"modified":"2026-04-18T13:08:20","modified_gmt":"2026-04-18T11:08:20","slug":"ricariche-fragranze-prestige-2","status":"publish","type":"product","link":"https:\/\/erbolinea.com\/de\/produkt\/ricariche-fragranze-prestige-2\/","title":{"rendered":"Prestige-Duftstoff-Nachf\u00fcllpackungen"},"content":{"rendered":"<p>Erbolinea bietet ein st\u00e4ndig wachsendes Angebot an Nachf\u00fcllpackungen f\u00fcr Raumparf\u00fcmierer mit St\u00e4bchen, von den s\u00fc\u00dfesten D\u00fcften bis hin zu Zitrus-, Frisch-, Gew\u00fcrz-, Blumen- und Gourmantd\u00fcften. Geeignet f\u00fcr die Schaffung einer k\u00f6stlichen und einladenden Atmosph\u00e4re.<\/p>\n<p>Alle unsere Nachf\u00fcllungen werden mit Ersatz-Bambusst\u00e4bchen geliefert. Wir empfehlen den Kauf je nach dem nachzuf\u00fcllenden Parf\u00fcmflakon; wenn Sie z.B. einen 250ml Flakon haben, empfehlen wir Ihnen, die entsprechende Nachf\u00fcllpackung im gleichen Format zu kaufen, da die Menge und Gr\u00f6\u00dfe der St\u00e4bchen proportional zu jeder Parf\u00fcmflakongr\u00f6\u00dfe ist. Wenn Sie eine Nachf\u00fcllpackung kaufen m\u00f6chten, die gr\u00f6\u00dfer ist als der Flakon, der nachgef\u00fcllt werden soll, m\u00fcssen Sie unbedingt auch Ersatzst\u00e4bchen in der Farbe und Gr\u00f6\u00dfe kaufen, die zu dem Flakon in Ihrem Besitz passt. Mit den Nachf\u00fcllpackungen f\u00fcr Raumd\u00fcfte von Erbolinea k\u00f6nnen Sie Ihren Raum jeden Tag aufs Neue wunderbar parf\u00fcmieren! Entdecken Sie alle D\u00fcfte in unserem Shop.<\/p>\n<p>F\u00fcr weitere Informationen stehen wir Ihnen gerne unter ecommerce@erbolinea.it zur Verf\u00fcgung.<\/p>","protected":false},"excerpt":{"rendered":"<p>Erbolinea bietet ein st\u00e4ndig wachsendes Angebot an Nachf\u00fcllpackungen f\u00fcr Raumparf\u00fcmierer mit St\u00e4bchen, von den s\u00fc\u00dfesten D\u00fcften bis hin zu Zitrus-, Frisch-, Gew\u00fcrz-, Blumen- und Gourmantd\u00fcften. Geeignet, um eine k\u00f6stliche und einladende Atmosph\u00e4re zu schaffen. Alle unsere Nachf\u00fcllpackungen werden mit Ersatz-Bambusst\u00e4bchen geliefert. Wir empfehlen den Kauf je nach Duft, der nachgef\u00fcllt werden soll; z.B. [...].","protected":false},"featured_media":5581,"template":"","meta":[],"product_brand":[],"product_cat":[],"product_tag":[],"class_list":{"0":"post-368","1":"product","2":"type-product","3":"status-publish","4":"has-post-thumbnail","7":"first","8":"instock","9":"shipping-taxable","10":"purchasable","11":"product-type-variable","12":"has-default-attributes"},"yoast_head":"<!-- This site is optimized with the Yoast SEO Premium plugin v26.2 (Yoast SEO v26.4) - https:\/\/yoast.com\/wordpress\/plugins\/seo\/ -->\n<title>Ricarica fragranze profumatori per ambiente | Erbolinea<\/title>\n<meta name=\"description\" content=\"Rigenera il tuo ambiente con le ricariche erbolinea. Dal profumo per ambiente al vino rosso,a quello al melograno. Scopri lo shop Erbolinea.\" \/>\n<meta name=\"robots\" content=\"index, follow, max-snippet:-1, max-image-preview:large, max-video-preview:-1\" \/>\n<link rel=\"canonical\" href=\"https:\/\/erbolinea.com\/de\/produkt\/ricariche-fragranze-prestige-2\/\" \/>\n<meta property=\"og:locale\" content=\"de_DE\" \/>\n<meta property=\"og:type\" content=\"article\" \/>\n<meta property=\"og:title\" content=\"Ricariche fragranze Prestige\" \/>\n<meta property=\"og:description\" content=\"Rigenera il tuo ambiente con le ricariche erbolinea. Dal profumo per ambiente al vino rosso,a quello al melograno. Scopri lo shop Erbolinea.\" \/>\n<meta property=\"og:url\" content=\"https:\/\/erbolinea.com\/de\/produkt\/ricariche-fragranze-prestige-2\/\" \/>\n<meta property=\"og:site_name\" content=\"Erbolinea - Store Fragrances\" \/>\n<meta property=\"article:publisher\" content=\"https:\/\/www.facebook.com\/erbolinea\" \/>\n<meta property=\"article:modified_time\" content=\"2026-04-18T11:08:20+00:00\" \/>\n<meta property=\"og:image\" content=\"https:\/\/erbolinea.com\/wp-content\/uploads\/2018\/11\/vin-di_vino-1.jpg\" \/>\n\t<meta property=\"og:image:width\" content=\"1900\" \/>\n\t<meta property=\"og:image:height\" content=\"1900\" \/>\n\t<meta property=\"og:image:type\" content=\"image\/jpeg\" \/>\n<meta name=\"twitter:card\" content=\"summary_large_image\" \/>\n<meta name=\"twitter:label1\" content=\"Verf\u00fcgbarkeit\" \/>\n\t<meta name=\"twitter:data1\" content=\"Auf Lager\" \/>\n<script type=\"application\/ld+json\" class=\"yoast-schema-graph\">{\"@context\":\"https:\/\/schema.org\",\"@graph\":[{\"@type\":\"WebPage\",\"@id\":\"https:\/\/erbolinea.com\/prodotto\/ricariche-fragranze-prestige-2\/\",\"url\":\"https:\/\/erbolinea.com\/prodotto\/ricariche-fragranze-prestige-2\/\",\"name\":\"Ricarica fragranze profumatori per ambiente | Erbolinea\",\"isPartOf\":{\"@id\":\"https:\/\/erbolinea.com\/#website\"},\"primaryImageOfPage\":{\"@id\":\"https:\/\/erbolinea.com\/prodotto\/ricariche-fragranze-prestige-2\/#primaryimage\"},\"image\":{\"@id\":\"https:\/\/erbolinea.com\/prodotto\/ricariche-fragranze-prestige-2\/#primaryimage\"},\"thumbnailUrl\":\"https:\/\/erbolinea.com\/wp-content\/uploads\/2018\/11\/vin-di_vino-1.jpg\",\"datePublished\":\"2018-11-06T16:32:00+00:00\",\"dateModified\":\"2026-04-18T11:08:20+00:00\",\"description\":\"Rigenera il tuo ambiente con le ricariche erbolinea. Dal profumo per ambiente al vino rosso,a quello al melograno. Scopri lo shop Erbolinea.\",\"breadcrumb\":{\"@id\":\"https:\/\/erbolinea.com\/prodotto\/ricariche-fragranze-prestige-2\/#breadcrumb\"},\"inLanguage\":\"de\",\"potentialAction\":[{\"@type\":\"ReadAction\",\"target\":[\"https:\/\/erbolinea.com\/prodotto\/ricariche-fragranze-prestige-2\/\"]}]},{\"@type\":\"ImageObject\",\"inLanguage\":\"de\",\"@id\":\"https:\/\/erbolinea.com\/prodotto\/ricariche-fragranze-prestige-2\/#primaryimage\",\"url\":\"https:\/\/erbolinea.com\/wp-content\/uploads\/2018\/11\/vin-di_vino-1.jpg\",\"contentUrl\":\"https:\/\/erbolinea.com\/wp-content\/uploads\/2018\/11\/vin-di_vino-1.jpg\",\"width\":1900,\"height\":1900},{\"@type\":\"BreadcrumbList\",\"@id\":\"https:\/\/erbolinea.com\/prodotto\/ricariche-fragranze-prestige-2\/#breadcrumb\",\"itemListElement\":[{\"@type\":\"ListItem\",\"position\":1,\"name\":\"Home\",\"item\":\"https:\/\/erbolinea.com\/\"},{\"@type\":\"ListItem\",\"position\":2,\"name\":\"Shop\",\"item\":\"https:\/\/erbolinea.com\/shop\/\"},{\"@type\":\"ListItem\",\"position\":3,\"name\":\"Ricariche fragranze Prestige\"}]},{\"@type\":\"WebSite\",\"@id\":\"https:\/\/erbolinea.com\/#website\",\"url\":\"https:\/\/erbolinea.com\/\",\"name\":\"Erbolinea - Store Fragrances\",\"description\":\"Vendita diffusori di ambiente\",\"publisher\":{\"@id\":\"https:\/\/erbolinea.com\/#organization\"},\"alternateName\":\"Erbolinea\",\"potentialAction\":[{\"@type\":\"SearchAction\",\"target\":{\"@type\":\"EntryPoint\",\"urlTemplate\":\"https:\/\/erbolinea.com\/?s={search_term_string}\"},\"query-input\":{\"@type\":\"PropertyValueSpecification\",\"valueRequired\":true,\"valueName\":\"search_term_string\"}}],\"inLanguage\":\"de\"},{\"@type\":\"Organization\",\"@id\":\"https:\/\/erbolinea.com\/#organization\",\"name\":\"Erbolinea\",\"url\":\"https:\/\/erbolinea.com\/\",\"logo\":{\"@type\":\"ImageObject\",\"inLanguage\":\"de\",\"@id\":\"https:\/\/erbolinea.com\/#\/schema\/logo\/image\/\",\"url\":\"https:\/\/erbolinea.com\/wp-content\/uploads\/2020\/04\/logo-400x83_new.png\",\"contentUrl\":\"https:\/\/erbolinea.com\/wp-content\/uploads\/2020\/04\/logo-400x83_new.png\",\"width\":400,\"height\":103,\"caption\":\"Erbolinea\"},\"image\":{\"@id\":\"https:\/\/erbolinea.com\/#\/schema\/logo\/image\/\"},\"sameAs\":[\"https:\/\/www.facebook.com\/erbolinea\",\"https:\/\/www.instagram.com\/erbolinea_fragranze_srl\/\",\"https:\/\/www.youtube.com\/channel\/UCREXSGcI2lrYs6eT9VapG3w\"]}]}<\/script>\n<meta property=\"product:brand\" content=\"Erbolinea\" \/>\n<meta property=\"og:availability\" content=\"instock\" \/>\n<meta property=\"product:availability\" content=\"instock\" \/>\n<meta property=\"product:retailer_item_id\" content=\"pres_ricar\" \/>\n<meta property=\"product:condition\" content=\"new\" \/>\n<!-- \/ Yoast SEO Premium plugin. -->","yoast_head_json":{"title":"Raumd\u00fcfte nachf\u00fcllen | Erbolinea","description":"Regenerieren Sie Ihre Umgebung mit erbolinea Nachf\u00fcllpackungen. Von Rotwein bis Granatapfel-Raumduft. Entdecken Sie den Erbolinea-Shop.","robots":{"index":"index","follow":"follow","max-snippet":"max-snippet:-1","max-image-preview":"max-image-preview:large","max-video-preview":"max-video-preview:-1"},"canonical":"https:\/\/erbolinea.com\/de\/produkt\/ricariche-fragranze-prestige-2\/","og_locale":"de_DE","og_type":"article","og_title":"Ricariche fragranze Prestige","og_description":"Rigenera il tuo ambiente con le ricariche erbolinea. Dal profumo per ambiente al vino rosso,a quello al melograno. Scopri lo shop Erbolinea.","og_url":"https:\/\/erbolinea.com\/de\/produkt\/ricariche-fragranze-prestige-2\/","og_site_name":"Erbolinea - Store Fragrances","article_publisher":"https:\/\/www.facebook.com\/erbolinea","article_modified_time":"2026-04-18T11:08:20+00:00","og_image":[{"width":1900,"height":1900,"url":"https:\/\/erbolinea.com\/wp-content\/uploads\/2018\/11\/vin-di_vino-1.jpg","type":"image\/jpeg"}],"twitter_card":"summary_large_image","twitter_misc":{"Verf\u00fcgbarkeit":"Auf Lager"},"schema":{"@context":"https:\/\/schema.org","@graph":[{"@type":"WebPage","@id":"https:\/\/erbolinea.com\/prodotto\/ricariche-fragranze-prestige-2\/","url":"https:\/\/erbolinea.com\/prodotto\/ricariche-fragranze-prestige-2\/","name":"Raumd\u00fcfte nachf\u00fcllen | Erbolinea","isPartOf":{"@id":"https:\/\/erbolinea.com\/#website"},"primaryImageOfPage":{"@id":"https:\/\/erbolinea.com\/prodotto\/ricariche-fragranze-prestige-2\/#primaryimage"},"image":{"@id":"https:\/\/erbolinea.com\/prodotto\/ricariche-fragranze-prestige-2\/#primaryimage"},"thumbnailUrl":"https:\/\/erbolinea.com\/wp-content\/uploads\/2018\/11\/vin-di_vino-1.jpg","datePublished":"2018-11-06T16:32:00+00:00","dateModified":"2026-04-18T11:08:20+00:00","description":"Regenerieren Sie Ihre Umgebung mit erbolinea Nachf\u00fcllpackungen. Von Rotwein bis Granatapfel-Raumduft. Entdecken Sie den Erbolinea-Shop.","breadcrumb":{"@id":"https:\/\/erbolinea.com\/prodotto\/ricariche-fragranze-prestige-2\/#breadcrumb"},"inLanguage":"de","potentialAction":[{"@type":"ReadAction","target":["https:\/\/erbolinea.com\/prodotto\/ricariche-fragranze-prestige-2\/"]}]},{"@type":"ImageObject","inLanguage":"de","@id":"https:\/\/erbolinea.com\/prodotto\/ricariche-fragranze-prestige-2\/#primaryimage","url":"https:\/\/erbolinea.com\/wp-content\/uploads\/2018\/11\/vin-di_vino-1.jpg","contentUrl":"https:\/\/erbolinea.com\/wp-content\/uploads\/2018\/11\/vin-di_vino-1.jpg","width":1900,"height":1900},{"@type":"BreadcrumbList","@id":"https:\/\/erbolinea.com\/prodotto\/ricariche-fragranze-prestige-2\/#breadcrumb","itemListElement":[{"@type":"ListItem","position":1,"name":"Home","item":"https:\/\/erbolinea.com\/"},{"@type":"ListItem","position":2,"name":"Shop","item":"https:\/\/erbolinea.com\/shop\/"},{"@type":"ListItem","position":3,"name":"Ricariche fragranze Prestige"}]},{"@type":"WebSite","@id":"https:\/\/erbolinea.com\/#website","url":"https:\/\/erbolinea.com\/","name":"Erbolinea - D\u00fcfte speichern","description":"Raumdiffusoren zu verkaufen","publisher":{"@id":"https:\/\/erbolinea.com\/#organization"},"alternateName":"Erbolinea","potentialAction":[{"@type":"SearchAction","target":{"@type":"EntryPoint","urlTemplate":"https:\/\/erbolinea.com\/?s={search_term_string}"},"query-input":{"@type":"PropertyValueSpecification","valueRequired":true,"valueName":"search_term_string"}}],"inLanguage":"de"},{"@type":"Organization","@id":"https:\/\/erbolinea.com\/#organization","name":"Erbolinea","url":"https:\/\/erbolinea.com\/","logo":{"@type":"ImageObject","inLanguage":"de","@id":"https:\/\/erbolinea.com\/#\/schema\/logo\/image\/","url":"https:\/\/erbolinea.com\/wp-content\/uploads\/2020\/04\/logo-400x83_new.png","contentUrl":"https:\/\/erbolinea.com\/wp-content\/uploads\/2020\/04\/logo-400x83_new.png","width":400,"height":103,"caption":"Erbolinea"},"image":{"@id":"https:\/\/erbolinea.com\/#\/schema\/logo\/image\/"},"sameAs":["https:\/\/www.facebook.com\/erbolinea","https:\/\/www.instagram.com\/erbolinea_fragranze_srl\/","https:\/\/www.youtube.com\/channel\/UCREXSGcI2lrYs6eT9VapG3w"]}]},"product_brand":"Erbolinea","og_availability":"instock","product_availability":"instock","product_retailer_item_id":"pres_ricar","product_condition":"new"},"_links":{"self":[{"href":"https:\/\/erbolinea.com\/de\/wp-json\/wp\/v2\/product\/368","targetHints":{"allow":["GET"]}}],"collection":[{"href":"https:\/\/erbolinea.com\/de\/wp-json\/wp\/v2\/product"}],"about":[{"href":"https:\/\/erbolinea.com\/de\/wp-json\/wp\/v2\/types\/product"}],"wp:featuredmedia":[{"embeddable":true,"href":"https:\/\/erbolinea.com\/de\/wp-json\/wp\/v2\/media\/5581"}],"wp:attachment":[{"href":"https:\/\/erbolinea.com\/de\/wp-json\/wp\/v2\/media?parent=368"}],"wp:term":[{"taxonomy":"product_brand","embeddable":true,"href":"https:\/\/erbolinea.com\/de\/wp-json\/wp\/v2\/product_brand?post=368"},{"taxonomy":"product_cat","embeddable":true,"href":"https:\/\/erbolinea.com\/de\/wp-json\/wp\/v2\/product_cat?post=368"},{"taxonomy":"product_tag","embeddable":true,"href":"https:\/\/erbolinea.com\/de\/wp-json\/wp\/v2\/product_tag?post=368"}],"curies":[{"name":"wp","href":"https:\/\/api.w.org\/{rel}","templated":true}]}}