{"id":25933,"date":"2025-05-15T12:50:13","date_gmt":"2025-05-15T10:50:13","guid":{"rendered":"https:\/\/erbolinea.com\/?post_type=product&#038;p=25933"},"modified":"2025-10-22T13:37:42","modified_gmt":"2025-10-22T11:37:42","slug":"ricariche-fragranze-i-ricordi","status":"publish","type":"product","link":"https:\/\/erbolinea.com\/de\/produkt\/ricariche-fragranze-i-ricordi\/","title":{"rendered":"I Ricordi Parf\u00fcm Nachf\u00fcllpackungen"},"content":{"rendered":"<p>Machen Sie Ihr Zuhause zu einem sinnlichen Erlebnis mit den Raumd\u00fcften mit St\u00e4bchen von Erbolinea. Lassen Sie sich von einem Dufterlebnis \u00fcberw\u00e4ltigen mit den <a href=\"https:\/\/erbolinea.com\/de\/product-category\/profumi-per-ambiente-con-bastoncini-e-ricariche\/\">Raumduft<\/a> mit St\u00e4bchen aus der Linie i ricordi von Erbolinea.<\/p>","protected":false},"excerpt":{"rendered":"<p>Verleihen Sie Ihrem Zuhause ein sinnliches Erlebnis mit den Raumduftst\u00e4bchen von Erbolinea. Lassen Sie sich von einem Dufterlebnis mit den Raumduftst\u00e4bchen aus der i ricordi-Linie von Erbolinea \u00fcberw\u00e4ltigen.<\/p>","protected":false},"featured_media":25952,"template":"","meta":[],"product_brand":[],"product_cat":[],"product_tag":[],"class_list":{"0":"post-25933","1":"product","2":"type-product","3":"status-publish","4":"has-post-thumbnail","7":"first","8":"instock","9":"shipping-taxable","10":"purchasable","11":"product-type-variable"},"yoast_head":"<!-- This site is optimized with the Yoast SEO Premium plugin v26.2 (Yoast SEO v26.4) - https:\/\/yoast.com\/wordpress\/plugins\/seo\/ -->\n<title>ricariche profumatori ambiente bastoncini | ricariche diffusori con bastoncini<\/title>\n<meta name=\"description\" content=\"Lasciati trasportare dalle ricariche profumatori ambiente con bastoncini di erbolinea store online. Acquista sul nostro store Erbolinea.\" \/>\n<meta name=\"robots\" content=\"index, follow, max-snippet:-1, max-image-preview:large, max-video-preview:-1\" \/>\n<link rel=\"canonical\" href=\"https:\/\/erbolinea.com\/de\/produkt\/ricariche-fragranze-i-ricordi\/\" \/>\n<meta property=\"og:locale\" content=\"de_DE\" \/>\n<meta property=\"og:type\" content=\"article\" \/>\n<meta property=\"og:title\" content=\"Ricariche Fragranze I Ricordi\" \/>\n<meta property=\"og:description\" content=\"Lasciati trasportare dalle ricariche profumatori ambiente con bastoncini di erbolinea store online. Acquista sul nostro store Erbolinea.\" \/>\n<meta property=\"og:url\" content=\"https:\/\/erbolinea.com\/de\/produkt\/ricariche-fragranze-i-ricordi\/\" \/>\n<meta property=\"og:site_name\" content=\"Erbolinea - Store Fragrances\" \/>\n<meta property=\"article:publisher\" content=\"https:\/\/www.facebook.com\/erbolinea\" \/>\n<meta property=\"article:modified_time\" content=\"2025-10-22T11:37:42+00:00\" \/>\n<meta property=\"og:image\" content=\"https:\/\/erbolinea.com\/wp-content\/uploads\/2025\/05\/ricordi-essenza-mediterranea-ricarica.jpg\" \/>\n\t<meta property=\"og:image:width\" content=\"1800\" \/>\n\t<meta property=\"og:image:height\" content=\"1800\" \/>\n\t<meta property=\"og:image:type\" content=\"image\/jpeg\" \/>\n<meta name=\"twitter:card\" content=\"summary_large_image\" \/>\n<meta name=\"twitter:label1\" content=\"Verf\u00fcgbarkeit\" \/>\n\t<meta name=\"twitter:data1\" content=\"Auf Lager\" \/>\n<script type=\"application\/ld+json\" class=\"yoast-schema-graph\">{\"@context\":\"https:\/\/schema.org\",\"@graph\":[{\"@type\":\"WebPage\",\"@id\":\"https:\/\/erbolinea.com\/prodotto\/ricariche-fragranze-i-ricordi\/\",\"url\":\"https:\/\/erbolinea.com\/prodotto\/ricariche-fragranze-i-ricordi\/\",\"name\":\"ricariche profumatori ambiente bastoncini | ricariche diffusori con bastoncini\",\"isPartOf\":{\"@id\":\"https:\/\/erbolinea.com\/#website\"},\"primaryImageOfPage\":{\"@id\":\"https:\/\/erbolinea.com\/prodotto\/ricariche-fragranze-i-ricordi\/#primaryimage\"},\"image\":{\"@id\":\"https:\/\/erbolinea.com\/prodotto\/ricariche-fragranze-i-ricordi\/#primaryimage\"},\"thumbnailUrl\":\"https:\/\/erbolinea.com\/wp-content\/uploads\/2025\/05\/ricordi-essenza-mediterranea-ricarica.jpg\",\"datePublished\":\"2025-05-15T10:50:13+00:00\",\"dateModified\":\"2025-10-22T11:37:42+00:00\",\"description\":\"Lasciati trasportare dalle ricariche profumatori ambiente con bastoncini di erbolinea store online. Acquista sul nostro store Erbolinea.\",\"breadcrumb\":{\"@id\":\"https:\/\/erbolinea.com\/prodotto\/ricariche-fragranze-i-ricordi\/#breadcrumb\"},\"inLanguage\":\"de\",\"potentialAction\":[{\"@type\":\"ReadAction\",\"target\":[\"https:\/\/erbolinea.com\/prodotto\/ricariche-fragranze-i-ricordi\/\"]}]},{\"@type\":\"ImageObject\",\"inLanguage\":\"de\",\"@id\":\"https:\/\/erbolinea.com\/prodotto\/ricariche-fragranze-i-ricordi\/#primaryimage\",\"url\":\"https:\/\/erbolinea.com\/wp-content\/uploads\/2025\/05\/ricordi-essenza-mediterranea-ricarica.jpg\",\"contentUrl\":\"https:\/\/erbolinea.com\/wp-content\/uploads\/2025\/05\/ricordi-essenza-mediterranea-ricarica.jpg\",\"width\":1800,\"height\":1800},{\"@type\":\"BreadcrumbList\",\"@id\":\"https:\/\/erbolinea.com\/prodotto\/ricariche-fragranze-i-ricordi\/#breadcrumb\",\"itemListElement\":[{\"@type\":\"ListItem\",\"position\":1,\"name\":\"Home\",\"item\":\"https:\/\/erbolinea.com\/\"},{\"@type\":\"ListItem\",\"position\":2,\"name\":\"Shop\",\"item\":\"https:\/\/erbolinea.com\/shop\/\"},{\"@type\":\"ListItem\",\"position\":3,\"name\":\"Ricariche Fragranze I Ricordi\"}]},{\"@type\":\"WebSite\",\"@id\":\"https:\/\/erbolinea.com\/#website\",\"url\":\"https:\/\/erbolinea.com\/\",\"name\":\"Erbolinea - Store Fragrances\",\"description\":\"Vendita diffusori di ambiente\",\"publisher\":{\"@id\":\"https:\/\/erbolinea.com\/#organization\"},\"alternateName\":\"Erbolinea\",\"potentialAction\":[{\"@type\":\"SearchAction\",\"target\":{\"@type\":\"EntryPoint\",\"urlTemplate\":\"https:\/\/erbolinea.com\/?s={search_term_string}\"},\"query-input\":{\"@type\":\"PropertyValueSpecification\",\"valueRequired\":true,\"valueName\":\"search_term_string\"}}],\"inLanguage\":\"de\"},{\"@type\":\"Organization\",\"@id\":\"https:\/\/erbolinea.com\/#organization\",\"name\":\"Erbolinea\",\"url\":\"https:\/\/erbolinea.com\/\",\"logo\":{\"@type\":\"ImageObject\",\"inLanguage\":\"de\",\"@id\":\"https:\/\/erbolinea.com\/#\/schema\/logo\/image\/\",\"url\":\"https:\/\/erbolinea.com\/wp-content\/uploads\/2020\/04\/logo-400x83_new.png\",\"contentUrl\":\"https:\/\/erbolinea.com\/wp-content\/uploads\/2020\/04\/logo-400x83_new.png\",\"width\":400,\"height\":103,\"caption\":\"Erbolinea\"},\"image\":{\"@id\":\"https:\/\/erbolinea.com\/#\/schema\/logo\/image\/\"},\"sameAs\":[\"https:\/\/www.facebook.com\/erbolinea\",\"https:\/\/www.instagram.com\/erbolinea_fragranze_srl\/\",\"https:\/\/www.youtube.com\/channel\/UCREXSGcI2lrYs6eT9VapG3w\"]}]}<\/script>\n<meta property=\"product:brand\" content=\"Erbolinea\" \/>\n<meta property=\"og:availability\" content=\"instock\" \/>\n<meta property=\"product:availability\" content=\"instock\" \/>\n<meta property=\"product:retailer_item_id\" content=\"ricordi_ricarica\" \/>\n<meta property=\"product:condition\" content=\"new\" \/>\n<!-- \/ Yoast SEO Premium plugin. -->","yoast_head_json":{"title":"l\u00e4dt Raumdiffusoren mit St\u00e4bchen auf | l\u00e4dt Raumdiffusoren mit St\u00e4bchen auf","description":"G\u00f6nnen Sie sich Raumduft-Nachf\u00fcllungen mit St\u00e4bchen aus dem Erbolinea-Onlineshop. Kaufen Sie in unserem Erbolinea Shop.","robots":{"index":"index","follow":"follow","max-snippet":"max-snippet:-1","max-image-preview":"max-image-preview:large","max-video-preview":"max-video-preview:-1"},"canonical":"https:\/\/erbolinea.com\/de\/produkt\/ricariche-fragranze-i-ricordi\/","og_locale":"de_DE","og_type":"article","og_title":"Ricariche Fragranze I Ricordi","og_description":"Lasciati trasportare dalle ricariche profumatori ambiente con bastoncini di erbolinea store online. Acquista sul nostro store Erbolinea.","og_url":"https:\/\/erbolinea.com\/de\/produkt\/ricariche-fragranze-i-ricordi\/","og_site_name":"Erbolinea - Store Fragrances","article_publisher":"https:\/\/www.facebook.com\/erbolinea","article_modified_time":"2025-10-22T11:37:42+00:00","og_image":[{"width":1800,"height":1800,"url":"https:\/\/erbolinea.com\/wp-content\/uploads\/2025\/05\/ricordi-essenza-mediterranea-ricarica.jpg","type":"image\/jpeg"}],"twitter_card":"summary_large_image","twitter_misc":{"Verf\u00fcgbarkeit":"Auf Lager"},"schema":{"@context":"https:\/\/schema.org","@graph":[{"@type":"WebPage","@id":"https:\/\/erbolinea.com\/prodotto\/ricariche-fragranze-i-ricordi\/","url":"https:\/\/erbolinea.com\/prodotto\/ricariche-fragranze-i-ricordi\/","name":"l\u00e4dt Raumdiffusoren mit St\u00e4bchen auf | l\u00e4dt Raumdiffusoren mit St\u00e4bchen auf","isPartOf":{"@id":"https:\/\/erbolinea.com\/#website"},"primaryImageOfPage":{"@id":"https:\/\/erbolinea.com\/prodotto\/ricariche-fragranze-i-ricordi\/#primaryimage"},"image":{"@id":"https:\/\/erbolinea.com\/prodotto\/ricariche-fragranze-i-ricordi\/#primaryimage"},"thumbnailUrl":"https:\/\/erbolinea.com\/wp-content\/uploads\/2025\/05\/ricordi-essenza-mediterranea-ricarica.jpg","datePublished":"2025-05-15T10:50:13+00:00","dateModified":"2025-10-22T11:37:42+00:00","description":"G\u00f6nnen Sie sich Raumduft-Nachf\u00fcllungen mit St\u00e4bchen aus dem Erbolinea-Onlineshop. Kaufen Sie in unserem Erbolinea Shop.","breadcrumb":{"@id":"https:\/\/erbolinea.com\/prodotto\/ricariche-fragranze-i-ricordi\/#breadcrumb"},"inLanguage":"de","potentialAction":[{"@type":"ReadAction","target":["https:\/\/erbolinea.com\/prodotto\/ricariche-fragranze-i-ricordi\/"]}]},{"@type":"ImageObject","inLanguage":"de","@id":"https:\/\/erbolinea.com\/prodotto\/ricariche-fragranze-i-ricordi\/#primaryimage","url":"https:\/\/erbolinea.com\/wp-content\/uploads\/2025\/05\/ricordi-essenza-mediterranea-ricarica.jpg","contentUrl":"https:\/\/erbolinea.com\/wp-content\/uploads\/2025\/05\/ricordi-essenza-mediterranea-ricarica.jpg","width":1800,"height":1800},{"@type":"BreadcrumbList","@id":"https:\/\/erbolinea.com\/prodotto\/ricariche-fragranze-i-ricordi\/#breadcrumb","itemListElement":[{"@type":"ListItem","position":1,"name":"Home","item":"https:\/\/erbolinea.com\/"},{"@type":"ListItem","position":2,"name":"Shop","item":"https:\/\/erbolinea.com\/shop\/"},{"@type":"ListItem","position":3,"name":"Ricariche Fragranze I Ricordi"}]},{"@type":"WebSite","@id":"https:\/\/erbolinea.com\/#website","url":"https:\/\/erbolinea.com\/","name":"Erbolinea - D\u00fcfte speichern","description":"Raumdiffusoren zu verkaufen","publisher":{"@id":"https:\/\/erbolinea.com\/#organization"},"alternateName":"Erbolinea","potentialAction":[{"@type":"SearchAction","target":{"@type":"EntryPoint","urlTemplate":"https:\/\/erbolinea.com\/?s={search_term_string}"},"query-input":{"@type":"PropertyValueSpecification","valueRequired":true,"valueName":"search_term_string"}}],"inLanguage":"de"},{"@type":"Organization","@id":"https:\/\/erbolinea.com\/#organization","name":"Erbolinea","url":"https:\/\/erbolinea.com\/","logo":{"@type":"ImageObject","inLanguage":"de","@id":"https:\/\/erbolinea.com\/#\/schema\/logo\/image\/","url":"https:\/\/erbolinea.com\/wp-content\/uploads\/2020\/04\/logo-400x83_new.png","contentUrl":"https:\/\/erbolinea.com\/wp-content\/uploads\/2020\/04\/logo-400x83_new.png","width":400,"height":103,"caption":"Erbolinea"},"image":{"@id":"https:\/\/erbolinea.com\/#\/schema\/logo\/image\/"},"sameAs":["https:\/\/www.facebook.com\/erbolinea","https:\/\/www.instagram.com\/erbolinea_fragranze_srl\/","https:\/\/www.youtube.com\/channel\/UCREXSGcI2lrYs6eT9VapG3w"]}]},"product_brand":"Erbolinea","og_availability":"instock","product_availability":"instock","product_retailer_item_id":"ricordi_ricarica","product_condition":"new"},"_links":{"self":[{"href":"https:\/\/erbolinea.com\/de\/wp-json\/wp\/v2\/product\/25933","targetHints":{"allow":["GET"]}}],"collection":[{"href":"https:\/\/erbolinea.com\/de\/wp-json\/wp\/v2\/product"}],"about":[{"href":"https:\/\/erbolinea.com\/de\/wp-json\/wp\/v2\/types\/product"}],"wp:featuredmedia":[{"embeddable":true,"href":"https:\/\/erbolinea.com\/de\/wp-json\/wp\/v2\/media\/25952"}],"wp:attachment":[{"href":"https:\/\/erbolinea.com\/de\/wp-json\/wp\/v2\/media?parent=25933"}],"wp:term":[{"taxonomy":"product_brand","embeddable":true,"href":"https:\/\/erbolinea.com\/de\/wp-json\/wp\/v2\/product_brand?post=25933"},{"taxonomy":"product_cat","embeddable":true,"href":"https:\/\/erbolinea.com\/de\/wp-json\/wp\/v2\/product_cat?post=25933"},{"taxonomy":"product_tag","embeddable":true,"href":"https:\/\/erbolinea.com\/de\/wp-json\/wp\/v2\/product_tag?post=25933"}],"curies":[{"name":"wp","href":"https:\/\/api.w.org\/{rel}","templated":true}]}}