{"id":25520,"date":"2025-03-06T10:03:30","date_gmt":"2025-03-06T09:03:30","guid":{"rendered":"https:\/\/erbolinea.com\/?post_type=product&#038;p=25520"},"modified":"2026-04-09T10:12:19","modified_gmt":"2026-04-09T08:12:19","slug":"linea-intenso-home-spray-fragranze-i-ricordi","status":"publish","type":"product","link":"https:\/\/erbolinea.com\/de\/produkt\/linea-intenso-home-spray-fragranze-i-ricordi\/","title":{"rendered":"Linea Intenso Home Spray &#8211; Fragranze I Ricordi"},"content":{"rendered":"<p>Die Linie Intenso <a href=\"https:\/\/erbolinea.com\/de\/produkt\/intenso-home-spray-linea-i-ricordi\/\">Heimspray<\/a> Gestalten Sie Ihre R\u00e4ume individuell und schenken Sie lang anhaltende Emotionen dank des praktischen 100-ml-Beh\u00e4lters mit starker Abgabe und hoher Duftkonzentration, der Tag f\u00fcr Tag intime und gem\u00fctliche Atmosph\u00e4ren schafft.<\/p>\n<h6><\/h6>","protected":false},"excerpt":{"rendered":"<p>Die Intenso Home Spray-Linie verleiht Ihren R\u00e4umen eine pers\u00f6nliche Note und sorgt dank des praktischen 100-ml-Beh\u00e4lters mit starker Abgabe und hoher Duftkonzentration f\u00fcr lang anhaltende Emotionen, die Tag f\u00fcr Tag eine intime und gem\u00fctliche Atmosph\u00e4re schaffen.<\/p>","protected":false},"featured_media":25566,"template":"","meta":[],"product_brand":[],"product_cat":[],"product_tag":[],"class_list":{"0":"post-25520","1":"product","2":"type-product","3":"status-publish","4":"has-post-thumbnail","7":"first","8":"instock","9":"shipping-taxable","10":"purchasable","11":"product-type-variable"},"yoast_head":"<!-- This site is optimized with the Yoast SEO Premium plugin v26.2 (Yoast SEO v26.4) - https:\/\/yoast.com\/wordpress\/plugins\/seo\/ -->\n<title>home spray vin di vino | erbolinea profumazioni | fragranze per la casa<\/title>\n<meta name=\"description\" content=\"Regala esperienze durature con le nostre fragranze home spray. Dalla home spray vin di vino, ai legni imperiali fino al rosato di vino.\" \/>\n<meta name=\"robots\" content=\"index, follow, max-snippet:-1, max-image-preview:large, max-video-preview:-1\" \/>\n<link rel=\"canonical\" href=\"https:\/\/erbolinea.com\/de\/produkt\/linea-intenso-home-spray-fragranze-i-ricordi\/\" \/>\n<meta property=\"og:locale\" content=\"de_DE\" \/>\n<meta property=\"og:type\" content=\"article\" \/>\n<meta property=\"og:title\" content=\"Linea Intenso Home Spray - Fragranze I Ricordi\" \/>\n<meta property=\"og:description\" content=\"Regala esperienze durature con le nostre fragranze home spray. Dalla home spray vin di vino, ai legni imperiali fino al rosato di vino.\" \/>\n<meta property=\"og:url\" content=\"https:\/\/erbolinea.com\/de\/produkt\/linea-intenso-home-spray-fragranze-i-ricordi\/\" \/>\n<meta property=\"og:site_name\" content=\"Erbolinea - Store Fragrances\" \/>\n<meta property=\"article:publisher\" content=\"https:\/\/www.facebook.com\/erbolinea\" \/>\n<meta property=\"article:modified_time\" content=\"2026-04-09T08:12:19+00:00\" \/>\n<meta property=\"og:image\" content=\"https:\/\/erbolinea.com\/wp-content\/uploads\/2025\/03\/ricordi-essenza-mediterranea-100ml-front-spray.jpg\" \/>\n\t<meta property=\"og:image:width\" content=\"1800\" \/>\n\t<meta property=\"og:image:height\" content=\"1800\" \/>\n\t<meta property=\"og:image:type\" content=\"image\/jpeg\" \/>\n<meta name=\"twitter:card\" content=\"summary_large_image\" \/>\n<meta name=\"twitter:label1\" content=\"Verf\u00fcgbarkeit\" \/>\n\t<meta name=\"twitter:data1\" content=\"Auf Lager\" \/>\n<script type=\"application\/ld+json\" class=\"yoast-schema-graph\">{\"@context\":\"https:\/\/schema.org\",\"@graph\":[{\"@type\":\"WebPage\",\"@id\":\"https:\/\/erbolinea.com\/prodotto\/linea-intenso-home-spray-fragranze-i-ricordi\/\",\"url\":\"https:\/\/erbolinea.com\/prodotto\/linea-intenso-home-spray-fragranze-i-ricordi\/\",\"name\":\"home spray vin di vino | erbolinea profumazioni | fragranze per la casa\",\"isPartOf\":{\"@id\":\"https:\/\/erbolinea.com\/#website\"},\"primaryImageOfPage\":{\"@id\":\"https:\/\/erbolinea.com\/prodotto\/linea-intenso-home-spray-fragranze-i-ricordi\/#primaryimage\"},\"image\":{\"@id\":\"https:\/\/erbolinea.com\/prodotto\/linea-intenso-home-spray-fragranze-i-ricordi\/#primaryimage\"},\"thumbnailUrl\":\"https:\/\/erbolinea.com\/wp-content\/uploads\/2025\/03\/ricordi-essenza-mediterranea-100ml-front-spray.jpg\",\"datePublished\":\"2025-03-06T09:03:30+00:00\",\"dateModified\":\"2026-04-09T08:12:19+00:00\",\"description\":\"Regala esperienze durature con le nostre fragranze home spray. Dalla home spray vin di vino, ai legni imperiali fino al rosato di vino.\",\"breadcrumb\":{\"@id\":\"https:\/\/erbolinea.com\/prodotto\/linea-intenso-home-spray-fragranze-i-ricordi\/#breadcrumb\"},\"inLanguage\":\"de\",\"potentialAction\":[{\"@type\":\"ReadAction\",\"target\":[\"https:\/\/erbolinea.com\/prodotto\/linea-intenso-home-spray-fragranze-i-ricordi\/\"]}]},{\"@type\":\"ImageObject\",\"inLanguage\":\"de\",\"@id\":\"https:\/\/erbolinea.com\/prodotto\/linea-intenso-home-spray-fragranze-i-ricordi\/#primaryimage\",\"url\":\"https:\/\/erbolinea.com\/wp-content\/uploads\/2025\/03\/ricordi-essenza-mediterranea-100ml-front-spray.jpg\",\"contentUrl\":\"https:\/\/erbolinea.com\/wp-content\/uploads\/2025\/03\/ricordi-essenza-mediterranea-100ml-front-spray.jpg\",\"width\":1800,\"height\":1800},{\"@type\":\"BreadcrumbList\",\"@id\":\"https:\/\/erbolinea.com\/prodotto\/linea-intenso-home-spray-fragranze-i-ricordi\/#breadcrumb\",\"itemListElement\":[{\"@type\":\"ListItem\",\"position\":1,\"name\":\"Home\",\"item\":\"https:\/\/erbolinea.com\/\"},{\"@type\":\"ListItem\",\"position\":2,\"name\":\"Shop\",\"item\":\"https:\/\/erbolinea.com\/shop\/\"},{\"@type\":\"ListItem\",\"position\":3,\"name\":\"Linea Intenso Home Spray &#8211; Fragranze I Ricordi\"}]},{\"@type\":\"WebSite\",\"@id\":\"https:\/\/erbolinea.com\/#website\",\"url\":\"https:\/\/erbolinea.com\/\",\"name\":\"Erbolinea - Store Fragrances\",\"description\":\"Vendita diffusori di ambiente\",\"publisher\":{\"@id\":\"https:\/\/erbolinea.com\/#organization\"},\"alternateName\":\"Erbolinea\",\"potentialAction\":[{\"@type\":\"SearchAction\",\"target\":{\"@type\":\"EntryPoint\",\"urlTemplate\":\"https:\/\/erbolinea.com\/?s={search_term_string}\"},\"query-input\":{\"@type\":\"PropertyValueSpecification\",\"valueRequired\":true,\"valueName\":\"search_term_string\"}}],\"inLanguage\":\"de\"},{\"@type\":\"Organization\",\"@id\":\"https:\/\/erbolinea.com\/#organization\",\"name\":\"Erbolinea\",\"url\":\"https:\/\/erbolinea.com\/\",\"logo\":{\"@type\":\"ImageObject\",\"inLanguage\":\"de\",\"@id\":\"https:\/\/erbolinea.com\/#\/schema\/logo\/image\/\",\"url\":\"https:\/\/erbolinea.com\/wp-content\/uploads\/2020\/04\/logo-400x83_new.png\",\"contentUrl\":\"https:\/\/erbolinea.com\/wp-content\/uploads\/2020\/04\/logo-400x83_new.png\",\"width\":400,\"height\":103,\"caption\":\"Erbolinea\"},\"image\":{\"@id\":\"https:\/\/erbolinea.com\/#\/schema\/logo\/image\/\"},\"sameAs\":[\"https:\/\/www.facebook.com\/erbolinea\",\"https:\/\/www.instagram.com\/erbolinea_fragranze_srl\/\",\"https:\/\/www.youtube.com\/channel\/UCREXSGcI2lrYs6eT9VapG3w\"]}]}<\/script>\n<meta property=\"product:brand\" content=\"Erbolinea\" \/>\n<meta property=\"og:availability\" content=\"instock\" \/>\n<meta property=\"product:availability\" content=\"instock\" \/>\n<meta property=\"product:retailer_item_id\" content=\"erboff_inthome_ricordi\" \/>\n<meta property=\"product:condition\" content=\"new\" \/>\n<!-- \/ Yoast SEO Premium plugin. -->","yoast_head_json":{"title":"Weinsprays f\u00fcr zu Hause | herbolinea D\u00fcfte | D\u00fcfte f\u00fcr zu Hause","description":"Schenken Sie bleibende Erlebnisse mit unseren Heimspray-D\u00fcften. Von Wein Home Spray \u00fcber Imperial Woods bis hin zu Wein Ros\u00e9.","robots":{"index":"index","follow":"follow","max-snippet":"max-snippet:-1","max-image-preview":"max-image-preview:large","max-video-preview":"max-video-preview:-1"},"canonical":"https:\/\/erbolinea.com\/de\/produkt\/linea-intenso-home-spray-fragranze-i-ricordi\/","og_locale":"de_DE","og_type":"article","og_title":"Linea Intenso Home Spray - Fragranze I Ricordi","og_description":"Regala esperienze durature con le nostre fragranze home spray. Dalla home spray vin di vino, ai legni imperiali fino al rosato di vino.","og_url":"https:\/\/erbolinea.com\/de\/produkt\/linea-intenso-home-spray-fragranze-i-ricordi\/","og_site_name":"Erbolinea - Store Fragrances","article_publisher":"https:\/\/www.facebook.com\/erbolinea","article_modified_time":"2026-04-09T08:12:19+00:00","og_image":[{"width":1800,"height":1800,"url":"https:\/\/erbolinea.com\/wp-content\/uploads\/2025\/03\/ricordi-essenza-mediterranea-100ml-front-spray.jpg","type":"image\/jpeg"}],"twitter_card":"summary_large_image","twitter_misc":{"Verf\u00fcgbarkeit":"Auf Lager"},"schema":{"@context":"https:\/\/schema.org","@graph":[{"@type":"WebPage","@id":"https:\/\/erbolinea.com\/prodotto\/linea-intenso-home-spray-fragranze-i-ricordi\/","url":"https:\/\/erbolinea.com\/prodotto\/linea-intenso-home-spray-fragranze-i-ricordi\/","name":"Weinsprays f\u00fcr zu Hause | herbolinea D\u00fcfte | D\u00fcfte f\u00fcr zu Hause","isPartOf":{"@id":"https:\/\/erbolinea.com\/#website"},"primaryImageOfPage":{"@id":"https:\/\/erbolinea.com\/prodotto\/linea-intenso-home-spray-fragranze-i-ricordi\/#primaryimage"},"image":{"@id":"https:\/\/erbolinea.com\/prodotto\/linea-intenso-home-spray-fragranze-i-ricordi\/#primaryimage"},"thumbnailUrl":"https:\/\/erbolinea.com\/wp-content\/uploads\/2025\/03\/ricordi-essenza-mediterranea-100ml-front-spray.jpg","datePublished":"2025-03-06T09:03:30+00:00","dateModified":"2026-04-09T08:12:19+00:00","description":"Schenken Sie bleibende Erlebnisse mit unseren Heimspray-D\u00fcften. Von Wein Home Spray \u00fcber Imperial Woods bis hin zu Wein Ros\u00e9.","breadcrumb":{"@id":"https:\/\/erbolinea.com\/prodotto\/linea-intenso-home-spray-fragranze-i-ricordi\/#breadcrumb"},"inLanguage":"de","potentialAction":[{"@type":"ReadAction","target":["https:\/\/erbolinea.com\/prodotto\/linea-intenso-home-spray-fragranze-i-ricordi\/"]}]},{"@type":"ImageObject","inLanguage":"de","@id":"https:\/\/erbolinea.com\/prodotto\/linea-intenso-home-spray-fragranze-i-ricordi\/#primaryimage","url":"https:\/\/erbolinea.com\/wp-content\/uploads\/2025\/03\/ricordi-essenza-mediterranea-100ml-front-spray.jpg","contentUrl":"https:\/\/erbolinea.com\/wp-content\/uploads\/2025\/03\/ricordi-essenza-mediterranea-100ml-front-spray.jpg","width":1800,"height":1800},{"@type":"BreadcrumbList","@id":"https:\/\/erbolinea.com\/prodotto\/linea-intenso-home-spray-fragranze-i-ricordi\/#breadcrumb","itemListElement":[{"@type":"ListItem","position":1,"name":"Home","item":"https:\/\/erbolinea.com\/"},{"@type":"ListItem","position":2,"name":"Shop","item":"https:\/\/erbolinea.com\/shop\/"},{"@type":"ListItem","position":3,"name":"Linea Intenso Home Spray &#8211; Fragranze I Ricordi"}]},{"@type":"WebSite","@id":"https:\/\/erbolinea.com\/#website","url":"https:\/\/erbolinea.com\/","name":"Erbolinea - D\u00fcfte speichern","description":"Raumdiffusoren zu verkaufen","publisher":{"@id":"https:\/\/erbolinea.com\/#organization"},"alternateName":"Erbolinea","potentialAction":[{"@type":"SearchAction","target":{"@type":"EntryPoint","urlTemplate":"https:\/\/erbolinea.com\/?s={search_term_string}"},"query-input":{"@type":"PropertyValueSpecification","valueRequired":true,"valueName":"search_term_string"}}],"inLanguage":"de"},{"@type":"Organization","@id":"https:\/\/erbolinea.com\/#organization","name":"Erbolinea","url":"https:\/\/erbolinea.com\/","logo":{"@type":"ImageObject","inLanguage":"de","@id":"https:\/\/erbolinea.com\/#\/schema\/logo\/image\/","url":"https:\/\/erbolinea.com\/wp-content\/uploads\/2020\/04\/logo-400x83_new.png","contentUrl":"https:\/\/erbolinea.com\/wp-content\/uploads\/2020\/04\/logo-400x83_new.png","width":400,"height":103,"caption":"Erbolinea"},"image":{"@id":"https:\/\/erbolinea.com\/#\/schema\/logo\/image\/"},"sameAs":["https:\/\/www.facebook.com\/erbolinea","https:\/\/www.instagram.com\/erbolinea_fragranze_srl\/","https:\/\/www.youtube.com\/channel\/UCREXSGcI2lrYs6eT9VapG3w"]}]},"product_brand":"Erbolinea","og_availability":"instock","product_availability":"instock","product_retailer_item_id":"erboff_inthome_ricordi","product_condition":"new"},"_links":{"self":[{"href":"https:\/\/erbolinea.com\/de\/wp-json\/wp\/v2\/product\/25520","targetHints":{"allow":["GET"]}}],"collection":[{"href":"https:\/\/erbolinea.com\/de\/wp-json\/wp\/v2\/product"}],"about":[{"href":"https:\/\/erbolinea.com\/de\/wp-json\/wp\/v2\/types\/product"}],"wp:featuredmedia":[{"embeddable":true,"href":"https:\/\/erbolinea.com\/de\/wp-json\/wp\/v2\/media\/25566"}],"wp:attachment":[{"href":"https:\/\/erbolinea.com\/de\/wp-json\/wp\/v2\/media?parent=25520"}],"wp:term":[{"taxonomy":"product_brand","embeddable":true,"href":"https:\/\/erbolinea.com\/de\/wp-json\/wp\/v2\/product_brand?post=25520"},{"taxonomy":"product_cat","embeddable":true,"href":"https:\/\/erbolinea.com\/de\/wp-json\/wp\/v2\/product_cat?post=25520"},{"taxonomy":"product_tag","embeddable":true,"href":"https:\/\/erbolinea.com\/de\/wp-json\/wp\/v2\/product_tag?post=25520"}],"curies":[{"name":"wp","href":"https:\/\/api.w.org\/{rel}","templated":true}]}}