{"id":25125,"date":"2024-12-11T11:46:52","date_gmt":"2024-12-11T10:46:52","guid":{"rendered":"https:\/\/erbolinea.com\/?post_type=product&#038;p=25125"},"modified":"2026-04-10T12:07:59","modified_gmt":"2026-04-10T10:07:59","slug":"winter-fragrance-profumatori-per-auto-ricarica","status":"publish","type":"product","link":"https:\/\/erbolinea.com\/de\/produkt\/winter-fragrance-profumatori-per-auto-ricarica\/","title":{"rendered":"Winterduft Autod\u00fcfte mit Nachf\u00fcllpackung"},"content":{"rendered":"<p>Ein einzigartiges Geschenk f\u00fcr Ihre Umgebung? Entdecken Sie jetzt das 5ml Weihnachts-Autoparf\u00fcm mit Nachf\u00fcllpackung von Erbolinea. Entdecken Sie jetzt alle Weihnachtsprodukte.<\/p>","protected":false},"excerpt":{"rendered":"<p>Ein einzigartiges Geschenk f\u00fcr Ihre Umgebung? Entdecken Sie jetzt das 5ml Weihnachts-Autoparf\u00fcm mit Nachf\u00fcllpackung von Erbolinea. Entdecken Sie jetzt alle Weihnachtsprodukte.<\/p>","protected":false},"featured_media":25134,"template":"","meta":[],"product_brand":[],"product_cat":[614],"product_tag":[],"class_list":{"0":"post-25125","1":"product","2":"type-product","3":"status-publish","4":"has-post-thumbnail","6":"product_cat-winter-fragrance","8":"first","9":"instock","10":"shipping-taxable","11":"purchasable","12":"product-type-variable"},"yoast_head":"<!-- This site is optimized with the Yoast SEO Premium plugin v26.2 (Yoast SEO v26.4) - https:\/\/yoast.com\/wordpress\/plugins\/seo\/ -->\n<title>profumatore ambiente spray natale | erbolinea store online<\/title>\n<meta name=\"description\" content=\"Un regalo unico per il tuo ambiente?Scopri ora il profumatore ambiente spray natale di erbolinea.Scopri ora tutti i profumatori per il natal.\" \/>\n<meta name=\"robots\" content=\"index, follow, max-snippet:-1, max-image-preview:large, max-video-preview:-1\" \/>\n<link rel=\"canonical\" href=\"https:\/\/erbolinea.com\/de\/produkt\/winter-fragrance-profumatori-per-auto-ricarica\/\" \/>\n<meta property=\"og:locale\" content=\"de_DE\" \/>\n<meta property=\"og:type\" content=\"article\" \/>\n<meta property=\"og:title\" content=\"Winter Fragrance Profumatori per Auto con Ricarica\" \/>\n<meta property=\"og:description\" content=\"Un regalo unico per il tuo ambiente?Scopri ora il profumatore ambiente spray natale di erbolinea.Scopri ora tutti i profumatori per il natal.\" \/>\n<meta property=\"og:url\" content=\"https:\/\/erbolinea.com\/de\/produkt\/winter-fragrance-profumatori-per-auto-ricarica\/\" \/>\n<meta property=\"og:site_name\" content=\"Erbolinea - Store Fragrances\" \/>\n<meta property=\"article:publisher\" content=\"https:\/\/www.facebook.com\/erbolinea\" \/>\n<meta property=\"article:modified_time\" content=\"2026-04-10T10:07:59+00:00\" \/>\n<meta property=\"og:image\" content=\"https:\/\/erbolinea.com\/wp-content\/uploads\/2024\/12\/prof-auto-winter-aghi-dipino.jpg\" \/>\n\t<meta property=\"og:image:width\" content=\"1800\" \/>\n\t<meta property=\"og:image:height\" content=\"1800\" \/>\n\t<meta property=\"og:image:type\" content=\"image\/jpeg\" \/>\n<meta name=\"twitter:card\" content=\"summary_large_image\" \/>\n<meta name=\"twitter:label1\" content=\"Verf\u00fcgbarkeit\" \/>\n\t<meta name=\"twitter:data1\" content=\"Auf Lager\" \/>\n<script type=\"application\/ld+json\" class=\"yoast-schema-graph\">{\"@context\":\"https:\/\/schema.org\",\"@graph\":[{\"@type\":\"WebPage\",\"@id\":\"https:\/\/erbolinea.com\/prodotto\/winter-fragrance-profumatori-per-auto-ricarica\/\",\"url\":\"https:\/\/erbolinea.com\/prodotto\/winter-fragrance-profumatori-per-auto-ricarica\/\",\"name\":\"profumatore ambiente spray natale | erbolinea store online\",\"isPartOf\":{\"@id\":\"https:\/\/erbolinea.com\/#website\"},\"primaryImageOfPage\":{\"@id\":\"https:\/\/erbolinea.com\/prodotto\/winter-fragrance-profumatori-per-auto-ricarica\/#primaryimage\"},\"image\":{\"@id\":\"https:\/\/erbolinea.com\/prodotto\/winter-fragrance-profumatori-per-auto-ricarica\/#primaryimage\"},\"thumbnailUrl\":\"https:\/\/erbolinea.com\/wp-content\/uploads\/2024\/12\/prof-auto-winter-aghi-dipino.jpg\",\"datePublished\":\"2024-12-11T10:46:52+00:00\",\"dateModified\":\"2026-04-10T10:07:59+00:00\",\"description\":\"Un regalo unico per il tuo ambiente?Scopri ora il profumatore ambiente spray natale di erbolinea.Scopri ora tutti i profumatori per il natal.\",\"breadcrumb\":{\"@id\":\"https:\/\/erbolinea.com\/prodotto\/winter-fragrance-profumatori-per-auto-ricarica\/#breadcrumb\"},\"inLanguage\":\"de\",\"potentialAction\":[{\"@type\":\"ReadAction\",\"target\":[\"https:\/\/erbolinea.com\/prodotto\/winter-fragrance-profumatori-per-auto-ricarica\/\"]}]},{\"@type\":\"ImageObject\",\"inLanguage\":\"de\",\"@id\":\"https:\/\/erbolinea.com\/prodotto\/winter-fragrance-profumatori-per-auto-ricarica\/#primaryimage\",\"url\":\"https:\/\/erbolinea.com\/wp-content\/uploads\/2024\/12\/prof-auto-winter-aghi-dipino.jpg\",\"contentUrl\":\"https:\/\/erbolinea.com\/wp-content\/uploads\/2024\/12\/prof-auto-winter-aghi-dipino.jpg\",\"width\":1800,\"height\":1800},{\"@type\":\"BreadcrumbList\",\"@id\":\"https:\/\/erbolinea.com\/prodotto\/winter-fragrance-profumatori-per-auto-ricarica\/#breadcrumb\",\"itemListElement\":[{\"@type\":\"ListItem\",\"position\":1,\"name\":\"Home\",\"item\":\"https:\/\/erbolinea.com\/\"},{\"@type\":\"ListItem\",\"position\":2,\"name\":\"Shop\",\"item\":\"https:\/\/erbolinea.com\/shop\/\"},{\"@type\":\"ListItem\",\"position\":3,\"name\":\"Winter Fragrance Profumatori per Auto con Ricarica\"}]},{\"@type\":\"WebSite\",\"@id\":\"https:\/\/erbolinea.com\/#website\",\"url\":\"https:\/\/erbolinea.com\/\",\"name\":\"Erbolinea - Store Fragrances\",\"description\":\"Vendita diffusori di ambiente\",\"publisher\":{\"@id\":\"https:\/\/erbolinea.com\/#organization\"},\"alternateName\":\"Erbolinea\",\"potentialAction\":[{\"@type\":\"SearchAction\",\"target\":{\"@type\":\"EntryPoint\",\"urlTemplate\":\"https:\/\/erbolinea.com\/?s={search_term_string}\"},\"query-input\":{\"@type\":\"PropertyValueSpecification\",\"valueRequired\":true,\"valueName\":\"search_term_string\"}}],\"inLanguage\":\"de\"},{\"@type\":\"Organization\",\"@id\":\"https:\/\/erbolinea.com\/#organization\",\"name\":\"Erbolinea\",\"url\":\"https:\/\/erbolinea.com\/\",\"logo\":{\"@type\":\"ImageObject\",\"inLanguage\":\"de\",\"@id\":\"https:\/\/erbolinea.com\/#\/schema\/logo\/image\/\",\"url\":\"https:\/\/erbolinea.com\/wp-content\/uploads\/2020\/04\/logo-400x83_new.png\",\"contentUrl\":\"https:\/\/erbolinea.com\/wp-content\/uploads\/2020\/04\/logo-400x83_new.png\",\"width\":400,\"height\":103,\"caption\":\"Erbolinea\"},\"image\":{\"@id\":\"https:\/\/erbolinea.com\/#\/schema\/logo\/image\/\"},\"sameAs\":[\"https:\/\/www.facebook.com\/erbolinea\",\"https:\/\/www.instagram.com\/erbolinea_fragranze_srl\/\",\"https:\/\/www.youtube.com\/channel\/UCREXSGcI2lrYs6eT9VapG3w\"]}]}<\/script>\n<meta property=\"product:brand\" content=\"Erbolinea\" \/>\n<meta property=\"og:availability\" content=\"instock\" \/>\n<meta property=\"product:availability\" content=\"instock\" \/>\n<meta property=\"product:retailer_item_id\" content=\"lin_wint_profumauto\" \/>\n<meta property=\"product:condition\" content=\"new\" \/>\n<!-- \/ Yoast SEO Premium plugin. -->","yoast_head_json":{"title":"weihnachtsraumspray parf\u00fcmierer | erbolinea online store","description":"Ein einzigartiges Geschenk f\u00fcr Ihre Umgebung? Entdecken Sie jetzt das erbolinea Weihnachts-Raumspray Parf\u00fcmierer.Entdecken Sie jetzt alle Parf\u00fcmierer f\u00fcr Weihnachten.","robots":{"index":"index","follow":"follow","max-snippet":"max-snippet:-1","max-image-preview":"max-image-preview:large","max-video-preview":"max-video-preview:-1"},"canonical":"https:\/\/erbolinea.com\/de\/produkt\/winter-fragrance-profumatori-per-auto-ricarica\/","og_locale":"de_DE","og_type":"article","og_title":"Winter Fragrance Profumatori per Auto con Ricarica","og_description":"Un regalo unico per il tuo ambiente?Scopri ora il profumatore ambiente spray natale di erbolinea.Scopri ora tutti i profumatori per il natal.","og_url":"https:\/\/erbolinea.com\/de\/produkt\/winter-fragrance-profumatori-per-auto-ricarica\/","og_site_name":"Erbolinea - Store Fragrances","article_publisher":"https:\/\/www.facebook.com\/erbolinea","article_modified_time":"2026-04-10T10:07:59+00:00","og_image":[{"width":1800,"height":1800,"url":"https:\/\/erbolinea.com\/wp-content\/uploads\/2024\/12\/prof-auto-winter-aghi-dipino.jpg","type":"image\/jpeg"}],"twitter_card":"summary_large_image","twitter_misc":{"Verf\u00fcgbarkeit":"Auf Lager"},"schema":{"@context":"https:\/\/schema.org","@graph":[{"@type":"WebPage","@id":"https:\/\/erbolinea.com\/prodotto\/winter-fragrance-profumatori-per-auto-ricarica\/","url":"https:\/\/erbolinea.com\/prodotto\/winter-fragrance-profumatori-per-auto-ricarica\/","name":"weihnachtsraumspray parf\u00fcmierer | erbolinea online store","isPartOf":{"@id":"https:\/\/erbolinea.com\/#website"},"primaryImageOfPage":{"@id":"https:\/\/erbolinea.com\/prodotto\/winter-fragrance-profumatori-per-auto-ricarica\/#primaryimage"},"image":{"@id":"https:\/\/erbolinea.com\/prodotto\/winter-fragrance-profumatori-per-auto-ricarica\/#primaryimage"},"thumbnailUrl":"https:\/\/erbolinea.com\/wp-content\/uploads\/2024\/12\/prof-auto-winter-aghi-dipino.jpg","datePublished":"2024-12-11T10:46:52+00:00","dateModified":"2026-04-10T10:07:59+00:00","description":"Ein einzigartiges Geschenk f\u00fcr Ihre Umgebung? Entdecken Sie jetzt das erbolinea Weihnachts-Raumspray Parf\u00fcmierer.Entdecken Sie jetzt alle Parf\u00fcmierer f\u00fcr Weihnachten.","breadcrumb":{"@id":"https:\/\/erbolinea.com\/prodotto\/winter-fragrance-profumatori-per-auto-ricarica\/#breadcrumb"},"inLanguage":"de","potentialAction":[{"@type":"ReadAction","target":["https:\/\/erbolinea.com\/prodotto\/winter-fragrance-profumatori-per-auto-ricarica\/"]}]},{"@type":"ImageObject","inLanguage":"de","@id":"https:\/\/erbolinea.com\/prodotto\/winter-fragrance-profumatori-per-auto-ricarica\/#primaryimage","url":"https:\/\/erbolinea.com\/wp-content\/uploads\/2024\/12\/prof-auto-winter-aghi-dipino.jpg","contentUrl":"https:\/\/erbolinea.com\/wp-content\/uploads\/2024\/12\/prof-auto-winter-aghi-dipino.jpg","width":1800,"height":1800},{"@type":"BreadcrumbList","@id":"https:\/\/erbolinea.com\/prodotto\/winter-fragrance-profumatori-per-auto-ricarica\/#breadcrumb","itemListElement":[{"@type":"ListItem","position":1,"name":"Home","item":"https:\/\/erbolinea.com\/"},{"@type":"ListItem","position":2,"name":"Shop","item":"https:\/\/erbolinea.com\/shop\/"},{"@type":"ListItem","position":3,"name":"Winter Fragrance Profumatori per Auto con Ricarica"}]},{"@type":"WebSite","@id":"https:\/\/erbolinea.com\/#website","url":"https:\/\/erbolinea.com\/","name":"Erbolinea - D\u00fcfte speichern","description":"Raumdiffusoren zu verkaufen","publisher":{"@id":"https:\/\/erbolinea.com\/#organization"},"alternateName":"Erbolinea","potentialAction":[{"@type":"SearchAction","target":{"@type":"EntryPoint","urlTemplate":"https:\/\/erbolinea.com\/?s={search_term_string}"},"query-input":{"@type":"PropertyValueSpecification","valueRequired":true,"valueName":"search_term_string"}}],"inLanguage":"de"},{"@type":"Organization","@id":"https:\/\/erbolinea.com\/#organization","name":"Erbolinea","url":"https:\/\/erbolinea.com\/","logo":{"@type":"ImageObject","inLanguage":"de","@id":"https:\/\/erbolinea.com\/#\/schema\/logo\/image\/","url":"https:\/\/erbolinea.com\/wp-content\/uploads\/2020\/04\/logo-400x83_new.png","contentUrl":"https:\/\/erbolinea.com\/wp-content\/uploads\/2020\/04\/logo-400x83_new.png","width":400,"height":103,"caption":"Erbolinea"},"image":{"@id":"https:\/\/erbolinea.com\/#\/schema\/logo\/image\/"},"sameAs":["https:\/\/www.facebook.com\/erbolinea","https:\/\/www.instagram.com\/erbolinea_fragranze_srl\/","https:\/\/www.youtube.com\/channel\/UCREXSGcI2lrYs6eT9VapG3w"]}]},"product_brand":"Erbolinea","og_availability":"instock","product_availability":"instock","product_retailer_item_id":"lin_wint_profumauto","product_condition":"new"},"_links":{"self":[{"href":"https:\/\/erbolinea.com\/de\/wp-json\/wp\/v2\/product\/25125","targetHints":{"allow":["GET"]}}],"collection":[{"href":"https:\/\/erbolinea.com\/de\/wp-json\/wp\/v2\/product"}],"about":[{"href":"https:\/\/erbolinea.com\/de\/wp-json\/wp\/v2\/types\/product"}],"wp:featuredmedia":[{"embeddable":true,"href":"https:\/\/erbolinea.com\/de\/wp-json\/wp\/v2\/media\/25134"}],"wp:attachment":[{"href":"https:\/\/erbolinea.com\/de\/wp-json\/wp\/v2\/media?parent=25125"}],"wp:term":[{"taxonomy":"product_brand","embeddable":true,"href":"https:\/\/erbolinea.com\/de\/wp-json\/wp\/v2\/product_brand?post=25125"},{"taxonomy":"product_cat","embeddable":true,"href":"https:\/\/erbolinea.com\/de\/wp-json\/wp\/v2\/product_cat?post=25125"},{"taxonomy":"product_tag","embeddable":true,"href":"https:\/\/erbolinea.com\/de\/wp-json\/wp\/v2\/product_tag?post=25125"}],"curies":[{"name":"wp","href":"https:\/\/api.w.org\/{rel}","templated":true}]}}