{"id":2439,"date":"2019-01-11T16:11:49","date_gmt":"2019-01-11T15:11:49","guid":{"rendered":"https:\/\/erbolinea.com\/?post_type=product&#038;p=2439"},"modified":"2026-02-09T23:00:47","modified_gmt":"2026-02-09T22:00:47","slug":"il-pumo-di-erbolinea","status":"publish","type":"product","link":"https:\/\/erbolinea.com\/de\/produkt\/il-pumo-di-erbolinea\/","title":{"rendered":"Raumduft im Keramik-Diffusor Il pumo di erbolinea - Prestige Fragrances"},"content":{"rendered":"<p>Der Pumo ist ein typisches Objekt der alten Tradition des apulischen Keramikhandwerks. Er besteht aus einer spitzen Rosenknospe, die von drei Bl\u00e4ttern umgeben ist und die Wiedergeburt darstellt. Sie ist ein Symbol f\u00fcr gutes Omen, Wohlstand und Gl\u00fcck und wird Ehepaaren als Dank f\u00fcr ihre Gastfreundschaft oder einfach zur Dekoration der Wohnung geschenkt. Sie m\u00f6chten Ihrer Umgebung einen besonderen Duft verleihen. Kaufen Sie den Keramikdiffusor mit St\u00e4bchen und entdecken Sie alle erbolinea-D\u00fcfte.<\/p>","protected":false},"excerpt":{"rendered":"<p>Der Pumo ist ein typischer Gegenstand der antiken Tradition des apulischen Keramikhandwerks. Er besteht aus einer spitzen Rosenknospe, die von drei Bl\u00e4ttern umgeben ist und die Wiedergeburt darstellt. Er ist ein Symbol f\u00fcr ein gutes Omen, Wohlstand und Gl\u00fcck und wird Ehepaaren als Dank f\u00fcr ihre Gastfreundschaft oder einfach zur Dekoration der Wohnung geschenkt. M\u00f6chten Sie eine [...]","protected":false},"featured_media":5559,"template":"","meta":[],"product_brand":[],"product_cat":[129],"product_tag":[],"class_list":{"0":"post-2439","1":"product","2":"type-product","3":"status-publish","4":"has-post-thumbnail","6":"product_cat-diffusore-oli-essenziali-ceramica","8":"first","9":"instock","10":"shipping-taxable","11":"purchasable","12":"product-type-variable","13":"has-default-attributes"},"yoast_head":"<!-- This site is optimized with the Yoast SEO Premium plugin v26.2 (Yoast SEO v26.4) - https:\/\/yoast.com\/wordpress\/plugins\/seo\/ -->\n<title>Diffusore in ceramica con bastoncini | Erbolinea<\/title>\n<meta name=\"description\" content=\"Vuoi dare un&#039; odore speciale al tuo ambiente.Acquista il diffusore in ceramica con bastoncini e scopri tutte le fragranze erbolinea\" \/>\n<meta name=\"robots\" content=\"index, follow, max-snippet:-1, max-image-preview:large, max-video-preview:-1\" \/>\n<link rel=\"canonical\" href=\"https:\/\/erbolinea.com\/de\/produkt\/il-pumo-di-erbolinea\/\" \/>\n<meta property=\"og:locale\" content=\"de_DE\" \/>\n<meta property=\"og:type\" content=\"article\" \/>\n<meta property=\"og:title\" content=\"Profumo per ambiente in diffusore di ceramica Il pumo di erbolinea - Fragranze Prestige\" \/>\n<meta property=\"og:description\" content=\"Vuoi dare un&#039; odore speciale al tuo ambiente.Acquista il diffusore in ceramica con bastoncini e scopri tutte le fragranze erbolinea\" \/>\n<meta property=\"og:url\" content=\"https:\/\/erbolinea.com\/de\/produkt\/il-pumo-di-erbolinea\/\" \/>\n<meta property=\"og:site_name\" content=\"Erbolinea - Store Fragrances\" \/>\n<meta property=\"article:publisher\" content=\"https:\/\/www.facebook.com\/erbolinea\" \/>\n<meta property=\"article:modified_time\" content=\"2026-02-09T22:00:47+00:00\" \/>\n<meta property=\"og:image\" content=\"https:\/\/erbolinea.com\/wp-content\/uploads\/2019\/01\/Celeste.jpg\" \/>\n\t<meta property=\"og:image:width\" content=\"1900\" \/>\n\t<meta property=\"og:image:height\" content=\"1900\" \/>\n\t<meta property=\"og:image:type\" content=\"image\/jpeg\" \/>\n<meta name=\"twitter:card\" content=\"summary_large_image\" \/>\n<meta name=\"twitter:label1\" content=\"Verf\u00fcgbarkeit\" \/>\n\t<meta name=\"twitter:data1\" content=\"Auf Lager\" \/>\n<script type=\"application\/ld+json\" class=\"yoast-schema-graph\">{\"@context\":\"https:\/\/schema.org\",\"@graph\":[{\"@type\":\"WebPage\",\"@id\":\"https:\/\/erbolinea.com\/prodotto\/il-pumo-di-erbolinea\/\",\"url\":\"https:\/\/erbolinea.com\/prodotto\/il-pumo-di-erbolinea\/\",\"name\":\"Diffusore in ceramica con bastoncini | Erbolinea\",\"isPartOf\":{\"@id\":\"https:\/\/erbolinea.com\/#website\"},\"primaryImageOfPage\":{\"@id\":\"https:\/\/erbolinea.com\/prodotto\/il-pumo-di-erbolinea\/#primaryimage\"},\"image\":{\"@id\":\"https:\/\/erbolinea.com\/prodotto\/il-pumo-di-erbolinea\/#primaryimage\"},\"thumbnailUrl\":\"https:\/\/erbolinea.com\/wp-content\/uploads\/2019\/01\/Celeste.jpg\",\"datePublished\":\"2019-01-11T15:11:49+00:00\",\"dateModified\":\"2026-02-09T22:00:47+00:00\",\"description\":\"Vuoi dare un' odore speciale al tuo ambiente.Acquista il diffusore in ceramica con bastoncini e scopri tutte le fragranze erbolinea\",\"breadcrumb\":{\"@id\":\"https:\/\/erbolinea.com\/prodotto\/il-pumo-di-erbolinea\/#breadcrumb\"},\"inLanguage\":\"de\",\"potentialAction\":[{\"@type\":\"ReadAction\",\"target\":[\"https:\/\/erbolinea.com\/prodotto\/il-pumo-di-erbolinea\/\"]}]},{\"@type\":\"ImageObject\",\"inLanguage\":\"de\",\"@id\":\"https:\/\/erbolinea.com\/prodotto\/il-pumo-di-erbolinea\/#primaryimage\",\"url\":\"https:\/\/erbolinea.com\/wp-content\/uploads\/2019\/01\/Celeste.jpg\",\"contentUrl\":\"https:\/\/erbolinea.com\/wp-content\/uploads\/2019\/01\/Celeste.jpg\",\"width\":1900,\"height\":1900},{\"@type\":\"BreadcrumbList\",\"@id\":\"https:\/\/erbolinea.com\/prodotto\/il-pumo-di-erbolinea\/#breadcrumb\",\"itemListElement\":[{\"@type\":\"ListItem\",\"position\":1,\"name\":\"Home\",\"item\":\"https:\/\/erbolinea.com\/\"},{\"@type\":\"ListItem\",\"position\":2,\"name\":\"Shop\",\"item\":\"https:\/\/erbolinea.com\/shop\/\"},{\"@type\":\"ListItem\",\"position\":3,\"name\":\"Profumo per ambiente in diffusore di ceramica Il pumo di erbolinea &#8211; Fragranze Prestige\"}]},{\"@type\":\"WebSite\",\"@id\":\"https:\/\/erbolinea.com\/#website\",\"url\":\"https:\/\/erbolinea.com\/\",\"name\":\"Erbolinea - Store Fragrances\",\"description\":\"Vendita diffusori di ambiente\",\"publisher\":{\"@id\":\"https:\/\/erbolinea.com\/#organization\"},\"alternateName\":\"Erbolinea\",\"potentialAction\":[{\"@type\":\"SearchAction\",\"target\":{\"@type\":\"EntryPoint\",\"urlTemplate\":\"https:\/\/erbolinea.com\/?s={search_term_string}\"},\"query-input\":{\"@type\":\"PropertyValueSpecification\",\"valueRequired\":true,\"valueName\":\"search_term_string\"}}],\"inLanguage\":\"de\"},{\"@type\":\"Organization\",\"@id\":\"https:\/\/erbolinea.com\/#organization\",\"name\":\"Erbolinea\",\"url\":\"https:\/\/erbolinea.com\/\",\"logo\":{\"@type\":\"ImageObject\",\"inLanguage\":\"de\",\"@id\":\"https:\/\/erbolinea.com\/#\/schema\/logo\/image\/\",\"url\":\"https:\/\/erbolinea.com\/wp-content\/uploads\/2020\/04\/logo-400x83_new.png\",\"contentUrl\":\"https:\/\/erbolinea.com\/wp-content\/uploads\/2020\/04\/logo-400x83_new.png\",\"width\":400,\"height\":103,\"caption\":\"Erbolinea\"},\"image\":{\"@id\":\"https:\/\/erbolinea.com\/#\/schema\/logo\/image\/\"},\"sameAs\":[\"https:\/\/www.facebook.com\/erbolinea\",\"https:\/\/www.instagram.com\/erbolinea_fragranze_srl\/\",\"https:\/\/www.youtube.com\/channel\/UCREXSGcI2lrYs6eT9VapG3w\"]}]}<\/script>\n<meta property=\"product:brand\" content=\"Erbolinea\" \/>\n<meta property=\"og:availability\" content=\"instock\" \/>\n<meta property=\"product:availability\" content=\"instock\" \/>\n<meta property=\"product:retailer_item_id\" content=\"pum_erb\" \/>\n<meta property=\"product:condition\" content=\"new\" \/>\n<!-- \/ Yoast SEO Premium plugin. -->","yoast_head_json":{"title":"Keramischer Diffusor mit St\u00e4bchen | Erbolinea","description":"Kaufen Sie den Keramikdiffusor mit St\u00e4bchen und entdecken Sie alle erbolinea-D\u00fcfte.","robots":{"index":"index","follow":"follow","max-snippet":"max-snippet:-1","max-image-preview":"max-image-preview:large","max-video-preview":"max-video-preview:-1"},"canonical":"https:\/\/erbolinea.com\/de\/produkt\/il-pumo-di-erbolinea\/","og_locale":"de_DE","og_type":"article","og_title":"Profumo per ambiente in diffusore di ceramica Il pumo di erbolinea - Fragranze Prestige","og_description":"Vuoi dare un' odore speciale al tuo ambiente.Acquista il diffusore in ceramica con bastoncini e scopri tutte le fragranze erbolinea","og_url":"https:\/\/erbolinea.com\/de\/produkt\/il-pumo-di-erbolinea\/","og_site_name":"Erbolinea - Store Fragrances","article_publisher":"https:\/\/www.facebook.com\/erbolinea","article_modified_time":"2026-02-09T22:00:47+00:00","og_image":[{"width":1900,"height":1900,"url":"https:\/\/erbolinea.com\/wp-content\/uploads\/2019\/01\/Celeste.jpg","type":"image\/jpeg"}],"twitter_card":"summary_large_image","twitter_misc":{"Verf\u00fcgbarkeit":"Auf Lager"},"schema":{"@context":"https:\/\/schema.org","@graph":[{"@type":"WebPage","@id":"https:\/\/erbolinea.com\/prodotto\/il-pumo-di-erbolinea\/","url":"https:\/\/erbolinea.com\/prodotto\/il-pumo-di-erbolinea\/","name":"Keramischer Diffusor mit St\u00e4bchen | Erbolinea","isPartOf":{"@id":"https:\/\/erbolinea.com\/#website"},"primaryImageOfPage":{"@id":"https:\/\/erbolinea.com\/prodotto\/il-pumo-di-erbolinea\/#primaryimage"},"image":{"@id":"https:\/\/erbolinea.com\/prodotto\/il-pumo-di-erbolinea\/#primaryimage"},"thumbnailUrl":"https:\/\/erbolinea.com\/wp-content\/uploads\/2019\/01\/Celeste.jpg","datePublished":"2019-01-11T15:11:49+00:00","dateModified":"2026-02-09T22:00:47+00:00","description":"Kaufen Sie den Keramikdiffusor mit St\u00e4bchen und entdecken Sie alle erbolinea-D\u00fcfte.","breadcrumb":{"@id":"https:\/\/erbolinea.com\/prodotto\/il-pumo-di-erbolinea\/#breadcrumb"},"inLanguage":"de","potentialAction":[{"@type":"ReadAction","target":["https:\/\/erbolinea.com\/prodotto\/il-pumo-di-erbolinea\/"]}]},{"@type":"ImageObject","inLanguage":"de","@id":"https:\/\/erbolinea.com\/prodotto\/il-pumo-di-erbolinea\/#primaryimage","url":"https:\/\/erbolinea.com\/wp-content\/uploads\/2019\/01\/Celeste.jpg","contentUrl":"https:\/\/erbolinea.com\/wp-content\/uploads\/2019\/01\/Celeste.jpg","width":1900,"height":1900},{"@type":"BreadcrumbList","@id":"https:\/\/erbolinea.com\/prodotto\/il-pumo-di-erbolinea\/#breadcrumb","itemListElement":[{"@type":"ListItem","position":1,"name":"Home","item":"https:\/\/erbolinea.com\/"},{"@type":"ListItem","position":2,"name":"Shop","item":"https:\/\/erbolinea.com\/shop\/"},{"@type":"ListItem","position":3,"name":"Profumo per ambiente in diffusore di ceramica Il pumo di erbolinea &#8211; Fragranze Prestige"}]},{"@type":"WebSite","@id":"https:\/\/erbolinea.com\/#website","url":"https:\/\/erbolinea.com\/","name":"Erbolinea - D\u00fcfte speichern","description":"Raumdiffusoren zu verkaufen","publisher":{"@id":"https:\/\/erbolinea.com\/#organization"},"alternateName":"Erbolinea","potentialAction":[{"@type":"SearchAction","target":{"@type":"EntryPoint","urlTemplate":"https:\/\/erbolinea.com\/?s={search_term_string}"},"query-input":{"@type":"PropertyValueSpecification","valueRequired":true,"valueName":"search_term_string"}}],"inLanguage":"de"},{"@type":"Organization","@id":"https:\/\/erbolinea.com\/#organization","name":"Erbolinea","url":"https:\/\/erbolinea.com\/","logo":{"@type":"ImageObject","inLanguage":"de","@id":"https:\/\/erbolinea.com\/#\/schema\/logo\/image\/","url":"https:\/\/erbolinea.com\/wp-content\/uploads\/2020\/04\/logo-400x83_new.png","contentUrl":"https:\/\/erbolinea.com\/wp-content\/uploads\/2020\/04\/logo-400x83_new.png","width":400,"height":103,"caption":"Erbolinea"},"image":{"@id":"https:\/\/erbolinea.com\/#\/schema\/logo\/image\/"},"sameAs":["https:\/\/www.facebook.com\/erbolinea","https:\/\/www.instagram.com\/erbolinea_fragranze_srl\/","https:\/\/www.youtube.com\/channel\/UCREXSGcI2lrYs6eT9VapG3w"]}]},"product_brand":"Erbolinea","og_availability":"instock","product_availability":"instock","product_retailer_item_id":"pum_erb","product_condition":"new"},"_links":{"self":[{"href":"https:\/\/erbolinea.com\/de\/wp-json\/wp\/v2\/product\/2439","targetHints":{"allow":["GET"]}}],"collection":[{"href":"https:\/\/erbolinea.com\/de\/wp-json\/wp\/v2\/product"}],"about":[{"href":"https:\/\/erbolinea.com\/de\/wp-json\/wp\/v2\/types\/product"}],"wp:featuredmedia":[{"embeddable":true,"href":"https:\/\/erbolinea.com\/de\/wp-json\/wp\/v2\/media\/5559"}],"wp:attachment":[{"href":"https:\/\/erbolinea.com\/de\/wp-json\/wp\/v2\/media?parent=2439"}],"wp:term":[{"taxonomy":"product_brand","embeddable":true,"href":"https:\/\/erbolinea.com\/de\/wp-json\/wp\/v2\/product_brand?post=2439"},{"taxonomy":"product_cat","embeddable":true,"href":"https:\/\/erbolinea.com\/de\/wp-json\/wp\/v2\/product_cat?post=2439"},{"taxonomy":"product_tag","embeddable":true,"href":"https:\/\/erbolinea.com\/de\/wp-json\/wp\/v2\/product_tag?post=2439"}],"curies":[{"name":"wp","href":"https:\/\/api.w.org\/{rel}","templated":true}]}}