{"id":20572,"date":"2023-09-11T12:14:00","date_gmt":"2023-09-11T10:14:00","guid":{"rendered":"https:\/\/erbolinea.com\/?post_type=product&#038;p=20572"},"modified":"2025-03-05T18:40:54","modified_gmt":"2025-03-05T17:40:54","slug":"diffusori-in-ceramica-con-bastoncini-linea-ceramiche-di-vietri-bottiglia-quadrata","status":"publish","type":"product","link":"https:\/\/erbolinea.com\/de\/produkt\/diffusori-in-ceramica-con-bastoncini-linea-ceramiche-di-vietri-bottiglia-quadrata\/","title":{"rendered":"Raumduft im Keramikdiffusor - Linie Ceramiche di Vietri - SQUARE BOTTLE"},"content":{"rendered":"<p>Eine Reise in eine der bekanntesten K\u00fcnste der Welt, die Ausdruck der Exzellenz des Amalfigebiets ist. Die Keramik von Vietri sul Mare (SA) begann um 1200 n. Chr. erfolgreich zu sein und gewann sp\u00e4ter bis heute an Wert. Zusammen mit den D\u00fcften von Erbolinea bieten sie eine einzigartig duftende und farbenpr\u00e4chtige Atmosph\u00e4re.<\/p>","protected":false},"excerpt":{"rendered":"<p>Eine Reise in eine der bekanntesten K\u00fcnste der Welt, die Ausdruck der Exzellenz des Amalfigebiets ist. Die Keramik von Vietri sul Mare (SA) begann um 1200 n. Chr. erfolgreich zu sein und gewann sp\u00e4ter bis heute an Wert. Zusammen mit den D\u00fcften von Erbolinea bieten sie eine duftende und farbenfrohe Atmosph\u00e4re, einzigartig in ihrer[...]","protected":false},"featured_media":19464,"template":"","meta":[],"product_brand":[],"product_cat":[1116,129],"product_tag":[438,1113],"class_list":{"0":"post-20572","1":"product","2":"type-product","3":"status-publish","4":"has-post-thumbnail","6":"product_cat-ceramiche-di-vietri","7":"product_cat-diffusore-oli-essenziali-ceramica","8":"product_tag-diffusori-in-ceramica","9":"product_tag-linea-ceramiche-di-vietri","11":"first","12":"instock","13":"shipping-taxable","14":"purchasable","15":"product-type-variable"},"yoast_head":"<!-- This site is optimized with the Yoast SEO Premium plugin v26.2 (Yoast SEO v26.4) - https:\/\/yoast.com\/wordpress\/plugins\/seo\/ -->\n<title>Diffusori in ceramica con bastoncini | Erbolinea<\/title>\n<meta name=\"description\" content=\"Vuoi dare un&#039; odore speciale al tuo ambiente.Acquista i diffusori in ceramica con bastoncini di erbolinea,dona alla tua casa un profumo unico\" \/>\n<meta name=\"robots\" content=\"index, follow, max-snippet:-1, max-image-preview:large, max-video-preview:-1\" \/>\n<link rel=\"canonical\" href=\"https:\/\/erbolinea.com\/de\/produkt\/diffusori-in-ceramica-con-bastoncini-linea-ceramiche-di-vietri-bottiglia-quadrata\/\" \/>\n<meta property=\"og:locale\" content=\"de_DE\" \/>\n<meta property=\"og:type\" content=\"article\" \/>\n<meta property=\"og:title\" content=\"Profumo per ambiente in diffusore di ceramica - Linea Ceramiche di Vietri - BOTTIGLIA QUADRATA\" \/>\n<meta property=\"og:description\" content=\"Vuoi dare un&#039; odore speciale al tuo ambiente.Acquista i diffusori in ceramica con bastoncini di erbolinea,dona alla tua casa un profumo unico\" \/>\n<meta property=\"og:url\" content=\"https:\/\/erbolinea.com\/de\/produkt\/diffusori-in-ceramica-con-bastoncini-linea-ceramiche-di-vietri-bottiglia-quadrata\/\" \/>\n<meta property=\"og:site_name\" content=\"Erbolinea - Store Fragrances\" \/>\n<meta property=\"article:publisher\" content=\"https:\/\/www.facebook.com\/erbolinea\" \/>\n<meta property=\"article:modified_time\" content=\"2025-03-05T17:40:54+00:00\" \/>\n<meta property=\"og:image\" content=\"https:\/\/erbolinea.com\/wp-content\/uploads\/2023\/09\/bottiglia-quadrata-rosa-nobastoncini.jpg\" \/>\n\t<meta property=\"og:image:width\" content=\"1800\" \/>\n\t<meta property=\"og:image:height\" content=\"1800\" \/>\n\t<meta property=\"og:image:type\" content=\"image\/jpeg\" \/>\n<meta name=\"twitter:card\" content=\"summary_large_image\" \/>\n<meta name=\"twitter:label1\" content=\"Verf\u00fcgbarkeit\" \/>\n\t<meta name=\"twitter:data1\" content=\"Auf Lager\" \/>\n<script type=\"application\/ld+json\" class=\"yoast-schema-graph\">{\"@context\":\"https:\/\/schema.org\",\"@graph\":[{\"@type\":\"WebPage\",\"@id\":\"https:\/\/erbolinea.com\/prodotto\/diffusori-in-ceramica-con-bastoncini-linea-ceramiche-di-vietri-bottiglia-quadrata\/\",\"url\":\"https:\/\/erbolinea.com\/prodotto\/diffusori-in-ceramica-con-bastoncini-linea-ceramiche-di-vietri-bottiglia-quadrata\/\",\"name\":\"Diffusori in ceramica con bastoncini | Erbolinea\",\"isPartOf\":{\"@id\":\"https:\/\/erbolinea.com\/#website\"},\"primaryImageOfPage\":{\"@id\":\"https:\/\/erbolinea.com\/prodotto\/diffusori-in-ceramica-con-bastoncini-linea-ceramiche-di-vietri-bottiglia-quadrata\/#primaryimage\"},\"image\":{\"@id\":\"https:\/\/erbolinea.com\/prodotto\/diffusori-in-ceramica-con-bastoncini-linea-ceramiche-di-vietri-bottiglia-quadrata\/#primaryimage\"},\"thumbnailUrl\":\"https:\/\/erbolinea.com\/wp-content\/uploads\/2023\/09\/bottiglia-quadrata-rosa-nobastoncini.jpg\",\"datePublished\":\"2023-09-11T10:14:00+00:00\",\"dateModified\":\"2025-03-05T17:40:54+00:00\",\"description\":\"Vuoi dare un' odore speciale al tuo ambiente.Acquista i diffusori in ceramica con bastoncini di erbolinea,dona alla tua casa un profumo unico\",\"breadcrumb\":{\"@id\":\"https:\/\/erbolinea.com\/prodotto\/diffusori-in-ceramica-con-bastoncini-linea-ceramiche-di-vietri-bottiglia-quadrata\/#breadcrumb\"},\"inLanguage\":\"de\",\"potentialAction\":[{\"@type\":\"ReadAction\",\"target\":[\"https:\/\/erbolinea.com\/prodotto\/diffusori-in-ceramica-con-bastoncini-linea-ceramiche-di-vietri-bottiglia-quadrata\/\"]}]},{\"@type\":\"ImageObject\",\"inLanguage\":\"de\",\"@id\":\"https:\/\/erbolinea.com\/prodotto\/diffusori-in-ceramica-con-bastoncini-linea-ceramiche-di-vietri-bottiglia-quadrata\/#primaryimage\",\"url\":\"https:\/\/erbolinea.com\/wp-content\/uploads\/2023\/09\/bottiglia-quadrata-rosa-nobastoncini.jpg\",\"contentUrl\":\"https:\/\/erbolinea.com\/wp-content\/uploads\/2023\/09\/bottiglia-quadrata-rosa-nobastoncini.jpg\",\"width\":1800,\"height\":1800},{\"@type\":\"BreadcrumbList\",\"@id\":\"https:\/\/erbolinea.com\/prodotto\/diffusori-in-ceramica-con-bastoncini-linea-ceramiche-di-vietri-bottiglia-quadrata\/#breadcrumb\",\"itemListElement\":[{\"@type\":\"ListItem\",\"position\":1,\"name\":\"Home\",\"item\":\"https:\/\/erbolinea.com\/\"},{\"@type\":\"ListItem\",\"position\":2,\"name\":\"Shop\",\"item\":\"https:\/\/erbolinea.com\/shop\/\"},{\"@type\":\"ListItem\",\"position\":3,\"name\":\"Profumo per ambiente in diffusore di ceramica &#8211; Linea Ceramiche di Vietri &#8211; BOTTIGLIA QUADRATA\"}]},{\"@type\":\"WebSite\",\"@id\":\"https:\/\/erbolinea.com\/#website\",\"url\":\"https:\/\/erbolinea.com\/\",\"name\":\"Erbolinea - Store Fragrances\",\"description\":\"Vendita diffusori di ambiente\",\"publisher\":{\"@id\":\"https:\/\/erbolinea.com\/#organization\"},\"alternateName\":\"Erbolinea\",\"potentialAction\":[{\"@type\":\"SearchAction\",\"target\":{\"@type\":\"EntryPoint\",\"urlTemplate\":\"https:\/\/erbolinea.com\/?s={search_term_string}\"},\"query-input\":{\"@type\":\"PropertyValueSpecification\",\"valueRequired\":true,\"valueName\":\"search_term_string\"}}],\"inLanguage\":\"de\"},{\"@type\":\"Organization\",\"@id\":\"https:\/\/erbolinea.com\/#organization\",\"name\":\"Erbolinea\",\"url\":\"https:\/\/erbolinea.com\/\",\"logo\":{\"@type\":\"ImageObject\",\"inLanguage\":\"de\",\"@id\":\"https:\/\/erbolinea.com\/#\/schema\/logo\/image\/\",\"url\":\"https:\/\/erbolinea.com\/wp-content\/uploads\/2020\/04\/logo-400x83_new.png\",\"contentUrl\":\"https:\/\/erbolinea.com\/wp-content\/uploads\/2020\/04\/logo-400x83_new.png\",\"width\":400,\"height\":103,\"caption\":\"Erbolinea\"},\"image\":{\"@id\":\"https:\/\/erbolinea.com\/#\/schema\/logo\/image\/\"},\"sameAs\":[\"https:\/\/www.facebook.com\/erbolinea\",\"https:\/\/www.instagram.com\/erbolinea_fragranze_srl\/\",\"https:\/\/www.youtube.com\/channel\/UCREXSGcI2lrYs6eT9VapG3w\"]}]}<\/script>\n<meta property=\"product:brand\" content=\"Erbolinea\" \/>\n<meta property=\"og:availability\" content=\"instock\" \/>\n<meta property=\"product:availability\" content=\"instock\" \/>\n<meta property=\"product:retailer_item_id\" content=\"lin_cer_vietri-BOTT_QUAD\" \/>\n<meta property=\"product:condition\" content=\"new\" \/>\n<!-- \/ Yoast SEO Premium plugin. -->","yoast_head_json":{"title":"Keramische Diffusoren mit St\u00e4bchen | Erbolinea","description":"Kaufen Sie Keramik-Diffusoren mit Herbolinea-St\u00e4bchen und verleihen Sie Ihrem Zuhause einen einzigartigen Duft.","robots":{"index":"index","follow":"follow","max-snippet":"max-snippet:-1","max-image-preview":"max-image-preview:large","max-video-preview":"max-video-preview:-1"},"canonical":"https:\/\/erbolinea.com\/de\/produkt\/diffusori-in-ceramica-con-bastoncini-linea-ceramiche-di-vietri-bottiglia-quadrata\/","og_locale":"de_DE","og_type":"article","og_title":"Profumo per ambiente in diffusore di ceramica - Linea Ceramiche di Vietri - BOTTIGLIA QUADRATA","og_description":"Vuoi dare un' odore speciale al tuo ambiente.Acquista i diffusori in ceramica con bastoncini di erbolinea,dona alla tua casa un profumo unico","og_url":"https:\/\/erbolinea.com\/de\/produkt\/diffusori-in-ceramica-con-bastoncini-linea-ceramiche-di-vietri-bottiglia-quadrata\/","og_site_name":"Erbolinea - Store Fragrances","article_publisher":"https:\/\/www.facebook.com\/erbolinea","article_modified_time":"2025-03-05T17:40:54+00:00","og_image":[{"width":1800,"height":1800,"url":"https:\/\/erbolinea.com\/wp-content\/uploads\/2023\/09\/bottiglia-quadrata-rosa-nobastoncini.jpg","type":"image\/jpeg"}],"twitter_card":"summary_large_image","twitter_misc":{"Verf\u00fcgbarkeit":"Auf Lager"},"schema":{"@context":"https:\/\/schema.org","@graph":[{"@type":"WebPage","@id":"https:\/\/erbolinea.com\/prodotto\/diffusori-in-ceramica-con-bastoncini-linea-ceramiche-di-vietri-bottiglia-quadrata\/","url":"https:\/\/erbolinea.com\/prodotto\/diffusori-in-ceramica-con-bastoncini-linea-ceramiche-di-vietri-bottiglia-quadrata\/","name":"Keramische Diffusoren mit St\u00e4bchen | Erbolinea","isPartOf":{"@id":"https:\/\/erbolinea.com\/#website"},"primaryImageOfPage":{"@id":"https:\/\/erbolinea.com\/prodotto\/diffusori-in-ceramica-con-bastoncini-linea-ceramiche-di-vietri-bottiglia-quadrata\/#primaryimage"},"image":{"@id":"https:\/\/erbolinea.com\/prodotto\/diffusori-in-ceramica-con-bastoncini-linea-ceramiche-di-vietri-bottiglia-quadrata\/#primaryimage"},"thumbnailUrl":"https:\/\/erbolinea.com\/wp-content\/uploads\/2023\/09\/bottiglia-quadrata-rosa-nobastoncini.jpg","datePublished":"2023-09-11T10:14:00+00:00","dateModified":"2025-03-05T17:40:54+00:00","description":"Kaufen Sie Keramik-Diffusoren mit Herbolinea-St\u00e4bchen und verleihen Sie Ihrem Zuhause einen einzigartigen Duft.","breadcrumb":{"@id":"https:\/\/erbolinea.com\/prodotto\/diffusori-in-ceramica-con-bastoncini-linea-ceramiche-di-vietri-bottiglia-quadrata\/#breadcrumb"},"inLanguage":"de","potentialAction":[{"@type":"ReadAction","target":["https:\/\/erbolinea.com\/prodotto\/diffusori-in-ceramica-con-bastoncini-linea-ceramiche-di-vietri-bottiglia-quadrata\/"]}]},{"@type":"ImageObject","inLanguage":"de","@id":"https:\/\/erbolinea.com\/prodotto\/diffusori-in-ceramica-con-bastoncini-linea-ceramiche-di-vietri-bottiglia-quadrata\/#primaryimage","url":"https:\/\/erbolinea.com\/wp-content\/uploads\/2023\/09\/bottiglia-quadrata-rosa-nobastoncini.jpg","contentUrl":"https:\/\/erbolinea.com\/wp-content\/uploads\/2023\/09\/bottiglia-quadrata-rosa-nobastoncini.jpg","width":1800,"height":1800},{"@type":"BreadcrumbList","@id":"https:\/\/erbolinea.com\/prodotto\/diffusori-in-ceramica-con-bastoncini-linea-ceramiche-di-vietri-bottiglia-quadrata\/#breadcrumb","itemListElement":[{"@type":"ListItem","position":1,"name":"Home","item":"https:\/\/erbolinea.com\/"},{"@type":"ListItem","position":2,"name":"Shop","item":"https:\/\/erbolinea.com\/shop\/"},{"@type":"ListItem","position":3,"name":"Profumo per ambiente in diffusore di ceramica &#8211; Linea Ceramiche di Vietri &#8211; BOTTIGLIA QUADRATA"}]},{"@type":"WebSite","@id":"https:\/\/erbolinea.com\/#website","url":"https:\/\/erbolinea.com\/","name":"Erbolinea - D\u00fcfte speichern","description":"Raumdiffusoren zu verkaufen","publisher":{"@id":"https:\/\/erbolinea.com\/#organization"},"alternateName":"Erbolinea","potentialAction":[{"@type":"SearchAction","target":{"@type":"EntryPoint","urlTemplate":"https:\/\/erbolinea.com\/?s={search_term_string}"},"query-input":{"@type":"PropertyValueSpecification","valueRequired":true,"valueName":"search_term_string"}}],"inLanguage":"de"},{"@type":"Organization","@id":"https:\/\/erbolinea.com\/#organization","name":"Erbolinea","url":"https:\/\/erbolinea.com\/","logo":{"@type":"ImageObject","inLanguage":"de","@id":"https:\/\/erbolinea.com\/#\/schema\/logo\/image\/","url":"https:\/\/erbolinea.com\/wp-content\/uploads\/2020\/04\/logo-400x83_new.png","contentUrl":"https:\/\/erbolinea.com\/wp-content\/uploads\/2020\/04\/logo-400x83_new.png","width":400,"height":103,"caption":"Erbolinea"},"image":{"@id":"https:\/\/erbolinea.com\/#\/schema\/logo\/image\/"},"sameAs":["https:\/\/www.facebook.com\/erbolinea","https:\/\/www.instagram.com\/erbolinea_fragranze_srl\/","https:\/\/www.youtube.com\/channel\/UCREXSGcI2lrYs6eT9VapG3w"]}]},"product_brand":"Erbolinea","og_availability":"instock","product_availability":"instock","product_retailer_item_id":"lin_cer_vietri-BOTT_QUAD","product_condition":"new"},"_links":{"self":[{"href":"https:\/\/erbolinea.com\/de\/wp-json\/wp\/v2\/product\/20572","targetHints":{"allow":["GET"]}}],"collection":[{"href":"https:\/\/erbolinea.com\/de\/wp-json\/wp\/v2\/product"}],"about":[{"href":"https:\/\/erbolinea.com\/de\/wp-json\/wp\/v2\/types\/product"}],"wp:featuredmedia":[{"embeddable":true,"href":"https:\/\/erbolinea.com\/de\/wp-json\/wp\/v2\/media\/19464"}],"wp:attachment":[{"href":"https:\/\/erbolinea.com\/de\/wp-json\/wp\/v2\/media?parent=20572"}],"wp:term":[{"taxonomy":"product_brand","embeddable":true,"href":"https:\/\/erbolinea.com\/de\/wp-json\/wp\/v2\/product_brand?post=20572"},{"taxonomy":"product_cat","embeddable":true,"href":"https:\/\/erbolinea.com\/de\/wp-json\/wp\/v2\/product_cat?post=20572"},{"taxonomy":"product_tag","embeddable":true,"href":"https:\/\/erbolinea.com\/de\/wp-json\/wp\/v2\/product_tag?post=20572"}],"curies":[{"name":"wp","href":"https:\/\/api.w.org\/{rel}","templated":true}]}}