{"id":16214,"date":"2022-11-15T09:34:58","date_gmt":"2022-11-15T08:34:58","guid":{"rendered":"https:\/\/erbolinea.com\/?post_type=product&#038;p=16214"},"modified":"2026-04-15T16:57:31","modified_gmt":"2026-04-15T14:57:31","slug":"diffusori-in-ceramica-con-bastoncini-linea-art-il-riccio","status":"publish","type":"product","link":"https:\/\/erbolinea.com\/de\/produkt\/diffusori-in-ceramica-con-bastoncini-linea-art-il-riccio\/","title":{"rendered":"Raumduft im Keramikdiffusor Art Line - IL RICCIO"},"content":{"rendered":"<p>Keramischer Diffusor mit St\u00e4bchen aus ausgew\u00e4hlten Essenzen und Rohstoffen von h\u00f6chster Qualit\u00e4t. Hergestellt aus Grottaglie-Keramik, einer der interessantesten k\u00fcnstlerischen Ausdrucksformen apulischer Handwerkskunst, die durch das D.O.C.-Zeichen gesch\u00fctzt ist, einer Keramiktradition, die auf das 8. Jahrhundert v. Chr. zur\u00fcckgeht.<br \/>\nSie sind in der ganzen Welt bekannt und gesch\u00e4tzt, haben eine elegante Form und zeichnen sich durch eine lebendige dekorative Polychromie aus, die durch den harmonischen Wechsel von Gelb-, Gr\u00fcn-, Blau- und Mangant\u00f6nen entsteht. Die Grottaglie-Keramik war und ist eine Tradition, die von Generation zu Generation weitergegeben wird.<br \/>\nErbolinea hat diese Tradition aufgegriffen und erneuert, indem sie in Zusammenarbeit mit Keramikern einzigartige St\u00fccke geschaffen hat, die zusammen mit Raumd\u00fcften in warmen, lokalen T\u00f6nen eine intensive und exklusive Atmosph\u00e4re schaffen.<\/p>","protected":false},"excerpt":{"rendered":"<p>Keramischer Diffusor mit St\u00e4bchen, hergestellt aus ausgew\u00e4hlten Essenzen und Rohstoffen von h\u00f6chster Qualit\u00e4t. Hergestellt aus Grottaglie-Keramik, einer der interessantesten k\u00fcnstlerischen Ausdrucksformen apulischer Handwerkskunst, die durch das D.O.C.-Zeichen gesch\u00fctzt ist, einer Keramiktradition, die auf das 8. vorchristliche Jahrhundert zur\u00fcckgeht. In der ganzen Welt bekannt und gesch\u00e4tzt, elegant in der Form und charakterisiert durch die lebendige [...]","protected":false},"featured_media":15206,"template":"","meta":[],"product_brand":[],"product_cat":[129],"product_tag":[438,439],"class_list":{"0":"post-16214","1":"product","2":"type-product","3":"status-publish","4":"has-post-thumbnail","6":"product_cat-diffusore-oli-essenziali-ceramica","7":"product_tag-diffusori-in-ceramica","8":"product_tag-linea-art","10":"first","11":"instock","12":"shipping-taxable","13":"purchasable","14":"product-type-variable","15":"has-default-attributes"},"yoast_head":"<!-- This site is optimized with the Yoast SEO Premium plugin v26.2 (Yoast SEO v26.4) - https:\/\/yoast.com\/wordpress\/plugins\/seo\/ -->\n<title>Diffusori in ceramica con bastoncini | Erbolinea<\/title>\n<meta name=\"description\" content=\"Vuoi dare un&#039; odore speciale al tuo ambiente.Acquista i diffusori in ceramica con bastoncini di erbolinea,dona alla tua casa un profumo unico\" \/>\n<meta name=\"robots\" content=\"index, follow, max-snippet:-1, max-image-preview:large, max-video-preview:-1\" \/>\n<link rel=\"canonical\" href=\"https:\/\/erbolinea.com\/de\/produkt\/diffusori-in-ceramica-con-bastoncini-linea-art-il-riccio\/\" \/>\n<meta property=\"og:locale\" content=\"de_DE\" \/>\n<meta property=\"og:type\" content=\"article\" \/>\n<meta property=\"og:title\" content=\"Profumo per ambiente in diffusore di ceramica Linea Art - IL RICCIO\" \/>\n<meta property=\"og:description\" content=\"Vuoi dare un&#039; odore speciale al tuo ambiente.Acquista i diffusori in ceramica con bastoncini di erbolinea,dona alla tua casa un profumo unico\" \/>\n<meta property=\"og:url\" content=\"https:\/\/erbolinea.com\/de\/produkt\/diffusori-in-ceramica-con-bastoncini-linea-art-il-riccio\/\" \/>\n<meta property=\"og:site_name\" content=\"Erbolinea - Store Fragrances\" \/>\n<meta property=\"article:publisher\" content=\"https:\/\/www.facebook.com\/erbolinea\" \/>\n<meta property=\"article:modified_time\" content=\"2026-04-15T14:57:31+00:00\" \/>\n<meta property=\"og:image\" content=\"https:\/\/erbolinea.com\/wp-content\/uploads\/2018\/11\/Copertina-profumatore.jpg\" \/>\n\t<meta property=\"og:image:width\" content=\"1068\" \/>\n\t<meta property=\"og:image:height\" content=\"801\" \/>\n\t<meta property=\"og:image:type\" content=\"image\/jpeg\" \/>\n<meta name=\"twitter:card\" content=\"summary_large_image\" \/>\n<meta name=\"twitter:label1\" content=\"Verf\u00fcgbarkeit\" \/>\n\t<meta name=\"twitter:data1\" content=\"Auf Lager\" \/>\n<script type=\"application\/ld+json\" class=\"yoast-schema-graph\">{\"@context\":\"https:\/\/schema.org\",\"@graph\":[{\"@type\":\"WebPage\",\"@id\":\"https:\/\/erbolinea.com\/prodotto\/diffusori-in-ceramica-con-bastoncini-linea-art-il-riccio\/\",\"url\":\"https:\/\/erbolinea.com\/prodotto\/diffusori-in-ceramica-con-bastoncini-linea-art-il-riccio\/\",\"name\":\"Diffusori in ceramica con bastoncini | Erbolinea\",\"isPartOf\":{\"@id\":\"https:\/\/erbolinea.com\/#website\"},\"primaryImageOfPage\":{\"@id\":\"https:\/\/erbolinea.com\/prodotto\/diffusori-in-ceramica-con-bastoncini-linea-art-il-riccio\/#primaryimage\"},\"image\":{\"@id\":\"https:\/\/erbolinea.com\/prodotto\/diffusori-in-ceramica-con-bastoncini-linea-art-il-riccio\/#primaryimage\"},\"thumbnailUrl\":\"https:\/\/erbolinea.com\/wp-content\/uploads\/2018\/11\/Copertina-profumatore.jpg\",\"datePublished\":\"2022-11-15T08:34:58+00:00\",\"dateModified\":\"2026-04-15T14:57:31+00:00\",\"description\":\"Vuoi dare un' odore speciale al tuo ambiente.Acquista i diffusori in ceramica con bastoncini di erbolinea,dona alla tua casa un profumo unico\",\"breadcrumb\":{\"@id\":\"https:\/\/erbolinea.com\/prodotto\/diffusori-in-ceramica-con-bastoncini-linea-art-il-riccio\/#breadcrumb\"},\"inLanguage\":\"de\",\"potentialAction\":[{\"@type\":\"ReadAction\",\"target\":[\"https:\/\/erbolinea.com\/prodotto\/diffusori-in-ceramica-con-bastoncini-linea-art-il-riccio\/\"]}]},{\"@type\":\"ImageObject\",\"inLanguage\":\"de\",\"@id\":\"https:\/\/erbolinea.com\/prodotto\/diffusori-in-ceramica-con-bastoncini-linea-art-il-riccio\/#primaryimage\",\"url\":\"https:\/\/erbolinea.com\/wp-content\/uploads\/2018\/11\/Copertina-profumatore.jpg\",\"contentUrl\":\"https:\/\/erbolinea.com\/wp-content\/uploads\/2018\/11\/Copertina-profumatore.jpg\",\"width\":1068,\"height\":801},{\"@type\":\"BreadcrumbList\",\"@id\":\"https:\/\/erbolinea.com\/prodotto\/diffusori-in-ceramica-con-bastoncini-linea-art-il-riccio\/#breadcrumb\",\"itemListElement\":[{\"@type\":\"ListItem\",\"position\":1,\"name\":\"Home\",\"item\":\"https:\/\/erbolinea.com\/\"},{\"@type\":\"ListItem\",\"position\":2,\"name\":\"Shop\",\"item\":\"https:\/\/erbolinea.com\/shop\/\"},{\"@type\":\"ListItem\",\"position\":3,\"name\":\"Profumo per ambiente in diffusore di ceramica Linea Art &#8211; IL RICCIO\"}]},{\"@type\":\"WebSite\",\"@id\":\"https:\/\/erbolinea.com\/#website\",\"url\":\"https:\/\/erbolinea.com\/\",\"name\":\"Erbolinea - Store Fragrances\",\"description\":\"Vendita diffusori di ambiente\",\"publisher\":{\"@id\":\"https:\/\/erbolinea.com\/#organization\"},\"alternateName\":\"Erbolinea\",\"potentialAction\":[{\"@type\":\"SearchAction\",\"target\":{\"@type\":\"EntryPoint\",\"urlTemplate\":\"https:\/\/erbolinea.com\/?s={search_term_string}\"},\"query-input\":{\"@type\":\"PropertyValueSpecification\",\"valueRequired\":true,\"valueName\":\"search_term_string\"}}],\"inLanguage\":\"de\"},{\"@type\":\"Organization\",\"@id\":\"https:\/\/erbolinea.com\/#organization\",\"name\":\"Erbolinea\",\"url\":\"https:\/\/erbolinea.com\/\",\"logo\":{\"@type\":\"ImageObject\",\"inLanguage\":\"de\",\"@id\":\"https:\/\/erbolinea.com\/#\/schema\/logo\/image\/\",\"url\":\"https:\/\/erbolinea.com\/wp-content\/uploads\/2020\/04\/logo-400x83_new.png\",\"contentUrl\":\"https:\/\/erbolinea.com\/wp-content\/uploads\/2020\/04\/logo-400x83_new.png\",\"width\":400,\"height\":103,\"caption\":\"Erbolinea\"},\"image\":{\"@id\":\"https:\/\/erbolinea.com\/#\/schema\/logo\/image\/\"},\"sameAs\":[\"https:\/\/www.facebook.com\/erbolinea\",\"https:\/\/www.instagram.com\/erbolinea_fragranze_srl\/\",\"https:\/\/www.youtube.com\/channel\/UCREXSGcI2lrYs6eT9VapG3w\"]}]}<\/script>\n<meta property=\"product:brand\" content=\"Erbolinea\" \/>\n<meta property=\"og:availability\" content=\"instock\" \/>\n<meta property=\"product:availability\" content=\"instock\" \/>\n<meta property=\"product:retailer_item_id\" content=\"lin_art-RICCIO\" \/>\n<meta property=\"product:condition\" content=\"new\" \/>\n<!-- \/ Yoast SEO Premium plugin. -->","yoast_head_json":{"title":"Keramische Diffusoren mit St\u00e4bchen | Erbolinea","description":"Kaufen Sie Keramik-Diffusoren mit Herbolinea-St\u00e4bchen und verleihen Sie Ihrem Zuhause einen einzigartigen Duft.","robots":{"index":"index","follow":"follow","max-snippet":"max-snippet:-1","max-image-preview":"max-image-preview:large","max-video-preview":"max-video-preview:-1"},"canonical":"https:\/\/erbolinea.com\/de\/produkt\/diffusori-in-ceramica-con-bastoncini-linea-art-il-riccio\/","og_locale":"de_DE","og_type":"article","og_title":"Profumo per ambiente in diffusore di ceramica Linea Art - IL RICCIO","og_description":"Vuoi dare un' odore speciale al tuo ambiente.Acquista i diffusori in ceramica con bastoncini di erbolinea,dona alla tua casa un profumo unico","og_url":"https:\/\/erbolinea.com\/de\/produkt\/diffusori-in-ceramica-con-bastoncini-linea-art-il-riccio\/","og_site_name":"Erbolinea - Store Fragrances","article_publisher":"https:\/\/www.facebook.com\/erbolinea","article_modified_time":"2026-04-15T14:57:31+00:00","og_image":[{"width":1068,"height":801,"url":"https:\/\/erbolinea.com\/wp-content\/uploads\/2018\/11\/Copertina-profumatore.jpg","type":"image\/jpeg"}],"twitter_card":"summary_large_image","twitter_misc":{"Verf\u00fcgbarkeit":"Auf Lager"},"schema":{"@context":"https:\/\/schema.org","@graph":[{"@type":"WebPage","@id":"https:\/\/erbolinea.com\/prodotto\/diffusori-in-ceramica-con-bastoncini-linea-art-il-riccio\/","url":"https:\/\/erbolinea.com\/prodotto\/diffusori-in-ceramica-con-bastoncini-linea-art-il-riccio\/","name":"Keramische Diffusoren mit St\u00e4bchen | Erbolinea","isPartOf":{"@id":"https:\/\/erbolinea.com\/#website"},"primaryImageOfPage":{"@id":"https:\/\/erbolinea.com\/prodotto\/diffusori-in-ceramica-con-bastoncini-linea-art-il-riccio\/#primaryimage"},"image":{"@id":"https:\/\/erbolinea.com\/prodotto\/diffusori-in-ceramica-con-bastoncini-linea-art-il-riccio\/#primaryimage"},"thumbnailUrl":"https:\/\/erbolinea.com\/wp-content\/uploads\/2018\/11\/Copertina-profumatore.jpg","datePublished":"2022-11-15T08:34:58+00:00","dateModified":"2026-04-15T14:57:31+00:00","description":"Kaufen Sie Keramik-Diffusoren mit Herbolinea-St\u00e4bchen und verleihen Sie Ihrem Zuhause einen einzigartigen Duft.","breadcrumb":{"@id":"https:\/\/erbolinea.com\/prodotto\/diffusori-in-ceramica-con-bastoncini-linea-art-il-riccio\/#breadcrumb"},"inLanguage":"de","potentialAction":[{"@type":"ReadAction","target":["https:\/\/erbolinea.com\/prodotto\/diffusori-in-ceramica-con-bastoncini-linea-art-il-riccio\/"]}]},{"@type":"ImageObject","inLanguage":"de","@id":"https:\/\/erbolinea.com\/prodotto\/diffusori-in-ceramica-con-bastoncini-linea-art-il-riccio\/#primaryimage","url":"https:\/\/erbolinea.com\/wp-content\/uploads\/2018\/11\/Copertina-profumatore.jpg","contentUrl":"https:\/\/erbolinea.com\/wp-content\/uploads\/2018\/11\/Copertina-profumatore.jpg","width":1068,"height":801},{"@type":"BreadcrumbList","@id":"https:\/\/erbolinea.com\/prodotto\/diffusori-in-ceramica-con-bastoncini-linea-art-il-riccio\/#breadcrumb","itemListElement":[{"@type":"ListItem","position":1,"name":"Home","item":"https:\/\/erbolinea.com\/"},{"@type":"ListItem","position":2,"name":"Shop","item":"https:\/\/erbolinea.com\/shop\/"},{"@type":"ListItem","position":3,"name":"Profumo per ambiente in diffusore di ceramica Linea Art &#8211; IL RICCIO"}]},{"@type":"WebSite","@id":"https:\/\/erbolinea.com\/#website","url":"https:\/\/erbolinea.com\/","name":"Erbolinea - D\u00fcfte speichern","description":"Raumdiffusoren zu verkaufen","publisher":{"@id":"https:\/\/erbolinea.com\/#organization"},"alternateName":"Erbolinea","potentialAction":[{"@type":"SearchAction","target":{"@type":"EntryPoint","urlTemplate":"https:\/\/erbolinea.com\/?s={search_term_string}"},"query-input":{"@type":"PropertyValueSpecification","valueRequired":true,"valueName":"search_term_string"}}],"inLanguage":"de"},{"@type":"Organization","@id":"https:\/\/erbolinea.com\/#organization","name":"Erbolinea","url":"https:\/\/erbolinea.com\/","logo":{"@type":"ImageObject","inLanguage":"de","@id":"https:\/\/erbolinea.com\/#\/schema\/logo\/image\/","url":"https:\/\/erbolinea.com\/wp-content\/uploads\/2020\/04\/logo-400x83_new.png","contentUrl":"https:\/\/erbolinea.com\/wp-content\/uploads\/2020\/04\/logo-400x83_new.png","width":400,"height":103,"caption":"Erbolinea"},"image":{"@id":"https:\/\/erbolinea.com\/#\/schema\/logo\/image\/"},"sameAs":["https:\/\/www.facebook.com\/erbolinea","https:\/\/www.instagram.com\/erbolinea_fragranze_srl\/","https:\/\/www.youtube.com\/channel\/UCREXSGcI2lrYs6eT9VapG3w"]}]},"product_brand":"Erbolinea","og_availability":"instock","product_availability":"instock","product_retailer_item_id":"lin_art-RICCIO","product_condition":"new"},"_links":{"self":[{"href":"https:\/\/erbolinea.com\/de\/wp-json\/wp\/v2\/product\/16214","targetHints":{"allow":["GET"]}}],"collection":[{"href":"https:\/\/erbolinea.com\/de\/wp-json\/wp\/v2\/product"}],"about":[{"href":"https:\/\/erbolinea.com\/de\/wp-json\/wp\/v2\/types\/product"}],"wp:featuredmedia":[{"embeddable":true,"href":"https:\/\/erbolinea.com\/de\/wp-json\/wp\/v2\/media\/15206"}],"wp:attachment":[{"href":"https:\/\/erbolinea.com\/de\/wp-json\/wp\/v2\/media?parent=16214"}],"wp:term":[{"taxonomy":"product_brand","embeddable":true,"href":"https:\/\/erbolinea.com\/de\/wp-json\/wp\/v2\/product_brand?post=16214"},{"taxonomy":"product_cat","embeddable":true,"href":"https:\/\/erbolinea.com\/de\/wp-json\/wp\/v2\/product_cat?post=16214"},{"taxonomy":"product_tag","embeddable":true,"href":"https:\/\/erbolinea.com\/de\/wp-json\/wp\/v2\/product_tag?post=16214"}],"curies":[{"name":"wp","href":"https:\/\/api.w.org\/{rel}","templated":true}]}}