{"id":15987,"date":"2022-11-09T10:44:44","date_gmt":"2022-11-09T09:44:44","guid":{"rendered":"https:\/\/erbolinea.com\/?post_type=product&#038;p=15987"},"modified":"2026-03-15T09:03:07","modified_gmt":"2026-03-15T08:03:07","slug":"nuovo-profumatore-auto-starter-kit","status":"publish","type":"product","link":"https:\/\/erbolinea.com\/de\/produkt\/nuovo-profumatore-auto-starter-kit\/","title":{"rendered":"Neuwagen-Duftspender - STARTER KIT"},"content":{"rendered":"<p>Ein raffiniertes Accessoire, das den Innenraum parf\u00fcmiert und das Design Ihres Armaturenbretts aufwertet. Es verbreitet unsere exklusiven D\u00fcfte mit aktiver Bel\u00fcftung. Die Herstellung erfolgt nach Kriterien der \u00f6kologischen Nachhaltigkeit. Hergestellt in Italien.<\/p>\n<h4>N.B. Beim ersten Kauf m\u00fcssen Sie die Farbe der \u00e4u\u00dferen H\u00fclle (Starter Kit) und den Duft (<a href=\"https:\/\/erbolinea.com\/de\/produkt\/nuovo-profumatore-auto-refill-kit\/\"><u>Nachf\u00fcllpack<\/u><\/a>); danach kann nur noch der Ersatzduft gekauft werden.<\/h4>","protected":false},"excerpt":{"rendered":"<p>Ein raffiniertes Accessoire, das den Innenraum parf\u00fcmiert und das Design Ihres Armaturenbretts aufwertet. Es verbreitet unsere exklusiven D\u00fcfte mit aktiver Bel\u00fcftung. Hergestellt nach den Kriterien der Umweltvertr\u00e4glichkeit. Hergestellt in Italien. N.B. Beim ersten Kauf muss die Farbe der \u00e4u\u00dferen Abdeckung (Starter-Kit) und des Duftes (Nachf\u00fcll-Kit) gew\u00e4hlt werden; danach kann nur noch die Farbe des [...].","protected":false},"featured_media":16029,"template":"","meta":[],"product_brand":[],"product_cat":[],"product_tag":[],"class_list":{"0":"post-15987","1":"product","2":"type-product","3":"status-publish","4":"has-post-thumbnail","7":"first","8":"instock","9":"shipping-taxable","10":"purchasable","11":"product-type-variable"},"yoast_head":"<!-- This site is optimized with the Yoast SEO Premium plugin v26.2 (Yoast SEO v26.4) - https:\/\/yoast.com\/wordpress\/plugins\/seo\/ -->\n<title>Nuovo profumatore auto - STARTER KIT -<\/title>\n<meta name=\"description\" content=\"Raffinato accessorio ideato per profumare l\u2019abitacolo ed esaltare il design del tuo cruscotto. Made in Italy\" \/>\n<meta name=\"robots\" content=\"index, follow, max-snippet:-1, max-image-preview:large, max-video-preview:-1\" \/>\n<link rel=\"canonical\" href=\"https:\/\/erbolinea.com\/de\/produkt\/nuovo-profumatore-auto-starter-kit\/\" \/>\n<meta property=\"og:locale\" content=\"de_DE\" \/>\n<meta property=\"og:type\" content=\"article\" \/>\n<meta property=\"og:title\" content=\"Nuovo profumatore auto - STARTER KIT\" \/>\n<meta property=\"og:description\" content=\"Raffinato accessorio ideato per profumare l\u2019abitacolo ed esaltare il design del tuo cruscotto. Made in Italy\" \/>\n<meta property=\"og:url\" content=\"https:\/\/erbolinea.com\/de\/produkt\/nuovo-profumatore-auto-starter-kit\/\" \/>\n<meta property=\"og:site_name\" content=\"Erbolinea - Store Fragrances\" \/>\n<meta property=\"article:publisher\" content=\"https:\/\/www.facebook.com\/erbolinea\" \/>\n<meta property=\"article:modified_time\" content=\"2026-03-15T08:03:07+00:00\" \/>\n<meta property=\"og:image\" content=\"https:\/\/erbolinea.com\/wp-content\/uploads\/2022\/11\/slide_strter_kit.jpg\" \/>\n\t<meta property=\"og:image:width\" content=\"1900\" \/>\n\t<meta property=\"og:image:height\" content=\"1425\" \/>\n\t<meta property=\"og:image:type\" content=\"image\/jpeg\" \/>\n<meta name=\"twitter:card\" content=\"summary_large_image\" \/>\n<meta name=\"twitter:label1\" content=\"Verf\u00fcgbarkeit\" \/>\n\t<meta name=\"twitter:data1\" content=\"Auf Lager\" \/>\n<script type=\"application\/ld+json\" class=\"yoast-schema-graph\">{\"@context\":\"https:\/\/schema.org\",\"@graph\":[{\"@type\":\"WebPage\",\"@id\":\"https:\/\/erbolinea.com\/prodotto\/nuovo-profumatore-auto-starter-kit\/\",\"url\":\"https:\/\/erbolinea.com\/prodotto\/nuovo-profumatore-auto-starter-kit\/\",\"name\":\"Nuovo profumatore auto - STARTER KIT -\",\"isPartOf\":{\"@id\":\"https:\/\/erbolinea.com\/#website\"},\"primaryImageOfPage\":{\"@id\":\"https:\/\/erbolinea.com\/prodotto\/nuovo-profumatore-auto-starter-kit\/#primaryimage\"},\"image\":{\"@id\":\"https:\/\/erbolinea.com\/prodotto\/nuovo-profumatore-auto-starter-kit\/#primaryimage\"},\"thumbnailUrl\":\"https:\/\/erbolinea.com\/wp-content\/uploads\/2022\/11\/slide_strter_kit.jpg\",\"datePublished\":\"2022-11-09T09:44:44+00:00\",\"dateModified\":\"2026-03-15T08:03:07+00:00\",\"description\":\"Raffinato accessorio ideato per profumare l\u2019abitacolo ed esaltare il design del tuo cruscotto. Made in Italy\",\"breadcrumb\":{\"@id\":\"https:\/\/erbolinea.com\/prodotto\/nuovo-profumatore-auto-starter-kit\/#breadcrumb\"},\"inLanguage\":\"de\",\"potentialAction\":[{\"@type\":\"ReadAction\",\"target\":[\"https:\/\/erbolinea.com\/prodotto\/nuovo-profumatore-auto-starter-kit\/\"]}]},{\"@type\":\"ImageObject\",\"inLanguage\":\"de\",\"@id\":\"https:\/\/erbolinea.com\/prodotto\/nuovo-profumatore-auto-starter-kit\/#primaryimage\",\"url\":\"https:\/\/erbolinea.com\/wp-content\/uploads\/2022\/11\/slide_strter_kit.jpg\",\"contentUrl\":\"https:\/\/erbolinea.com\/wp-content\/uploads\/2022\/11\/slide_strter_kit.jpg\",\"width\":1900,\"height\":1425},{\"@type\":\"BreadcrumbList\",\"@id\":\"https:\/\/erbolinea.com\/prodotto\/nuovo-profumatore-auto-starter-kit\/#breadcrumb\",\"itemListElement\":[{\"@type\":\"ListItem\",\"position\":1,\"name\":\"Home\",\"item\":\"https:\/\/erbolinea.com\/\"},{\"@type\":\"ListItem\",\"position\":2,\"name\":\"Shop\",\"item\":\"https:\/\/erbolinea.com\/shop\/\"},{\"@type\":\"ListItem\",\"position\":3,\"name\":\"Nuovo profumatore auto &#8211; STARTER KIT\"}]},{\"@type\":\"WebSite\",\"@id\":\"https:\/\/erbolinea.com\/#website\",\"url\":\"https:\/\/erbolinea.com\/\",\"name\":\"Erbolinea - Store Fragrances\",\"description\":\"Vendita diffusori di ambiente\",\"publisher\":{\"@id\":\"https:\/\/erbolinea.com\/#organization\"},\"alternateName\":\"Erbolinea\",\"potentialAction\":[{\"@type\":\"SearchAction\",\"target\":{\"@type\":\"EntryPoint\",\"urlTemplate\":\"https:\/\/erbolinea.com\/?s={search_term_string}\"},\"query-input\":{\"@type\":\"PropertyValueSpecification\",\"valueRequired\":true,\"valueName\":\"search_term_string\"}}],\"inLanguage\":\"de\"},{\"@type\":\"Organization\",\"@id\":\"https:\/\/erbolinea.com\/#organization\",\"name\":\"Erbolinea\",\"url\":\"https:\/\/erbolinea.com\/\",\"logo\":{\"@type\":\"ImageObject\",\"inLanguage\":\"de\",\"@id\":\"https:\/\/erbolinea.com\/#\/schema\/logo\/image\/\",\"url\":\"https:\/\/erbolinea.com\/wp-content\/uploads\/2020\/04\/logo-400x83_new.png\",\"contentUrl\":\"https:\/\/erbolinea.com\/wp-content\/uploads\/2020\/04\/logo-400x83_new.png\",\"width\":400,\"height\":103,\"caption\":\"Erbolinea\"},\"image\":{\"@id\":\"https:\/\/erbolinea.com\/#\/schema\/logo\/image\/\"},\"sameAs\":[\"https:\/\/www.facebook.com\/erbolinea\",\"https:\/\/www.instagram.com\/erbolinea_fragranze_srl\/\",\"https:\/\/www.youtube.com\/channel\/UCREXSGcI2lrYs6eT9VapG3w\"]}]}<\/script>\n<meta property=\"og:availability\" content=\"instock\" \/>\n<meta property=\"product:availability\" content=\"instock\" \/>\n<meta property=\"product:condition\" content=\"new\" \/>\n<!-- \/ Yoast SEO Premium plugin. -->","yoast_head_json":{"title":"Neuwagenparf\u00fcmierer - STARTER KIT -","description":"Ein raffiniertes Accessoire, das den Innenraum parf\u00fcmiert und das Design Ihres Armaturenbretts aufwertet. In Italien hergestellt","robots":{"index":"index","follow":"follow","max-snippet":"max-snippet:-1","max-image-preview":"max-image-preview:large","max-video-preview":"max-video-preview:-1"},"canonical":"https:\/\/erbolinea.com\/de\/produkt\/nuovo-profumatore-auto-starter-kit\/","og_locale":"de_DE","og_type":"article","og_title":"Nuovo profumatore auto - STARTER KIT","og_description":"Raffinato accessorio ideato per profumare l\u2019abitacolo ed esaltare il design del tuo cruscotto. Made in Italy","og_url":"https:\/\/erbolinea.com\/de\/produkt\/nuovo-profumatore-auto-starter-kit\/","og_site_name":"Erbolinea - Store Fragrances","article_publisher":"https:\/\/www.facebook.com\/erbolinea","article_modified_time":"2026-03-15T08:03:07+00:00","og_image":[{"width":1900,"height":1425,"url":"https:\/\/erbolinea.com\/wp-content\/uploads\/2022\/11\/slide_strter_kit.jpg","type":"image\/jpeg"}],"twitter_card":"summary_large_image","twitter_misc":{"Verf\u00fcgbarkeit":"Auf Lager"},"schema":{"@context":"https:\/\/schema.org","@graph":[{"@type":"WebPage","@id":"https:\/\/erbolinea.com\/prodotto\/nuovo-profumatore-auto-starter-kit\/","url":"https:\/\/erbolinea.com\/prodotto\/nuovo-profumatore-auto-starter-kit\/","name":"Neuwagenparf\u00fcmierer - STARTER KIT -","isPartOf":{"@id":"https:\/\/erbolinea.com\/#website"},"primaryImageOfPage":{"@id":"https:\/\/erbolinea.com\/prodotto\/nuovo-profumatore-auto-starter-kit\/#primaryimage"},"image":{"@id":"https:\/\/erbolinea.com\/prodotto\/nuovo-profumatore-auto-starter-kit\/#primaryimage"},"thumbnailUrl":"https:\/\/erbolinea.com\/wp-content\/uploads\/2022\/11\/slide_strter_kit.jpg","datePublished":"2022-11-09T09:44:44+00:00","dateModified":"2026-03-15T08:03:07+00:00","description":"Ein raffiniertes Accessoire, das den Innenraum parf\u00fcmiert und das Design Ihres Armaturenbretts aufwertet. In Italien hergestellt","breadcrumb":{"@id":"https:\/\/erbolinea.com\/prodotto\/nuovo-profumatore-auto-starter-kit\/#breadcrumb"},"inLanguage":"de","potentialAction":[{"@type":"ReadAction","target":["https:\/\/erbolinea.com\/prodotto\/nuovo-profumatore-auto-starter-kit\/"]}]},{"@type":"ImageObject","inLanguage":"de","@id":"https:\/\/erbolinea.com\/prodotto\/nuovo-profumatore-auto-starter-kit\/#primaryimage","url":"https:\/\/erbolinea.com\/wp-content\/uploads\/2022\/11\/slide_strter_kit.jpg","contentUrl":"https:\/\/erbolinea.com\/wp-content\/uploads\/2022\/11\/slide_strter_kit.jpg","width":1900,"height":1425},{"@type":"BreadcrumbList","@id":"https:\/\/erbolinea.com\/prodotto\/nuovo-profumatore-auto-starter-kit\/#breadcrumb","itemListElement":[{"@type":"ListItem","position":1,"name":"Home","item":"https:\/\/erbolinea.com\/"},{"@type":"ListItem","position":2,"name":"Shop","item":"https:\/\/erbolinea.com\/shop\/"},{"@type":"ListItem","position":3,"name":"Nuovo profumatore auto &#8211; STARTER KIT"}]},{"@type":"WebSite","@id":"https:\/\/erbolinea.com\/#website","url":"https:\/\/erbolinea.com\/","name":"Erbolinea - D\u00fcfte speichern","description":"Raumdiffusoren zu verkaufen","publisher":{"@id":"https:\/\/erbolinea.com\/#organization"},"alternateName":"Erbolinea","potentialAction":[{"@type":"SearchAction","target":{"@type":"EntryPoint","urlTemplate":"https:\/\/erbolinea.com\/?s={search_term_string}"},"query-input":{"@type":"PropertyValueSpecification","valueRequired":true,"valueName":"search_term_string"}}],"inLanguage":"de"},{"@type":"Organization","@id":"https:\/\/erbolinea.com\/#organization","name":"Erbolinea","url":"https:\/\/erbolinea.com\/","logo":{"@type":"ImageObject","inLanguage":"de","@id":"https:\/\/erbolinea.com\/#\/schema\/logo\/image\/","url":"https:\/\/erbolinea.com\/wp-content\/uploads\/2020\/04\/logo-400x83_new.png","contentUrl":"https:\/\/erbolinea.com\/wp-content\/uploads\/2020\/04\/logo-400x83_new.png","width":400,"height":103,"caption":"Erbolinea"},"image":{"@id":"https:\/\/erbolinea.com\/#\/schema\/logo\/image\/"},"sameAs":["https:\/\/www.facebook.com\/erbolinea","https:\/\/www.instagram.com\/erbolinea_fragranze_srl\/","https:\/\/www.youtube.com\/channel\/UCREXSGcI2lrYs6eT9VapG3w"]}]},"og_availability":"instock","product_availability":"instock","product_condition":"new"},"_links":{"self":[{"href":"https:\/\/erbolinea.com\/de\/wp-json\/wp\/v2\/product\/15987","targetHints":{"allow":["GET"]}}],"collection":[{"href":"https:\/\/erbolinea.com\/de\/wp-json\/wp\/v2\/product"}],"about":[{"href":"https:\/\/erbolinea.com\/de\/wp-json\/wp\/v2\/types\/product"}],"wp:featuredmedia":[{"embeddable":true,"href":"https:\/\/erbolinea.com\/de\/wp-json\/wp\/v2\/media\/16029"}],"wp:attachment":[{"href":"https:\/\/erbolinea.com\/de\/wp-json\/wp\/v2\/media?parent=15987"}],"wp:term":[{"taxonomy":"product_brand","embeddable":true,"href":"https:\/\/erbolinea.com\/de\/wp-json\/wp\/v2\/product_brand?post=15987"},{"taxonomy":"product_cat","embeddable":true,"href":"https:\/\/erbolinea.com\/de\/wp-json\/wp\/v2\/product_cat?post=15987"},{"taxonomy":"product_tag","embeddable":true,"href":"https:\/\/erbolinea.com\/de\/wp-json\/wp\/v2\/product_tag?post=15987"}],"curies":[{"name":"wp","href":"https:\/\/api.w.org\/{rel}","templated":true}]}}