{"id":14905,"date":"2022-01-31T12:38:24","date_gmt":"2022-01-31T11:38:24","guid":{"rendered":"https:\/\/erbolinea.com\/?post_type=product&#038;p=14905"},"modified":"2025-07-07T19:09:58","modified_gmt":"2025-07-07T17:09:58","slug":"profumatore-per-ambiente-con-bastoncini-il-viaggio-italiano","status":"publish","type":"product","link":"https:\/\/erbolinea.com\/de\/produkt\/profumatore-per-ambiente-con-bastoncini-il-viaggio-italiano\/","title":{"rendered":"Zimmerduft Il Viaggio Italiano Line"},"content":{"rendered":"<p>Mit der Phantasie reisen, faszinierende Orte besuchen, die nat\u00fcrliche Sch\u00f6nheit unseres Italiens sehen. Unendliche gr\u00fcne Weiten, in denen Sie die D\u00fcfte der Plantagen deutlich wahrnehmen k\u00f6nnen, unsere W\u00e4lder, in denen jahrhundertealte B\u00e4ume die Geschichte unseres Lebens erz\u00e4hlen, das tiefblaue Meer, in dem Sie die Meeresbrise einatmen k\u00f6nnen, die sich gekonnt mit dem salzigen Duft der an den Felsen brechenden Wellen vermischt.<br \/>\nDaher auch unsere Linie 'Die Italienische Reise'. Eine Reise, die unsere Halbinsel von Norden nach S\u00fcden durchquert und all die D\u00fcfte, Parfums, Traditionen und Sch\u00f6nheiten mit sich bringt, die uns am Herzen liegen.<\/p>","protected":false},"excerpt":{"rendered":"<p>Mit der Phantasie reisen, faszinierende Orte besuchen, die nat\u00fcrliche Sch\u00f6nheit unseres Italiens sehen. Unendliche gr\u00fcne Weiten, in denen man die D\u00fcfte der Plantagen deutlich wahrnehmen kann, unsere W\u00e4lder, in denen jahrhundertealte B\u00e4ume die Geschichte unseres Lebens erz\u00e4hlen, die tiefblauen Meere, in denen man die Meeresbrise einatmen kann, die sich gekonnt mit dem salzigen Duft der Wellen vermischt, die sich am Meer brechen, [...]","protected":false},"featured_media":14947,"template":"","meta":[],"product_brand":[],"product_cat":[557],"product_tag":[],"class_list":{"0":"post-14905","1":"product","2":"type-product","3":"status-publish","4":"has-post-thumbnail","6":"product_cat-il-viaggio-italiano","8":"first","9":"instock","10":"shipping-taxable","11":"purchasable","12":"product-type-variable"},"yoast_head":"<!-- This site is optimized with the Yoast SEO Premium plugin v26.2 (Yoast SEO v26.4) - https:\/\/yoast.com\/wordpress\/plugins\/seo\/ -->\n<title>profumatore a quadro con bastoncini | erbolinea shop online<\/title>\n<meta name=\"description\" content=\"Fragranze uniche di profumatori d&#039;ambiente contornate da un quadro profumatore con bastoncini. Scopri il profumatore a quadro con bastoncini\" \/>\n<meta name=\"robots\" content=\"index, follow, max-snippet:-1, max-image-preview:large, max-video-preview:-1\" \/>\n<link rel=\"canonical\" href=\"https:\/\/erbolinea.com\/de\/produkt\/profumatore-per-ambiente-con-bastoncini-il-viaggio-italiano\/\" \/>\n<meta property=\"og:locale\" content=\"de_DE\" \/>\n<meta property=\"og:type\" content=\"article\" \/>\n<meta property=\"og:title\" content=\"Profumo per ambiente Linea Il Viaggio Italiano\" \/>\n<meta property=\"og:description\" content=\"Fragranze uniche di profumatori d&#039;ambiente contornate da un quadro profumatore con bastoncini. Scopri il profumatore a quadro con bastoncini\" \/>\n<meta property=\"og:url\" content=\"https:\/\/erbolinea.com\/de\/produkt\/profumatore-per-ambiente-con-bastoncini-il-viaggio-italiano\/\" \/>\n<meta property=\"og:site_name\" content=\"Erbolinea - Store Fragrances\" \/>\n<meta property=\"article:publisher\" content=\"https:\/\/www.facebook.com\/erbolinea\" \/>\n<meta property=\"article:modified_time\" content=\"2025-07-07T17:09:58+00:00\" \/>\n<meta property=\"og:image\" content=\"https:\/\/erbolinea.com\/wp-content\/uploads\/2022\/01\/copertina_.jpg\" \/>\n\t<meta property=\"og:image:width\" content=\"1900\" \/>\n\t<meta property=\"og:image:height\" content=\"1425\" \/>\n\t<meta property=\"og:image:type\" content=\"image\/jpeg\" \/>\n<meta name=\"twitter:card\" content=\"summary_large_image\" \/>\n<meta name=\"twitter:label1\" content=\"Verf\u00fcgbarkeit\" \/>\n\t<meta name=\"twitter:data1\" content=\"Auf Lager\" \/>\n<script type=\"application\/ld+json\" class=\"yoast-schema-graph\">{\"@context\":\"https:\/\/schema.org\",\"@graph\":[{\"@type\":\"WebPage\",\"@id\":\"https:\/\/erbolinea.com\/prodotto\/profumatore-per-ambiente-con-bastoncini-il-viaggio-italiano\/\",\"url\":\"https:\/\/erbolinea.com\/prodotto\/profumatore-per-ambiente-con-bastoncini-il-viaggio-italiano\/\",\"name\":\"profumatore a quadro con bastoncini | erbolinea shop online\",\"isPartOf\":{\"@id\":\"https:\/\/erbolinea.com\/#website\"},\"primaryImageOfPage\":{\"@id\":\"https:\/\/erbolinea.com\/prodotto\/profumatore-per-ambiente-con-bastoncini-il-viaggio-italiano\/#primaryimage\"},\"image\":{\"@id\":\"https:\/\/erbolinea.com\/prodotto\/profumatore-per-ambiente-con-bastoncini-il-viaggio-italiano\/#primaryimage\"},\"thumbnailUrl\":\"https:\/\/erbolinea.com\/wp-content\/uploads\/2022\/01\/copertina_.jpg\",\"datePublished\":\"2022-01-31T11:38:24+00:00\",\"dateModified\":\"2025-07-07T17:09:58+00:00\",\"description\":\"Fragranze uniche di profumatori d'ambiente contornate da un quadro profumatore con bastoncini. Scopri il profumatore a quadro con bastoncini\",\"breadcrumb\":{\"@id\":\"https:\/\/erbolinea.com\/prodotto\/profumatore-per-ambiente-con-bastoncini-il-viaggio-italiano\/#breadcrumb\"},\"inLanguage\":\"de\",\"potentialAction\":[{\"@type\":\"ReadAction\",\"target\":[\"https:\/\/erbolinea.com\/prodotto\/profumatore-per-ambiente-con-bastoncini-il-viaggio-italiano\/\"]}]},{\"@type\":\"ImageObject\",\"inLanguage\":\"de\",\"@id\":\"https:\/\/erbolinea.com\/prodotto\/profumatore-per-ambiente-con-bastoncini-il-viaggio-italiano\/#primaryimage\",\"url\":\"https:\/\/erbolinea.com\/wp-content\/uploads\/2022\/01\/copertina_.jpg\",\"contentUrl\":\"https:\/\/erbolinea.com\/wp-content\/uploads\/2022\/01\/copertina_.jpg\",\"width\":1900,\"height\":1425},{\"@type\":\"BreadcrumbList\",\"@id\":\"https:\/\/erbolinea.com\/prodotto\/profumatore-per-ambiente-con-bastoncini-il-viaggio-italiano\/#breadcrumb\",\"itemListElement\":[{\"@type\":\"ListItem\",\"position\":1,\"name\":\"Home\",\"item\":\"https:\/\/erbolinea.com\/\"},{\"@type\":\"ListItem\",\"position\":2,\"name\":\"Shop\",\"item\":\"https:\/\/erbolinea.com\/shop\/\"},{\"@type\":\"ListItem\",\"position\":3,\"name\":\"Profumo per ambiente Linea Il Viaggio Italiano\"}]},{\"@type\":\"WebSite\",\"@id\":\"https:\/\/erbolinea.com\/#website\",\"url\":\"https:\/\/erbolinea.com\/\",\"name\":\"Erbolinea - Store Fragrances\",\"description\":\"Vendita diffusori di ambiente\",\"publisher\":{\"@id\":\"https:\/\/erbolinea.com\/#organization\"},\"alternateName\":\"Erbolinea\",\"potentialAction\":[{\"@type\":\"SearchAction\",\"target\":{\"@type\":\"EntryPoint\",\"urlTemplate\":\"https:\/\/erbolinea.com\/?s={search_term_string}\"},\"query-input\":{\"@type\":\"PropertyValueSpecification\",\"valueRequired\":true,\"valueName\":\"search_term_string\"}}],\"inLanguage\":\"de\"},{\"@type\":\"Organization\",\"@id\":\"https:\/\/erbolinea.com\/#organization\",\"name\":\"Erbolinea\",\"url\":\"https:\/\/erbolinea.com\/\",\"logo\":{\"@type\":\"ImageObject\",\"inLanguage\":\"de\",\"@id\":\"https:\/\/erbolinea.com\/#\/schema\/logo\/image\/\",\"url\":\"https:\/\/erbolinea.com\/wp-content\/uploads\/2020\/04\/logo-400x83_new.png\",\"contentUrl\":\"https:\/\/erbolinea.com\/wp-content\/uploads\/2020\/04\/logo-400x83_new.png\",\"width\":400,\"height\":103,\"caption\":\"Erbolinea\"},\"image\":{\"@id\":\"https:\/\/erbolinea.com\/#\/schema\/logo\/image\/\"},\"sameAs\":[\"https:\/\/www.facebook.com\/erbolinea\",\"https:\/\/www.instagram.com\/erbolinea_fragranze_srl\/\",\"https:\/\/www.youtube.com\/channel\/UCREXSGcI2lrYs6eT9VapG3w\"]}]}<\/script>\n<meta property=\"product:brand\" content=\"Erbolinea\" \/>\n<meta property=\"og:availability\" content=\"instock\" \/>\n<meta property=\"product:availability\" content=\"instock\" \/>\n<meta property=\"product:retailer_item_id\" content=\"lin_viag_ita\" \/>\n<meta property=\"product:condition\" content=\"new\" \/>\n<!-- \/ Yoast SEO Premium plugin. -->","yoast_head_json":{"title":"Quadratischer Parf\u00fcmierer mit St\u00e4bchen | erbolinea shop online","description":"Einzigartige D\u00fcfte von Raumparf\u00fcmeuren, umgeben von einem quadratischen Parf\u00fcmeur mit St\u00e4bchen. Entdecken Sie den quadratischen Parf\u00fcmeur mit St\u00e4bchen","robots":{"index":"index","follow":"follow","max-snippet":"max-snippet:-1","max-image-preview":"max-image-preview:large","max-video-preview":"max-video-preview:-1"},"canonical":"https:\/\/erbolinea.com\/de\/produkt\/profumatore-per-ambiente-con-bastoncini-il-viaggio-italiano\/","og_locale":"de_DE","og_type":"article","og_title":"Profumo per ambiente Linea Il Viaggio Italiano","og_description":"Fragranze uniche di profumatori d'ambiente contornate da un quadro profumatore con bastoncini. Scopri il profumatore a quadro con bastoncini","og_url":"https:\/\/erbolinea.com\/de\/produkt\/profumatore-per-ambiente-con-bastoncini-il-viaggio-italiano\/","og_site_name":"Erbolinea - Store Fragrances","article_publisher":"https:\/\/www.facebook.com\/erbolinea","article_modified_time":"2025-07-07T17:09:58+00:00","og_image":[{"width":1900,"height":1425,"url":"https:\/\/erbolinea.com\/wp-content\/uploads\/2022\/01\/copertina_.jpg","type":"image\/jpeg"}],"twitter_card":"summary_large_image","twitter_misc":{"Verf\u00fcgbarkeit":"Auf Lager"},"schema":{"@context":"https:\/\/schema.org","@graph":[{"@type":"WebPage","@id":"https:\/\/erbolinea.com\/prodotto\/profumatore-per-ambiente-con-bastoncini-il-viaggio-italiano\/","url":"https:\/\/erbolinea.com\/prodotto\/profumatore-per-ambiente-con-bastoncini-il-viaggio-italiano\/","name":"Quadratischer Parf\u00fcmierer mit St\u00e4bchen | erbolinea shop online","isPartOf":{"@id":"https:\/\/erbolinea.com\/#website"},"primaryImageOfPage":{"@id":"https:\/\/erbolinea.com\/prodotto\/profumatore-per-ambiente-con-bastoncini-il-viaggio-italiano\/#primaryimage"},"image":{"@id":"https:\/\/erbolinea.com\/prodotto\/profumatore-per-ambiente-con-bastoncini-il-viaggio-italiano\/#primaryimage"},"thumbnailUrl":"https:\/\/erbolinea.com\/wp-content\/uploads\/2022\/01\/copertina_.jpg","datePublished":"2022-01-31T11:38:24+00:00","dateModified":"2025-07-07T17:09:58+00:00","description":"Einzigartige D\u00fcfte von Raumparf\u00fcmeuren, umgeben von einem quadratischen Parf\u00fcmeur mit St\u00e4bchen. Entdecken Sie den quadratischen Parf\u00fcmeur mit St\u00e4bchen","breadcrumb":{"@id":"https:\/\/erbolinea.com\/prodotto\/profumatore-per-ambiente-con-bastoncini-il-viaggio-italiano\/#breadcrumb"},"inLanguage":"de","potentialAction":[{"@type":"ReadAction","target":["https:\/\/erbolinea.com\/prodotto\/profumatore-per-ambiente-con-bastoncini-il-viaggio-italiano\/"]}]},{"@type":"ImageObject","inLanguage":"de","@id":"https:\/\/erbolinea.com\/prodotto\/profumatore-per-ambiente-con-bastoncini-il-viaggio-italiano\/#primaryimage","url":"https:\/\/erbolinea.com\/wp-content\/uploads\/2022\/01\/copertina_.jpg","contentUrl":"https:\/\/erbolinea.com\/wp-content\/uploads\/2022\/01\/copertina_.jpg","width":1900,"height":1425},{"@type":"BreadcrumbList","@id":"https:\/\/erbolinea.com\/prodotto\/profumatore-per-ambiente-con-bastoncini-il-viaggio-italiano\/#breadcrumb","itemListElement":[{"@type":"ListItem","position":1,"name":"Home","item":"https:\/\/erbolinea.com\/"},{"@type":"ListItem","position":2,"name":"Shop","item":"https:\/\/erbolinea.com\/shop\/"},{"@type":"ListItem","position":3,"name":"Profumo per ambiente Linea Il Viaggio Italiano"}]},{"@type":"WebSite","@id":"https:\/\/erbolinea.com\/#website","url":"https:\/\/erbolinea.com\/","name":"Erbolinea - D\u00fcfte speichern","description":"Raumdiffusoren zu verkaufen","publisher":{"@id":"https:\/\/erbolinea.com\/#organization"},"alternateName":"Erbolinea","potentialAction":[{"@type":"SearchAction","target":{"@type":"EntryPoint","urlTemplate":"https:\/\/erbolinea.com\/?s={search_term_string}"},"query-input":{"@type":"PropertyValueSpecification","valueRequired":true,"valueName":"search_term_string"}}],"inLanguage":"de"},{"@type":"Organization","@id":"https:\/\/erbolinea.com\/#organization","name":"Erbolinea","url":"https:\/\/erbolinea.com\/","logo":{"@type":"ImageObject","inLanguage":"de","@id":"https:\/\/erbolinea.com\/#\/schema\/logo\/image\/","url":"https:\/\/erbolinea.com\/wp-content\/uploads\/2020\/04\/logo-400x83_new.png","contentUrl":"https:\/\/erbolinea.com\/wp-content\/uploads\/2020\/04\/logo-400x83_new.png","width":400,"height":103,"caption":"Erbolinea"},"image":{"@id":"https:\/\/erbolinea.com\/#\/schema\/logo\/image\/"},"sameAs":["https:\/\/www.facebook.com\/erbolinea","https:\/\/www.instagram.com\/erbolinea_fragranze_srl\/","https:\/\/www.youtube.com\/channel\/UCREXSGcI2lrYs6eT9VapG3w"]}]},"product_brand":"Erbolinea","og_availability":"instock","product_availability":"instock","product_retailer_item_id":"lin_viag_ita","product_condition":"new"},"_links":{"self":[{"href":"https:\/\/erbolinea.com\/de\/wp-json\/wp\/v2\/product\/14905","targetHints":{"allow":["GET"]}}],"collection":[{"href":"https:\/\/erbolinea.com\/de\/wp-json\/wp\/v2\/product"}],"about":[{"href":"https:\/\/erbolinea.com\/de\/wp-json\/wp\/v2\/types\/product"}],"wp:featuredmedia":[{"embeddable":true,"href":"https:\/\/erbolinea.com\/de\/wp-json\/wp\/v2\/media\/14947"}],"wp:attachment":[{"href":"https:\/\/erbolinea.com\/de\/wp-json\/wp\/v2\/media?parent=14905"}],"wp:term":[{"taxonomy":"product_brand","embeddable":true,"href":"https:\/\/erbolinea.com\/de\/wp-json\/wp\/v2\/product_brand?post=14905"},{"taxonomy":"product_cat","embeddable":true,"href":"https:\/\/erbolinea.com\/de\/wp-json\/wp\/v2\/product_cat?post=14905"},{"taxonomy":"product_tag","embeddable":true,"href":"https:\/\/erbolinea.com\/de\/wp-json\/wp\/v2\/product_tag?post=14905"}],"curies":[{"name":"wp","href":"https:\/\/api.w.org\/{rel}","templated":true}]}}