{"id":14041,"date":"2021-10-29T16:16:36","date_gmt":"2021-10-29T14:16:36","guid":{"rendered":"https:\/\/erbolinea.com\/?post_type=product&#038;p=14041"},"modified":"2024-06-04T09:35:48","modified_gmt":"2024-06-04T07:35:48","slug":"candela-profumata-linea-le-classiche","status":"publish","type":"product","link":"https:\/\/erbolinea.com\/de\/produkt\/candela-profumata-linea-le-classiche\/","title":{"rendered":"Duftkerze 100% Soya Classic Line"},"content":{"rendered":"<p>Die <a href=\"https:\/\/erbolinea.com\/de\/produkt\/candela-profumata\/\">Parf\u00fcmierte Kerze<\/a> von Erbolinea besteht aus 100% pflanzlichem Sojawachs, gemischt mit ausgew\u00e4hlten reinen Essenzen von h\u00f6chster Qualit\u00e4t. Die <a href=\"https:\/\/erbolinea.com\/de\/produkt\/stoppino-di-ricambio-per-lampade-catalitiche\/\">Docht<\/a> ist aus reiner, bleifreier Baumwolle hergestellt.<\/p>","protected":false},"excerpt":{"rendered":"<p>Die Duftkerze von Erbolinea wird aus 100% pflanzlichem Sojawachs hergestellt, das mit ausgew\u00e4hlten reinen Essenzen von h\u00f6chster Qualit\u00e4t gemischt wird. Der Docht ist aus reiner, bleifreier Baumwolle gefertigt.<\/p>","protected":false},"featured_media":14874,"template":"","meta":[],"product_brand":[],"product_cat":[161],"product_tag":[],"class_list":{"0":"post-14041","1":"product","2":"type-product","3":"status-publish","4":"has-post-thumbnail","6":"product_cat-candele_profumate","8":"first","9":"instock","10":"shipping-taxable","11":"purchasable","12":"product-type-variable","13":"has-default-attributes"},"yoast_head":"<!-- This site is optimized with the Yoast SEO Premium plugin v26.2 (Yoast SEO v26.4) - https:\/\/yoast.com\/wordpress\/plugins\/seo\/ -->\n<title>Candela in cera di soia vegetale | erbolinea store online<\/title>\n<meta name=\"description\" content=\"Un&#039;profumo denso e coinvolgente. Scopri la Candela in cera di soia vegetale di erbolinea e crea un&#039;esperienza unica al tuo ambiente.\" \/>\n<meta name=\"robots\" content=\"index, follow, max-snippet:-1, max-image-preview:large, max-video-preview:-1\" \/>\n<link rel=\"canonical\" href=\"https:\/\/erbolinea.com\/de\/produkt\/candela-profumata-linea-le-classiche\/\" \/>\n<meta property=\"og:locale\" content=\"de_DE\" \/>\n<meta property=\"og:type\" content=\"article\" \/>\n<meta property=\"og:title\" content=\"Candela profumata 100% Soia Linea Le Classiche\" \/>\n<meta property=\"og:description\" content=\"Un&#039;profumo denso e coinvolgente. Scopri la Candela in cera di soia vegetale di erbolinea e crea un&#039;esperienza unica al tuo ambiente.\" \/>\n<meta property=\"og:url\" content=\"https:\/\/erbolinea.com\/de\/produkt\/candela-profumata-linea-le-classiche\/\" \/>\n<meta property=\"og:site_name\" content=\"Erbolinea - Store Fragrances\" \/>\n<meta property=\"article:publisher\" content=\"https:\/\/www.facebook.com\/erbolinea\" \/>\n<meta property=\"article:modified_time\" content=\"2024-06-04T07:35:48+00:00\" \/>\n<meta property=\"og:image\" content=\"https:\/\/erbolinea.com\/wp-content\/uploads\/2022\/01\/laguna-blu_.jpg\" \/>\n\t<meta property=\"og:image:width\" content=\"1800\" \/>\n\t<meta property=\"og:image:height\" content=\"1800\" \/>\n\t<meta property=\"og:image:type\" content=\"image\/jpeg\" \/>\n<meta name=\"twitter:card\" content=\"summary_large_image\" \/>\n<meta name=\"twitter:label1\" content=\"Verf\u00fcgbarkeit\" \/>\n\t<meta name=\"twitter:data1\" content=\"Auf Lager\" \/>\n<script type=\"application\/ld+json\" class=\"yoast-schema-graph\">{\"@context\":\"https:\/\/schema.org\",\"@graph\":[{\"@type\":\"WebPage\",\"@id\":\"https:\/\/erbolinea.com\/prodotto\/candela-profumata-linea-le-classiche\/\",\"url\":\"https:\/\/erbolinea.com\/prodotto\/candela-profumata-linea-le-classiche\/\",\"name\":\"Candela in cera di soia vegetale | erbolinea store online\",\"isPartOf\":{\"@id\":\"https:\/\/erbolinea.com\/#website\"},\"primaryImageOfPage\":{\"@id\":\"https:\/\/erbolinea.com\/prodotto\/candela-profumata-linea-le-classiche\/#primaryimage\"},\"image\":{\"@id\":\"https:\/\/erbolinea.com\/prodotto\/candela-profumata-linea-le-classiche\/#primaryimage\"},\"thumbnailUrl\":\"https:\/\/erbolinea.com\/wp-content\/uploads\/2022\/01\/laguna-blu_.jpg\",\"datePublished\":\"2021-10-29T14:16:36+00:00\",\"dateModified\":\"2024-06-04T07:35:48+00:00\",\"description\":\"Un'profumo denso e coinvolgente. Scopri la Candela in cera di soia vegetale di erbolinea e crea un'esperienza unica al tuo ambiente.\",\"breadcrumb\":{\"@id\":\"https:\/\/erbolinea.com\/prodotto\/candela-profumata-linea-le-classiche\/#breadcrumb\"},\"inLanguage\":\"de\",\"potentialAction\":[{\"@type\":\"ReadAction\",\"target\":[\"https:\/\/erbolinea.com\/prodotto\/candela-profumata-linea-le-classiche\/\"]}]},{\"@type\":\"ImageObject\",\"inLanguage\":\"de\",\"@id\":\"https:\/\/erbolinea.com\/prodotto\/candela-profumata-linea-le-classiche\/#primaryimage\",\"url\":\"https:\/\/erbolinea.com\/wp-content\/uploads\/2022\/01\/laguna-blu_.jpg\",\"contentUrl\":\"https:\/\/erbolinea.com\/wp-content\/uploads\/2022\/01\/laguna-blu_.jpg\",\"width\":1800,\"height\":1800},{\"@type\":\"BreadcrumbList\",\"@id\":\"https:\/\/erbolinea.com\/prodotto\/candela-profumata-linea-le-classiche\/#breadcrumb\",\"itemListElement\":[{\"@type\":\"ListItem\",\"position\":1,\"name\":\"Home\",\"item\":\"https:\/\/erbolinea.com\/\"},{\"@type\":\"ListItem\",\"position\":2,\"name\":\"Shop\",\"item\":\"https:\/\/erbolinea.com\/shop\/\"},{\"@type\":\"ListItem\",\"position\":3,\"name\":\"Candela profumata 100% Soia Linea Le Classiche\"}]},{\"@type\":\"WebSite\",\"@id\":\"https:\/\/erbolinea.com\/#website\",\"url\":\"https:\/\/erbolinea.com\/\",\"name\":\"Erbolinea - Store Fragrances\",\"description\":\"Vendita diffusori di ambiente\",\"publisher\":{\"@id\":\"https:\/\/erbolinea.com\/#organization\"},\"alternateName\":\"Erbolinea\",\"potentialAction\":[{\"@type\":\"SearchAction\",\"target\":{\"@type\":\"EntryPoint\",\"urlTemplate\":\"https:\/\/erbolinea.com\/?s={search_term_string}\"},\"query-input\":{\"@type\":\"PropertyValueSpecification\",\"valueRequired\":true,\"valueName\":\"search_term_string\"}}],\"inLanguage\":\"de\"},{\"@type\":\"Organization\",\"@id\":\"https:\/\/erbolinea.com\/#organization\",\"name\":\"Erbolinea\",\"url\":\"https:\/\/erbolinea.com\/\",\"logo\":{\"@type\":\"ImageObject\",\"inLanguage\":\"de\",\"@id\":\"https:\/\/erbolinea.com\/#\/schema\/logo\/image\/\",\"url\":\"https:\/\/erbolinea.com\/wp-content\/uploads\/2020\/04\/logo-400x83_new.png\",\"contentUrl\":\"https:\/\/erbolinea.com\/wp-content\/uploads\/2020\/04\/logo-400x83_new.png\",\"width\":400,\"height\":103,\"caption\":\"Erbolinea\"},\"image\":{\"@id\":\"https:\/\/erbolinea.com\/#\/schema\/logo\/image\/\"},\"sameAs\":[\"https:\/\/www.facebook.com\/erbolinea\",\"https:\/\/www.instagram.com\/erbolinea_fragranze_srl\/\",\"https:\/\/www.youtube.com\/channel\/UCREXSGcI2lrYs6eT9VapG3w\"]}]}<\/script>\n<meta property=\"product:brand\" content=\"Erbolinea\" \/>\n<meta property=\"og:availability\" content=\"instock\" \/>\n<meta property=\"product:availability\" content=\"instock\" \/>\n<meta property=\"product:retailer_item_id\" content=\"can_pro-class\" \/>\n<meta property=\"product:condition\" content=\"new\" \/>\n<!-- \/ Yoast SEO Premium plugin. -->","yoast_head_json":{"title":"Kerze aus pflanzlichem Sojawachs | erbolinea online store","description":"Ein dichter, s\u00fcchtig machender Duft. Entdecken Sie die Herbolinea Pflanzliche Sojawachskerze und schaffen Sie ein einzigartiges Erlebnis f\u00fcr Ihre Umgebung.","robots":{"index":"index","follow":"follow","max-snippet":"max-snippet:-1","max-image-preview":"max-image-preview:large","max-video-preview":"max-video-preview:-1"},"canonical":"https:\/\/erbolinea.com\/de\/produkt\/candela-profumata-linea-le-classiche\/","og_locale":"de_DE","og_type":"article","og_title":"Candela profumata 100% Soia Linea Le Classiche","og_description":"Un'profumo denso e coinvolgente. Scopri la Candela in cera di soia vegetale di erbolinea e crea un'esperienza unica al tuo ambiente.","og_url":"https:\/\/erbolinea.com\/de\/produkt\/candela-profumata-linea-le-classiche\/","og_site_name":"Erbolinea - Store Fragrances","article_publisher":"https:\/\/www.facebook.com\/erbolinea","article_modified_time":"2024-06-04T07:35:48+00:00","og_image":[{"width":1800,"height":1800,"url":"https:\/\/erbolinea.com\/wp-content\/uploads\/2022\/01\/laguna-blu_.jpg","type":"image\/jpeg"}],"twitter_card":"summary_large_image","twitter_misc":{"Verf\u00fcgbarkeit":"Auf Lager"},"schema":{"@context":"https:\/\/schema.org","@graph":[{"@type":"WebPage","@id":"https:\/\/erbolinea.com\/prodotto\/candela-profumata-linea-le-classiche\/","url":"https:\/\/erbolinea.com\/prodotto\/candela-profumata-linea-le-classiche\/","name":"Kerze aus pflanzlichem Sojawachs | erbolinea online store","isPartOf":{"@id":"https:\/\/erbolinea.com\/#website"},"primaryImageOfPage":{"@id":"https:\/\/erbolinea.com\/prodotto\/candela-profumata-linea-le-classiche\/#primaryimage"},"image":{"@id":"https:\/\/erbolinea.com\/prodotto\/candela-profumata-linea-le-classiche\/#primaryimage"},"thumbnailUrl":"https:\/\/erbolinea.com\/wp-content\/uploads\/2022\/01\/laguna-blu_.jpg","datePublished":"2021-10-29T14:16:36+00:00","dateModified":"2024-06-04T07:35:48+00:00","description":"Ein dichter, s\u00fcchtig machender Duft. Entdecken Sie die Herbolinea Pflanzliche Sojawachskerze und schaffen Sie ein einzigartiges Erlebnis f\u00fcr Ihre Umgebung.","breadcrumb":{"@id":"https:\/\/erbolinea.com\/prodotto\/candela-profumata-linea-le-classiche\/#breadcrumb"},"inLanguage":"de","potentialAction":[{"@type":"ReadAction","target":["https:\/\/erbolinea.com\/prodotto\/candela-profumata-linea-le-classiche\/"]}]},{"@type":"ImageObject","inLanguage":"de","@id":"https:\/\/erbolinea.com\/prodotto\/candela-profumata-linea-le-classiche\/#primaryimage","url":"https:\/\/erbolinea.com\/wp-content\/uploads\/2022\/01\/laguna-blu_.jpg","contentUrl":"https:\/\/erbolinea.com\/wp-content\/uploads\/2022\/01\/laguna-blu_.jpg","width":1800,"height":1800},{"@type":"BreadcrumbList","@id":"https:\/\/erbolinea.com\/prodotto\/candela-profumata-linea-le-classiche\/#breadcrumb","itemListElement":[{"@type":"ListItem","position":1,"name":"Home","item":"https:\/\/erbolinea.com\/"},{"@type":"ListItem","position":2,"name":"Shop","item":"https:\/\/erbolinea.com\/shop\/"},{"@type":"ListItem","position":3,"name":"Candela profumata 100% Soia Linea Le Classiche"}]},{"@type":"WebSite","@id":"https:\/\/erbolinea.com\/#website","url":"https:\/\/erbolinea.com\/","name":"Erbolinea - D\u00fcfte speichern","description":"Raumdiffusoren zu verkaufen","publisher":{"@id":"https:\/\/erbolinea.com\/#organization"},"alternateName":"Erbolinea","potentialAction":[{"@type":"SearchAction","target":{"@type":"EntryPoint","urlTemplate":"https:\/\/erbolinea.com\/?s={search_term_string}"},"query-input":{"@type":"PropertyValueSpecification","valueRequired":true,"valueName":"search_term_string"}}],"inLanguage":"de"},{"@type":"Organization","@id":"https:\/\/erbolinea.com\/#organization","name":"Erbolinea","url":"https:\/\/erbolinea.com\/","logo":{"@type":"ImageObject","inLanguage":"de","@id":"https:\/\/erbolinea.com\/#\/schema\/logo\/image\/","url":"https:\/\/erbolinea.com\/wp-content\/uploads\/2020\/04\/logo-400x83_new.png","contentUrl":"https:\/\/erbolinea.com\/wp-content\/uploads\/2020\/04\/logo-400x83_new.png","width":400,"height":103,"caption":"Erbolinea"},"image":{"@id":"https:\/\/erbolinea.com\/#\/schema\/logo\/image\/"},"sameAs":["https:\/\/www.facebook.com\/erbolinea","https:\/\/www.instagram.com\/erbolinea_fragranze_srl\/","https:\/\/www.youtube.com\/channel\/UCREXSGcI2lrYs6eT9VapG3w"]}]},"product_brand":"Erbolinea","og_availability":"instock","product_availability":"instock","product_retailer_item_id":"can_pro-class","product_condition":"new"},"_links":{"self":[{"href":"https:\/\/erbolinea.com\/de\/wp-json\/wp\/v2\/product\/14041","targetHints":{"allow":["GET"]}}],"collection":[{"href":"https:\/\/erbolinea.com\/de\/wp-json\/wp\/v2\/product"}],"about":[{"href":"https:\/\/erbolinea.com\/de\/wp-json\/wp\/v2\/types\/product"}],"wp:featuredmedia":[{"embeddable":true,"href":"https:\/\/erbolinea.com\/de\/wp-json\/wp\/v2\/media\/14874"}],"wp:attachment":[{"href":"https:\/\/erbolinea.com\/de\/wp-json\/wp\/v2\/media?parent=14041"}],"wp:term":[{"taxonomy":"product_brand","embeddable":true,"href":"https:\/\/erbolinea.com\/de\/wp-json\/wp\/v2\/product_brand?post=14041"},{"taxonomy":"product_cat","embeddable":true,"href":"https:\/\/erbolinea.com\/de\/wp-json\/wp\/v2\/product_cat?post=14041"},{"taxonomy":"product_tag","embeddable":true,"href":"https:\/\/erbolinea.com\/de\/wp-json\/wp\/v2\/product_tag?post=14041"}],"curies":[{"name":"wp","href":"https:\/\/api.w.org\/{rel}","templated":true}]}}