{"id":12911,"date":"2021-03-31T18:01:01","date_gmt":"2021-03-31T16:01:01","guid":{"rendered":"https:\/\/erbolinea.com\/?post_type=product&#038;p=12911"},"modified":"2024-11-20T17:37:54","modified_gmt":"2024-11-20T16:37:54","slug":"capodimonte-marina","status":"publish","type":"product","link":"https:\/\/erbolinea.com\/de\/produkt\/capodimonte-marina\/","title":{"rendered":"Capodimonte Marine Line mit Raumdiffusor"},"content":{"rendered":"<p>Aus der traditionellen Handwerkskunst des weltber\u00fchmten Capodimonte (Neapel) stammen die Umgebungsdiffusoren aus Porzellan von Erbolinea. Die Originalit\u00e4t der Diffusoren zeichnet sich durch das Bildnis der Krone von Capodimonte auf dem \"N\" von Neapel aus, mit dem sie St\u00fcck f\u00fcr St\u00fcck eingebrannt sind. Prestigeobjekt, das gleichzeitig angenehme Dufteindr\u00fccke vermittelt und freisetzt.<\/p>\n<p>Entdecken Sie unseren Porzellan-Raumdiffusor mit St\u00e4bchen<\/p>\n<p>&nbsp;<\/p>\n<h6><\/h6>","protected":false},"excerpt":{"rendered":"<p>Aus der traditionellen Handwerkskunst des weltber\u00fchmten Capodimonte (Neapel) stammen die Raumd\u00fcfte aus Porzellan von Erbolinea. Die Originalit\u00e4t der Diffusoren zeichnet sich durch das Bildnis der Krone von Capodimonte auf dem \u201cN\u201d von Neapel aus, mit dem sie St\u00fcck f\u00fcr St\u00fcck eingebrannt werden. Ein prestigetr\u00e4chtiges Objekt, das gleichzeitig angenehme Dufteindr\u00fccke vermittelt und freisetzt. Entdecken Sie unsere [...]","protected":false},"featured_media":13027,"template":"","meta":[],"product_brand":[],"product_cat":[547],"product_tag":[],"class_list":{"0":"post-12911","1":"product","2":"type-product","3":"status-publish","4":"has-post-thumbnail","6":"product_cat-diffusori-in-porcellana-con-bastoncini","8":"first","9":"instock","10":"shipping-taxable","11":"purchasable","12":"product-type-variable","13":"has-default-attributes"},"yoast_head":"<!-- This site is optimized with the Yoast SEO Premium plugin v26.2 (Yoast SEO v26.4) - https:\/\/yoast.com\/wordpress\/plugins\/seo\/ -->\n<title>Diffusore per ambienti in porcellana con bastoncini | Erbolinea<\/title>\n<meta name=\"description\" content=\"Sei alla ricerca di un diffusore per ambienti in porcellana con bastoncini. Scopri tutti nostri diffusori in porcellana su erbolinea.\" \/>\n<meta name=\"robots\" content=\"index, follow, max-snippet:-1, max-image-preview:large, max-video-preview:-1\" \/>\n<link rel=\"canonical\" href=\"https:\/\/erbolinea.com\/de\/produkt\/capodimonte-marina\/\" \/>\n<meta property=\"og:locale\" content=\"de_DE\" \/>\n<meta property=\"og:type\" content=\"article\" \/>\n<meta property=\"og:title\" content=\"Capodimonte Linea Marina con Diffusore D&#039;Ambiente\" \/>\n<meta property=\"og:description\" content=\"Sei alla ricerca di un diffusore per ambienti in porcellana con bastoncini. Scopri tutti nostri diffusori in porcellana su erbolinea.\" \/>\n<meta property=\"og:url\" content=\"https:\/\/erbolinea.com\/de\/produkt\/capodimonte-marina\/\" \/>\n<meta property=\"og:site_name\" content=\"Erbolinea - Store Fragrances\" \/>\n<meta property=\"article:publisher\" content=\"https:\/\/www.facebook.com\/erbolinea\" \/>\n<meta property=\"article:modified_time\" content=\"2024-11-20T16:37:54+00:00\" \/>\n<meta property=\"og:image\" content=\"https:\/\/erbolinea.com\/wp-content\/uploads\/2021\/03\/cop_capodimonte-linea_marina.jpg\" \/>\n\t<meta property=\"og:image:width\" content=\"1024\" \/>\n\t<meta property=\"og:image:height\" content=\"769\" \/>\n\t<meta property=\"og:image:type\" content=\"image\/jpeg\" \/>\n<meta name=\"twitter:card\" content=\"summary_large_image\" \/>\n<meta name=\"twitter:label1\" content=\"Verf\u00fcgbarkeit\" \/>\n\t<meta name=\"twitter:data1\" content=\"Auf Lager\" \/>\n<script type=\"application\/ld+json\" class=\"yoast-schema-graph\">{\"@context\":\"https:\/\/schema.org\",\"@graph\":[{\"@type\":\"WebPage\",\"@id\":\"https:\/\/erbolinea.com\/prodotto\/capodimonte-marina\/\",\"url\":\"https:\/\/erbolinea.com\/prodotto\/capodimonte-marina\/\",\"name\":\"Diffusore per ambienti in porcellana con bastoncini | Erbolinea\",\"isPartOf\":{\"@id\":\"https:\/\/erbolinea.com\/#website\"},\"primaryImageOfPage\":{\"@id\":\"https:\/\/erbolinea.com\/prodotto\/capodimonte-marina\/#primaryimage\"},\"image\":{\"@id\":\"https:\/\/erbolinea.com\/prodotto\/capodimonte-marina\/#primaryimage\"},\"thumbnailUrl\":\"https:\/\/erbolinea.com\/wp-content\/uploads\/2021\/03\/cop_capodimonte-linea_marina.jpg\",\"datePublished\":\"2021-03-31T16:01:01+00:00\",\"dateModified\":\"2024-11-20T16:37:54+00:00\",\"description\":\"Sei alla ricerca di un diffusore per ambienti in porcellana con bastoncini. Scopri tutti nostri diffusori in porcellana su erbolinea.\",\"breadcrumb\":{\"@id\":\"https:\/\/erbolinea.com\/prodotto\/capodimonte-marina\/#breadcrumb\"},\"inLanguage\":\"de\",\"potentialAction\":[{\"@type\":\"ReadAction\",\"target\":[\"https:\/\/erbolinea.com\/prodotto\/capodimonte-marina\/\"]}]},{\"@type\":\"ImageObject\",\"inLanguage\":\"de\",\"@id\":\"https:\/\/erbolinea.com\/prodotto\/capodimonte-marina\/#primaryimage\",\"url\":\"https:\/\/erbolinea.com\/wp-content\/uploads\/2021\/03\/cop_capodimonte-linea_marina.jpg\",\"contentUrl\":\"https:\/\/erbolinea.com\/wp-content\/uploads\/2021\/03\/cop_capodimonte-linea_marina.jpg\",\"width\":1024,\"height\":769,\"caption\":\"diffusore per ambienti in porcellana con bastoncini\"},{\"@type\":\"BreadcrumbList\",\"@id\":\"https:\/\/erbolinea.com\/prodotto\/capodimonte-marina\/#breadcrumb\",\"itemListElement\":[{\"@type\":\"ListItem\",\"position\":1,\"name\":\"Home\",\"item\":\"https:\/\/erbolinea.com\/\"},{\"@type\":\"ListItem\",\"position\":2,\"name\":\"Shop\",\"item\":\"https:\/\/erbolinea.com\/shop\/\"},{\"@type\":\"ListItem\",\"position\":3,\"name\":\"Capodimonte Linea Marina con Diffusore D&#8217;Ambiente\"}]},{\"@type\":\"WebSite\",\"@id\":\"https:\/\/erbolinea.com\/#website\",\"url\":\"https:\/\/erbolinea.com\/\",\"name\":\"Erbolinea - Store Fragrances\",\"description\":\"Vendita diffusori di ambiente\",\"publisher\":{\"@id\":\"https:\/\/erbolinea.com\/#organization\"},\"alternateName\":\"Erbolinea\",\"potentialAction\":[{\"@type\":\"SearchAction\",\"target\":{\"@type\":\"EntryPoint\",\"urlTemplate\":\"https:\/\/erbolinea.com\/?s={search_term_string}\"},\"query-input\":{\"@type\":\"PropertyValueSpecification\",\"valueRequired\":true,\"valueName\":\"search_term_string\"}}],\"inLanguage\":\"de\"},{\"@type\":\"Organization\",\"@id\":\"https:\/\/erbolinea.com\/#organization\",\"name\":\"Erbolinea\",\"url\":\"https:\/\/erbolinea.com\/\",\"logo\":{\"@type\":\"ImageObject\",\"inLanguage\":\"de\",\"@id\":\"https:\/\/erbolinea.com\/#\/schema\/logo\/image\/\",\"url\":\"https:\/\/erbolinea.com\/wp-content\/uploads\/2020\/04\/logo-400x83_new.png\",\"contentUrl\":\"https:\/\/erbolinea.com\/wp-content\/uploads\/2020\/04\/logo-400x83_new.png\",\"width\":400,\"height\":103,\"caption\":\"Erbolinea\"},\"image\":{\"@id\":\"https:\/\/erbolinea.com\/#\/schema\/logo\/image\/\"},\"sameAs\":[\"https:\/\/www.facebook.com\/erbolinea\",\"https:\/\/www.instagram.com\/erbolinea_fragranze_srl\/\",\"https:\/\/www.youtube.com\/channel\/UCREXSGcI2lrYs6eT9VapG3w\"]}]}<\/script>\n<meta property=\"product:brand\" content=\"Erbolinea\" \/>\n<meta property=\"og:availability\" content=\"instock\" \/>\n<meta property=\"product:availability\" content=\"instock\" \/>\n<meta property=\"product:retailer_item_id\" content=\"cap_erb-2\" \/>\n<meta property=\"product:condition\" content=\"new\" \/>\n<!-- \/ Yoast SEO Premium plugin. -->","yoast_head_json":{"title":"Porzellan Raumdiffusor mit St\u00e4bchen | Erbolinea","description":"Sie sind auf der Suche nach einem Raumdiffusor aus Porzellan mit St\u00e4bchen. Entdecken Sie alle unsere Porzellan Diffusoren auf erbolinea.","robots":{"index":"index","follow":"follow","max-snippet":"max-snippet:-1","max-image-preview":"max-image-preview:large","max-video-preview":"max-video-preview:-1"},"canonical":"https:\/\/erbolinea.com\/de\/produkt\/capodimonte-marina\/","og_locale":"de_DE","og_type":"article","og_title":"Capodimonte Linea Marina con Diffusore D'Ambiente","og_description":"Sei alla ricerca di un diffusore per ambienti in porcellana con bastoncini. Scopri tutti nostri diffusori in porcellana su erbolinea.","og_url":"https:\/\/erbolinea.com\/de\/produkt\/capodimonte-marina\/","og_site_name":"Erbolinea - Store Fragrances","article_publisher":"https:\/\/www.facebook.com\/erbolinea","article_modified_time":"2024-11-20T16:37:54+00:00","og_image":[{"width":1024,"height":769,"url":"https:\/\/erbolinea.com\/wp-content\/uploads\/2021\/03\/cop_capodimonte-linea_marina.jpg","type":"image\/jpeg"}],"twitter_card":"summary_large_image","twitter_misc":{"Verf\u00fcgbarkeit":"Auf Lager"},"schema":{"@context":"https:\/\/schema.org","@graph":[{"@type":"WebPage","@id":"https:\/\/erbolinea.com\/prodotto\/capodimonte-marina\/","url":"https:\/\/erbolinea.com\/prodotto\/capodimonte-marina\/","name":"Porzellan Raumdiffusor mit St\u00e4bchen | Erbolinea","isPartOf":{"@id":"https:\/\/erbolinea.com\/#website"},"primaryImageOfPage":{"@id":"https:\/\/erbolinea.com\/prodotto\/capodimonte-marina\/#primaryimage"},"image":{"@id":"https:\/\/erbolinea.com\/prodotto\/capodimonte-marina\/#primaryimage"},"thumbnailUrl":"https:\/\/erbolinea.com\/wp-content\/uploads\/2021\/03\/cop_capodimonte-linea_marina.jpg","datePublished":"2021-03-31T16:01:01+00:00","dateModified":"2024-11-20T16:37:54+00:00","description":"Sie sind auf der Suche nach einem Raumdiffusor aus Porzellan mit St\u00e4bchen. Entdecken Sie alle unsere Porzellan Diffusoren auf erbolinea.","breadcrumb":{"@id":"https:\/\/erbolinea.com\/prodotto\/capodimonte-marina\/#breadcrumb"},"inLanguage":"de","potentialAction":[{"@type":"ReadAction","target":["https:\/\/erbolinea.com\/prodotto\/capodimonte-marina\/"]}]},{"@type":"ImageObject","inLanguage":"de","@id":"https:\/\/erbolinea.com\/prodotto\/capodimonte-marina\/#primaryimage","url":"https:\/\/erbolinea.com\/wp-content\/uploads\/2021\/03\/cop_capodimonte-linea_marina.jpg","contentUrl":"https:\/\/erbolinea.com\/wp-content\/uploads\/2021\/03\/cop_capodimonte-linea_marina.jpg","width":1024,"height":769,"caption":"diffusore per ambienti in porcellana con bastoncini"},{"@type":"BreadcrumbList","@id":"https:\/\/erbolinea.com\/prodotto\/capodimonte-marina\/#breadcrumb","itemListElement":[{"@type":"ListItem","position":1,"name":"Home","item":"https:\/\/erbolinea.com\/"},{"@type":"ListItem","position":2,"name":"Shop","item":"https:\/\/erbolinea.com\/shop\/"},{"@type":"ListItem","position":3,"name":"Capodimonte Linea Marina con Diffusore D&#8217;Ambiente"}]},{"@type":"WebSite","@id":"https:\/\/erbolinea.com\/#website","url":"https:\/\/erbolinea.com\/","name":"Erbolinea - D\u00fcfte speichern","description":"Raumdiffusoren zu verkaufen","publisher":{"@id":"https:\/\/erbolinea.com\/#organization"},"alternateName":"Erbolinea","potentialAction":[{"@type":"SearchAction","target":{"@type":"EntryPoint","urlTemplate":"https:\/\/erbolinea.com\/?s={search_term_string}"},"query-input":{"@type":"PropertyValueSpecification","valueRequired":true,"valueName":"search_term_string"}}],"inLanguage":"de"},{"@type":"Organization","@id":"https:\/\/erbolinea.com\/#organization","name":"Erbolinea","url":"https:\/\/erbolinea.com\/","logo":{"@type":"ImageObject","inLanguage":"de","@id":"https:\/\/erbolinea.com\/#\/schema\/logo\/image\/","url":"https:\/\/erbolinea.com\/wp-content\/uploads\/2020\/04\/logo-400x83_new.png","contentUrl":"https:\/\/erbolinea.com\/wp-content\/uploads\/2020\/04\/logo-400x83_new.png","width":400,"height":103,"caption":"Erbolinea"},"image":{"@id":"https:\/\/erbolinea.com\/#\/schema\/logo\/image\/"},"sameAs":["https:\/\/www.facebook.com\/erbolinea","https:\/\/www.instagram.com\/erbolinea_fragranze_srl\/","https:\/\/www.youtube.com\/channel\/UCREXSGcI2lrYs6eT9VapG3w"]}]},"product_brand":"Erbolinea","og_availability":"instock","product_availability":"instock","product_retailer_item_id":"cap_erb-2","product_condition":"new"},"_links":{"self":[{"href":"https:\/\/erbolinea.com\/de\/wp-json\/wp\/v2\/product\/12911","targetHints":{"allow":["GET"]}}],"collection":[{"href":"https:\/\/erbolinea.com\/de\/wp-json\/wp\/v2\/product"}],"about":[{"href":"https:\/\/erbolinea.com\/de\/wp-json\/wp\/v2\/types\/product"}],"wp:featuredmedia":[{"embeddable":true,"href":"https:\/\/erbolinea.com\/de\/wp-json\/wp\/v2\/media\/13027"}],"wp:attachment":[{"href":"https:\/\/erbolinea.com\/de\/wp-json\/wp\/v2\/media?parent=12911"}],"wp:term":[{"taxonomy":"product_brand","embeddable":true,"href":"https:\/\/erbolinea.com\/de\/wp-json\/wp\/v2\/product_brand?post=12911"},{"taxonomy":"product_cat","embeddable":true,"href":"https:\/\/erbolinea.com\/de\/wp-json\/wp\/v2\/product_cat?post=12911"},{"taxonomy":"product_tag","embeddable":true,"href":"https:\/\/erbolinea.com\/de\/wp-json\/wp\/v2\/product_tag?post=12911"}],"curies":[{"name":"wp","href":"https:\/\/api.w.org\/{rel}","templated":true}]}}