{"id":1033,"date":"2018-11-07T18:42:14","date_gmt":"2018-11-07T17:42:14","guid":{"rendered":"https:\/\/erbolinea.com\/?post_type=product&#038;p=1033"},"modified":"2026-04-20T11:51:36","modified_gmt":"2026-04-20T09:51:36","slug":"fragranze-classiche","status":"publish","type":"product","link":"https:\/\/erbolinea.com\/de\/produkt\/fragranze-classiche\/","title":{"rendered":"Intensive Home Spray Linie - Le Classiche Fragrances"},"content":{"rendered":"<p>Von der traditionellen und <a href=\"https:\/\/www.facebook.com\/erbolinea\">klassische D\u00fcfte<\/a> wie edle Vanille, vollmundige Trauben und Blaubeeren bis hin zu robustem wei\u00dfen Moschus. Erbolinea hat Rohstoffe von h\u00f6chster Qualit\u00e4t ausgew\u00e4hlt, um die <a href=\"https:\/\/erbolinea.com\/de\/product-category\/linea-intenso-home-spray\/\">zeitlose D\u00fcfte<\/a>. Kaufen Sie das duftende Raumspray jetzt.<\/p>","protected":false},"excerpt":{"rendered":"<p>Von traditionellen und klassischen D\u00fcften wie edler Vanille, vollmundiger Traube und Heidelbeere bis hin zu robustem wei\u00dfem Moschus. Erbolinea hat Rohstoffe von h\u00f6chster Qualit\u00e4t ausgew\u00e4hlt, um zeitlose D\u00fcfte zu kreieren. Kaufen Sie das duftende Raumspray jetzt.<\/p>","protected":false},"featured_media":17267,"template":"","meta":[],"product_brand":[],"product_cat":[],"product_tag":[],"class_list":{"0":"post-1033","1":"product","2":"type-product","3":"status-publish","4":"has-post-thumbnail","7":"first","8":"instock","9":"shipping-taxable","10":"purchasable","11":"product-type-variable","12":"has-default-attributes"},"yoast_head":"<!-- This site is optimized with the Yoast SEO Premium plugin v26.2 (Yoast SEO v26.4) - https:\/\/yoast.com\/wordpress\/plugins\/seo\/ -->\n<title>spray profumato per ambienti | Fragranze per la casa | Erbolinea store<\/title>\n<meta name=\"description\" content=\"Non solo diffusori per ambienti, ma anche spray profumato per ambienti. Dal muschio bianco ai mirtilli rossi. Scopri le profumazioni Erbolinea\" \/>\n<meta name=\"robots\" content=\"index, follow, max-snippet:-1, max-image-preview:large, max-video-preview:-1\" \/>\n<link rel=\"canonical\" href=\"https:\/\/erbolinea.com\/de\/produkt\/fragranze-classiche\/\" \/>\n<meta property=\"og:locale\" content=\"de_DE\" \/>\n<meta property=\"og:type\" content=\"article\" \/>\n<meta property=\"og:title\" content=\"Linea intenso home spray - Fragranze Le Classiche\" \/>\n<meta property=\"og:description\" content=\"Non solo diffusori per ambienti, ma anche spray profumato per ambienti. Dal muschio bianco ai mirtilli rossi. Scopri le profumazioni Erbolinea\" \/>\n<meta property=\"og:url\" content=\"https:\/\/erbolinea.com\/de\/produkt\/fragranze-classiche\/\" \/>\n<meta property=\"og:site_name\" content=\"Erbolinea - Store Fragrances\" \/>\n<meta property=\"article:publisher\" content=\"https:\/\/www.facebook.com\/erbolinea\" \/>\n<meta property=\"article:modified_time\" content=\"2026-04-20T09:51:36+00:00\" \/>\n<meta property=\"og:image\" content=\"https:\/\/erbolinea.com\/wp-content\/uploads\/2023\/02\/laguna-blu_250.jpg\" \/>\n\t<meta property=\"og:image:width\" content=\"1800\" \/>\n\t<meta property=\"og:image:height\" content=\"1800\" \/>\n\t<meta property=\"og:image:type\" content=\"image\/jpeg\" \/>\n<meta name=\"twitter:card\" content=\"summary_large_image\" \/>\n<meta name=\"twitter:label1\" content=\"Verf\u00fcgbarkeit\" \/>\n\t<meta name=\"twitter:data1\" content=\"Auf Lager\" \/>\n<script type=\"application\/ld+json\" class=\"yoast-schema-graph\">{\"@context\":\"https:\/\/schema.org\",\"@graph\":[{\"@type\":\"WebPage\",\"@id\":\"https:\/\/erbolinea.com\/prodotto\/fragranze-classiche\/\",\"url\":\"https:\/\/erbolinea.com\/prodotto\/fragranze-classiche\/\",\"name\":\"spray profumato per ambienti | Fragranze per la casa | Erbolinea store\",\"isPartOf\":{\"@id\":\"https:\/\/erbolinea.com\/#website\"},\"primaryImageOfPage\":{\"@id\":\"https:\/\/erbolinea.com\/prodotto\/fragranze-classiche\/#primaryimage\"},\"image\":{\"@id\":\"https:\/\/erbolinea.com\/prodotto\/fragranze-classiche\/#primaryimage\"},\"thumbnailUrl\":\"https:\/\/erbolinea.com\/wp-content\/uploads\/2023\/02\/laguna-blu_250.jpg\",\"datePublished\":\"2018-11-07T17:42:14+00:00\",\"dateModified\":\"2026-04-20T09:51:36+00:00\",\"description\":\"Non solo diffusori per ambienti, ma anche spray profumato per ambienti. Dal muschio bianco ai mirtilli rossi. Scopri le profumazioni Erbolinea\",\"breadcrumb\":{\"@id\":\"https:\/\/erbolinea.com\/prodotto\/fragranze-classiche\/#breadcrumb\"},\"inLanguage\":\"de\",\"potentialAction\":[{\"@type\":\"ReadAction\",\"target\":[\"https:\/\/erbolinea.com\/prodotto\/fragranze-classiche\/\"]}]},{\"@type\":\"ImageObject\",\"inLanguage\":\"de\",\"@id\":\"https:\/\/erbolinea.com\/prodotto\/fragranze-classiche\/#primaryimage\",\"url\":\"https:\/\/erbolinea.com\/wp-content\/uploads\/2023\/02\/laguna-blu_250.jpg\",\"contentUrl\":\"https:\/\/erbolinea.com\/wp-content\/uploads\/2023\/02\/laguna-blu_250.jpg\",\"width\":1800,\"height\":1800},{\"@type\":\"BreadcrumbList\",\"@id\":\"https:\/\/erbolinea.com\/prodotto\/fragranze-classiche\/#breadcrumb\",\"itemListElement\":[{\"@type\":\"ListItem\",\"position\":1,\"name\":\"Home\",\"item\":\"https:\/\/erbolinea.com\/\"},{\"@type\":\"ListItem\",\"position\":2,\"name\":\"Shop\",\"item\":\"https:\/\/erbolinea.com\/shop\/\"},{\"@type\":\"ListItem\",\"position\":3,\"name\":\"Linea intenso home spray &#8211; Fragranze Le Classiche\"}]},{\"@type\":\"WebSite\",\"@id\":\"https:\/\/erbolinea.com\/#website\",\"url\":\"https:\/\/erbolinea.com\/\",\"name\":\"Erbolinea - Store Fragrances\",\"description\":\"Vendita diffusori di ambiente\",\"publisher\":{\"@id\":\"https:\/\/erbolinea.com\/#organization\"},\"alternateName\":\"Erbolinea\",\"potentialAction\":[{\"@type\":\"SearchAction\",\"target\":{\"@type\":\"EntryPoint\",\"urlTemplate\":\"https:\/\/erbolinea.com\/?s={search_term_string}\"},\"query-input\":{\"@type\":\"PropertyValueSpecification\",\"valueRequired\":true,\"valueName\":\"search_term_string\"}}],\"inLanguage\":\"de\"},{\"@type\":\"Organization\",\"@id\":\"https:\/\/erbolinea.com\/#organization\",\"name\":\"Erbolinea\",\"url\":\"https:\/\/erbolinea.com\/\",\"logo\":{\"@type\":\"ImageObject\",\"inLanguage\":\"de\",\"@id\":\"https:\/\/erbolinea.com\/#\/schema\/logo\/image\/\",\"url\":\"https:\/\/erbolinea.com\/wp-content\/uploads\/2020\/04\/logo-400x83_new.png\",\"contentUrl\":\"https:\/\/erbolinea.com\/wp-content\/uploads\/2020\/04\/logo-400x83_new.png\",\"width\":400,\"height\":103,\"caption\":\"Erbolinea\"},\"image\":{\"@id\":\"https:\/\/erbolinea.com\/#\/schema\/logo\/image\/\"},\"sameAs\":[\"https:\/\/www.facebook.com\/erbolinea\",\"https:\/\/www.instagram.com\/erbolinea_fragranze_srl\/\",\"https:\/\/www.youtube.com\/channel\/UCREXSGcI2lrYs6eT9VapG3w\"]}]}<\/script>\n<meta property=\"product:brand\" content=\"Erbolinea\" \/>\n<meta property=\"og:availability\" content=\"instock\" \/>\n<meta property=\"product:availability\" content=\"instock\" \/>\n<meta property=\"product:retailer_item_id\" content=\"lin_cla_spr\" \/>\n<meta property=\"product:condition\" content=\"new\" \/>\n<!-- \/ Yoast SEO Premium plugin. -->","yoast_head_json":{"title":"Duftraumspray | D\u00fcfte f\u00fcr Zuhause | Erbolinea store","description":"Nicht nur Raumdiffusoren, sondern auch duftende Raumsprays. Von wei\u00dfem Moschus bis zu Cranberries. Entdecken Sie Erbolinea D\u00fcfte","robots":{"index":"index","follow":"follow","max-snippet":"max-snippet:-1","max-image-preview":"max-image-preview:large","max-video-preview":"max-video-preview:-1"},"canonical":"https:\/\/erbolinea.com\/de\/produkt\/fragranze-classiche\/","og_locale":"de_DE","og_type":"article","og_title":"Linea intenso home spray - Fragranze Le Classiche","og_description":"Non solo diffusori per ambienti, ma anche spray profumato per ambienti. Dal muschio bianco ai mirtilli rossi. Scopri le profumazioni Erbolinea","og_url":"https:\/\/erbolinea.com\/de\/produkt\/fragranze-classiche\/","og_site_name":"Erbolinea - Store Fragrances","article_publisher":"https:\/\/www.facebook.com\/erbolinea","article_modified_time":"2026-04-20T09:51:36+00:00","og_image":[{"width":1800,"height":1800,"url":"https:\/\/erbolinea.com\/wp-content\/uploads\/2023\/02\/laguna-blu_250.jpg","type":"image\/jpeg"}],"twitter_card":"summary_large_image","twitter_misc":{"Verf\u00fcgbarkeit":"Auf Lager"},"schema":{"@context":"https:\/\/schema.org","@graph":[{"@type":"WebPage","@id":"https:\/\/erbolinea.com\/prodotto\/fragranze-classiche\/","url":"https:\/\/erbolinea.com\/prodotto\/fragranze-classiche\/","name":"Duftraumspray | D\u00fcfte f\u00fcr Zuhause | Erbolinea store","isPartOf":{"@id":"https:\/\/erbolinea.com\/#website"},"primaryImageOfPage":{"@id":"https:\/\/erbolinea.com\/prodotto\/fragranze-classiche\/#primaryimage"},"image":{"@id":"https:\/\/erbolinea.com\/prodotto\/fragranze-classiche\/#primaryimage"},"thumbnailUrl":"https:\/\/erbolinea.com\/wp-content\/uploads\/2023\/02\/laguna-blu_250.jpg","datePublished":"2018-11-07T17:42:14+00:00","dateModified":"2026-04-20T09:51:36+00:00","description":"Nicht nur Raumdiffusoren, sondern auch duftende Raumsprays. Von wei\u00dfem Moschus bis zu Cranberries. Entdecken Sie Erbolinea D\u00fcfte","breadcrumb":{"@id":"https:\/\/erbolinea.com\/prodotto\/fragranze-classiche\/#breadcrumb"},"inLanguage":"de","potentialAction":[{"@type":"ReadAction","target":["https:\/\/erbolinea.com\/prodotto\/fragranze-classiche\/"]}]},{"@type":"ImageObject","inLanguage":"de","@id":"https:\/\/erbolinea.com\/prodotto\/fragranze-classiche\/#primaryimage","url":"https:\/\/erbolinea.com\/wp-content\/uploads\/2023\/02\/laguna-blu_250.jpg","contentUrl":"https:\/\/erbolinea.com\/wp-content\/uploads\/2023\/02\/laguna-blu_250.jpg","width":1800,"height":1800},{"@type":"BreadcrumbList","@id":"https:\/\/erbolinea.com\/prodotto\/fragranze-classiche\/#breadcrumb","itemListElement":[{"@type":"ListItem","position":1,"name":"Home","item":"https:\/\/erbolinea.com\/"},{"@type":"ListItem","position":2,"name":"Shop","item":"https:\/\/erbolinea.com\/shop\/"},{"@type":"ListItem","position":3,"name":"Linea intenso home spray &#8211; Fragranze Le Classiche"}]},{"@type":"WebSite","@id":"https:\/\/erbolinea.com\/#website","url":"https:\/\/erbolinea.com\/","name":"Erbolinea - D\u00fcfte speichern","description":"Raumdiffusoren zu verkaufen","publisher":{"@id":"https:\/\/erbolinea.com\/#organization"},"alternateName":"Erbolinea","potentialAction":[{"@type":"SearchAction","target":{"@type":"EntryPoint","urlTemplate":"https:\/\/erbolinea.com\/?s={search_term_string}"},"query-input":{"@type":"PropertyValueSpecification","valueRequired":true,"valueName":"search_term_string"}}],"inLanguage":"de"},{"@type":"Organization","@id":"https:\/\/erbolinea.com\/#organization","name":"Erbolinea","url":"https:\/\/erbolinea.com\/","logo":{"@type":"ImageObject","inLanguage":"de","@id":"https:\/\/erbolinea.com\/#\/schema\/logo\/image\/","url":"https:\/\/erbolinea.com\/wp-content\/uploads\/2020\/04\/logo-400x83_new.png","contentUrl":"https:\/\/erbolinea.com\/wp-content\/uploads\/2020\/04\/logo-400x83_new.png","width":400,"height":103,"caption":"Erbolinea"},"image":{"@id":"https:\/\/erbolinea.com\/#\/schema\/logo\/image\/"},"sameAs":["https:\/\/www.facebook.com\/erbolinea","https:\/\/www.instagram.com\/erbolinea_fragranze_srl\/","https:\/\/www.youtube.com\/channel\/UCREXSGcI2lrYs6eT9VapG3w"]}]},"product_brand":"Erbolinea","og_availability":"instock","product_availability":"instock","product_retailer_item_id":"lin_cla_spr","product_condition":"new"},"_links":{"self":[{"href":"https:\/\/erbolinea.com\/de\/wp-json\/wp\/v2\/product\/1033","targetHints":{"allow":["GET"]}}],"collection":[{"href":"https:\/\/erbolinea.com\/de\/wp-json\/wp\/v2\/product"}],"about":[{"href":"https:\/\/erbolinea.com\/de\/wp-json\/wp\/v2\/types\/product"}],"wp:featuredmedia":[{"embeddable":true,"href":"https:\/\/erbolinea.com\/de\/wp-json\/wp\/v2\/media\/17267"}],"wp:attachment":[{"href":"https:\/\/erbolinea.com\/de\/wp-json\/wp\/v2\/media?parent=1033"}],"wp:term":[{"taxonomy":"product_brand","embeddable":true,"href":"https:\/\/erbolinea.com\/de\/wp-json\/wp\/v2\/product_brand?post=1033"},{"taxonomy":"product_cat","embeddable":true,"href":"https:\/\/erbolinea.com\/de\/wp-json\/wp\/v2\/product_cat?post=1033"},{"taxonomy":"product_tag","embeddable":true,"href":"https:\/\/erbolinea.com\/de\/wp-json\/wp\/v2\/product_tag?post=1033"}],"curies":[{"name":"wp","href":"https:\/\/api.w.org\/{rel}","templated":true}]}}