{"id":1002,"date":"2018-11-07T18:09:32","date_gmt":"2018-11-07T17:09:32","guid":{"rendered":"https:\/\/erbolinea.com\/?post_type=product&#038;p=1002"},"modified":"2026-04-17T14:44:11","modified_gmt":"2026-04-17T12:44:11","slug":"fragranze-classiche-3","status":"publish","type":"product","link":"https:\/\/erbolinea.com\/de\/produkt\/fragranze-classiche-3\/","title":{"rendered":"Auto-Diffusoren - Classic Fragrances"},"content":{"rendered":"<p>Damit die Blumen, Gew\u00fcrze und Fr\u00fcchte Sie auf Ihrer Reise begleiten und Sie die W\u00e4rme Ihrer Umgebung finden. Erbolinea hat sich f\u00fcr Sie verschiedene L\u00f6sungen ausgedacht, die Ihr Auto erfrischen und parf\u00fcmieren, damit Sie auch die anstrengendsten Tage ohne Smog und schlechte Ger\u00fcche \u00fcberstehen k\u00f6nnen. Im erbolinea-Shop finden Sie eine gro\u00dfe Auswahl an ma\u00dfgeschneiderten Autod\u00fcften. Besuchen Sie unsere Website und entdecken Sie alle Autod\u00fcfte.<\/p>","protected":false},"excerpt":{"rendered":"<p>Damit die Blumen, Gew\u00fcrze und Fr\u00fcchte Sie auf Ihrer Reise begleiten, w\u00e4hrend Sie die W\u00e4rme Ihrer Umgebung wiederentdecken. Erbolinea hat sich f\u00fcr Sie verschiedene L\u00f6sungen ausgedacht, die Ihr Auto erfrischen und parf\u00fcmieren und Ihnen helfen, selbst die anstrengendsten Tage zu \u00fcberstehen und dabei Smog und schlechte Ger\u00fcche zu vergessen. Im Erbolinea-Shop finden Sie eine breite Palette von Produkten.","protected":false},"featured_media":9486,"template":"","meta":[],"product_brand":[],"product_cat":[],"product_tag":[],"class_list":{"0":"post-1002","1":"product","2":"type-product","3":"status-publish","4":"has-post-thumbnail","7":"first","8":"instock","9":"shipping-taxable","10":"purchasable","11":"product-type-variable","12":"has-default-attributes"},"yoast_head":"<!-- This site is optimized with the Yoast SEO Premium plugin v26.2 (Yoast SEO v26.4) - https:\/\/yoast.com\/wordpress\/plugins\/seo\/ -->\n<title>Profumi per auto personalizzati | Erbolinea shop online<\/title>\n<meta name=\"description\" content=\"Sullo shop erbolinea, troverai una vasta gamma di profumi per auto personalizzati. Visita il nostro e scopri tutte le fragranze per auto.\" \/>\n<meta name=\"robots\" content=\"index, follow, max-snippet:-1, max-image-preview:large, max-video-preview:-1\" \/>\n<link rel=\"canonical\" href=\"https:\/\/erbolinea.com\/de\/produkt\/fragranze-classiche-3\/\" \/>\n<meta property=\"og:locale\" content=\"de_DE\" \/>\n<meta property=\"og:type\" content=\"article\" \/>\n<meta property=\"og:title\" content=\"Profumatori per auto - Fragranze Classiche\" \/>\n<meta property=\"og:description\" content=\"Sullo shop erbolinea, troverai una vasta gamma di profumi per auto personalizzati. Visita il nostro e scopri tutte le fragranze per auto.\" \/>\n<meta property=\"og:url\" content=\"https:\/\/erbolinea.com\/de\/produkt\/fragranze-classiche-3\/\" \/>\n<meta property=\"og:site_name\" content=\"Erbolinea - Store Fragrances\" \/>\n<meta property=\"article:publisher\" content=\"https:\/\/www.facebook.com\/erbolinea\" \/>\n<meta property=\"article:modified_time\" content=\"2026-04-17T12:44:11+00:00\" \/>\n<meta property=\"og:image\" content=\"https:\/\/erbolinea.com\/wp-content\/uploads\/2018\/11\/laguna-blu-8.jpg\" \/>\n\t<meta property=\"og:image:width\" content=\"1800\" \/>\n\t<meta property=\"og:image:height\" content=\"1800\" \/>\n\t<meta property=\"og:image:type\" content=\"image\/jpeg\" \/>\n<meta name=\"twitter:card\" content=\"summary_large_image\" \/>\n<meta name=\"twitter:label1\" content=\"Verf\u00fcgbarkeit\" \/>\n\t<meta name=\"twitter:data1\" content=\"Auf Lager\" \/>\n<script type=\"application\/ld+json\" class=\"yoast-schema-graph\">{\"@context\":\"https:\/\/schema.org\",\"@graph\":[{\"@type\":\"WebPage\",\"@id\":\"https:\/\/erbolinea.com\/prodotto\/fragranze-classiche-3\/\",\"url\":\"https:\/\/erbolinea.com\/prodotto\/fragranze-classiche-3\/\",\"name\":\"Profumi per auto personalizzati | Erbolinea shop online\",\"isPartOf\":{\"@id\":\"https:\/\/erbolinea.com\/#website\"},\"primaryImageOfPage\":{\"@id\":\"https:\/\/erbolinea.com\/prodotto\/fragranze-classiche-3\/#primaryimage\"},\"image\":{\"@id\":\"https:\/\/erbolinea.com\/prodotto\/fragranze-classiche-3\/#primaryimage\"},\"thumbnailUrl\":\"https:\/\/erbolinea.com\/wp-content\/uploads\/2018\/11\/laguna-blu-8.jpg\",\"datePublished\":\"2018-11-07T17:09:32+00:00\",\"dateModified\":\"2026-04-17T12:44:11+00:00\",\"description\":\"Sullo shop erbolinea, troverai una vasta gamma di profumi per auto personalizzati. Visita il nostro e scopri tutte le fragranze per auto.\",\"breadcrumb\":{\"@id\":\"https:\/\/erbolinea.com\/prodotto\/fragranze-classiche-3\/#breadcrumb\"},\"inLanguage\":\"de\",\"potentialAction\":[{\"@type\":\"ReadAction\",\"target\":[\"https:\/\/erbolinea.com\/prodotto\/fragranze-classiche-3\/\"]}]},{\"@type\":\"ImageObject\",\"inLanguage\":\"de\",\"@id\":\"https:\/\/erbolinea.com\/prodotto\/fragranze-classiche-3\/#primaryimage\",\"url\":\"https:\/\/erbolinea.com\/wp-content\/uploads\/2018\/11\/laguna-blu-8.jpg\",\"contentUrl\":\"https:\/\/erbolinea.com\/wp-content\/uploads\/2018\/11\/laguna-blu-8.jpg\",\"width\":1800,\"height\":1800},{\"@type\":\"BreadcrumbList\",\"@id\":\"https:\/\/erbolinea.com\/prodotto\/fragranze-classiche-3\/#breadcrumb\",\"itemListElement\":[{\"@type\":\"ListItem\",\"position\":1,\"name\":\"Home\",\"item\":\"https:\/\/erbolinea.com\/\"},{\"@type\":\"ListItem\",\"position\":2,\"name\":\"Shop\",\"item\":\"https:\/\/erbolinea.com\/shop\/\"},{\"@type\":\"ListItem\",\"position\":3,\"name\":\"Profumatori per auto &#8211; Fragranze Classiche\"}]},{\"@type\":\"WebSite\",\"@id\":\"https:\/\/erbolinea.com\/#website\",\"url\":\"https:\/\/erbolinea.com\/\",\"name\":\"Erbolinea - Store Fragrances\",\"description\":\"Vendita diffusori di ambiente\",\"publisher\":{\"@id\":\"https:\/\/erbolinea.com\/#organization\"},\"alternateName\":\"Erbolinea\",\"potentialAction\":[{\"@type\":\"SearchAction\",\"target\":{\"@type\":\"EntryPoint\",\"urlTemplate\":\"https:\/\/erbolinea.com\/?s={search_term_string}\"},\"query-input\":{\"@type\":\"PropertyValueSpecification\",\"valueRequired\":true,\"valueName\":\"search_term_string\"}}],\"inLanguage\":\"de\"},{\"@type\":\"Organization\",\"@id\":\"https:\/\/erbolinea.com\/#organization\",\"name\":\"Erbolinea\",\"url\":\"https:\/\/erbolinea.com\/\",\"logo\":{\"@type\":\"ImageObject\",\"inLanguage\":\"de\",\"@id\":\"https:\/\/erbolinea.com\/#\/schema\/logo\/image\/\",\"url\":\"https:\/\/erbolinea.com\/wp-content\/uploads\/2020\/04\/logo-400x83_new.png\",\"contentUrl\":\"https:\/\/erbolinea.com\/wp-content\/uploads\/2020\/04\/logo-400x83_new.png\",\"width\":400,\"height\":103,\"caption\":\"Erbolinea\"},\"image\":{\"@id\":\"https:\/\/erbolinea.com\/#\/schema\/logo\/image\/\"},\"sameAs\":[\"https:\/\/www.facebook.com\/erbolinea\",\"https:\/\/www.instagram.com\/erbolinea_fragranze_srl\/\",\"https:\/\/www.youtube.com\/channel\/UCREXSGcI2lrYs6eT9VapG3w\"]}]}<\/script>\n<meta property=\"product:brand\" content=\"Erbolinea\" \/>\n<meta property=\"og:availability\" content=\"instock\" \/>\n<meta property=\"product:availability\" content=\"instock\" \/>\n<meta property=\"product:retailer_item_id\" content=\"pro_aut_fra_cla\" \/>\n<meta property=\"product:condition\" content=\"new\" \/>\n<!-- \/ Yoast SEO Premium plugin. -->","yoast_head_json":{"title":"Personalisierte Autod\u00fcfte | Erbolinea Online Shop","description":"Im erbolinea-Shop finden Sie eine gro\u00dfe Auswahl an ma\u00dfgeschneiderten Autod\u00fcften. Besuchen Sie unseren Shop und entdecken Sie alle Autod\u00fcfte.","robots":{"index":"index","follow":"follow","max-snippet":"max-snippet:-1","max-image-preview":"max-image-preview:large","max-video-preview":"max-video-preview:-1"},"canonical":"https:\/\/erbolinea.com\/de\/produkt\/fragranze-classiche-3\/","og_locale":"de_DE","og_type":"article","og_title":"Profumatori per auto - Fragranze Classiche","og_description":"Sullo shop erbolinea, troverai una vasta gamma di profumi per auto personalizzati. Visita il nostro e scopri tutte le fragranze per auto.","og_url":"https:\/\/erbolinea.com\/de\/produkt\/fragranze-classiche-3\/","og_site_name":"Erbolinea - Store Fragrances","article_publisher":"https:\/\/www.facebook.com\/erbolinea","article_modified_time":"2026-04-17T12:44:11+00:00","og_image":[{"width":1800,"height":1800,"url":"https:\/\/erbolinea.com\/wp-content\/uploads\/2018\/11\/laguna-blu-8.jpg","type":"image\/jpeg"}],"twitter_card":"summary_large_image","twitter_misc":{"Verf\u00fcgbarkeit":"Auf Lager"},"schema":{"@context":"https:\/\/schema.org","@graph":[{"@type":"WebPage","@id":"https:\/\/erbolinea.com\/prodotto\/fragranze-classiche-3\/","url":"https:\/\/erbolinea.com\/prodotto\/fragranze-classiche-3\/","name":"Personalisierte Autod\u00fcfte | Erbolinea Online Shop","isPartOf":{"@id":"https:\/\/erbolinea.com\/#website"},"primaryImageOfPage":{"@id":"https:\/\/erbolinea.com\/prodotto\/fragranze-classiche-3\/#primaryimage"},"image":{"@id":"https:\/\/erbolinea.com\/prodotto\/fragranze-classiche-3\/#primaryimage"},"thumbnailUrl":"https:\/\/erbolinea.com\/wp-content\/uploads\/2018\/11\/laguna-blu-8.jpg","datePublished":"2018-11-07T17:09:32+00:00","dateModified":"2026-04-17T12:44:11+00:00","description":"Im erbolinea-Shop finden Sie eine gro\u00dfe Auswahl an ma\u00dfgeschneiderten Autod\u00fcften. Besuchen Sie unseren Shop und entdecken Sie alle Autod\u00fcfte.","breadcrumb":{"@id":"https:\/\/erbolinea.com\/prodotto\/fragranze-classiche-3\/#breadcrumb"},"inLanguage":"de","potentialAction":[{"@type":"ReadAction","target":["https:\/\/erbolinea.com\/prodotto\/fragranze-classiche-3\/"]}]},{"@type":"ImageObject","inLanguage":"de","@id":"https:\/\/erbolinea.com\/prodotto\/fragranze-classiche-3\/#primaryimage","url":"https:\/\/erbolinea.com\/wp-content\/uploads\/2018\/11\/laguna-blu-8.jpg","contentUrl":"https:\/\/erbolinea.com\/wp-content\/uploads\/2018\/11\/laguna-blu-8.jpg","width":1800,"height":1800},{"@type":"BreadcrumbList","@id":"https:\/\/erbolinea.com\/prodotto\/fragranze-classiche-3\/#breadcrumb","itemListElement":[{"@type":"ListItem","position":1,"name":"Home","item":"https:\/\/erbolinea.com\/"},{"@type":"ListItem","position":2,"name":"Shop","item":"https:\/\/erbolinea.com\/shop\/"},{"@type":"ListItem","position":3,"name":"Profumatori per auto &#8211; Fragranze Classiche"}]},{"@type":"WebSite","@id":"https:\/\/erbolinea.com\/#website","url":"https:\/\/erbolinea.com\/","name":"Erbolinea - D\u00fcfte speichern","description":"Raumdiffusoren zu verkaufen","publisher":{"@id":"https:\/\/erbolinea.com\/#organization"},"alternateName":"Erbolinea","potentialAction":[{"@type":"SearchAction","target":{"@type":"EntryPoint","urlTemplate":"https:\/\/erbolinea.com\/?s={search_term_string}"},"query-input":{"@type":"PropertyValueSpecification","valueRequired":true,"valueName":"search_term_string"}}],"inLanguage":"de"},{"@type":"Organization","@id":"https:\/\/erbolinea.com\/#organization","name":"Erbolinea","url":"https:\/\/erbolinea.com\/","logo":{"@type":"ImageObject","inLanguage":"de","@id":"https:\/\/erbolinea.com\/#\/schema\/logo\/image\/","url":"https:\/\/erbolinea.com\/wp-content\/uploads\/2020\/04\/logo-400x83_new.png","contentUrl":"https:\/\/erbolinea.com\/wp-content\/uploads\/2020\/04\/logo-400x83_new.png","width":400,"height":103,"caption":"Erbolinea"},"image":{"@id":"https:\/\/erbolinea.com\/#\/schema\/logo\/image\/"},"sameAs":["https:\/\/www.facebook.com\/erbolinea","https:\/\/www.instagram.com\/erbolinea_fragranze_srl\/","https:\/\/www.youtube.com\/channel\/UCREXSGcI2lrYs6eT9VapG3w"]}]},"product_brand":"Erbolinea","og_availability":"instock","product_availability":"instock","product_retailer_item_id":"pro_aut_fra_cla","product_condition":"new"},"_links":{"self":[{"href":"https:\/\/erbolinea.com\/de\/wp-json\/wp\/v2\/product\/1002","targetHints":{"allow":["GET"]}}],"collection":[{"href":"https:\/\/erbolinea.com\/de\/wp-json\/wp\/v2\/product"}],"about":[{"href":"https:\/\/erbolinea.com\/de\/wp-json\/wp\/v2\/types\/product"}],"wp:featuredmedia":[{"embeddable":true,"href":"https:\/\/erbolinea.com\/de\/wp-json\/wp\/v2\/media\/9486"}],"wp:attachment":[{"href":"https:\/\/erbolinea.com\/de\/wp-json\/wp\/v2\/media?parent=1002"}],"wp:term":[{"taxonomy":"product_brand","embeddable":true,"href":"https:\/\/erbolinea.com\/de\/wp-json\/wp\/v2\/product_brand?post=1002"},{"taxonomy":"product_cat","embeddable":true,"href":"https:\/\/erbolinea.com\/de\/wp-json\/wp\/v2\/product_cat?post=1002"},{"taxonomy":"product_tag","embeddable":true,"href":"https:\/\/erbolinea.com\/de\/wp-json\/wp\/v2\/product_tag?post=1002"}],"curies":[{"name":"wp","href":"https:\/\/api.w.org\/{rel}","templated":true}]}}