{"id":6745,"date":"2020-03-30T09:51:07","date_gmt":"2020-03-30T07:51:07","guid":{"rendered":"https:\/\/erbolinea.com\/?page_id=6745"},"modified":"2021-11-19T15:59:37","modified_gmt":"2021-11-19T14:59:37","slug":"spedizione","status":"publish","type":"page","link":"https:\/\/erbolinea.com\/de\/spedizione\/","title":{"rendered":"Versand"},"content":{"rendered":"<h3>Versand und Kosten<\/h3>\n<p>Die Versandkosten gehen zu Lasten des Nutzers und betragen 6,00 \u20ac; bei einem Gesamtbetrag der Bestellung von mehr als 49,00 \u20ac ist der Versand kostenlos.<\/p>\n<h3><\/h3>\n<h3>Lieferfrist<\/h3>\n<p>Die Lieferzeit f\u00fcr die Ware betr\u00e4gt 2 Werktage und kann je nach Verf\u00fcgbarkeit des gekauften Produkts (z.B. wenn das Produkt beim Hersteller verf\u00fcgbar ist) und der Liefermethode variieren.<\/p>\n<p>In jedem Fall ist das Lieferdatum nur ein Richtwert und in keiner Weise verbindlich f\u00fcr ERBOLINEA 1 srl.<\/p>\n<p>ERBOLINEA 1 srl arbeitet mit Kurierdiensten\/Transportunternehmen zusammen, die das beste Preis-Leistungs-Verh\u00e4ltnis f\u00fcr den jeweiligen Bestimmungsort bieten: So k\u00f6nnen wir unseren Kunden g\u00fcnstige Preise und einen hochwertigen Service bieten.<\/p>\n<p>In keinem Fall ist es m\u00f6glich, Lieferungen nach Vereinbarung und\/oder zu festen Zeiten und\/oder Tagen durchzuf\u00fchren.<\/p>\n<p>Im Falle einer Nichtzustellung der Ware aufgrund einer vom Benutzer angegebenen falschen Adresse oder aufgrund der Beendigung der Lagerung in den Lagern des Kurierdienstes\/Frachtf\u00fchrers und\/oder in jedem Fall aus einem Grund, der dem Verhalten des Benutzers zuzuschreiben ist, ist eine erneute Lieferung NUR gegen Vorauszahlung derselben gem\u00e4\u00df den von ERBOLINEA 1 srl angegebenen Modalit\u00e4ten m\u00f6glich.<\/p>\n<p>&nbsp;<\/p>\n<h3>Lieferung von Waren<\/h3>\n<p>Bei der Lieferung der Waren muss der Nutzer diese \u00fcberpr\u00fcfen:<\/p>\n<p>- dass die Anzahl der gelieferten Packst\u00fccke mit der im Bef\u00f6rderungspapier angegebenen Anzahl \u00fcbereinstimmt;<\/p>\n<p>- dass die Verpackung intakt und unbesch\u00e4digt ist, einschlie\u00dflich der Verschlussb\u00e4nder.<\/p>\n<p>Im Falle einer Manipulation und\/oder eines Bruchs muss der Nutzer die Sendung und\/oder die Lieferung unverz\u00fcglich beanstanden, indem er das vom Kurier oder einem anderen Unternehmen erhaltene Dokument verwendet und den Vermerk \"ZUR \u00dcBERPR\u00dcFUNG DER WAREN AUF .....\" (mit Angabe des Grundes) anbringt.<\/p>\n<p>Der Benutzer ist verpflichtet, etwaige Sch\u00e4den innerhalb von 3 Tagen nach Erhalt der Ware in der vom Versender vorgeschriebenen Form zu melden.<\/p>","protected":false},"excerpt":{"rendered":"<p>Versand und Kosten Die Versandkosten gehen zu Lasten des Nutzers und betragen \u20ac 6,00; wenn der Gesamtbetrag der Bestellung den Betrag von \u20ac 49,00 \u00fcbersteigt, ist der Versand kostenlos. Lieferzeit Die Lieferzeit der Ware betr\u00e4gt 2 Werktage, sie kann je nach Verf\u00fcgbarkeit des gekauften Produkts auf Lager variieren.","protected":false},"author":1,"featured_media":0,"parent":0,"menu_order":0,"comment_status":"closed","ping_status":"closed","template":"","meta":{"footnotes":""},"class_list":["post-6745","page","type-page","status-publish","hentry"],"yoast_head":"<!-- This site is optimized with the Yoast SEO Premium plugin v26.2 (Yoast SEO v26.4) - https:\/\/yoast.com\/wordpress\/plugins\/seo\/ -->\n<title>Spedizione - Erbolinea - Store Fragrances<\/title>\n<meta name=\"robots\" content=\"index, follow, max-snippet:-1, max-image-preview:large, max-video-preview:-1\" \/>\n<link rel=\"canonical\" href=\"https:\/\/erbolinea.com\/de\/spedizione\/\" \/>\n<meta property=\"og:locale\" content=\"de_DE\" \/>\n<meta property=\"og:type\" content=\"article\" \/>\n<meta property=\"og:title\" content=\"Spedizione\" \/>\n<meta property=\"og:description\" content=\"Spedizione e Costi Il costo della spedizione \u00e8 a carico dell\u2019Utente e ammonta a \u20ac 6,00; se l&#8217;importo totale dell&#8217;ordine supera la somma di \u20ac 49,00 la spedizione \u00e8 gratis. Tempi di Consegna I tempi di consegna della merce sono di 2 giorni lavorativi, possono variare a seconda della disponibilit\u00e0 in magazzino del prodotto acquistato[...]\" \/>\n<meta property=\"og:url\" content=\"https:\/\/erbolinea.com\/de\/spedizione\/\" \/>\n<meta property=\"og:site_name\" content=\"Erbolinea - Store Fragrances\" \/>\n<meta property=\"article:publisher\" content=\"https:\/\/www.facebook.com\/erbolinea\" \/>\n<meta property=\"article:modified_time\" content=\"2021-11-19T14:59:37+00:00\" \/>\n<meta property=\"og:image\" content=\"https:\/\/erbolinea.com\/wp-content\/uploads\/2020\/04\/logo-400x83_new.png\" \/>\n\t<meta property=\"og:image:width\" content=\"400\" \/>\n\t<meta property=\"og:image:height\" content=\"103\" \/>\n\t<meta property=\"og:image:type\" content=\"image\/png\" \/>\n<meta name=\"twitter:card\" content=\"summary_large_image\" \/>\n<meta name=\"twitter:label1\" content=\"Gesch\u00e4tzte Lesezeit\" \/>\n\t<meta name=\"twitter:data1\" content=\"1\u00a0Minute\" \/>\n<script type=\"application\/ld+json\" class=\"yoast-schema-graph\">{\"@context\":\"https:\/\/schema.org\",\"@graph\":[{\"@type\":\"WebPage\",\"@id\":\"https:\/\/erbolinea.com\/spedizione\/\",\"url\":\"https:\/\/erbolinea.com\/spedizione\/\",\"name\":\"Spedizione - Erbolinea - Store Fragrances\",\"isPartOf\":{\"@id\":\"https:\/\/erbolinea.com\/#website\"},\"datePublished\":\"2020-03-30T07:51:07+00:00\",\"dateModified\":\"2021-11-19T14:59:37+00:00\",\"breadcrumb\":{\"@id\":\"https:\/\/erbolinea.com\/spedizione\/#breadcrumb\"},\"inLanguage\":\"de\",\"potentialAction\":[{\"@type\":\"ReadAction\",\"target\":[\"https:\/\/erbolinea.com\/spedizione\/\"]}]},{\"@type\":\"BreadcrumbList\",\"@id\":\"https:\/\/erbolinea.com\/spedizione\/#breadcrumb\",\"itemListElement\":[{\"@type\":\"ListItem\",\"position\":1,\"name\":\"Home\",\"item\":\"https:\/\/erbolinea.com\/\"},{\"@type\":\"ListItem\",\"position\":2,\"name\":\"Spedizione\"}]},{\"@type\":\"WebSite\",\"@id\":\"https:\/\/erbolinea.com\/#website\",\"url\":\"https:\/\/erbolinea.com\/\",\"name\":\"Erbolinea - Store Fragrances\",\"description\":\"Vendita diffusori di ambiente\",\"publisher\":{\"@id\":\"https:\/\/erbolinea.com\/#organization\"},\"alternateName\":\"Erbolinea\",\"potentialAction\":[{\"@type\":\"SearchAction\",\"target\":{\"@type\":\"EntryPoint\",\"urlTemplate\":\"https:\/\/erbolinea.com\/?s={search_term_string}\"},\"query-input\":{\"@type\":\"PropertyValueSpecification\",\"valueRequired\":true,\"valueName\":\"search_term_string\"}}],\"inLanguage\":\"de\"},{\"@type\":\"Organization\",\"@id\":\"https:\/\/erbolinea.com\/#organization\",\"name\":\"Erbolinea\",\"url\":\"https:\/\/erbolinea.com\/\",\"logo\":{\"@type\":\"ImageObject\",\"inLanguage\":\"de\",\"@id\":\"https:\/\/erbolinea.com\/#\/schema\/logo\/image\/\",\"url\":\"https:\/\/erbolinea.com\/wp-content\/uploads\/2020\/04\/logo-400x83_new.png\",\"contentUrl\":\"https:\/\/erbolinea.com\/wp-content\/uploads\/2020\/04\/logo-400x83_new.png\",\"width\":400,\"height\":103,\"caption\":\"Erbolinea\"},\"image\":{\"@id\":\"https:\/\/erbolinea.com\/#\/schema\/logo\/image\/\"},\"sameAs\":[\"https:\/\/www.facebook.com\/erbolinea\",\"https:\/\/www.instagram.com\/erbolinea_fragranze_srl\/\",\"https:\/\/www.youtube.com\/channel\/UCREXSGcI2lrYs6eT9VapG3w\"]}]}<\/script>\n<!-- \/ Yoast SEO Premium plugin. -->","yoast_head_json":{"title":"Versand - Erbolinea - Store Fragrances","robots":{"index":"index","follow":"follow","max-snippet":"max-snippet:-1","max-image-preview":"max-image-preview:large","max-video-preview":"max-video-preview:-1"},"canonical":"https:\/\/erbolinea.com\/de\/spedizione\/","og_locale":"de_DE","og_type":"article","og_title":"Spedizione","og_description":"Spedizione e Costi Il costo della spedizione \u00e8 a carico dell\u2019Utente e ammonta a \u20ac 6,00; se l&#8217;importo totale dell&#8217;ordine supera la somma di \u20ac 49,00 la spedizione \u00e8 gratis. Tempi di Consegna I tempi di consegna della merce sono di 2 giorni lavorativi, possono variare a seconda della disponibilit\u00e0 in magazzino del prodotto acquistato[...]","og_url":"https:\/\/erbolinea.com\/de\/spedizione\/","og_site_name":"Erbolinea - Store Fragrances","article_publisher":"https:\/\/www.facebook.com\/erbolinea","article_modified_time":"2021-11-19T14:59:37+00:00","og_image":[{"width":400,"height":103,"url":"https:\/\/erbolinea.com\/wp-content\/uploads\/2020\/04\/logo-400x83_new.png","type":"image\/png"}],"twitter_card":"summary_large_image","twitter_misc":{"Gesch\u00e4tzte Lesezeit":"1\u00a0Minute"},"schema":{"@context":"https:\/\/schema.org","@graph":[{"@type":"WebPage","@id":"https:\/\/erbolinea.com\/spedizione\/","url":"https:\/\/erbolinea.com\/spedizione\/","name":"Versand - Erbolinea - Store Fragrances","isPartOf":{"@id":"https:\/\/erbolinea.com\/#website"},"datePublished":"2020-03-30T07:51:07+00:00","dateModified":"2021-11-19T14:59:37+00:00","breadcrumb":{"@id":"https:\/\/erbolinea.com\/spedizione\/#breadcrumb"},"inLanguage":"de","potentialAction":[{"@type":"ReadAction","target":["https:\/\/erbolinea.com\/spedizione\/"]}]},{"@type":"BreadcrumbList","@id":"https:\/\/erbolinea.com\/spedizione\/#breadcrumb","itemListElement":[{"@type":"ListItem","position":1,"name":"Home","item":"https:\/\/erbolinea.com\/"},{"@type":"ListItem","position":2,"name":"Spedizione"}]},{"@type":"WebSite","@id":"https:\/\/erbolinea.com\/#website","url":"https:\/\/erbolinea.com\/","name":"Erbolinea - D\u00fcfte speichern","description":"Raumdiffusoren zu verkaufen","publisher":{"@id":"https:\/\/erbolinea.com\/#organization"},"alternateName":"Erbolinea","potentialAction":[{"@type":"SearchAction","target":{"@type":"EntryPoint","urlTemplate":"https:\/\/erbolinea.com\/?s={search_term_string}"},"query-input":{"@type":"PropertyValueSpecification","valueRequired":true,"valueName":"search_term_string"}}],"inLanguage":"de"},{"@type":"Organization","@id":"https:\/\/erbolinea.com\/#organization","name":"Erbolinea","url":"https:\/\/erbolinea.com\/","logo":{"@type":"ImageObject","inLanguage":"de","@id":"https:\/\/erbolinea.com\/#\/schema\/logo\/image\/","url":"https:\/\/erbolinea.com\/wp-content\/uploads\/2020\/04\/logo-400x83_new.png","contentUrl":"https:\/\/erbolinea.com\/wp-content\/uploads\/2020\/04\/logo-400x83_new.png","width":400,"height":103,"caption":"Erbolinea"},"image":{"@id":"https:\/\/erbolinea.com\/#\/schema\/logo\/image\/"},"sameAs":["https:\/\/www.facebook.com\/erbolinea","https:\/\/www.instagram.com\/erbolinea_fragranze_srl\/","https:\/\/www.youtube.com\/channel\/UCREXSGcI2lrYs6eT9VapG3w"]}]}},"_links":{"self":[{"href":"https:\/\/erbolinea.com\/de\/wp-json\/wp\/v2\/pages\/6745","targetHints":{"allow":["GET"]}}],"collection":[{"href":"https:\/\/erbolinea.com\/de\/wp-json\/wp\/v2\/pages"}],"about":[{"href":"https:\/\/erbolinea.com\/de\/wp-json\/wp\/v2\/types\/page"}],"author":[{"embeddable":true,"href":"https:\/\/erbolinea.com\/de\/wp-json\/wp\/v2\/users\/1"}],"replies":[{"embeddable":true,"href":"https:\/\/erbolinea.com\/de\/wp-json\/wp\/v2\/comments?post=6745"}],"version-history":[{"count":0,"href":"https:\/\/erbolinea.com\/de\/wp-json\/wp\/v2\/pages\/6745\/revisions"}],"wp:attachment":[{"href":"https:\/\/erbolinea.com\/de\/wp-json\/wp\/v2\/media?parent=6745"}],"curies":[{"name":"wp","href":"https:\/\/api.w.org\/{rel}","templated":true}]}}