{"id":6743,"date":"2020-03-30T09:49:18","date_gmt":"2020-03-30T07:49:18","guid":{"rendered":"https:\/\/erbolinea.com\/?page_id=6743"},"modified":"2021-11-19T15:49:09","modified_gmt":"2021-11-19T14:49:09","slug":"politica-resi","status":"publish","type":"page","link":"https:\/\/erbolinea.com\/de\/politica-resi\/","title":{"rendered":"R\u00fcckgabepolitik"},"content":{"rendered":"<h3>R\u00fccksendungen und Erstattungen<\/h3>\n<p>Sie haben das Recht, den Vertrag ohne Angabe von Gr\u00fcnden zu widerrufen, und zwar innerhalb von <strong>14 Tage.<\/strong><br \/>\nDie Widerrufsfrist endet 14 Tage nach dem Tag, an dem Sie oder ein von Ihnen benannter Dritter, der nicht der Bef\u00f6rderer ist, in den Besitz der letzten Ware gelangt sind.<\/p>\n<p>Um Ihr Widerrufsrecht auszu\u00fcben, m\u00fcssen Sie uns per E-Mail unter folgender Adresse informieren <strong>ecommerce@erbolinea.it<\/strong> oder telefonisch unter der Nummer num. <strong>(+39) 0882 222961<\/strong>, <strong>ERBOLINEA 1 srl - Via T. Masselli 15 - 71016 San Severo.<\/strong><br \/>\nmittels einer eindeutigen Erkl\u00e4rung (z. B. ein mit der Post versandter Brief, Telefax oder E-Mail) \u00fcber ihren Entschluss, diesen Vertrag zu widerrufen, informieren.<\/p>\n<p>Zur Wahrung der Widerrufsfrist reicht es aus, dass Sie die Mitteilung \u00fcber die Aus\u00fcbung des Widerrufsrechts vor Ablauf der Widerrufsfrist absenden.<\/p>\n<h3>Auswirkungen des Entzugs<\/h3>\n<p>Wenn Sie diesen Vertrag widerrufen, haben Sie alle Zahlungen, die Sie an uns geleistet haben, einschlie\u00dflich der Lieferkosten (mit Ausnahme der zus\u00e4tzlichen Kosten, die sich daraus ergeben, dass Sie eine andere Art der Lieferung als die von uns angebotene, g\u00fcnstigste Standardlieferung gew\u00e4hlt haben), unverz\u00fcglich und sp\u00e4testens binnen vierzehn Tagen ab dem Tag zur\u00fcckzuzahlen, an dem die Mitteilung \u00fcber Ihren Widerruf dieses Vertrags bei uns eingegangen ist. F\u00fcr diese R\u00fcckzahlung verwenden wir dasselbe Zahlungsmittel, das Sie bei der urspr\u00fcnglichen Transaktion eingesetzt haben, es sei denn, mit Ihnen wurde ausdr\u00fccklich etwas anderes vereinbart; in keinem Fall werden Ihnen wegen dieser R\u00fcckzahlung Entgelte berechnet. Die Erstattung kann ausgesetzt werden, bis wir die Waren wieder zur\u00fcckerhalten haben oder bis Sie den Nachweis erbracht haben, dass Sie die Waren zur\u00fcckgesandt haben, je nachdem, welches der fr\u00fchere Zeitpunkt ist.<\/p>\n<p>Bitte senden Sie die Ware zur\u00fcck oder liefern Sie sie bei uns an<strong> ERBOLINEA 1 srl, Via T. Masselli 15, 71016 San Severo (FG)<\/strong> ohne unangemessene Verz\u00f6gerung und in jedem Fall innerhalb <strong>14 Tage<\/strong> ab dem Tag, an dem Sie uns Ihren R\u00fccktritt von diesem Vertrag mitteilen. Die Frist ist gewahrt, wenn Sie die Waren vor Ablauf der 14-Tage-Frist zur\u00fccksenden.<\/p>\n<p>Die unmittelbaren Kosten der R\u00fccksendung von Waren belaufen sich auf<strong> Deine Last<\/strong>.<\/p>\n<p>Sie m\u00fcssen f\u00fcr einen etwaigen Wertverlust der Waren nur aufkommen, wenn dieser Wertverlust auf einen zur Pr\u00fcfung der Beschaffenheit, Eigenschaften und Funktionsweise der Waren nicht notwendigen Umgang mit ihnen zur\u00fcckzuf\u00fchren ist.<\/p>","protected":false},"excerpt":{"rendered":"<p>R\u00fcckgabe und Erstattung Sie haben das Recht, binnen 14 Tagen ohne Angabe von Gr\u00fcnden vom Vertrag zur\u00fcckzutreten. Die Widerrufsfrist betr\u00e4gt 14 Tage ab dem Tag, an dem Sie oder ein von Ihnen benannter Dritter, der nicht der Bef\u00f6rderer ist, die letzte Ware in Besitz genommen haben bzw. hat. Um das Widerrufsrecht auszu\u00fcben, sind Sie [...].","protected":false},"author":1,"featured_media":0,"parent":0,"menu_order":0,"comment_status":"closed","ping_status":"closed","template":"","meta":{"footnotes":""},"class_list":["post-6743","page","type-page","status-publish","hentry"],"yoast_head":"<!-- This site is optimized with the Yoast SEO Premium plugin v26.2 (Yoast SEO v26.4) - https:\/\/yoast.com\/wordpress\/plugins\/seo\/ -->\n<title>Politica resi - Erbolinea - Store Fragrances<\/title>\n<meta name=\"robots\" content=\"index, follow, max-snippet:-1, max-image-preview:large, max-video-preview:-1\" \/>\n<link rel=\"canonical\" href=\"https:\/\/erbolinea.com\/de\/politica-resi\/\" \/>\n<meta property=\"og:locale\" content=\"de_DE\" \/>\n<meta property=\"og:type\" content=\"article\" \/>\n<meta property=\"og:title\" content=\"Politica resi\" \/>\n<meta property=\"og:description\" content=\"Reso e Rimborsi Lei ha il diritto di recedere dal contratto, senza indicarne le ragioni, entro 14 giorni. Il periodo di recesso scade dopo 14 giorni dal giorno in cui ei o un terzo, diverso dal vettore e da lei designato, acquisisce il possesso fisico dell&#8217;ultimo bene. Per esercitare il diritto di recesso, lei \u00e8[...]\" \/>\n<meta property=\"og:url\" content=\"https:\/\/erbolinea.com\/de\/politica-resi\/\" \/>\n<meta property=\"og:site_name\" content=\"Erbolinea - Store Fragrances\" \/>\n<meta property=\"article:publisher\" content=\"https:\/\/www.facebook.com\/erbolinea\" \/>\n<meta property=\"article:modified_time\" content=\"2021-11-19T14:49:09+00:00\" \/>\n<meta property=\"og:image\" content=\"https:\/\/erbolinea.com\/wp-content\/uploads\/2020\/04\/logo-400x83_new.png\" \/>\n\t<meta property=\"og:image:width\" content=\"400\" \/>\n\t<meta property=\"og:image:height\" content=\"103\" \/>\n\t<meta property=\"og:image:type\" content=\"image\/png\" \/>\n<meta name=\"twitter:card\" content=\"summary_large_image\" \/>\n<meta name=\"twitter:label1\" content=\"Gesch\u00e4tzte Lesezeit\" \/>\n\t<meta name=\"twitter:data1\" content=\"2\u00a0Minuten\" \/>\n<script type=\"application\/ld+json\" class=\"yoast-schema-graph\">{\"@context\":\"https:\/\/schema.org\",\"@graph\":[{\"@type\":\"WebPage\",\"@id\":\"https:\/\/erbolinea.com\/politica-resi\/\",\"url\":\"https:\/\/erbolinea.com\/politica-resi\/\",\"name\":\"Politica resi - Erbolinea - Store Fragrances\",\"isPartOf\":{\"@id\":\"https:\/\/erbolinea.com\/#website\"},\"datePublished\":\"2020-03-30T07:49:18+00:00\",\"dateModified\":\"2021-11-19T14:49:09+00:00\",\"breadcrumb\":{\"@id\":\"https:\/\/erbolinea.com\/politica-resi\/#breadcrumb\"},\"inLanguage\":\"de\",\"potentialAction\":[{\"@type\":\"ReadAction\",\"target\":[\"https:\/\/erbolinea.com\/politica-resi\/\"]}]},{\"@type\":\"BreadcrumbList\",\"@id\":\"https:\/\/erbolinea.com\/politica-resi\/#breadcrumb\",\"itemListElement\":[{\"@type\":\"ListItem\",\"position\":1,\"name\":\"Home\",\"item\":\"https:\/\/erbolinea.com\/\"},{\"@type\":\"ListItem\",\"position\":2,\"name\":\"Politica resi\"}]},{\"@type\":\"WebSite\",\"@id\":\"https:\/\/erbolinea.com\/#website\",\"url\":\"https:\/\/erbolinea.com\/\",\"name\":\"Erbolinea - Store Fragrances\",\"description\":\"Vendita diffusori di ambiente\",\"publisher\":{\"@id\":\"https:\/\/erbolinea.com\/#organization\"},\"alternateName\":\"Erbolinea\",\"potentialAction\":[{\"@type\":\"SearchAction\",\"target\":{\"@type\":\"EntryPoint\",\"urlTemplate\":\"https:\/\/erbolinea.com\/?s={search_term_string}\"},\"query-input\":{\"@type\":\"PropertyValueSpecification\",\"valueRequired\":true,\"valueName\":\"search_term_string\"}}],\"inLanguage\":\"de\"},{\"@type\":\"Organization\",\"@id\":\"https:\/\/erbolinea.com\/#organization\",\"name\":\"Erbolinea\",\"url\":\"https:\/\/erbolinea.com\/\",\"logo\":{\"@type\":\"ImageObject\",\"inLanguage\":\"de\",\"@id\":\"https:\/\/erbolinea.com\/#\/schema\/logo\/image\/\",\"url\":\"https:\/\/erbolinea.com\/wp-content\/uploads\/2020\/04\/logo-400x83_new.png\",\"contentUrl\":\"https:\/\/erbolinea.com\/wp-content\/uploads\/2020\/04\/logo-400x83_new.png\",\"width\":400,\"height\":103,\"caption\":\"Erbolinea\"},\"image\":{\"@id\":\"https:\/\/erbolinea.com\/#\/schema\/logo\/image\/\"},\"sameAs\":[\"https:\/\/www.facebook.com\/erbolinea\",\"https:\/\/www.instagram.com\/erbolinea_fragranze_srl\/\",\"https:\/\/www.youtube.com\/channel\/UCREXSGcI2lrYs6eT9VapG3w\"]}]}<\/script>\n<!-- \/ Yoast SEO Premium plugin. -->","yoast_head_json":{"title":"R\u00fcckgabebedingungen - Erbolinea - Store Fragrances","robots":{"index":"index","follow":"follow","max-snippet":"max-snippet:-1","max-image-preview":"max-image-preview:large","max-video-preview":"max-video-preview:-1"},"canonical":"https:\/\/erbolinea.com\/de\/politica-resi\/","og_locale":"de_DE","og_type":"article","og_title":"Politica resi","og_description":"Reso e Rimborsi Lei ha il diritto di recedere dal contratto, senza indicarne le ragioni, entro 14 giorni. Il periodo di recesso scade dopo 14 giorni dal giorno in cui ei o un terzo, diverso dal vettore e da lei designato, acquisisce il possesso fisico dell&#8217;ultimo bene. Per esercitare il diritto di recesso, lei \u00e8[...]","og_url":"https:\/\/erbolinea.com\/de\/politica-resi\/","og_site_name":"Erbolinea - Store Fragrances","article_publisher":"https:\/\/www.facebook.com\/erbolinea","article_modified_time":"2021-11-19T14:49:09+00:00","og_image":[{"width":400,"height":103,"url":"https:\/\/erbolinea.com\/wp-content\/uploads\/2020\/04\/logo-400x83_new.png","type":"image\/png"}],"twitter_card":"summary_large_image","twitter_misc":{"Gesch\u00e4tzte Lesezeit":"2\u00a0Minuten"},"schema":{"@context":"https:\/\/schema.org","@graph":[{"@type":"WebPage","@id":"https:\/\/erbolinea.com\/politica-resi\/","url":"https:\/\/erbolinea.com\/politica-resi\/","name":"R\u00fcckgabebedingungen - Erbolinea - Store Fragrances","isPartOf":{"@id":"https:\/\/erbolinea.com\/#website"},"datePublished":"2020-03-30T07:49:18+00:00","dateModified":"2021-11-19T14:49:09+00:00","breadcrumb":{"@id":"https:\/\/erbolinea.com\/politica-resi\/#breadcrumb"},"inLanguage":"de","potentialAction":[{"@type":"ReadAction","target":["https:\/\/erbolinea.com\/politica-resi\/"]}]},{"@type":"BreadcrumbList","@id":"https:\/\/erbolinea.com\/politica-resi\/#breadcrumb","itemListElement":[{"@type":"ListItem","position":1,"name":"Home","item":"https:\/\/erbolinea.com\/"},{"@type":"ListItem","position":2,"name":"Politica resi"}]},{"@type":"WebSite","@id":"https:\/\/erbolinea.com\/#website","url":"https:\/\/erbolinea.com\/","name":"Erbolinea - D\u00fcfte speichern","description":"Raumdiffusoren zu verkaufen","publisher":{"@id":"https:\/\/erbolinea.com\/#organization"},"alternateName":"Erbolinea","potentialAction":[{"@type":"SearchAction","target":{"@type":"EntryPoint","urlTemplate":"https:\/\/erbolinea.com\/?s={search_term_string}"},"query-input":{"@type":"PropertyValueSpecification","valueRequired":true,"valueName":"search_term_string"}}],"inLanguage":"de"},{"@type":"Organization","@id":"https:\/\/erbolinea.com\/#organization","name":"Erbolinea","url":"https:\/\/erbolinea.com\/","logo":{"@type":"ImageObject","inLanguage":"de","@id":"https:\/\/erbolinea.com\/#\/schema\/logo\/image\/","url":"https:\/\/erbolinea.com\/wp-content\/uploads\/2020\/04\/logo-400x83_new.png","contentUrl":"https:\/\/erbolinea.com\/wp-content\/uploads\/2020\/04\/logo-400x83_new.png","width":400,"height":103,"caption":"Erbolinea"},"image":{"@id":"https:\/\/erbolinea.com\/#\/schema\/logo\/image\/"},"sameAs":["https:\/\/www.facebook.com\/erbolinea","https:\/\/www.instagram.com\/erbolinea_fragranze_srl\/","https:\/\/www.youtube.com\/channel\/UCREXSGcI2lrYs6eT9VapG3w"]}]}},"_links":{"self":[{"href":"https:\/\/erbolinea.com\/de\/wp-json\/wp\/v2\/pages\/6743","targetHints":{"allow":["GET"]}}],"collection":[{"href":"https:\/\/erbolinea.com\/de\/wp-json\/wp\/v2\/pages"}],"about":[{"href":"https:\/\/erbolinea.com\/de\/wp-json\/wp\/v2\/types\/page"}],"author":[{"embeddable":true,"href":"https:\/\/erbolinea.com\/de\/wp-json\/wp\/v2\/users\/1"}],"replies":[{"embeddable":true,"href":"https:\/\/erbolinea.com\/de\/wp-json\/wp\/v2\/comments?post=6743"}],"version-history":[{"count":0,"href":"https:\/\/erbolinea.com\/de\/wp-json\/wp\/v2\/pages\/6743\/revisions"}],"wp:attachment":[{"href":"https:\/\/erbolinea.com\/de\/wp-json\/wp\/v2\/media?parent=6743"}],"curies":[{"name":"wp","href":"https:\/\/api.w.org\/{rel}","templated":true}]}}