{"id":6741,"date":"2020-03-30T09:46:19","date_gmt":"2020-03-30T07:46:19","guid":{"rendered":"https:\/\/erbolinea.com\/?page_id=6741"},"modified":"2024-11-22T09:20:45","modified_gmt":"2024-11-22T08:20:45","slug":"pagamenti","status":"publish","type":"page","link":"https:\/\/erbolinea.com\/de\/pagamenti\/","title":{"rendered":"Zahlungen"},"content":{"rendered":"<h3>Zahlungsarten<\/h3>\n<p>Eink\u00e4ufe auf www.erbolinea.com sind sicher und garantiert und k\u00f6nnen auf eine der folgenden Arten bezahlt werden:<\/p>\n<p>- Zahlung per Bank\u00fcberweisung im Voraus<\/p>\n<p>- Zahlung per Kreditkarte<\/p>\n<p>- Bezahlung mit PayPal<\/p>\n<p>&nbsp;<\/p>\n<h4><strong>Zahlung per Bank\u00fcberweisung im Voraus<\/strong><\/h4>\n<p>Bei Zahlung per Vorkasse wird die Bestellung erst nach Best\u00e4tigung der vollst\u00e4ndigen Gutschrift des Betrages bearbeitet. Die Zahlung erfolgt innerhalb von 3 Tagen ab dem Datum der Bestellung. Damit die Bestellung korrekt und schnell bearbeitet werden kann, muss der Kunde im Verwendungszweck die Bestellnummer, das Datum und den Vor- und Nachnamen des Kunden angeben. Nach Ablauf dieser Frist wird die Bestellung automatisch storniert. Die Verf\u00fcgbarkeit des gew\u00e4hlten Produkts wird zum Zeitpunkt der Zahlung gepr\u00fcft. Die \u00dcberweisung muss auf folgende Adresse lauten:<\/p>\n<p>HERBOLINEA 1 Srl<br \/>\nIBAN IT36I0503478630000000013061<br \/>\nBank: Banco BPM<\/p>\n<p>&nbsp;<\/p>\n<h4><strong>Zahlung per Kreditkarte<\/strong><\/h4>\n<p>Bestellungen k\u00f6nnen mit Kreditkarte \u00fcber das sichere Zahlungssystem von Stripe bezahlt werden. Alle Kreditkarteninformationen werden vom Kunden direkt an Stripe \u00fcbermittelt, ohne den Server von *Erbolinea* zu durchlaufen, der in keiner Weise Kenntnis von der Kreditkartennummer des Kunden erh\u00e4lt. Stripe verschl\u00fcsselt automatisch alle Informationen \u00fcber die Zahlungstransaktion. Akzeptierte Kreditkarten sind: Visa, MasterCard, Carta Aura, Visa Postepay, American Express und PostePay.<\/p>\n<h4><strong>Bezahlung mit PayPal<\/strong><\/h4>\n<p>Bei Auswahl der Zahlungsart PayPal wird der Nutzer auf eine Seite der PayPal-Website weitergeleitet, und die Zahlung erfolgt nach den dort angegebenen Methoden. Die auf der PayPal-Website angegebenen Daten werden nicht an ERBOLINEA 1 srl weitergegeben, sondern direkt von dieser verarbeitet. Wenn die Bestellung storniert oder von ERBOLINEA 1 srl nicht akzeptiert wird, wird der Betrag auf das PayPal-Konto zur\u00fcckerstattet. ERBOLIBEA 1 srl haftet in keiner Weise f\u00fcr Verz\u00f6gerungen und\/oder Sch\u00e4den, die in dieser Phase entstehen.<\/p>","protected":false},"excerpt":{"rendered":"<p>Zahlungsm\u00f6glichkeiten Eink\u00e4ufe auf www.erbolinea.com sind sicher und garantiert und die Zahlung kann auf eine der folgenden Arten erfolgen: - Zahlung per Bank\u00fcberweisung im Voraus - Zahlung per Kreditkarte - Zahlung per PayPal Zahlung per Bank\u00fcberweisung im Voraus Bei der Zahlung per Bank\u00fcberweisung im Voraus kann die Zahlung auf eine der folgenden Arten erfolgen: - Zahlung per Bank\u00fcberweisung im Voraus[...].","protected":false},"author":1,"featured_media":0,"parent":0,"menu_order":0,"comment_status":"closed","ping_status":"closed","template":"","meta":{"footnotes":""},"class_list":["post-6741","page","type-page","status-publish","hentry"],"yoast_head":"<!-- This site is optimized with the Yoast SEO Premium plugin v26.2 (Yoast SEO v26.4) - https:\/\/yoast.com\/wordpress\/plugins\/seo\/ -->\n<title>Pagamenti - Erbolinea - Store Fragrances<\/title>\n<meta name=\"robots\" content=\"index, follow, max-snippet:-1, max-image-preview:large, max-video-preview:-1\" \/>\n<link rel=\"canonical\" href=\"https:\/\/erbolinea.com\/de\/pagamenti\/\" \/>\n<meta property=\"og:locale\" content=\"de_DE\" \/>\n<meta property=\"og:type\" content=\"article\" \/>\n<meta property=\"og:title\" content=\"Pagamenti\" \/>\n<meta property=\"og:description\" content=\"Modalit\u00e0 di pagamento Gli acquisti fatti su www.erbolinea.com sono sicuri e garantiti e il pagamento pu\u00f2 avvenire a scelta con una delle seguenti modalit\u00e0: &#8211; Pagamento con Bonifico Bancario Anticipato &#8211; Pagamento con carta di credito &#8211; Pagamento con sistema PayPal &nbsp; Pagamento tramite bonifico bancario anticipato In caso di pagamento tramite bonifico bancario anticipato[...]\" \/>\n<meta property=\"og:url\" content=\"https:\/\/erbolinea.com\/de\/pagamenti\/\" \/>\n<meta property=\"og:site_name\" content=\"Erbolinea - Store Fragrances\" \/>\n<meta property=\"article:publisher\" content=\"https:\/\/www.facebook.com\/erbolinea\" \/>\n<meta property=\"article:modified_time\" content=\"2024-11-22T08:20:45+00:00\" \/>\n<meta property=\"og:image\" content=\"https:\/\/erbolinea.com\/wp-content\/uploads\/2020\/04\/logo-400x83_new.png\" \/>\n\t<meta property=\"og:image:width\" content=\"400\" \/>\n\t<meta property=\"og:image:height\" content=\"103\" \/>\n\t<meta property=\"og:image:type\" content=\"image\/png\" \/>\n<meta name=\"twitter:card\" content=\"summary_large_image\" \/>\n<meta name=\"twitter:label1\" content=\"Gesch\u00e4tzte Lesezeit\" \/>\n\t<meta name=\"twitter:data1\" content=\"2\u00a0Minuten\" \/>\n<script type=\"application\/ld+json\" class=\"yoast-schema-graph\">{\"@context\":\"https:\/\/schema.org\",\"@graph\":[{\"@type\":\"WebPage\",\"@id\":\"https:\/\/erbolinea.com\/pagamenti\/\",\"url\":\"https:\/\/erbolinea.com\/pagamenti\/\",\"name\":\"Pagamenti - Erbolinea - Store Fragrances\",\"isPartOf\":{\"@id\":\"https:\/\/erbolinea.com\/#website\"},\"datePublished\":\"2020-03-30T07:46:19+00:00\",\"dateModified\":\"2024-11-22T08:20:45+00:00\",\"breadcrumb\":{\"@id\":\"https:\/\/erbolinea.com\/pagamenti\/#breadcrumb\"},\"inLanguage\":\"de\",\"potentialAction\":[{\"@type\":\"ReadAction\",\"target\":[\"https:\/\/erbolinea.com\/pagamenti\/\"]}]},{\"@type\":\"BreadcrumbList\",\"@id\":\"https:\/\/erbolinea.com\/pagamenti\/#breadcrumb\",\"itemListElement\":[{\"@type\":\"ListItem\",\"position\":1,\"name\":\"Home\",\"item\":\"https:\/\/erbolinea.com\/\"},{\"@type\":\"ListItem\",\"position\":2,\"name\":\"Pagamenti\"}]},{\"@type\":\"WebSite\",\"@id\":\"https:\/\/erbolinea.com\/#website\",\"url\":\"https:\/\/erbolinea.com\/\",\"name\":\"Erbolinea - Store Fragrances\",\"description\":\"Vendita diffusori di ambiente\",\"publisher\":{\"@id\":\"https:\/\/erbolinea.com\/#organization\"},\"alternateName\":\"Erbolinea\",\"potentialAction\":[{\"@type\":\"SearchAction\",\"target\":{\"@type\":\"EntryPoint\",\"urlTemplate\":\"https:\/\/erbolinea.com\/?s={search_term_string}\"},\"query-input\":{\"@type\":\"PropertyValueSpecification\",\"valueRequired\":true,\"valueName\":\"search_term_string\"}}],\"inLanguage\":\"de\"},{\"@type\":\"Organization\",\"@id\":\"https:\/\/erbolinea.com\/#organization\",\"name\":\"Erbolinea\",\"url\":\"https:\/\/erbolinea.com\/\",\"logo\":{\"@type\":\"ImageObject\",\"inLanguage\":\"de\",\"@id\":\"https:\/\/erbolinea.com\/#\/schema\/logo\/image\/\",\"url\":\"https:\/\/erbolinea.com\/wp-content\/uploads\/2020\/04\/logo-400x83_new.png\",\"contentUrl\":\"https:\/\/erbolinea.com\/wp-content\/uploads\/2020\/04\/logo-400x83_new.png\",\"width\":400,\"height\":103,\"caption\":\"Erbolinea\"},\"image\":{\"@id\":\"https:\/\/erbolinea.com\/#\/schema\/logo\/image\/\"},\"sameAs\":[\"https:\/\/www.facebook.com\/erbolinea\",\"https:\/\/www.instagram.com\/erbolinea_fragranze_srl\/\",\"https:\/\/www.youtube.com\/channel\/UCREXSGcI2lrYs6eT9VapG3w\"]}]}<\/script>\n<!-- \/ Yoast SEO Premium plugin. -->","yoast_head_json":{"title":"Zahlungen - Erbolinea - Store Fragrances","robots":{"index":"index","follow":"follow","max-snippet":"max-snippet:-1","max-image-preview":"max-image-preview:large","max-video-preview":"max-video-preview:-1"},"canonical":"https:\/\/erbolinea.com\/de\/pagamenti\/","og_locale":"de_DE","og_type":"article","og_title":"Pagamenti","og_description":"Modalit\u00e0 di pagamento Gli acquisti fatti su www.erbolinea.com sono sicuri e garantiti e il pagamento pu\u00f2 avvenire a scelta con una delle seguenti modalit\u00e0: &#8211; Pagamento con Bonifico Bancario Anticipato &#8211; Pagamento con carta di credito &#8211; Pagamento con sistema PayPal &nbsp; Pagamento tramite bonifico bancario anticipato In caso di pagamento tramite bonifico bancario anticipato[...]","og_url":"https:\/\/erbolinea.com\/de\/pagamenti\/","og_site_name":"Erbolinea - Store Fragrances","article_publisher":"https:\/\/www.facebook.com\/erbolinea","article_modified_time":"2024-11-22T08:20:45+00:00","og_image":[{"width":400,"height":103,"url":"https:\/\/erbolinea.com\/wp-content\/uploads\/2020\/04\/logo-400x83_new.png","type":"image\/png"}],"twitter_card":"summary_large_image","twitter_misc":{"Gesch\u00e4tzte Lesezeit":"2\u00a0Minuten"},"schema":{"@context":"https:\/\/schema.org","@graph":[{"@type":"WebPage","@id":"https:\/\/erbolinea.com\/pagamenti\/","url":"https:\/\/erbolinea.com\/pagamenti\/","name":"Zahlungen - Erbolinea - Store Fragrances","isPartOf":{"@id":"https:\/\/erbolinea.com\/#website"},"datePublished":"2020-03-30T07:46:19+00:00","dateModified":"2024-11-22T08:20:45+00:00","breadcrumb":{"@id":"https:\/\/erbolinea.com\/pagamenti\/#breadcrumb"},"inLanguage":"de","potentialAction":[{"@type":"ReadAction","target":["https:\/\/erbolinea.com\/pagamenti\/"]}]},{"@type":"BreadcrumbList","@id":"https:\/\/erbolinea.com\/pagamenti\/#breadcrumb","itemListElement":[{"@type":"ListItem","position":1,"name":"Home","item":"https:\/\/erbolinea.com\/"},{"@type":"ListItem","position":2,"name":"Pagamenti"}]},{"@type":"WebSite","@id":"https:\/\/erbolinea.com\/#website","url":"https:\/\/erbolinea.com\/","name":"Erbolinea - D\u00fcfte speichern","description":"Raumdiffusoren zu verkaufen","publisher":{"@id":"https:\/\/erbolinea.com\/#organization"},"alternateName":"Erbolinea","potentialAction":[{"@type":"SearchAction","target":{"@type":"EntryPoint","urlTemplate":"https:\/\/erbolinea.com\/?s={search_term_string}"},"query-input":{"@type":"PropertyValueSpecification","valueRequired":true,"valueName":"search_term_string"}}],"inLanguage":"de"},{"@type":"Organization","@id":"https:\/\/erbolinea.com\/#organization","name":"Erbolinea","url":"https:\/\/erbolinea.com\/","logo":{"@type":"ImageObject","inLanguage":"de","@id":"https:\/\/erbolinea.com\/#\/schema\/logo\/image\/","url":"https:\/\/erbolinea.com\/wp-content\/uploads\/2020\/04\/logo-400x83_new.png","contentUrl":"https:\/\/erbolinea.com\/wp-content\/uploads\/2020\/04\/logo-400x83_new.png","width":400,"height":103,"caption":"Erbolinea"},"image":{"@id":"https:\/\/erbolinea.com\/#\/schema\/logo\/image\/"},"sameAs":["https:\/\/www.facebook.com\/erbolinea","https:\/\/www.instagram.com\/erbolinea_fragranze_srl\/","https:\/\/www.youtube.com\/channel\/UCREXSGcI2lrYs6eT9VapG3w"]}]}},"_links":{"self":[{"href":"https:\/\/erbolinea.com\/de\/wp-json\/wp\/v2\/pages\/6741","targetHints":{"allow":["GET"]}}],"collection":[{"href":"https:\/\/erbolinea.com\/de\/wp-json\/wp\/v2\/pages"}],"about":[{"href":"https:\/\/erbolinea.com\/de\/wp-json\/wp\/v2\/types\/page"}],"author":[{"embeddable":true,"href":"https:\/\/erbolinea.com\/de\/wp-json\/wp\/v2\/users\/1"}],"replies":[{"embeddable":true,"href":"https:\/\/erbolinea.com\/de\/wp-json\/wp\/v2\/comments?post=6741"}],"version-history":[{"count":4,"href":"https:\/\/erbolinea.com\/de\/wp-json\/wp\/v2\/pages\/6741\/revisions"}],"predecessor-version":[{"id":24934,"href":"https:\/\/erbolinea.com\/de\/wp-json\/wp\/v2\/pages\/6741\/revisions\/24934"}],"wp:attachment":[{"href":"https:\/\/erbolinea.com\/de\/wp-json\/wp\/v2\/media?parent=6741"}],"curies":[{"name":"wp","href":"https:\/\/api.w.org\/{rel}","templated":true}]}}