{"id":4739,"date":"2019-06-06T19:26:26","date_gmt":"2019-06-06T17:26:26","guid":{"rendered":"https:\/\/erbolinea.com\/?page_id=4739"},"modified":"2023-12-11T10:47:19","modified_gmt":"2023-12-11T09:47:19","slug":"diventa-rivenditore","status":"publish","type":"page","link":"https:\/\/erbolinea.com\/de\/diventa-rivenditore\/","title":{"rendered":"Wiederverk\u00e4ufer werden"},"content":{"rendered":"<div class=\"container section-title-container\" ><h3 class=\"section-title section-title-center\"><b aria-hidden=\"true\"><\/b><span class=\"section-title-main\" style=\"font-size:141%;color:rgb(206, 185, 111);\"><i class=\"icon-star\" aria-hidden=\"true\"><\/i>Werden Sie erbolinea-H\u00e4ndler<\/span><b aria-hidden=\"true\"><\/b><\/h3><\/div>\n<p>Sind Sie auf der Suche nach einer lohnenden und erf\u00fcllenden T\u00e4tigkeit?<\/p>\n<p>Nat\u00fcrlich scheint es fast paradox, gerade jetzt \u00fcber Arbeit zu sprechen, aber das ist es nicht! Wir wollen positiv gestimmt sein, auch wenn die Welt um uns herum deutliche Anzeichen f\u00fcr wirtschaftliche Schwierigkeiten erkennen l\u00e4sst, die uns in gewisser Weise daran hindern k\u00f6nnten, unsere Zukunft zu gestalten... St\u00fcrzen wir uns nicht ins Ungl\u00fcck, aber versuchen wir es!<\/p>\n<p>Warum nicht <strong>Wiederverk\u00e4ufer von ERBOLINEA-Produkten werden<\/strong>?<\/p>\n\t<div id=\"gap-491561748\" class=\"gap-element clearfix\" style=\"display:block; height:auto;\">\n\t\t\n<style>\n#gap-491561748 {\n  padding-top: 40px;\n}\n<\/style>\n\t<\/div>\n\t\n\n<div class=\"wpcf7 no-js\" id=\"wpcf7-f4738-o1\" lang=\"it-IT\" dir=\"ltr\" data-wpcf7-id=\"4738\">\n<div class=\"screen-reader-response\"><p role=\"status\" aria-live=\"polite\" aria-atomic=\"true\"><\/p> <ul><\/ul><\/div>\n<form action=\"\/de\/wp-json\/wp\/v2\/pages\/4739#wpcf7-f4738-o1\" method=\"post\" class=\"wpcf7-form init\" aria-label=\"Kontakt-Formular\" novalidate=\"novalidate\" data-status=\"init\" data-trp-original-action=\"\/de\/wp-json\/wp\/v2\/pages\/4739#wpcf7-f4738-o1\">\n<fieldset class=\"hidden-fields-container\"><input type=\"hidden\" name=\"_wpcf7\" value=\"4738\" \/><input type=\"hidden\" name=\"_wpcf7_version\" value=\"6.1.3\" \/><input type=\"hidden\" name=\"_wpcf7_locale\" value=\"it_IT\" \/><input type=\"hidden\" name=\"_wpcf7_unit_tag\" value=\"wpcf7-f4738-o1\" \/><input type=\"hidden\" name=\"_wpcf7_container_post\" value=\"0\" \/><input type=\"hidden\" name=\"_wpcf7_posted_data_hash\" value=\"\" \/>\n<\/fieldset>\n<div class=\"wpcf7-turnstile cf-turnstile\" data-sitekey=\"0x4AAAAAACDO-a7-MT1OYiiB\" data-response-field-name=\"_wpcf7_turnstile_response\"><\/div>\n\n<div class=\"form-flat\">\n\t<p><label>Typ<span>*<\/span><\/label><br \/>\n<span class=\"wpcf7-form-control-wrap\" data-name=\"tipologia\"><select class=\"wpcf7-form-control wpcf7-select wpcf7-validates-as-required\" aria-required=\"true\" aria-invalid=\"false\" name=\"tipologia\"><option value=\"Individuale\">Einzelne<\/option><option value=\"Societ\u00e0\">Unternehmen<\/option><\/select><\/span><br \/>\n<label>Name des Unternehmens<span>*<\/span><\/label><br \/>\n<span class=\"wpcf7-form-control-wrap\" data-name=\"ragione-sociale\"><input size=\"40\" maxlength=\"400\" class=\"wpcf7-form-control wpcf7-text wpcf7-validates-as-required\" aria-required=\"true\" aria-invalid=\"false\" value=\"\" type=\"text\" name=\"ragione-sociale\" \/><\/span><br \/>\n<label>Adresse <span>*<\/span><\/label><br \/>\n<span class=\"wpcf7-form-control-wrap\" data-name=\"indirizzo\"><input size=\"40\" maxlength=\"400\" class=\"wpcf7-form-control wpcf7-text wpcf7-validates-as-required\" aria-required=\"true\" aria-invalid=\"false\" value=\"\" type=\"text\" name=\"indirizzo\" \/><\/span><br \/>\n<label>St\u00e4dte <span>*<\/span><\/label><br \/>\n<span class=\"wpcf7-form-control-wrap\" data-name=\"citta\"><input size=\"40\" maxlength=\"400\" class=\"wpcf7-form-control wpcf7-text wpcf7-validates-as-required\" aria-required=\"true\" aria-invalid=\"false\" value=\"\" type=\"text\" name=\"citta\" \/><\/span><br \/>\n<label>Telefon<span>*<\/span><\/label><br \/>\n<span class=\"wpcf7-form-control-wrap\" data-name=\"telefono\"><input size=\"40\" maxlength=\"400\" class=\"wpcf7-form-control wpcf7-text wpcf7-validates-as-required\" aria-required=\"true\" aria-invalid=\"false\" value=\"\" type=\"text\" name=\"telefono\" \/><\/span><br \/>\n<label>E-Mail<span>*<\/span><\/label><br \/>\n<span class=\"wpcf7-form-control-wrap\" data-name=\"email\"><input size=\"40\" maxlength=\"400\" class=\"wpcf7-form-control wpcf7-email wpcf7-validates-as-required wpcf7-text wpcf7-validates-as-email\" aria-required=\"true\" aria-invalid=\"false\" value=\"\" type=\"email\" name=\"email\" \/><\/span><br \/>\n<label>Name der Kontaktperson<span>*<\/span><\/label><br \/>\n<span class=\"wpcf7-form-control-wrap\" data-name=\"nome-referente\"><input size=\"40\" maxlength=\"400\" class=\"wpcf7-form-control wpcf7-text wpcf7-validates-as-required\" aria-required=\"true\" aria-invalid=\"false\" value=\"\" type=\"text\" name=\"nome-referente\" \/><\/span><br \/>\n<label>Nachname der Kontaktperson<span>*<\/span><\/label><br \/>\n<span class=\"wpcf7-form-control-wrap\" data-name=\"cognome-referente\"><input size=\"40\" maxlength=\"400\" class=\"wpcf7-form-control wpcf7-text wpcf7-validates-as-required\" aria-required=\"true\" aria-invalid=\"false\" value=\"\" type=\"text\" name=\"cognome-referente\" \/><\/span><br \/>\n<label>Anmerkungen (bitte geben Sie auch eventuelle Pr\u00e4ferenzen zu unseren Produkten an)<\/label><br \/>\n<span class=\"wpcf7-form-control-wrap\" data-name=\"note\"><textarea cols=\"40\" rows=\"10\" maxlength=\"2000\" class=\"wpcf7-form-control wpcf7-textarea\" aria-invalid=\"false\" name=\"note\"><\/textarea><\/span><br \/>\n<label>Verarbeitung von personenbezogenen Daten<span>*<\/span><\/label><br \/>\n<span class=\"wpcf7-form-control-wrap\" data-name=\"trattamento-dati\"><span class=\"wpcf7-form-control wpcf7-acceptance\"><span class=\"wpcf7-list-item\"><label><input type=\"checkbox\" name=\"trattamento-dati\" value=\"1\" aria-invalid=\"false\" \/><span class=\"wpcf7-list-item-label\">Ich erkl\u00e4re, dass ich die folgenden Dokumente gelesen habe<a href=\"\/de\/coockie-policy\/\" style=\"color: #333;\">Informationen \u00fcber die Verarbeitung von personenbezogenen Daten<\/a>in Verbindung mit der Verordnung (EU) 2016\/679, und ich gebe meine Zustimmung zur Verarbeitung der von mir eingegebenen Daten.<\/span><\/label><\/span><\/span><\/span>\n\t<\/p>\n\t<p>&nbsp;\n\t<\/p>\n\t<p><input class=\"wpcf7-form-control wpcf7-submit has-spinner button\" type=\"submit\" value=\"Senden Sie\" \/>\n\t<\/p>\n<\/div><div class=\"wpcf7-response-output\" aria-hidden=\"true\"><\/div>\n<input type=\"hidden\" name=\"trp-form-language\" value=\"de\"\/><\/form>\n<\/div>","protected":false},"excerpt":{"rendered":"<p>Sind Sie auf der Suche nach einem lohnenden und erf\u00fcllenden Job? Nat\u00fcrlich erscheint es fast paradox, gerade jetzt \u00fcber Arbeit zu sprechen, aber das ist es nicht! Wir wollen positiv sein, auch wenn die Au\u00dfenwelt um uns herum gro\u00dfe Anzeichen f\u00fcr wirtschaftliche Schwierigkeiten zeigt, die uns in gewisser Weise daran hindern k\u00f6nnten, das Leben zu [...]","protected":false},"author":1,"featured_media":0,"parent":0,"menu_order":0,"comment_status":"closed","ping_status":"closed","template":"","meta":{"footnotes":""},"class_list":["post-4739","page","type-page","status-publish","hentry"],"yoast_head":"<!-- This site is optimized with the Yoast SEO Premium plugin v26.2 (Yoast SEO v26.4) - https:\/\/yoast.com\/wordpress\/plugins\/seo\/ -->\n<title>Diventa rivenditore | Profumatori per l&#039;ambiente | Erbolinea<\/title>\n<meta name=\"description\" content=\"Sei alla ricerca di profumatori per l&#039;ambiente per il tuo negozio. Scopri Erbolinea e i profumi per la casa di qualit\u00e0. Diventa Rivenditore.\" \/>\n<meta name=\"robots\" content=\"index, follow, max-snippet:-1, max-image-preview:large, max-video-preview:-1\" \/>\n<link rel=\"canonical\" href=\"https:\/\/erbolinea.com\/de\/diventa-rivenditore\/\" \/>\n<meta property=\"og:locale\" content=\"de_DE\" \/>\n<meta property=\"og:type\" content=\"article\" \/>\n<meta property=\"og:title\" content=\"Diventa Rivenditore\" \/>\n<meta property=\"og:description\" content=\"Sei alla ricerca di profumatori per l&#039;ambiente per il tuo negozio. Scopri Erbolinea e i profumi per la casa di qualit\u00e0. Diventa Rivenditore.\" \/>\n<meta property=\"og:url\" content=\"https:\/\/erbolinea.com\/de\/diventa-rivenditore\/\" \/>\n<meta property=\"og:site_name\" content=\"Erbolinea - Store Fragrances\" \/>\n<meta property=\"article:publisher\" content=\"https:\/\/www.facebook.com\/erbolinea\" \/>\n<meta property=\"article:modified_time\" content=\"2023-12-11T09:47:19+00:00\" \/>\n<meta property=\"og:image\" content=\"https:\/\/erbolinea.com\/wp-content\/uploads\/2020\/04\/logo-400x83_new.png\" \/>\n\t<meta property=\"og:image:width\" content=\"400\" \/>\n\t<meta property=\"og:image:height\" content=\"103\" \/>\n\t<meta property=\"og:image:type\" content=\"image\/png\" \/>\n<meta name=\"twitter:card\" content=\"summary_large_image\" \/>\n<meta name=\"twitter:label1\" content=\"Gesch\u00e4tzte Lesezeit\" \/>\n\t<meta name=\"twitter:data1\" content=\"1\u00a0Minute\" \/>\n<script type=\"application\/ld+json\" class=\"yoast-schema-graph\">{\"@context\":\"https:\/\/schema.org\",\"@graph\":[{\"@type\":\"WebPage\",\"@id\":\"https:\/\/erbolinea.com\/diventa-rivenditore\/\",\"url\":\"https:\/\/erbolinea.com\/diventa-rivenditore\/\",\"name\":\"Diventa rivenditore | Profumatori per l'ambiente | Erbolinea\",\"isPartOf\":{\"@id\":\"https:\/\/erbolinea.com\/#website\"},\"datePublished\":\"2019-06-06T17:26:26+00:00\",\"dateModified\":\"2023-12-11T09:47:19+00:00\",\"description\":\"Sei alla ricerca di profumatori per l'ambiente per il tuo negozio. Scopri Erbolinea e i profumi per la casa di qualit\u00e0. Diventa Rivenditore.\",\"breadcrumb\":{\"@id\":\"https:\/\/erbolinea.com\/diventa-rivenditore\/#breadcrumb\"},\"inLanguage\":\"de\",\"potentialAction\":[{\"@type\":\"ReadAction\",\"target\":[\"https:\/\/erbolinea.com\/diventa-rivenditore\/\"]}]},{\"@type\":\"BreadcrumbList\",\"@id\":\"https:\/\/erbolinea.com\/diventa-rivenditore\/#breadcrumb\",\"itemListElement\":[{\"@type\":\"ListItem\",\"position\":1,\"name\":\"Home\",\"item\":\"https:\/\/erbolinea.com\/\"},{\"@type\":\"ListItem\",\"position\":2,\"name\":\"Diventa Rivenditore\"}]},{\"@type\":\"WebSite\",\"@id\":\"https:\/\/erbolinea.com\/#website\",\"url\":\"https:\/\/erbolinea.com\/\",\"name\":\"Erbolinea - Store Fragrances\",\"description\":\"Vendita diffusori di ambiente\",\"publisher\":{\"@id\":\"https:\/\/erbolinea.com\/#organization\"},\"alternateName\":\"Erbolinea\",\"potentialAction\":[{\"@type\":\"SearchAction\",\"target\":{\"@type\":\"EntryPoint\",\"urlTemplate\":\"https:\/\/erbolinea.com\/?s={search_term_string}\"},\"query-input\":{\"@type\":\"PropertyValueSpecification\",\"valueRequired\":true,\"valueName\":\"search_term_string\"}}],\"inLanguage\":\"de\"},{\"@type\":\"Organization\",\"@id\":\"https:\/\/erbolinea.com\/#organization\",\"name\":\"Erbolinea\",\"url\":\"https:\/\/erbolinea.com\/\",\"logo\":{\"@type\":\"ImageObject\",\"inLanguage\":\"de\",\"@id\":\"https:\/\/erbolinea.com\/#\/schema\/logo\/image\/\",\"url\":\"https:\/\/erbolinea.com\/wp-content\/uploads\/2020\/04\/logo-400x83_new.png\",\"contentUrl\":\"https:\/\/erbolinea.com\/wp-content\/uploads\/2020\/04\/logo-400x83_new.png\",\"width\":400,\"height\":103,\"caption\":\"Erbolinea\"},\"image\":{\"@id\":\"https:\/\/erbolinea.com\/#\/schema\/logo\/image\/\"},\"sameAs\":[\"https:\/\/www.facebook.com\/erbolinea\",\"https:\/\/www.instagram.com\/erbolinea_fragranze_srl\/\",\"https:\/\/www.youtube.com\/channel\/UCREXSGcI2lrYs6eT9VapG3w\"]}]}<\/script>\n<!-- \/ Yoast SEO Premium plugin. -->","yoast_head_json":{"title":"Wiederverk\u00e4ufer werden | Raumd\u00fcfte | Erbolinea","description":"Sie sind auf der Suche nach Raumd\u00fcften f\u00fcr Ihr Gesch\u00e4ft. Entdecken Sie Erbolinea und hochwertige Raumd\u00fcfte. Werden Sie ein Wiederverk\u00e4ufer.","robots":{"index":"index","follow":"follow","max-snippet":"max-snippet:-1","max-image-preview":"max-image-preview:large","max-video-preview":"max-video-preview:-1"},"canonical":"https:\/\/erbolinea.com\/de\/diventa-rivenditore\/","og_locale":"de_DE","og_type":"article","og_title":"Diventa Rivenditore","og_description":"Sei alla ricerca di profumatori per l'ambiente per il tuo negozio. Scopri Erbolinea e i profumi per la casa di qualit\u00e0. Diventa Rivenditore.","og_url":"https:\/\/erbolinea.com\/de\/diventa-rivenditore\/","og_site_name":"Erbolinea - Store Fragrances","article_publisher":"https:\/\/www.facebook.com\/erbolinea","article_modified_time":"2023-12-11T09:47:19+00:00","og_image":[{"width":400,"height":103,"url":"https:\/\/erbolinea.com\/wp-content\/uploads\/2020\/04\/logo-400x83_new.png","type":"image\/png"}],"twitter_card":"summary_large_image","twitter_misc":{"Gesch\u00e4tzte Lesezeit":"1\u00a0Minute"},"schema":{"@context":"https:\/\/schema.org","@graph":[{"@type":"WebPage","@id":"https:\/\/erbolinea.com\/diventa-rivenditore\/","url":"https:\/\/erbolinea.com\/diventa-rivenditore\/","name":"Wiederverk\u00e4ufer werden | Raumd\u00fcfte | Erbolinea","isPartOf":{"@id":"https:\/\/erbolinea.com\/#website"},"datePublished":"2019-06-06T17:26:26+00:00","dateModified":"2023-12-11T09:47:19+00:00","description":"Sie sind auf der Suche nach Raumd\u00fcften f\u00fcr Ihr Gesch\u00e4ft. Entdecken Sie Erbolinea und hochwertige Raumd\u00fcfte. Werden Sie ein Wiederverk\u00e4ufer.","breadcrumb":{"@id":"https:\/\/erbolinea.com\/diventa-rivenditore\/#breadcrumb"},"inLanguage":"de","potentialAction":[{"@type":"ReadAction","target":["https:\/\/erbolinea.com\/diventa-rivenditore\/"]}]},{"@type":"BreadcrumbList","@id":"https:\/\/erbolinea.com\/diventa-rivenditore\/#breadcrumb","itemListElement":[{"@type":"ListItem","position":1,"name":"Home","item":"https:\/\/erbolinea.com\/"},{"@type":"ListItem","position":2,"name":"Diventa Rivenditore"}]},{"@type":"WebSite","@id":"https:\/\/erbolinea.com\/#website","url":"https:\/\/erbolinea.com\/","name":"Erbolinea - D\u00fcfte speichern","description":"Raumdiffusoren zu verkaufen","publisher":{"@id":"https:\/\/erbolinea.com\/#organization"},"alternateName":"Erbolinea","potentialAction":[{"@type":"SearchAction","target":{"@type":"EntryPoint","urlTemplate":"https:\/\/erbolinea.com\/?s={search_term_string}"},"query-input":{"@type":"PropertyValueSpecification","valueRequired":true,"valueName":"search_term_string"}}],"inLanguage":"de"},{"@type":"Organization","@id":"https:\/\/erbolinea.com\/#organization","name":"Erbolinea","url":"https:\/\/erbolinea.com\/","logo":{"@type":"ImageObject","inLanguage":"de","@id":"https:\/\/erbolinea.com\/#\/schema\/logo\/image\/","url":"https:\/\/erbolinea.com\/wp-content\/uploads\/2020\/04\/logo-400x83_new.png","contentUrl":"https:\/\/erbolinea.com\/wp-content\/uploads\/2020\/04\/logo-400x83_new.png","width":400,"height":103,"caption":"Erbolinea"},"image":{"@id":"https:\/\/erbolinea.com\/#\/schema\/logo\/image\/"},"sameAs":["https:\/\/www.facebook.com\/erbolinea","https:\/\/www.instagram.com\/erbolinea_fragranze_srl\/","https:\/\/www.youtube.com\/channel\/UCREXSGcI2lrYs6eT9VapG3w"]}]}},"_links":{"self":[{"href":"https:\/\/erbolinea.com\/de\/wp-json\/wp\/v2\/pages\/4739","targetHints":{"allow":["GET"]}}],"collection":[{"href":"https:\/\/erbolinea.com\/de\/wp-json\/wp\/v2\/pages"}],"about":[{"href":"https:\/\/erbolinea.com\/de\/wp-json\/wp\/v2\/types\/page"}],"author":[{"embeddable":true,"href":"https:\/\/erbolinea.com\/de\/wp-json\/wp\/v2\/users\/1"}],"replies":[{"embeddable":true,"href":"https:\/\/erbolinea.com\/de\/wp-json\/wp\/v2\/comments?post=4739"}],"version-history":[{"count":1,"href":"https:\/\/erbolinea.com\/de\/wp-json\/wp\/v2\/pages\/4739\/revisions"}],"predecessor-version":[{"id":22580,"href":"https:\/\/erbolinea.com\/de\/wp-json\/wp\/v2\/pages\/4739\/revisions\/22580"}],"wp:attachment":[{"href":"https:\/\/erbolinea.com\/de\/wp-json\/wp\/v2\/media?parent=4739"}],"curies":[{"name":"wp","href":"https:\/\/api.w.org\/{rel}","templated":true}]}}