{"id":4043,"date":"2019-05-07T19:05:42","date_gmt":"2019-05-07T17:05:42","guid":{"rendered":"https:\/\/erbolinea.com\/?page_id=4043"},"modified":"2023-12-11T10:43:18","modified_gmt":"2023-12-11T09:43:18","slug":"chi-siamo","status":"publish","type":"page","link":"https:\/\/erbolinea.com\/de\/chi-siamo\/","title":{"rendered":"\u00dcber uns"},"content":{"rendered":"<div class=\"banner has-hover has-parallax\" id=\"banner-1328926904\">\n          <div class=\"banner-inner fill\">\n        <div class=\"banner-bg fill\" data-parallax=\"-3\" data-parallax-container=\".banner\" data-parallax-background>\n            <img loading=\"lazy\" decoding=\"async\" width=\"1920\" height=\"700\" src=\"https:\/\/erbolinea.com\/wp-content\/uploads\/2019\/06\/chisiamo.jpg\" class=\"bg attachment-original size-original\" alt=\"\" \/>                                    \n                    <\/div>\n\t\t\n        <div class=\"banner-layers container\">\n            <div class=\"fill banner-link\"><\/div>            \n   <div id=\"text-box-1550427115\" class=\"text-box banner-layer x50 md-x50 lg-x50 y50 md-y50 lg-y50 res-text\">\n                                <div class=\"text-box-content text dark\">\n              \n              <div class=\"text-inner text-center\">\n                  \n              <\/div>\n           <\/div>\n                            \n<style>\n#text-box-1550427115 {\n  width: 60%;\n}\n#text-box-1550427115 .text-box-content {\n  font-size: 100%;\n}\n@media (min-width:550px) {\n  #text-box-1550427115 {\n    width: 60%;\n  }\n}\n<\/style>\n    <\/div>\n \n        <\/div>\n      <\/div>\n\n            \n<style>\n#banner-1328926904 {\n  padding-top: 450px;\n}\n<\/style>\n  <\/div>\n\n\n\t<div id=\"gap-196261911\" class=\"gap-element clearfix\" style=\"display:block; height:auto;\">\n\t\t\n<style>\n#gap-196261911 {\n  padding-top: 40px;\n}\n<\/style>\n\t<\/div>\n\t\n<div class=\"row\"  id=\"row-1762519944\">\n\n\t<div id=\"col-175943058\" class=\"col small-12 large-12\"  >\n\t\t\t\t<div class=\"col-inner\"  >\n\t\t\t\n\t\t\t\n<div class=\"container section-title-container\" ><h2 class=\"section-title section-title-center\"><b aria-hidden=\"true\"><\/b><span class=\"section-title-main\" style=\"font-size:150%;color:rgb(206, 185, 111);\">Erbolinea<\/span><b aria-hidden=\"true\"><\/b><\/h2><\/div>\n\t\t<\/div>\n\t\t\t\t\t<\/div>\n\n\t\n<\/div>\n<div class=\"row\"  id=\"row-997656208\">\n\n\t<div id=\"col-660318781\" class=\"col small-12 large-12\"  >\n\t\t\t\t<div class=\"col-inner\"  >\n\t\t\t\n\t\t\t\n\t<div id=\"text-3864672531\" class=\"text\">\n\t\t\n<h2 style=\"text-align: center\">Ein Ausdruck von nat\u00fcrlicher Einfachheit.<\/h2>\n<p class=\"stile\" style=\"text-align: center\">Aus Leidenschaft und Forschung <a href=\"https:\/\/erbolinea.com\/de\/\">Erbolinea<\/a> kreiert neue und einzigartige D\u00fcfte, die jeweils eine andere Richtung einschlagen.<br \/>Dies geschah vor mehr als 25 Jahren in einem kleinen Labor in S\u00fcditalien, einer Schmiede von Reizen und D\u00fcften, mit einer sorgf\u00e4ltigen Alchemie der Geruchspyramide, der Auswahl von Rohstoffen aus Duftextrakten von Fr\u00fcchten, Blumen, \u00d6len und Harzen, der Schaffung von D\u00fcften, die die Umgebung auf selektive und anhaltende Weise durchdringen und eine rein italienische Exzellenz in vollem Respekt vor der Natur schaffen.<\/p>\n<p style=\"text-align: center\"><a href=\"https:\/\/www.facebook.com\/erbolinea\">Erbolinea<\/a> produziert eine Auswahl an Raumd\u00fcften mit kostbaren Bambusst\u00e4ben, katalytischen Lampen, Sprays und auch Autod\u00fcften, alle mit zeitlosen Noten f\u00fcr ungew\u00f6hnliche Atmosph\u00e4ren und gro\u00dfe Gastfreundschaft und Raffinesse.<\/p>\n<p>\n\t\t\n<style>\n#text-3864672531 {\n  color: rgb(0,0,0);\n}\n#text-3864672531 > * {\n  color: rgb(0,0,0);\n}\n<\/style>\n\t<\/div>\n\t\n<div class=\"is-divider divider clearfix\" style=\"height:50px;background-color:rgba(255, 255, 255, 0);\"><\/div>\n<div class=\"text-center\"><div class=\"is-divider divider clearfix\" style=\"max-width:130px;\"><\/div><\/div>\n<div class=\"is-divider divider clearfix\" style=\"height:50px;background-color:rgba(255, 255, 255, 0);\"><\/div>\n<div class=\"row\"  id=\"row-1758536853\">\n\n\t<div id=\"col-1475361070\" class=\"col medium-4 small-12 large-4\"  >\n\t\t\t\t<div class=\"col-inner\"  >\n\t\t\t\n\t\t\t\n\n\t\t<div class=\"icon-box featured-box icon-box-center text-center\"  >\n\t\t\t\t\t<div class=\"icon-box-img\" style=\"width: 150px\">\n\t\t\t\t<div class=\"icon\">\n\t\t\t\t\t<div class=\"icon-inner\" >\n\t\t\t\t\t\t<img loading=\"lazy\" decoding=\"async\" width=\"397\" height=\"397\" src=\"https:\/\/erbolinea.com\/wp-content\/uploads\/2023\/12\/DECANTER.png\" class=\"attachment-medium size-medium\" alt=\"\" srcset=\"https:\/\/erbolinea.com\/wp-content\/uploads\/2023\/12\/DECANTER.png 397w, https:\/\/erbolinea.com\/wp-content\/uploads\/2023\/12\/DECANTER-12x12.png 12w, https:\/\/erbolinea.com\/wp-content\/uploads\/2023\/12\/DECANTER-170x170.png 170w\" sizes=\"auto, (max-width: 397px) 100vw, 397px\" \/>\t\t\t\t\t<\/div>\n\t\t\t\t<\/div>\n\t\t\t<\/div>\n\t\t\t\t<div class=\"icon-box-text last-reset\">\n\t\t\t\t\t\t\t\t\t\n<h3 style=\"text-align: center\">Gestaltung<\/h3>\n<p style=\"text-align: center\">Das Design der Sch\u00f6nheit und der Funktionalit\u00e4t.<\/p>\n\t\t<\/div>\n\t<\/div>\n\t\n\t\n\t\t<\/div>\n\t\t\t\t\t<\/div>\n\n\t\n\n\t<div id=\"col-1043179011\" class=\"col medium-4 small-12 large-4\"  >\n\t\t\t\t<div class=\"col-inner\"  >\n\t\t\t\n\t\t\t\n\n\t\t<div class=\"icon-box featured-box icon-box-center text-center\"  >\n\t\t\t\t\t<div class=\"icon-box-img\" style=\"width: 150px\">\n\t\t\t\t<div class=\"icon\">\n\t\t\t\t\t<div class=\"icon-inner\" >\n\t\t\t\t\t\t<img loading=\"lazy\" decoding=\"async\" width=\"397\" height=\"397\" src=\"https:\/\/erbolinea.com\/wp-content\/uploads\/2023\/12\/PUMO.png\" class=\"attachment-medium size-medium\" alt=\"\" srcset=\"https:\/\/erbolinea.com\/wp-content\/uploads\/2023\/12\/PUMO.png 397w, https:\/\/erbolinea.com\/wp-content\/uploads\/2023\/12\/PUMO-12x12.png 12w, https:\/\/erbolinea.com\/wp-content\/uploads\/2023\/12\/PUMO-170x170.png 170w\" sizes=\"auto, (max-width: 397px) 100vw, 397px\" \/>\t\t\t\t\t<\/div>\n\t\t\t\t<\/div>\n\t\t\t<\/div>\n\t\t\t\t<div class=\"icon-box-text last-reset\">\n\t\t\t\t\t\t\t\t\t\n<h3 style=\"text-align: center\">Tradition<\/h3>\n<p style=\"text-align: center\">Die Tradition und die Typizit\u00e4t der apulischen Produkte wiederentdecken.<\/p>\n\t\t<\/div>\n\t<\/div>\n\t\n\t\n\t\t<\/div>\n\t\t\t\t\t<\/div>\n\n\t\n\n\t<div id=\"col-1975601496\" class=\"col medium-4 small-12 large-4\"  >\n\t\t\t\t<div class=\"col-inner\"  >\n\t\t\t\n\t\t\t\n\n\t\t<div class=\"icon-box featured-box icon-box-center text-center\"  >\n\t\t\t\t\t<div class=\"icon-box-img\" style=\"width: 150px\">\n\t\t\t\t<div class=\"icon\">\n\t\t\t\t\t<div class=\"icon-inner\" >\n\t\t\t\t\t\t<img loading=\"lazy\" decoding=\"async\" width=\"397\" height=\"397\" src=\"https:\/\/erbolinea.com\/wp-content\/uploads\/2023\/12\/PROFUMATORE.png\" class=\"attachment-medium size-medium\" alt=\"\" srcset=\"https:\/\/erbolinea.com\/wp-content\/uploads\/2023\/12\/PROFUMATORE.png 397w, https:\/\/erbolinea.com\/wp-content\/uploads\/2023\/12\/PROFUMATORE-12x12.png 12w, https:\/\/erbolinea.com\/wp-content\/uploads\/2023\/12\/PROFUMATORE-170x170.png 170w\" sizes=\"auto, (max-width: 397px) 100vw, 397px\" \/>\t\t\t\t\t<\/div>\n\t\t\t\t<\/div>\n\t\t\t<\/div>\n\t\t\t\t<div class=\"icon-box-text last-reset\">\n\t\t\t\t\t\t\t\t\t\n<h3 style=\"text-align: center\">Farben<\/h3>\n<p style=\"text-align: center\">Die Personalisierung von Keramik in Farben und Formaten.<\/p>\n\t\t<\/div>\n\t<\/div>\n\t\n\t\n\t\t<\/div>\n\t\t\t\t\t<\/div>\n\n\t\n<\/div>\n\t\t<\/div>\n\t\t\t\t\t<\/div>\n\n\t\n\n\t<div id=\"col-825771576\" class=\"col small-12 large-12\"  >\n\t\t\t\t<div class=\"col-inner\"  >\n\t\t\t\n\t\t\t\n<div class=\"is-divider divider clearfix\" style=\"background-color:rgba(255, 255, 255, 0);\"><\/div>\n\t\t<\/div>\n\t\t\t\t\t<\/div>\n\n\t\n<\/div>","protected":false},"excerpt":{"rendered":"","protected":false},"author":1,"featured_media":10,"parent":0,"menu_order":0,"comment_status":"closed","ping_status":"closed","template":"page-blank.php","meta":{"footnotes":""},"class_list":["post-4043","page","type-page","status-publish","has-post-thumbnail","hentry"],"yoast_head":"<!-- This site is optimized with the Yoast SEO Premium plugin v26.2 (Yoast SEO v26.4) - https:\/\/yoast.com\/wordpress\/plugins\/seo\/ -->\n<title>chi siamo | erbolinea store online<\/title>\n<meta name=\"description\" content=\"Dalla passione e dalla ricerca Erbolinea crea fragranze inedite ed uniche nel loro genere, dandone ad ognuna di esse un\u2019impronta diversa.\" \/>\n<meta name=\"robots\" content=\"index, follow, max-snippet:-1, max-image-preview:large, max-video-preview:-1\" \/>\n<link rel=\"canonical\" href=\"https:\/\/erbolinea.com\/de\/chi-siamo\/\" \/>\n<meta property=\"og:locale\" content=\"de_DE\" \/>\n<meta property=\"og:type\" content=\"article\" \/>\n<meta property=\"og:title\" content=\"Chi Siamo\" \/>\n<meta property=\"og:description\" content=\"Dalla passione e dalla ricerca Erbolinea crea fragranze inedite ed uniche nel loro genere, dandone ad ognuna di esse un\u2019impronta diversa.\" \/>\n<meta property=\"og:url\" content=\"https:\/\/erbolinea.com\/de\/chi-siamo\/\" \/>\n<meta property=\"og:site_name\" content=\"Erbolinea - Store Fragrances\" \/>\n<meta property=\"article:publisher\" content=\"https:\/\/www.facebook.com\/erbolinea\" \/>\n<meta property=\"article:modified_time\" content=\"2023-12-11T09:43:18+00:00\" \/>\n<meta property=\"og:image\" content=\"https:\/\/erbolinea.com\/wp-content\/uploads\/2016\/08\/dummy-1.jpg\" \/>\n\t<meta property=\"og:image:width\" content=\"400\" \/>\n\t<meta property=\"og:image:height\" content=\"260\" \/>\n\t<meta property=\"og:image:type\" content=\"image\/jpeg\" \/>\n<meta name=\"twitter:card\" content=\"summary_large_image\" \/>\n<meta name=\"twitter:label1\" content=\"Gesch\u00e4tzte Lesezeit\" \/>\n\t<meta name=\"twitter:data1\" content=\"1\u00a0Minute\" \/>\n<script type=\"application\/ld+json\" class=\"yoast-schema-graph\">{\"@context\":\"https:\/\/schema.org\",\"@graph\":[{\"@type\":\"WebPage\",\"@id\":\"https:\/\/erbolinea.com\/chi-siamo\/\",\"url\":\"https:\/\/erbolinea.com\/chi-siamo\/\",\"name\":\"chi siamo | erbolinea store online\",\"isPartOf\":{\"@id\":\"https:\/\/erbolinea.com\/#website\"},\"primaryImageOfPage\":{\"@id\":\"https:\/\/erbolinea.com\/chi-siamo\/#primaryimage\"},\"image\":{\"@id\":\"https:\/\/erbolinea.com\/chi-siamo\/#primaryimage\"},\"thumbnailUrl\":\"https:\/\/erbolinea.com\/wp-content\/uploads\/2016\/08\/dummy-1.jpg\",\"datePublished\":\"2019-05-07T17:05:42+00:00\",\"dateModified\":\"2023-12-11T09:43:18+00:00\",\"description\":\"Dalla passione e dalla ricerca Erbolinea crea fragranze inedite ed uniche nel loro genere, dandone ad ognuna di esse un\u2019impronta diversa.\",\"breadcrumb\":{\"@id\":\"https:\/\/erbolinea.com\/chi-siamo\/#breadcrumb\"},\"inLanguage\":\"de\",\"potentialAction\":[{\"@type\":\"ReadAction\",\"target\":[\"https:\/\/erbolinea.com\/chi-siamo\/\"]}]},{\"@type\":\"ImageObject\",\"inLanguage\":\"de\",\"@id\":\"https:\/\/erbolinea.com\/chi-siamo\/#primaryimage\",\"url\":\"https:\/\/erbolinea.com\/wp-content\/uploads\/2016\/08\/dummy-1.jpg\",\"contentUrl\":\"https:\/\/erbolinea.com\/wp-content\/uploads\/2016\/08\/dummy-1.jpg\",\"width\":400,\"height\":260},{\"@type\":\"BreadcrumbList\",\"@id\":\"https:\/\/erbolinea.com\/chi-siamo\/#breadcrumb\",\"itemListElement\":[{\"@type\":\"ListItem\",\"position\":1,\"name\":\"Home\",\"item\":\"https:\/\/erbolinea.com\/\"},{\"@type\":\"ListItem\",\"position\":2,\"name\":\"Chi Siamo\"}]},{\"@type\":\"WebSite\",\"@id\":\"https:\/\/erbolinea.com\/#website\",\"url\":\"https:\/\/erbolinea.com\/\",\"name\":\"Erbolinea - Store Fragrances\",\"description\":\"Vendita diffusori di ambiente\",\"publisher\":{\"@id\":\"https:\/\/erbolinea.com\/#organization\"},\"alternateName\":\"Erbolinea\",\"potentialAction\":[{\"@type\":\"SearchAction\",\"target\":{\"@type\":\"EntryPoint\",\"urlTemplate\":\"https:\/\/erbolinea.com\/?s={search_term_string}\"},\"query-input\":{\"@type\":\"PropertyValueSpecification\",\"valueRequired\":true,\"valueName\":\"search_term_string\"}}],\"inLanguage\":\"de\"},{\"@type\":\"Organization\",\"@id\":\"https:\/\/erbolinea.com\/#organization\",\"name\":\"Erbolinea\",\"url\":\"https:\/\/erbolinea.com\/\",\"logo\":{\"@type\":\"ImageObject\",\"inLanguage\":\"de\",\"@id\":\"https:\/\/erbolinea.com\/#\/schema\/logo\/image\/\",\"url\":\"https:\/\/erbolinea.com\/wp-content\/uploads\/2020\/04\/logo-400x83_new.png\",\"contentUrl\":\"https:\/\/erbolinea.com\/wp-content\/uploads\/2020\/04\/logo-400x83_new.png\",\"width\":400,\"height\":103,\"caption\":\"Erbolinea\"},\"image\":{\"@id\":\"https:\/\/erbolinea.com\/#\/schema\/logo\/image\/\"},\"sameAs\":[\"https:\/\/www.facebook.com\/erbolinea\",\"https:\/\/www.instagram.com\/erbolinea_fragranze_srl\/\",\"https:\/\/www.youtube.com\/channel\/UCREXSGcI2lrYs6eT9VapG3w\"]}]}<\/script>\n<!-- \/ Yoast SEO Premium plugin. -->","yoast_head_json":{"title":"\u00fcber uns | erbolinea online store","description":"Auf der Grundlage von Leidenschaft und Forschung kreiert Erbolinea neue und einzigartige D\u00fcfte und verleiht jedem von ihnen eine andere Note.","robots":{"index":"index","follow":"follow","max-snippet":"max-snippet:-1","max-image-preview":"max-image-preview:large","max-video-preview":"max-video-preview:-1"},"canonical":"https:\/\/erbolinea.com\/de\/chi-siamo\/","og_locale":"de_DE","og_type":"article","og_title":"Chi Siamo","og_description":"Dalla passione e dalla ricerca Erbolinea crea fragranze inedite ed uniche nel loro genere, dandone ad ognuna di esse un\u2019impronta diversa.","og_url":"https:\/\/erbolinea.com\/de\/chi-siamo\/","og_site_name":"Erbolinea - Store Fragrances","article_publisher":"https:\/\/www.facebook.com\/erbolinea","article_modified_time":"2023-12-11T09:43:18+00:00","og_image":[{"width":400,"height":260,"url":"https:\/\/erbolinea.com\/wp-content\/uploads\/2016\/08\/dummy-1.jpg","type":"image\/jpeg"}],"twitter_card":"summary_large_image","twitter_misc":{"Gesch\u00e4tzte Lesezeit":"1\u00a0Minute"},"schema":{"@context":"https:\/\/schema.org","@graph":[{"@type":"WebPage","@id":"https:\/\/erbolinea.com\/chi-siamo\/","url":"https:\/\/erbolinea.com\/chi-siamo\/","name":"\u00fcber uns | erbolinea online store","isPartOf":{"@id":"https:\/\/erbolinea.com\/#website"},"primaryImageOfPage":{"@id":"https:\/\/erbolinea.com\/chi-siamo\/#primaryimage"},"image":{"@id":"https:\/\/erbolinea.com\/chi-siamo\/#primaryimage"},"thumbnailUrl":"https:\/\/erbolinea.com\/wp-content\/uploads\/2016\/08\/dummy-1.jpg","datePublished":"2019-05-07T17:05:42+00:00","dateModified":"2023-12-11T09:43:18+00:00","description":"Auf der Grundlage von Leidenschaft und Forschung kreiert Erbolinea neue und einzigartige D\u00fcfte und verleiht jedem von ihnen eine andere Note.","breadcrumb":{"@id":"https:\/\/erbolinea.com\/chi-siamo\/#breadcrumb"},"inLanguage":"de","potentialAction":[{"@type":"ReadAction","target":["https:\/\/erbolinea.com\/chi-siamo\/"]}]},{"@type":"ImageObject","inLanguage":"de","@id":"https:\/\/erbolinea.com\/chi-siamo\/#primaryimage","url":"https:\/\/erbolinea.com\/wp-content\/uploads\/2016\/08\/dummy-1.jpg","contentUrl":"https:\/\/erbolinea.com\/wp-content\/uploads\/2016\/08\/dummy-1.jpg","width":400,"height":260},{"@type":"BreadcrumbList","@id":"https:\/\/erbolinea.com\/chi-siamo\/#breadcrumb","itemListElement":[{"@type":"ListItem","position":1,"name":"Home","item":"https:\/\/erbolinea.com\/"},{"@type":"ListItem","position":2,"name":"Chi Siamo"}]},{"@type":"WebSite","@id":"https:\/\/erbolinea.com\/#website","url":"https:\/\/erbolinea.com\/","name":"Erbolinea - D\u00fcfte speichern","description":"Raumdiffusoren zu verkaufen","publisher":{"@id":"https:\/\/erbolinea.com\/#organization"},"alternateName":"Erbolinea","potentialAction":[{"@type":"SearchAction","target":{"@type":"EntryPoint","urlTemplate":"https:\/\/erbolinea.com\/?s={search_term_string}"},"query-input":{"@type":"PropertyValueSpecification","valueRequired":true,"valueName":"search_term_string"}}],"inLanguage":"de"},{"@type":"Organization","@id":"https:\/\/erbolinea.com\/#organization","name":"Erbolinea","url":"https:\/\/erbolinea.com\/","logo":{"@type":"ImageObject","inLanguage":"de","@id":"https:\/\/erbolinea.com\/#\/schema\/logo\/image\/","url":"https:\/\/erbolinea.com\/wp-content\/uploads\/2020\/04\/logo-400x83_new.png","contentUrl":"https:\/\/erbolinea.com\/wp-content\/uploads\/2020\/04\/logo-400x83_new.png","width":400,"height":103,"caption":"Erbolinea"},"image":{"@id":"https:\/\/erbolinea.com\/#\/schema\/logo\/image\/"},"sameAs":["https:\/\/www.facebook.com\/erbolinea","https:\/\/www.instagram.com\/erbolinea_fragranze_srl\/","https:\/\/www.youtube.com\/channel\/UCREXSGcI2lrYs6eT9VapG3w"]}]}},"_links":{"self":[{"href":"https:\/\/erbolinea.com\/de\/wp-json\/wp\/v2\/pages\/4043","targetHints":{"allow":["GET"]}}],"collection":[{"href":"https:\/\/erbolinea.com\/de\/wp-json\/wp\/v2\/pages"}],"about":[{"href":"https:\/\/erbolinea.com\/de\/wp-json\/wp\/v2\/types\/page"}],"author":[{"embeddable":true,"href":"https:\/\/erbolinea.com\/de\/wp-json\/wp\/v2\/users\/1"}],"replies":[{"embeddable":true,"href":"https:\/\/erbolinea.com\/de\/wp-json\/wp\/v2\/comments?post=4043"}],"version-history":[{"count":1,"href":"https:\/\/erbolinea.com\/de\/wp-json\/wp\/v2\/pages\/4043\/revisions"}],"predecessor-version":[{"id":22578,"href":"https:\/\/erbolinea.com\/de\/wp-json\/wp\/v2\/pages\/4043\/revisions\/22578"}],"wp:featuredmedia":[{"embeddable":true,"href":"https:\/\/erbolinea.com\/de\/wp-json\/wp\/v2\/media\/10"}],"wp:attachment":[{"href":"https:\/\/erbolinea.com\/de\/wp-json\/wp\/v2\/media?parent=4043"}],"curies":[{"name":"wp","href":"https:\/\/api.w.org\/{rel}","templated":true}]}}