{"id":17079,"date":"2023-03-03T12:23:39","date_gmt":"2023-03-03T11:23:39","guid":{"rendered":"https:\/\/erbolinea.com\/?page_id=17079"},"modified":"2023-12-11T10:51:54","modified_gmt":"2023-12-11T09:51:54","slug":"hospitality","status":"publish","type":"page","link":"https:\/\/erbolinea.com\/de\/hospitality\/","title":{"rendered":"Gastfreundschaft"},"content":{"rendered":"<div class=\"container section-title-container\" ><h3 class=\"section-title section-title-center\"><b aria-hidden=\"true\"><\/b><span class=\"section-title-main\" style=\"font-size:141%;color:rgb(206, 185, 111);\"><i class=\"icon-star\" aria-hidden=\"true\"><\/i>GASTFREUNDSCHAFT<\/span><b aria-hidden=\"true\"><\/b><\/h3><\/div>\n<h4><strong>Sind Sie ein Hotel oder eine touristische Einrichtung?<\/strong><\/h4>\n<p>F\u00fcllen Sie das nachstehende Formular aus, um Informationen \u00fcber unsere Parf\u00fcmeure zu erhalten und uns die M\u00f6glichkeit zu geben, Ihnen einen noch pers\u00f6nlicheren und gezielteren Service zu bieten.<\/p>\n\t<div id=\"gap-17739596\" class=\"gap-element clearfix\" style=\"display:block; height:auto;\">\n\t\t\n<style>\n#gap-17739596 {\n  padding-top: 40px;\n}\n<\/style>\n\t<\/div>\n\t\n\n<div class=\"wpcf7 no-js\" id=\"wpcf7-f17074-o1\" lang=\"it-IT\" dir=\"ltr\" data-wpcf7-id=\"17074\">\n<div class=\"screen-reader-response\"><p role=\"status\" aria-live=\"polite\" aria-atomic=\"true\"><\/p> <ul><\/ul><\/div>\n<form action=\"\/de\/wp-json\/wp\/v2\/pages\/17079#wpcf7-f17074-o1\" method=\"post\" class=\"wpcf7-form init\" aria-label=\"Kontakt-Formular\" novalidate=\"novalidate\" data-status=\"init\" data-trp-original-action=\"\/de\/wp-json\/wp\/v2\/pages\/17079#wpcf7-f17074-o1\">\n<fieldset class=\"hidden-fields-container\"><input type=\"hidden\" name=\"_wpcf7\" value=\"17074\" \/><input type=\"hidden\" name=\"_wpcf7_version\" value=\"6.1.3\" \/><input type=\"hidden\" name=\"_wpcf7_locale\" value=\"it_IT\" \/><input type=\"hidden\" name=\"_wpcf7_unit_tag\" value=\"wpcf7-f17074-o1\" \/><input type=\"hidden\" name=\"_wpcf7_container_post\" value=\"0\" \/><input type=\"hidden\" name=\"_wpcf7_posted_data_hash\" value=\"\" \/>\n<\/fieldset>\n<div class=\"wpcf7-turnstile cf-turnstile\" data-sitekey=\"0x4AAAAAACDO-a7-MT1OYiiB\" data-response-field-name=\"_wpcf7_turnstile_response\"><\/div>\n\n<div class=\"form-flat\">\n\t<p><label>Name der Struktur<span>*<\/span><\/label><br \/>\n<span class=\"wpcf7-form-control-wrap\" data-name=\"nome-struttura\"><input size=\"40\" maxlength=\"400\" class=\"wpcf7-form-control wpcf7-text wpcf7-validates-as-required\" aria-required=\"true\" aria-invalid=\"false\" value=\"\" type=\"text\" name=\"nome-struttura\" \/><\/span><br \/>\n<label>MwSt.-Nr.<span>*<\/span><\/label><br \/>\n<span class=\"wpcf7-form-control-wrap\" data-name=\"partita-iva\"><input size=\"40\" maxlength=\"400\" class=\"wpcf7-form-control wpcf7-text wpcf7-validates-as-required\" aria-required=\"true\" aria-invalid=\"false\" value=\"\" type=\"text\" name=\"partita-iva\" \/><\/span><br \/>\n<label>St\u00e4dte <span><\/span><\/label><br \/>\n<span class=\"wpcf7-form-control-wrap\" data-name=\"citta\"><input size=\"40\" maxlength=\"400\" class=\"wpcf7-form-control wpcf7-text\" aria-invalid=\"false\" value=\"\" type=\"text\" name=\"citta\" \/><\/span><br \/>\n<label>Region <span><\/span><\/label><br \/>\n<span class=\"wpcf7-form-control-wrap\" data-name=\"regione\"><input size=\"40\" maxlength=\"400\" class=\"wpcf7-form-control wpcf7-text\" aria-invalid=\"false\" value=\"\" type=\"text\" name=\"regione\" \/><\/span><br \/>\n<label>Telefon<\/label><br \/>\n<span class=\"wpcf7-form-control-wrap\" data-name=\"telefono\"><input size=\"40\" maxlength=\"400\" class=\"wpcf7-form-control wpcf7-text\" aria-invalid=\"false\" value=\"\" type=\"text\" name=\"telefono\" \/><\/span><br \/>\n<label>E-Mail<span>*<\/span><\/label><br \/>\n<span class=\"wpcf7-form-control-wrap\" data-name=\"email\"><input size=\"40\" maxlength=\"400\" class=\"wpcf7-form-control wpcf7-email wpcf7-validates-as-required wpcf7-text wpcf7-validates-as-email\" aria-required=\"true\" aria-invalid=\"false\" value=\"\" type=\"email\" name=\"email\" \/><\/span><br \/>\n<label>Kaufm\u00e4nnische Kontaktperson<\/label><br \/>\n<span class=\"wpcf7-form-control-wrap\" data-name=\"nome-referente\"><input size=\"40\" maxlength=\"400\" class=\"wpcf7-form-control wpcf7-text\" aria-invalid=\"false\" value=\"\" type=\"text\" name=\"nome-referente\" \/><\/span><br \/>\n<label>Art der Struktur?<\/label><br \/>\n<span class=\"wpcf7-form-control-wrap\" data-name=\"tipo-struttura\"><span class=\"wpcf7-form-control wpcf7-checkbox\"><span class=\"wpcf7-list-item first\"><label><input type=\"checkbox\" name=\"tipo-struttura[]\" value=\"Bed &amp; Breakfast\" \/><span class=\"wpcf7-list-item-label\">\u00dcbernachtung und Fr\u00fchst\u00fcck<\/span><\/label><\/span><span class=\"wpcf7-list-item\"><label><input type=\"checkbox\" name=\"tipo-struttura[]\" value=\"Hotel\" \/><span class=\"wpcf7-list-item-label\">Hotels<\/span><\/label><\/span><span class=\"wpcf7-list-item\"><label><input type=\"checkbox\" name=\"tipo-struttura[]\" value=\"Resort\" \/><span class=\"wpcf7-list-item-label\">Urlaubsort<\/span><\/label><\/span><span class=\"wpcf7-list-item\"><label><input type=\"checkbox\" name=\"tipo-struttura[]\" value=\"Rifugi\" \/><span class=\"wpcf7-list-item-label\">Schutzh\u00fctten<\/span><\/label><\/span><span class=\"wpcf7-list-item\"><label><input type=\"checkbox\" name=\"tipo-struttura[]\" value=\"Agriturismi\" \/><span class=\"wpcf7-list-item-label\">Bauernh\u00e4user<\/span><\/label><\/span><span class=\"wpcf7-list-item\"><label><input type=\"checkbox\" name=\"tipo-struttura[]\" value=\"Appartamenti\" \/><span class=\"wpcf7-list-item-label\">Wohnungen<\/span><\/label><\/span><span class=\"wpcf7-list-item\"><label><input type=\"checkbox\" name=\"tipo-struttura[]\" value=\"Ville\" \/><span class=\"wpcf7-list-item-label\">Villen<\/span><\/label><\/span><span class=\"wpcf7-list-item last\"><label><input type=\"checkbox\" name=\"tipo-struttura[]\" value=\"Ostelli\" \/><span class=\"wpcf7-list-item-label\">Herbergen<\/span><\/label><\/span><\/span><\/span><br \/>\n<label>Anzahl der Sterne?<\/label><br \/>\n<span class=\"wpcf7-form-control-wrap\" data-name=\"numero-stelle\"><span class=\"wpcf7-form-control wpcf7-checkbox\"><span class=\"wpcf7-list-item first\"><label><input type=\"checkbox\" name=\"numero-stelle[]\" value=\"1\" \/><span class=\"wpcf7-list-item-label\">1<\/span><\/label><\/span><span class=\"wpcf7-list-item\"><label><input type=\"checkbox\" name=\"numero-stelle[]\" value=\"2\" \/><span class=\"wpcf7-list-item-label\">2<\/span><\/label><\/span><span class=\"wpcf7-list-item\"><label><input type=\"checkbox\" name=\"numero-stelle[]\" value=\"3\" \/><span class=\"wpcf7-list-item-label\">3<\/span><\/label><\/span><span class=\"wpcf7-list-item\"><label><input type=\"checkbox\" name=\"numero-stelle[]\" value=\"4\" \/><span class=\"wpcf7-list-item-label\">4<\/span><\/label><\/span><span class=\"wpcf7-list-item\"><label><input type=\"checkbox\" name=\"numero-stelle[]\" value=\"5\" \/><span class=\"wpcf7-list-item-label\">5<\/span><\/label><\/span><span class=\"wpcf7-list-item last\"><label><input type=\"checkbox\" name=\"numero-stelle[]\" value=\"5+\" \/><span class=\"wpcf7-list-item-label\">5+<\/span><\/label><\/span><\/span><\/span><br \/>\n<label>Aufbau der Struktur?<\/label><br \/>\n<span class=\"wpcf7-form-control-wrap\" data-name=\"Disposizione-struttura\"><span class=\"wpcf7-form-control wpcf7-checkbox\"><span class=\"wpcf7-list-item first\"><label><input type=\"checkbox\" name=\"Disposizione-struttura[]\" value=\"Vicino al mare\" \/><span class=\"wpcf7-list-item-label\">N\u00e4he zum Meer<\/span><\/label><\/span><span class=\"wpcf7-list-item\"><label><input type=\"checkbox\" name=\"Disposizione-struttura[]\" value=\"Lontano dal mare\" \/><span class=\"wpcf7-list-item-label\">Weg vom Meer<\/span><\/label><\/span><span class=\"wpcf7-list-item last\"><label><input type=\"checkbox\" name=\"Disposizione-struttura[]\" value=\"Montagna\" \/><span class=\"wpcf7-list-item-label\">Berg<\/span><\/label><\/span><\/span><\/span><br \/>\n<label>Stil?<\/label><br \/>\n<span class=\"wpcf7-form-control-wrap\" data-name=\"Stile\"><span class=\"wpcf7-form-control wpcf7-checkbox\"><span class=\"wpcf7-list-item first\"><label><input type=\"checkbox\" name=\"Stile[]\" value=\"Fascia media\" \/><span class=\"wpcf7-list-item-label\">Mittelklasse<\/span><\/label><\/span><span class=\"wpcf7-list-item\"><label><input type=\"checkbox\" name=\"Stile[]\" value=\"Di lusso\" \/><span class=\"wpcf7-list-item-label\">Luxus<\/span><\/label><\/span><span class=\"wpcf7-list-item\"><label><input type=\"checkbox\" name=\"Stile[]\" value=\"Adatto alla famiglie\" \/><span class=\"wpcf7-list-item-label\">Geeignet f\u00fcr Familien<\/span><\/label><\/span><span class=\"wpcf7-list-item\"><label><input type=\"checkbox\" name=\"Stile[]\" value=\"Business\" \/><span class=\"wpcf7-list-item-label\">Business<\/span><\/label><\/span><span class=\"wpcf7-list-item\"><label><input type=\"checkbox\" name=\"Stile[]\" value=\"Romantico\" \/><span class=\"wpcf7-list-item-label\">Romantisch<\/span><\/label><\/span><span class=\"wpcf7-list-item last\"><label><input type=\"checkbox\" name=\"Stile[]\" value=\"Moderno\" \/><span class=\"wpcf7-list-item-label\">Modern<\/span><\/label><\/span><\/span><\/span><br \/>\n<label>Dienstleistungen?<\/label><br \/>\n<span class=\"wpcf7-form-control-wrap\" data-name=\"servizi\"><span class=\"wpcf7-form-control wpcf7-checkbox\"><span class=\"wpcf7-list-item first\"><label><input type=\"checkbox\" name=\"servizi[]\" value=\"Spa\" \/><span class=\"wpcf7-list-item-label\">Heilbad<\/span><\/label><\/span><span class=\"wpcf7-list-item\"><label><input type=\"checkbox\" name=\"servizi[]\" value=\"Palestra\" \/><span class=\"wpcf7-list-item-label\">Gymnasium<\/span><\/label><\/span><span class=\"wpcf7-list-item last\"><label><input type=\"checkbox\" name=\"servizi[]\" value=\"Animali ammessi\" \/><span class=\"wpcf7-list-item-label\">Zugelassene Tiere<\/span><\/label><\/span><\/span><\/span><br \/>\n<label>Benutzen Sie bereits Parf\u00fcmstoffe?<\/label><br \/>\n<span class=\"wpcf7-form-control-wrap\" data-name=\"utilizza_ns_profumatori\"><span class=\"wpcf7-form-control wpcf7-checkbox\"><span class=\"wpcf7-list-item first\"><label><input type=\"checkbox\" name=\"utilizza_ns_profumatori[]\" value=\"Si\" \/><span class=\"wpcf7-list-item-label\">Ja<\/span><\/label><\/span><span class=\"wpcf7-list-item last\"><label><input type=\"checkbox\" name=\"utilizza_ns_profumatori[]\" value=\"No\" \/><span class=\"wpcf7-list-item-label\">Nein<\/span><\/label><\/span><\/span><\/span>\n\t<\/p>\n\t<p><label>Was erwarten Sie von unseren Parf\u00fcmeuren?<\/label><br \/>\n<span class=\"wpcf7-form-control-wrap\" data-name=\"note\"><textarea cols=\"40\" rows=\"10\" maxlength=\"2000\" class=\"wpcf7-form-control wpcf7-textarea\" aria-invalid=\"false\" name=\"note\"><\/textarea><\/span><br \/>\n<label>Verarbeitung von personenbezogenen Daten<span>*<\/span><\/label><br \/>\n<span class=\"wpcf7-form-control-wrap\" data-name=\"trattamento-dati\"><span class=\"wpcf7-form-control wpcf7-acceptance\"><span class=\"wpcf7-list-item\"><label><input type=\"checkbox\" name=\"trattamento-dati\" value=\"1\" aria-invalid=\"false\" \/><span class=\"wpcf7-list-item-label\">Ich erkl\u00e4re, dass ich die folgenden Dokumente gelesen habe<a href=\"\/de\/coockie-policy\/\" style=\"color: #333;\">Informationen \u00fcber die Verarbeitung von personenbezogenen Daten<\/a>in Verbindung mit der Verordnung (EU) 2016\/679, und ich gebe meine Zustimmung zur Verarbeitung der von mir eingegebenen Daten.<\/span><\/label><\/span><\/span><\/span>\n\t<\/p>\n\t<p>&nbsp;\n\t<\/p>\n\t<p><input class=\"wpcf7-form-control wpcf7-submit has-spinner button\" type=\"submit\" value=\"Senden Sie\" \/>\n\t<\/p>\n\t<p>* = Pflichtfelder\n\t<\/p>\n<\/div><div class=\"wpcf7-response-output\" aria-hidden=\"true\"><\/div>\n<input type=\"hidden\" name=\"trp-form-language\" value=\"de\"\/><\/form>\n<\/div>","protected":false},"excerpt":{"rendered":"<p>Sind Sie ein Hotel oder eine touristische Einrichtung? F\u00fcllen Sie das nachstehende Formular aus, um Informationen \u00fcber unsere Parf\u00fcmeure zu erhalten und uns die M\u00f6glichkeit zu geben, Ihnen einen noch pers\u00f6nlicheren und gezielteren Service zu bieten.<\/p>","protected":false},"author":1,"featured_media":0,"parent":0,"menu_order":0,"comment_status":"closed","ping_status":"closed","template":"","meta":{"footnotes":""},"class_list":["post-17079","page","type-page","status-publish","hentry"],"yoast_head":"<!-- This site is optimized with the Yoast SEO Premium plugin v26.2 (Yoast SEO v26.4) - https:\/\/yoast.com\/wordpress\/plugins\/seo\/ -->\n<title>Profumi per strutture ricettive | Profumatori per l&#039;ambiente<\/title>\n<meta name=\"description\" content=\"Sei alla ricerca di profumatori per l&#039;ambiente per la tua struttura ricettiva? Scopri Erbolinea.\" \/>\n<meta name=\"robots\" content=\"index, follow, max-snippet:-1, max-image-preview:large, max-video-preview:-1\" \/>\n<link rel=\"canonical\" href=\"https:\/\/erbolinea.com\/de\/hospitality\/\" \/>\n<meta property=\"og:locale\" content=\"de_DE\" \/>\n<meta property=\"og:type\" content=\"article\" \/>\n<meta property=\"og:title\" content=\"Hospitality\" \/>\n<meta property=\"og:description\" content=\"Sei alla ricerca di profumatori per l&#039;ambiente per la tua struttura ricettiva? Scopri Erbolinea.\" \/>\n<meta property=\"og:url\" content=\"https:\/\/erbolinea.com\/de\/hospitality\/\" \/>\n<meta property=\"og:site_name\" content=\"Erbolinea - Store Fragrances\" \/>\n<meta property=\"article:publisher\" content=\"https:\/\/www.facebook.com\/erbolinea\" \/>\n<meta property=\"article:modified_time\" content=\"2023-12-11T09:51:54+00:00\" \/>\n<meta property=\"og:image\" content=\"https:\/\/erbolinea.com\/wp-content\/uploads\/2020\/04\/logo-400x83_new.png\" \/>\n\t<meta property=\"og:image:width\" content=\"400\" \/>\n\t<meta property=\"og:image:height\" content=\"103\" \/>\n\t<meta property=\"og:image:type\" content=\"image\/png\" \/>\n<meta name=\"twitter:card\" content=\"summary_large_image\" \/>\n<meta name=\"twitter:label1\" content=\"Gesch\u00e4tzte Lesezeit\" \/>\n\t<meta name=\"twitter:data1\" content=\"1\u00a0Minute\" \/>\n<script type=\"application\/ld+json\" class=\"yoast-schema-graph\">{\"@context\":\"https:\/\/schema.org\",\"@graph\":[{\"@type\":\"WebPage\",\"@id\":\"https:\/\/erbolinea.com\/hospitality\/\",\"url\":\"https:\/\/erbolinea.com\/hospitality\/\",\"name\":\"Profumi per strutture ricettive | Profumatori per l'ambiente\",\"isPartOf\":{\"@id\":\"https:\/\/erbolinea.com\/#website\"},\"datePublished\":\"2023-03-03T11:23:39+00:00\",\"dateModified\":\"2023-12-11T09:51:54+00:00\",\"description\":\"Sei alla ricerca di profumatori per l'ambiente per la tua struttura ricettiva? Scopri Erbolinea.\",\"breadcrumb\":{\"@id\":\"https:\/\/erbolinea.com\/hospitality\/#breadcrumb\"},\"inLanguage\":\"de\",\"potentialAction\":[{\"@type\":\"ReadAction\",\"target\":[\"https:\/\/erbolinea.com\/hospitality\/\"]}]},{\"@type\":\"BreadcrumbList\",\"@id\":\"https:\/\/erbolinea.com\/hospitality\/#breadcrumb\",\"itemListElement\":[{\"@type\":\"ListItem\",\"position\":1,\"name\":\"Home\",\"item\":\"https:\/\/erbolinea.com\/\"},{\"@type\":\"ListItem\",\"position\":2,\"name\":\"Hospitality\"}]},{\"@type\":\"WebSite\",\"@id\":\"https:\/\/erbolinea.com\/#website\",\"url\":\"https:\/\/erbolinea.com\/\",\"name\":\"Erbolinea - Store Fragrances\",\"description\":\"Vendita diffusori di ambiente\",\"publisher\":{\"@id\":\"https:\/\/erbolinea.com\/#organization\"},\"alternateName\":\"Erbolinea\",\"potentialAction\":[{\"@type\":\"SearchAction\",\"target\":{\"@type\":\"EntryPoint\",\"urlTemplate\":\"https:\/\/erbolinea.com\/?s={search_term_string}\"},\"query-input\":{\"@type\":\"PropertyValueSpecification\",\"valueRequired\":true,\"valueName\":\"search_term_string\"}}],\"inLanguage\":\"de\"},{\"@type\":\"Organization\",\"@id\":\"https:\/\/erbolinea.com\/#organization\",\"name\":\"Erbolinea\",\"url\":\"https:\/\/erbolinea.com\/\",\"logo\":{\"@type\":\"ImageObject\",\"inLanguage\":\"de\",\"@id\":\"https:\/\/erbolinea.com\/#\/schema\/logo\/image\/\",\"url\":\"https:\/\/erbolinea.com\/wp-content\/uploads\/2020\/04\/logo-400x83_new.png\",\"contentUrl\":\"https:\/\/erbolinea.com\/wp-content\/uploads\/2020\/04\/logo-400x83_new.png\",\"width\":400,\"height\":103,\"caption\":\"Erbolinea\"},\"image\":{\"@id\":\"https:\/\/erbolinea.com\/#\/schema\/logo\/image\/\"},\"sameAs\":[\"https:\/\/www.facebook.com\/erbolinea\",\"https:\/\/www.instagram.com\/erbolinea_fragranze_srl\/\",\"https:\/\/www.youtube.com\/channel\/UCREXSGcI2lrYs6eT9VapG3w\"]}]}<\/script>\n<!-- \/ Yoast SEO Premium plugin. -->","yoast_head_json":{"title":"Gastgewerbe-D\u00fcfte | Raumd\u00fcfte","description":"Sind Sie auf der Suche nach Raumd\u00fcften f\u00fcr Ihre Unterkunft? Entdecken Sie Erbolinea.","robots":{"index":"index","follow":"follow","max-snippet":"max-snippet:-1","max-image-preview":"max-image-preview:large","max-video-preview":"max-video-preview:-1"},"canonical":"https:\/\/erbolinea.com\/de\/hospitality\/","og_locale":"de_DE","og_type":"article","og_title":"Hospitality","og_description":"Sei alla ricerca di profumatori per l'ambiente per la tua struttura ricettiva? Scopri Erbolinea.","og_url":"https:\/\/erbolinea.com\/de\/hospitality\/","og_site_name":"Erbolinea - Store Fragrances","article_publisher":"https:\/\/www.facebook.com\/erbolinea","article_modified_time":"2023-12-11T09:51:54+00:00","og_image":[{"width":400,"height":103,"url":"https:\/\/erbolinea.com\/wp-content\/uploads\/2020\/04\/logo-400x83_new.png","type":"image\/png"}],"twitter_card":"summary_large_image","twitter_misc":{"Gesch\u00e4tzte Lesezeit":"1\u00a0Minute"},"schema":{"@context":"https:\/\/schema.org","@graph":[{"@type":"WebPage","@id":"https:\/\/erbolinea.com\/hospitality\/","url":"https:\/\/erbolinea.com\/hospitality\/","name":"Gastgewerbe-D\u00fcfte | Raumd\u00fcfte","isPartOf":{"@id":"https:\/\/erbolinea.com\/#website"},"datePublished":"2023-03-03T11:23:39+00:00","dateModified":"2023-12-11T09:51:54+00:00","description":"Sind Sie auf der Suche nach Raumd\u00fcften f\u00fcr Ihre Unterkunft? Entdecken Sie Erbolinea.","breadcrumb":{"@id":"https:\/\/erbolinea.com\/hospitality\/#breadcrumb"},"inLanguage":"de","potentialAction":[{"@type":"ReadAction","target":["https:\/\/erbolinea.com\/hospitality\/"]}]},{"@type":"BreadcrumbList","@id":"https:\/\/erbolinea.com\/hospitality\/#breadcrumb","itemListElement":[{"@type":"ListItem","position":1,"name":"Home","item":"https:\/\/erbolinea.com\/"},{"@type":"ListItem","position":2,"name":"Hospitality"}]},{"@type":"WebSite","@id":"https:\/\/erbolinea.com\/#website","url":"https:\/\/erbolinea.com\/","name":"Erbolinea - D\u00fcfte speichern","description":"Raumdiffusoren zu verkaufen","publisher":{"@id":"https:\/\/erbolinea.com\/#organization"},"alternateName":"Erbolinea","potentialAction":[{"@type":"SearchAction","target":{"@type":"EntryPoint","urlTemplate":"https:\/\/erbolinea.com\/?s={search_term_string}"},"query-input":{"@type":"PropertyValueSpecification","valueRequired":true,"valueName":"search_term_string"}}],"inLanguage":"de"},{"@type":"Organization","@id":"https:\/\/erbolinea.com\/#organization","name":"Erbolinea","url":"https:\/\/erbolinea.com\/","logo":{"@type":"ImageObject","inLanguage":"de","@id":"https:\/\/erbolinea.com\/#\/schema\/logo\/image\/","url":"https:\/\/erbolinea.com\/wp-content\/uploads\/2020\/04\/logo-400x83_new.png","contentUrl":"https:\/\/erbolinea.com\/wp-content\/uploads\/2020\/04\/logo-400x83_new.png","width":400,"height":103,"caption":"Erbolinea"},"image":{"@id":"https:\/\/erbolinea.com\/#\/schema\/logo\/image\/"},"sameAs":["https:\/\/www.facebook.com\/erbolinea","https:\/\/www.instagram.com\/erbolinea_fragranze_srl\/","https:\/\/www.youtube.com\/channel\/UCREXSGcI2lrYs6eT9VapG3w"]}]}},"_links":{"self":[{"href":"https:\/\/erbolinea.com\/de\/wp-json\/wp\/v2\/pages\/17079","targetHints":{"allow":["GET"]}}],"collection":[{"href":"https:\/\/erbolinea.com\/de\/wp-json\/wp\/v2\/pages"}],"about":[{"href":"https:\/\/erbolinea.com\/de\/wp-json\/wp\/v2\/types\/page"}],"author":[{"embeddable":true,"href":"https:\/\/erbolinea.com\/de\/wp-json\/wp\/v2\/users\/1"}],"replies":[{"embeddable":true,"href":"https:\/\/erbolinea.com\/de\/wp-json\/wp\/v2\/comments?post=17079"}],"version-history":[{"count":1,"href":"https:\/\/erbolinea.com\/de\/wp-json\/wp\/v2\/pages\/17079\/revisions"}],"predecessor-version":[{"id":22581,"href":"https:\/\/erbolinea.com\/de\/wp-json\/wp\/v2\/pages\/17079\/revisions\/22581"}],"wp:attachment":[{"href":"https:\/\/erbolinea.com\/de\/wp-json\/wp\/v2\/media?parent=17079"}],"curies":[{"name":"wp","href":"https:\/\/api.w.org\/{rel}","templated":true}]}}